{"id":1154,"date":"2023-02-09T18:56:33","date_gmt":"2023-02-09T18:56:33","guid":{"rendered":"https:\/\/blogsaverroes.juntadeandalucia.es\/ceipgenil\/?page_id=1154"},"modified":"2025-05-10T17:01:02","modified_gmt":"2025-05-10T17:01:02","slug":"proyecto-de-habitos-saludables-creciendo-en-salud","status":"publish","type":"page","link":"https:\/\/blogsaverroes.juntadeandalucia.es\/ceipgenil\/proyecto-de-habitos-saludables-creciendo-en-salud\/","title":{"rendered":"PROGRAMA CIMA"},"content":{"rendered":"<p class=\"\" data-start=\"273\" data-end=\"480\">Nuestro centro participa en el programa <strong data-start=\"313\" data-end=\"342\">CIMA<\/strong>, cuyo objetivo principal es promover h\u00e1bitos de vida saludables desde edades tempranas, implicando tanto al alumnado como a las familias.<\/p>\n<p class=\"\" data-start=\"482\" data-end=\"550\">Este curso desarrollamos dos l\u00edneas espec\u00edficas dentro del programa:<\/p>\n<h4 class=\"\" data-start=\"552\" data-end=\"622\">\ud83c\udf4e Alimentaci\u00f3n saludable y consumo de frutas, verduras y leche<\/h4>\n<p class=\"\" data-start=\"623\" data-end=\"952\">A lo largo del curso, el alumnado participa en actividades que fomentan una alimentaci\u00f3n equilibrada. Recibimos frutas, verduras y leche en determinados periodos, como parte del <strong data-start=\"801\" data-end=\"851\">Plan Escolar de Consumo de Frutas y Hortalizas<\/strong> y el <strong data-start=\"857\" data-end=\"885\">Plan de Consumo de Leche<\/strong>, ambos subvencionados por la Uni\u00f3n Europea. Con ello, se pretende:<\/p>\n<ul data-start=\"954\" data-end=\"1124\">\n<li class=\"\" data-start=\"954\" data-end=\"989\">\n<p class=\"\" data-start=\"956\" data-end=\"989\">Mejorar los h\u00e1bitos alimentarios.<\/p>\n<\/li>\n<li class=\"\" data-start=\"990\" data-end=\"1048\">\n<p class=\"\" data-start=\"992\" data-end=\"1048\">Promover el consumo diario de frutas y verduras frescas.<\/p>\n<\/li>\n<li class=\"\" data-start=\"1049\" data-end=\"1124\">\n<p class=\"\" data-start=\"1051\" data-end=\"1124\">Concienciar sobre la importancia de una alimentaci\u00f3n variada y saludable.<\/p>\n<\/li>\n<\/ul>\n<h4 class=\"\" data-start=\"1126\" data-end=\"1168\">\ud83c\udf31 Actividades en el huerto escolar<\/h4>\n<p class=\"\" data-start=\"1169\" data-end=\"1361\">Contamos con un <strong data-start=\"1185\" data-end=\"1203\">huerto escolar<\/strong> como espacio educativo, donde el alumnado aprende de forma pr\u00e1ctica sobre alimentaci\u00f3n sostenible, medio ambiente y trabajo cooperativo. A trav\u00e9s del huerto:<\/p>\n<ul data-start=\"1363\" data-end=\"1606\">\n<li class=\"\" data-start=\"1363\" data-end=\"1446\">\n<p class=\"\" data-start=\"1365\" data-end=\"1446\">Se refuerzan contenidos del curr\u00edculo relacionados con las ciencias y el entorno.<\/p>\n<\/li>\n<li class=\"\" data-start=\"1447\" data-end=\"1513\">\n<p class=\"\" data-start=\"1449\" data-end=\"1513\">Se promueve el respeto por la naturaleza y el trabajo en equipo.<\/p>\n<\/li>\n<li class=\"\" data-start=\"1514\" data-end=\"1606\">\n<p class=\"\" data-start=\"1516\" data-end=\"1606\">Se refuerza la educaci\u00f3n en valores como la responsabilidad, la paciencia y la constancia.<\/p>\n<\/li>\n<\/ul>\n<p class=\"\" data-start=\"1608\" data-end=\"1810\">Ambas l\u00edneas se desarrollan con un enfoque l\u00fadico, participativo y transversal, involucrando a toda la comunidad educativa. Desde casa, las familias sois una pieza clave en el refuerzo de estos h\u00e1bitos.<\/p>\n","protected":false},"excerpt":{"rendered":"<p>Nuestro centro participa en el programa CIMA, cuyo objetivo principal es promover h\u00e1bitos de vida saludables desde edades tempranas, implicando tanto al alumnado como a las familias. Este curso desarrollamos dos l\u00edneas espec\u00edficas dentro&#46;&#46;&#46;<\/p>\n","protected":false},"author":7415,"featured_media":0,"parent":0,"menu_order":0,"comment_status":"closed","ping_status":"closed","template":"","meta":{"ngg_post_thumbnail":0,"footnotes":""},"aioseo_notices":[],"_links":{"self":[{"href":"https:\/\/blogsaverroes.juntadeandalucia.es\/ceipgenil\/wp-json\/wp\/v2\/pages\/1154"}],"collection":[{"href":"https:\/\/blogsaverroes.juntadeandalucia.es\/ceipgenil\/wp-json\/wp\/v2\/pages"}],"about":[{"href":"https:\/\/blogsaverroes.juntadeandalucia.es\/ceipgenil\/wp-json\/wp\/v2\/types\/page"}],"author":[{"embeddable":true,"href":"https:\/\/blogsaverroes.juntadeandalucia.es\/ceipgenil\/wp-json\/wp\/v2\/users\/7415"}],"replies":[{"embeddable":true,"href":"https:\/\/blogsaverroes.juntadeandalucia.es\/ceipgenil\/wp-json\/wp\/v2\/comments?post=1154"}],"version-history":[{"count":2,"href":"https:\/\/blogsaverroes.juntadeandalucia.es\/ceipgenil\/wp-json\/wp\/v2\/pages\/1154\/revisions"}],"predecessor-version":[{"id":1555,"href":"https:\/\/blogsaverroes.juntadeandalucia.es\/ceipgenil\/wp-json\/wp\/v2\/pages\/1154\/revisions\/1555"}],"wp:attachment":[{"href":"https:\/\/blogsaverroes.juntadeandalucia.es\/ceipgenil\/wp-json\/wp\/v2\/media?parent=1154"}],"curies":[{"name":"wp","href":"https:\/\/api.w.org\/{rel}","templated":true}]}}