{"id":169,"date":"2020-04-14T06:20:58","date_gmt":"2020-04-14T06:20:58","guid":{"rendered":"https:\/\/blogsaverroes.juntadeandalucia.es\/ceipgenil\/?page_id=169"},"modified":"2022-11-28T10:36:24","modified_gmt":"2022-11-28T10:36:24","slug":"comedor","status":"publish","type":"page","link":"https:\/\/blogsaverroes.juntadeandalucia.es\/ceipgenil\/comedor\/","title":{"rendered":"COMEDOR"},"content":{"rendered":"<div id=\"tituloItem\" class=\"blockTituloItem\"><span class=\"tituloItem\"><span style=\"font-size: 18pt\"><strong>Comedor<\/strong><\/span> :<\/span><\/div>\n<div class=\"blockTituloItem\"><span class=\"tituloItem\"><strong>Se solicita en el mes de junio y se puede pedir bonificaci\u00f3n al servicio en el periodo establecido a principios de Septiembre.&nbsp;<\/strong><\/span><\/div>\n<div id=\"contenido_sitio\" class=\"tiny_personalizado\">\n<p><strong>El servicio de Comedor funciona de&nbsp;<\/strong><strong>14 a 16 horas y &nbsp;lo gestiona la empresa COMERTEL<\/strong><\/p>\n<p>Las <strong>ausencias<\/strong> tienen que ser comunicadas por v\u00eda telem\u00e1tica a trav\u00e9s de la APP m\u00f3vil \u00bb El gusto de crecer\u00bb y \/o de la p\u00e1gina web: elgustodecrecer.comertel.es.&nbsp; con preaviso de 3 d\u00edas del d\u00eda de la comunicaci\u00f3n de ausencia.<\/p>\n<p>Las <strong>bajas<\/strong> se tramitan en la Direcci\u00f3n del centro escolar rellenando el documento correspondiente.<\/p>\n<p>El coste del <b>men\u00fa<\/b> es de 4.58 euros por d\u00eda y alumno\/a (Iva incluido)<\/p>\n<p>La solicitud de <strong>dieta blanda <\/strong>se puede hacer el mismo d\u00eda y antes de las 9&#8217;30 horas a trav\u00e9s de v\u00eda telef\u00f3nica llamando al 954461035 o enviando &nbsp;email a : andaluciafacturacion@aramark.es .<\/p>\n<p>Para solicitar <b>men\u00fa<\/b>&nbsp;para alumnado con <strong>alergias o intolerancias&nbsp;<\/strong>alimentarias se entregar\u00e1 informe m\u00e9dico en el centro escolar y se informar\u00e1 de la fecha de comienzo de la dieta.&nbsp;<\/p>\n<p>Cualquier duda o aclaraci\u00f3n pueden contactar con el departamento de gesti\u00f3n de cobros en el mail y tel\u00e9fono anterior.<\/p>\n<p><em><strong>Las normas de Comedor&nbsp; son las siguientes:<\/strong><\/em><\/p>\n<p>&nbsp;<strong>NORMAS DE COMEDOR<\/strong><\/p>\n<p>Entrar de forma ordenada y sin gritar.<\/p>\n<p>&#8211; Dejar las mochilas y los abrigos en los sitios indicados (perchas del comedor para Infantil y porche y bancos del porche para Primaria).<\/p>\n<p>&#8211; Traer y conservar el carnet de usuario que se le proporciona.<\/p>\n<p>&#8211; Esperar con paciencia y compostura a que se sirva la comida.<\/p>\n<p>&#8211; Respetar las instalaciones, el mobiliario y hacer un uso adecuado de los mismos.<\/p>\n<p>&#8211; Respetar los lugares establecidos para cada comensal, salvo otras indicaciones de los responsables.<\/p>\n<p>&#8211; Trabajar h\u00e1bitos de higiene antes y despu\u00e9s de las comidas (lavarse las manos antes de comer, retirar platos y cubiertos despu\u00e9s de comer, reciclar los residuos: s\u00f3lo a partir de Primaria).<\/p>\n<p>&#8211; Adquirir buenos h\u00e1bitos de alimentaci\u00f3n y comer de todo lo que se le ofrezca.<\/p>\n<p>&#8211; Mantener la mesa limpia y en orden y no dejar caer la comida.<\/p>\n<p>&#8211; Hablar en un tono de voz adecuado.<\/p>\n<p>&#8211; Seguir las normas establecidas a la hora de comer:<\/p>\n<ul>\n<li>usar correctamente los utensilios de comedor,<\/li>\n<li>utilizar las servilletas, masticar con la boca cerrada,<\/li>\n<li>no hablar con la boca llena,<\/li>\n<li>pedir las cosas por favor y dar las gracias,<\/li>\n<li>tratar con respeto y obedecer a los\/las encargados\/as del servicio del comedor.<\/li>\n<\/ul>\n<p>&#8211; Durante el periodo posterior a la comida, en el uso de los patios de recreo, y hasta el comienzo de las actividades extraescolares o programas de acompa\u00f1amiento, deber\u00e1n respetarse las normas establecidas por el personal vigilante de los patios.<\/p>\n<p>&nbsp;<strong>DERECHOS Y OBLIGACIONES DE LOS COMENSALES<\/strong><\/p>\n<p><strong>Art.12:<\/strong>&nbsp;Todos los comensales tienen derecho a que se les sirva la comida de mediod\u00eda y que \u00e9sta sea suficiente, conforme a los men\u00fas ofrecidos.<\/p>\n<p><strong>Art.13:<\/strong>&nbsp;El alumnado de comedor ser\u00e1 atendido por los monitores de comedor, quienes intentar\u00e1n subsanar cualquier problema que surja.<strong><br \/>\nArt.14:<\/strong>&nbsp;Los comensales participar\u00e1n en las actividades que se organicen durante las horas de permanencia en el Centro, respetando las normas de convivencia y buen comportamiento.<\/p>\n<p><strong>Art.15:<\/strong>&nbsp;El alumnado de comedor recibir\u00e1 la formaci\u00f3n adecuada para mantener un buen comportamiento en la mesa.<\/p>\n<p><strong>Art.16:<\/strong>&nbsp;Los comensales deber\u00e1n presentarse en el comedor debidamente aseados, con las manos siempre limpias.<\/p>\n<p><strong>Art.17:<\/strong>&nbsp;Todos los comensales mantendr\u00e1n el orden en el comedor, colocando su silla debidamente y manteniendo limpio en todo momento su espacio en la mesa y en el suelo.<\/p>\n<p><strong>Art.18:<\/strong>&nbsp;Cada comensal permanecer\u00e1 en la mesa que se le ha asignado, no pudiendo cambiarse de sitio sin&nbsp; la pertinente autorizaci\u00f3n del educador de comedor.<\/p>\n<p><strong>Art.19:<\/strong>&nbsp;Los comensales est\u00e1n obligados a comer de todos los platos que se sirvan, atendiendo la cantidad seg\u00fan sus preferencias, pero sin rechazar ning\u00fan&nbsp;alimento, a no ser por causas bien justificadas, aportando un certificado m\u00e9dico al encargado de comedor.<\/p>\n<p><strong>Art.20:<\/strong>&nbsp;Los comensales atender\u00e1n las sugerencias e indicaciones de los educadores, as\u00ed&nbsp;como las del personal del servicio de comedor.<\/p>\n<p><strong>Art.21:<\/strong>&nbsp;Quedan terminantemente prohibidas las agresiones verbales o f\u00edsicas, as\u00ed como el desperdicio de alimentos.<\/p>\n<p><strong>Art.22:<\/strong>&nbsp;Los comensales entrar\u00e1n en orden en el comedor, sent\u00e1ndose a la mesa&nbsp;<strong><br \/>\n<\/strong>&nbsp;&nbsp;&nbsp;&nbsp;&nbsp;&nbsp;&nbsp;&nbsp;&nbsp;&nbsp;&nbsp;&nbsp; asignada y no se levantar\u00e1n hasta que los educadores de comedor se lo&nbsp; &nbsp;indiquen&nbsp; &nbsp; &nbsp; &nbsp; &nbsp; &nbsp; &nbsp; &nbsp; &nbsp; &nbsp; &nbsp; &nbsp; &nbsp;&nbsp;<strong><br \/>\n<\/strong><strong>Art.23:<\/strong>&nbsp;Los comensales tratar\u00e1n con respeto y educaci\u00f3n tanto a los monitores como al personal del servicio de comedor, utilizando las formas de cortes\u00eda y las normas de urbanidad adecuadas.<\/p>\n<p><strong>Art.24:<\/strong>&nbsp;Durante la comida, los comensales mantendr\u00e1n un tono de voz adecuado,&nbsp;evitando griter\u00edo y esc\u00e1ndalos.<\/p>\n<p><strong>Art.25:<\/strong>&nbsp;Los comensales no podr\u00e1n sacar ning\u00fan alimento del comedor, ni esconderlo.<\/p>\n<p><strong>Art.26:<\/strong>&nbsp;Ning\u00fan comensal podr\u00e1 salir del recinto escolar desde las 9.00 hasta las 17.00horas, a excepci\u00f3n de los mi\u00e9rcoles, hasta las 15.00horas, salvo que sea acompa\u00f1ad@ por sus padres o tutores y previa comunicaci\u00f3n al encargado de comedor.<\/p>\n<p><strong>Art.27: EL INCUMPLIMIENTO DE ESTAS NORMAS PODRA PRIVAR A CUALQUIER ALUMN@ DEL DISFRUTE DEL SERVICIO DE COMEDOR, VARIANDO EL PER\u00cdODO DE EXPULSI\u00d3N EN FUNCI\u00d3N DE LA GRAVEDAD DE LA FALTA COMETIDA, PUDIENDO LLEGANDO A SER DEFINITIVA, PREVIO INFORME DE LA COMISI\u00d3N DE COMEDOR Y ACUERDO DEL CONSEJO ESCOLAR.<\/strong><\/p>\n<\/div>\n","protected":false},"excerpt":{"rendered":"<p>Comedor : Se solicita en el mes de junio y se puede pedir bonificaci\u00f3n al servicio en el periodo establecido a principios de Septiembre.&nbsp; El servicio de Comedor funciona de&nbsp;14 a 16 horas y&#46;&#46;&#46;<\/p>\n","protected":false},"author":7415,"featured_media":0,"parent":0,"menu_order":0,"comment_status":"closed","ping_status":"closed","template":"","meta":{"ngg_post_thumbnail":0,"footnotes":""},"aioseo_notices":[],"_links":{"self":[{"href":"https:\/\/blogsaverroes.juntadeandalucia.es\/ceipgenil\/wp-json\/wp\/v2\/pages\/169"}],"collection":[{"href":"https:\/\/blogsaverroes.juntadeandalucia.es\/ceipgenil\/wp-json\/wp\/v2\/pages"}],"about":[{"href":"https:\/\/blogsaverroes.juntadeandalucia.es\/ceipgenil\/wp-json\/wp\/v2\/types\/page"}],"author":[{"embeddable":true,"href":"https:\/\/blogsaverroes.juntadeandalucia.es\/ceipgenil\/wp-json\/wp\/v2\/users\/7415"}],"replies":[{"embeddable":true,"href":"https:\/\/blogsaverroes.juntadeandalucia.es\/ceipgenil\/wp-json\/wp\/v2\/comments?post=169"}],"version-history":[{"count":8,"href":"https:\/\/blogsaverroes.juntadeandalucia.es\/ceipgenil\/wp-json\/wp\/v2\/pages\/169\/revisions"}],"predecessor-version":[{"id":1091,"href":"https:\/\/blogsaverroes.juntadeandalucia.es\/ceipgenil\/wp-json\/wp\/v2\/pages\/169\/revisions\/1091"}],"wp:attachment":[{"href":"https:\/\/blogsaverroes.juntadeandalucia.es\/ceipgenil\/wp-json\/wp\/v2\/media?parent=169"}],"curies":[{"name":"wp","href":"https:\/\/api.w.org\/{rel}","templated":true}]}}