{"id":34,"date":"2020-04-13T12:17:25","date_gmt":"2020-04-13T12:17:25","guid":{"rendered":"https:\/\/blogsaverroes.juntadeandalucia.es\/ceipgenil\/?page_id=34"},"modified":"2025-05-10T17:07:01","modified_gmt":"2025-05-10T17:07:01","slug":"secretaria","status":"publish","type":"page","link":"https:\/\/blogsaverroes.juntadeandalucia.es\/ceipgenil\/secretaria\/","title":{"rendered":"ADMINISTRACI\u00d3N"},"content":{"rendered":"<p>&nbsp;<\/p>\n<p>Nuestra administrativa es Asunci\u00f3n Mart\u00ednez.<\/p>\n<p>El horario de Administraci\u00f3n es de 9&#8217;15 a 12 horas de la ma\u00f1ana.<\/p>\n<p>Email de nuestro Colegio:<br \/>\n<strong>genilgranada@gmail.com<\/strong>&nbsp;<\/p>\n","protected":false},"excerpt":{"rendered":"<p>&nbsp; Nuestra administrativa es Asunci\u00f3n Mart\u00ednez. El horario de Administraci\u00f3n es de 9&#8217;15 a 12 horas de la ma\u00f1ana. Email de nuestro Colegio: genilgranada@gmail.com&nbsp;<\/p>\n","protected":false},"author":7415,"featured_media":0,"parent":0,"menu_order":0,"comment_status":"closed","ping_status":"closed","template":"","meta":{"ngg_post_thumbnail":0,"footnotes":""},"aioseo_notices":[],"_links":{"self":[{"href":"https:\/\/blogsaverroes.juntadeandalucia.es\/ceipgenil\/wp-json\/wp\/v2\/pages\/34"}],"collection":[{"href":"https:\/\/blogsaverroes.juntadeandalucia.es\/ceipgenil\/wp-json\/wp\/v2\/pages"}],"about":[{"href":"https:\/\/blogsaverroes.juntadeandalucia.es\/ceipgenil\/wp-json\/wp\/v2\/types\/page"}],"author":[{"embeddable":true,"href":"https:\/\/blogsaverroes.juntadeandalucia.es\/ceipgenil\/wp-json\/wp\/v2\/users\/7415"}],"replies":[{"embeddable":true,"href":"https:\/\/blogsaverroes.juntadeandalucia.es\/ceipgenil\/wp-json\/wp\/v2\/comments?post=34"}],"version-history":[{"count":4,"href":"https:\/\/blogsaverroes.juntadeandalucia.es\/ceipgenil\/wp-json\/wp\/v2\/pages\/34\/revisions"}],"predecessor-version":[{"id":1557,"href":"https:\/\/blogsaverroes.juntadeandalucia.es\/ceipgenil\/wp-json\/wp\/v2\/pages\/34\/revisions\/1557"}],"wp:attachment":[{"href":"https:\/\/blogsaverroes.juntadeandalucia.es\/ceipgenil\/wp-json\/wp\/v2\/media?parent=34"}],"curies":[{"name":"wp","href":"https:\/\/api.w.org\/{rel}","templated":true}]}}