{"id":388,"date":"2020-04-16T10:43:33","date_gmt":"2020-04-16T10:43:33","guid":{"rendered":"https:\/\/blogsaverroes.juntadeandalucia.es\/ceipgenil\/?page_id=388"},"modified":"2022-12-01T11:12:58","modified_gmt":"2022-12-01T11:12:58","slug":"ensenanzas","status":"publish","type":"page","link":"https:\/\/blogsaverroes.juntadeandalucia.es\/ceipgenil\/ensenanzas\/","title":{"rendered":"ENSE\u00d1ANZAS"},"content":{"rendered":"<p>Nuestro centro imparte ense\u00f1anzas de las siguientes etapas:<\/p>\n<p><strong>Ed. Infantil&nbsp; 4 unidades&nbsp; de 3,4 y5 a\u00f1os.<\/strong><\/p>\n<p><strong>Ed. Primaria. 12 unidades.1\u00ba,2\u00ba,3\u00ba,4\u00ba,5\u00ba,6\u00ba.<\/strong><\/p>\n<p>Disponemos adem\u00e1s de un Aula de Logopedia, Aula de Educaci\u00f3n Especial y Aula de Lengua de signos ya que nuestro centro es de integraci\u00f3n preferente de alumnado sordo.&nbsp;<\/p>\n<p>Para conocer m\u00e1s detalles pulse en el submenu.<\/p>\n","protected":false},"excerpt":{"rendered":"<p>Nuestro centro imparte ense\u00f1anzas de las siguientes etapas: Ed. Infantil&nbsp; 4 unidades&nbsp; de 3,4 y5 a\u00f1os. Ed. Primaria. 12 unidades.1\u00ba,2\u00ba,3\u00ba,4\u00ba,5\u00ba,6\u00ba. Disponemos adem\u00e1s de un Aula de Logopedia, Aula de Educaci\u00f3n Especial y Aula de&#46;&#46;&#46;<\/p>\n","protected":false},"author":7415,"featured_media":0,"parent":0,"menu_order":0,"comment_status":"closed","ping_status":"closed","template":"","meta":{"ngg_post_thumbnail":0,"footnotes":""},"aioseo_notices":[],"_links":{"self":[{"href":"https:\/\/blogsaverroes.juntadeandalucia.es\/ceipgenil\/wp-json\/wp\/v2\/pages\/388"}],"collection":[{"href":"https:\/\/blogsaverroes.juntadeandalucia.es\/ceipgenil\/wp-json\/wp\/v2\/pages"}],"about":[{"href":"https:\/\/blogsaverroes.juntadeandalucia.es\/ceipgenil\/wp-json\/wp\/v2\/types\/page"}],"author":[{"embeddable":true,"href":"https:\/\/blogsaverroes.juntadeandalucia.es\/ceipgenil\/wp-json\/wp\/v2\/users\/7415"}],"replies":[{"embeddable":true,"href":"https:\/\/blogsaverroes.juntadeandalucia.es\/ceipgenil\/wp-json\/wp\/v2\/comments?post=388"}],"version-history":[{"count":2,"href":"https:\/\/blogsaverroes.juntadeandalucia.es\/ceipgenil\/wp-json\/wp\/v2\/pages\/388\/revisions"}],"predecessor-version":[{"id":1095,"href":"https:\/\/blogsaverroes.juntadeandalucia.es\/ceipgenil\/wp-json\/wp\/v2\/pages\/388\/revisions\/1095"}],"wp:attachment":[{"href":"https:\/\/blogsaverroes.juntadeandalucia.es\/ceipgenil\/wp-json\/wp\/v2\/media?parent=388"}],"curies":[{"name":"wp","href":"https:\/\/api.w.org\/{rel}","templated":true}]}}