{"id":68,"date":"2020-04-13T14:06:06","date_gmt":"2020-04-13T14:06:06","guid":{"rendered":"https:\/\/blogsaverroes.juntadeandalucia.es\/ceipgenil\/?page_id=68"},"modified":"2024-10-14T08:19:24","modified_gmt":"2024-10-14T08:19:24","slug":"bilinguismo","status":"publish","type":"page","link":"https:\/\/blogsaverroes.juntadeandalucia.es\/ceipgenil\/bilinguismo\/","title":{"rendered":"BILING\u00dcISMO"},"content":{"rendered":"<p><img fetchpriority=\"high\" decoding=\"async\" class=\"size-full wp-image-179 alignleft\" src=\"https:\/\/blogsaverroes.juntadeandalucia.es\/ceipgenil\/files\/2020\/04\/bilingue.jpg\" alt=\"\" width=\"275\" height=\"183\" srcset=\"https:\/\/blogsaverroes.juntadeandalucia.es\/ceipgenil\/files\/2020\/04\/bilingue.jpg 275w, https:\/\/blogsaverroes.juntadeandalucia.es\/ceipgenil\/files\/2020\/04\/bilingue-24x16.jpg 24w, https:\/\/blogsaverroes.juntadeandalucia.es\/ceipgenil\/files\/2020\/04\/bilingue-36x24.jpg 36w, https:\/\/blogsaverroes.juntadeandalucia.es\/ceipgenil\/files\/2020\/04\/bilingue-48x32.jpg 48w\" sizes=\"(max-width: 275px) 100vw, 275px\" \/><\/p>\n<div id=\"contenido_sitio\" class=\"tiny_personalizado\">\n<p>El C.E.I.P. Genil es un colegio biling\u00fce desde el curso 2016\/17. La introducci\u00f3n ha sido progresiva por lo que durante este curso 2024\/25 ser\u00e1n biling\u00fces&nbsp; todos los cursos .<\/p>\n<p>Adem\u00e1s se imparte<strong>&nbsp;Franc\u00e9s&nbsp;<\/strong>como segunda lengua extranjera en&nbsp; 5\u00aa y 6\u00ba de Primaria.<\/p>\n<p>La Coordinadora de Biling\u00fcismo es D\u00f1a. Susana G\u00f3mez P\u00e9rez<\/p>\n<\/div>\n<div>Nuestro centro es atendido cada curso por una Auxiliar de Conversaci\u00f3n para el idioma ingl\u00e9s.&nbsp; Su objetivo principal es fomentar las destrezas orales del alumnado. Su horario de atenci\u00f3n es de doce horas semanales.&nbsp;<\/div>\n","protected":false},"excerpt":{"rendered":"<p>El C.E.I.P. Genil es un colegio biling\u00fce desde el curso 2016\/17. La introducci\u00f3n ha sido progresiva por lo que durante este curso 2024\/25 ser\u00e1n biling\u00fces&nbsp; todos los cursos . Adem\u00e1s se imparte&nbsp;Franc\u00e9s&nbsp;como segunda lengua&#46;&#46;&#46;<\/p>\n","protected":false},"author":7415,"featured_media":0,"parent":0,"menu_order":0,"comment_status":"closed","ping_status":"closed","template":"","meta":{"ngg_post_thumbnail":0,"footnotes":""},"aioseo_notices":[],"_links":{"self":[{"href":"https:\/\/blogsaverroes.juntadeandalucia.es\/ceipgenil\/wp-json\/wp\/v2\/pages\/68"}],"collection":[{"href":"https:\/\/blogsaverroes.juntadeandalucia.es\/ceipgenil\/wp-json\/wp\/v2\/pages"}],"about":[{"href":"https:\/\/blogsaverroes.juntadeandalucia.es\/ceipgenil\/wp-json\/wp\/v2\/types\/page"}],"author":[{"embeddable":true,"href":"https:\/\/blogsaverroes.juntadeandalucia.es\/ceipgenil\/wp-json\/wp\/v2\/users\/7415"}],"replies":[{"embeddable":true,"href":"https:\/\/blogsaverroes.juntadeandalucia.es\/ceipgenil\/wp-json\/wp\/v2\/comments?post=68"}],"version-history":[{"count":9,"href":"https:\/\/blogsaverroes.juntadeandalucia.es\/ceipgenil\/wp-json\/wp\/v2\/pages\/68\/revisions"}],"predecessor-version":[{"id":1378,"href":"https:\/\/blogsaverroes.juntadeandalucia.es\/ceipgenil\/wp-json\/wp\/v2\/pages\/68\/revisions\/1378"}],"wp:attachment":[{"href":"https:\/\/blogsaverroes.juntadeandalucia.es\/ceipgenil\/wp-json\/wp\/v2\/media?parent=68"}],"curies":[{"name":"wp","href":"https:\/\/api.w.org\/{rel}","templated":true}]}}