{"id":77,"date":"2020-04-13T14:30:52","date_gmt":"2020-04-13T14:30:52","guid":{"rendered":"https:\/\/blogsaverroes.juntadeandalucia.es\/ceipgenil\/?page_id=77"},"modified":"2021-11-17T11:29:04","modified_gmt":"2021-11-17T11:29:04","slug":"ampa","status":"publish","type":"page","link":"https:\/\/blogsaverroes.juntadeandalucia.es\/ceipgenil\/ampa\/","title":{"rendered":"AMPA"},"content":{"rendered":"<p style=\"text-align: left\">Desde la <strong>AMPA del CEIP Genil<\/strong> nos dirigimos a todos vosotros y vosotras, y nos abrimos a que conozc\u00e1is la labor de nuestra Asociaci\u00f3n.&nbsp;&nbsp;<\/p>\n<p style=\"text-align: left\">&nbsp; &nbsp; &nbsp; &nbsp; Nos presentamos:<\/p>\n<p style=\"text-align: left\">Somos un grupo de madres y padres comprometidos con la Educaci\u00f3n de nuestr@s hij@s y por la mejora de la Comunidad Educativa de la que formamos parte, que como vosotros trabajamos dentro y fuera de casa haciendo grandes esfuerzos por educar a nuestros hijos lo mejor posible e intentando conciliar nuestra vida laboral con la familiar.<\/p>\n<p style=\"text-align: left\">Nuestra participaci\u00f3n en la Asociaci\u00f3n la realizamos de forma altruista, con el fin de obtener el mejor resultado en el buen funcionamiento del centro junto con las familias que lo componen.<\/p>\n<p style=\"text-align: left\"><strong><em><u>\u201cPorque nos preocupa la educaci\u00f3n de nuestros hijos.\u201d<\/u><\/em><\/strong><\/p>\n<p style=\"text-align: left\">Queremos que los ni\u00f1os y ni\u00f1as del CEIP Genil sean felices mientras progresan en su trayectoria educativa. Por ello, tratamos de cuidar cada detalle a fin de que, con los medios de los que disponemos, poder hacer de su paso por Educaci\u00f3n Infantil y Primaria en su Colegio, una experiencia enriquecedora e inolvidable.<\/p>\n<p style=\"text-align: left\">Recordaros que luchamos por todos, socios y no socios, participando de forma activa en el Consejo Escolar, en distintas comisiones y en todos aquellos foros y canales necesarios, para informaros de las dudas que os vayan surgiendo, como por ejemplo cursar los escritos o solicitudes a las que haya lugar, as\u00ed como actuar, solucionar y resolver de la mejor manera posible las dudas que pod\u00e1is tener.<\/p>\n<p style=\"text-align: left\">A lo largo de cada curso escolar proponemos actividades, talleres, visitas, proyectos, eventos\u2026 de los\/las que todos los ni\u00f1os y ni\u00f1as podr\u00e1n disfrutar y participar, siendo o no socios de la asociaci\u00f3n. Intentamos mejorar las instalaciones y aportamos un poquito de ayuda para la adquisici\u00f3n de materiales escolares necesarios en las aulas y distintos espacios del centro educativo.<\/p>\n<p style=\"text-align: left\">As\u00ed pues, desde la AMPA decir que seguiremos apoyando a la Comunidad Educativa del Colegio P\u00fablico Genil a\u00f1o tras a\u00f1o, ayudando y colaborando en todo lo posible&nbsp;y que est\u00e9 en nuestra mano, buscando nuevas iniciativas, nuevos proyectos, actividades, etc., as\u00ed como resolviendo problemas y dudas que surjan a lo largo del curso escolar en que nos encontremos.<\/p>\n<p style=\"text-align: left\">Y por supuesto, la Asociaci\u00f3n siempre estar\u00e1 abierta a todo tipo de nuevas ideas, opiniones y sugerencias, que mejoren la educaci\u00f3n de nuestros hijos. Con la ilusi\u00f3n y el trabajo de todos seguro que lo conseguimos.<\/p>\n<p style=\"text-align: left\">&nbsp;<\/p>\n<p style=\"text-align: left\">Os animamos a ser part\u00edcipes y a participar de \u00e9sta, nuestra gran familia.<\/p>\n<p style=\"text-align: left\">&nbsp;<\/p>\n<p style=\"text-align: left\"><em><strong>Un Saludo del Equipo Directivo de la AMPA del CEIP Genil de Granada.<\/strong><\/em><\/p>\n<p>&#8212;&#8212;&#8212;&#8212;&#8212;&#8212;&#8212;&#8212;&#8212;&#8212;&#8212;&#8212;&#8212;&#8212;&#8212;&#8212;&#8212;&#8212;&#8212;&#8212;&#8212;&#8212;&#8212;&#8212;&#8212;&#8212;&#8212;&#8212;&#8212;&#8212;&#8212;&#8212;&#8212;&#8212;&#8212;&#8212;&#8212;&#8212;&#8212;&#8212;&#8212;&#8212;&#8212;&#8212;&#8212;&#8212;&#8212;&#8212;&#8212;&#8212;&#8212;&#8212;&#8212;&#8212;&#8212;&#8212;&#8212;&#8212;&#8212;&#8212;&#8212;&#8212;&#8212;&#8212;&#8212;&#8212;&#8212;&#8212;&#8212;&#8212;&#8212;&#8212;&#8212;&#8212;&#8212;&#8212;&#8212;&#8212;&#8212;&#8212;&#8212;&#8212;&#8212;&#8212;-<\/p>\n<p>&nbsp; &nbsp; &nbsp; &nbsp; &nbsp;<strong> &nbsp; &nbsp; FINALIDADES DE LAS ASOCIACIONES DE PADRES Y MADRES DE ALUMNOS\/AS:<\/strong><\/p>\n<p>Las asociaciones de madres y padres del alumnado son un cauce fundamental para posibilitar la participaci\u00f3n de las familias o tutores del alumnado, en su caso, en las actividades de los centros docentes. Para ello tendr\u00e1n aquellas finalidades que se fijen en sus estatutos, dentro de las<br \/>\nsiguientes:<\/p>\n<ul>\n<li>Asistir a los padres, madres o tutores legales en todo aquello que concierne a la educaci\u00f3n de sus hijos e hijas o pupilos.<\/li>\n<li>Colaborar en las actividades educativas de los centros, y en las actividades complementarias y extraescolares de los mismos.<\/li>\n<li>Organizar actividades culturales y deportivas.<\/li>\n<li>Promover la participaci\u00f3n de los padres, madres o tutores del alumnado en la gesti\u00f3n del Centro.<\/li>\n<li>Asistir a los padres, madres o tutores legales del alumnado en el ejercicio de su derecho a intervenir en el control y gesti\u00f3n de los centros sostenidos con fondos p\u00fablicos.<\/li>\n<li>Facilitar la representaci\u00f3n y participaci\u00f3n de los padres, madres o tutores legales del alumnado en los Consejos Escolares de los centros sostenidos con fondos p\u00fablicos, para lo cual podr\u00e1n presentar candidaturas en los correspondientes procesos electorales.<\/li>\n<li>Promover el desarrollo de programas de Educaci\u00f3n Familiar.<\/li>\n<li>Representar a los padres, madres o tutores asociados a las mismas ante las instancias educativas y otros organismos.<\/li>\n<\/ul>\n<p>La educaci\u00f3n es una responsabilidad compartida de padres, madres y profesorado. Ello requiere que todas y todos, dentro de la funci\u00f3n que a cada uno le corresponde, se conviertan en agentes activos de la educaci\u00f3n del alumnado.<\/p>\n<p>Las familias son un agente fundamental en la vida de los centros educativos que&nbsp;deben implicarse activamente en la finalidad \u00faltima de estos que es la educaci\u00f3n integral de sus hijos e hijas, en coordinaci\u00f3n con el profesorado.<\/p>\n<p>La comunicaci\u00f3n entre familia y escuela favorece la construcci\u00f3n de una escuela inclusiva, en la que la colaboraci\u00f3n de todos los sectores de la comunidad educativa sea la base sobre la que se construya una convivencia positiva.<\/p>\n","protected":false},"excerpt":{"rendered":"<p>Desde la AMPA del CEIP Genil nos dirigimos a todos vosotros y vosotras, y nos abrimos a que conozc\u00e1is la labor de nuestra Asociaci\u00f3n.&nbsp;&nbsp; &nbsp; &nbsp; &nbsp; &nbsp; Nos presentamos: Somos un grupo de&#46;&#46;&#46;<\/p>\n","protected":false},"author":7415,"featured_media":0,"parent":0,"menu_order":0,"comment_status":"closed","ping_status":"closed","template":"","meta":{"ngg_post_thumbnail":0,"footnotes":""},"aioseo_notices":[],"_links":{"self":[{"href":"https:\/\/blogsaverroes.juntadeandalucia.es\/ceipgenil\/wp-json\/wp\/v2\/pages\/77"}],"collection":[{"href":"https:\/\/blogsaverroes.juntadeandalucia.es\/ceipgenil\/wp-json\/wp\/v2\/pages"}],"about":[{"href":"https:\/\/blogsaverroes.juntadeandalucia.es\/ceipgenil\/wp-json\/wp\/v2\/types\/page"}],"author":[{"embeddable":true,"href":"https:\/\/blogsaverroes.juntadeandalucia.es\/ceipgenil\/wp-json\/wp\/v2\/users\/7415"}],"replies":[{"embeddable":true,"href":"https:\/\/blogsaverroes.juntadeandalucia.es\/ceipgenil\/wp-json\/wp\/v2\/comments?post=77"}],"version-history":[{"count":7,"href":"https:\/\/blogsaverroes.juntadeandalucia.es\/ceipgenil\/wp-json\/wp\/v2\/pages\/77\/revisions"}],"predecessor-version":[{"id":935,"href":"https:\/\/blogsaverroes.juntadeandalucia.es\/ceipgenil\/wp-json\/wp\/v2\/pages\/77\/revisions\/935"}],"wp:attachment":[{"href":"https:\/\/blogsaverroes.juntadeandalucia.es\/ceipgenil\/wp-json\/wp\/v2\/media?parent=77"}],"curies":[{"name":"wp","href":"https:\/\/api.w.org\/{rel}","templated":true}]}}