{"id":2194,"date":"2020-10-26T17:22:12","date_gmt":"2020-10-26T17:22:12","guid":{"rendered":"https:\/\/blogsaverroes.juntadeandalucia.es\/ceipgeniljauja\/?page_id=2194"},"modified":"2020-10-26T17:22:12","modified_gmt":"2020-10-26T17:22:12","slug":"plan-de-transformacion-digital","status":"publish","type":"page","link":"https:\/\/blogsaverroes.juntadeandalucia.es\/ceipgeniljauja\/plan-de-transformacion-digital\/","title":{"rendered":"Plan de Transformaci\u00f3n Digital"},"content":{"rendered":"<p><a href=\"https:\/\/blogsaverroes.juntadeandalucia.es\/ceipgeniljauja\/files\/2020\/10\/Plan-de-trasformaci\u00f3n-digital.pdf\">Plan de trasformaci\u00f3n digital<\/a><\/p>\n<p><a href=\"https:\/\/blogsaverroes.juntadeandalucia.es\/ceipgeniljauja\/files\/2020\/10\/GU\u00cdA-PARA-UN-USO-RESPONSABLE-DE-LAS-TECNOLOG\u00cdAS-DIGITALES.pdf\">Gu\u00eda para un uso responsable de las Tecnolog\u00edas Digitales<\/a><\/p>\n","protected":false},"excerpt":{"rendered":"<p>Plan de trasformaci\u00f3n digital Gu\u00eda para un uso responsable de las Tecnolog\u00edas Digitales<\/p>\n","protected":false},"author":6656,"featured_media":0,"parent":0,"menu_order":0,"comment_status":"closed","ping_status":"closed","template":"","meta":{"ngg_post_thumbnail":0,"footnotes":"","_mc_calendar":[]},"aioseo_notices":[],"_links":{"self":[{"href":"https:\/\/blogsaverroes.juntadeandalucia.es\/ceipgeniljauja\/wp-json\/wp\/v2\/pages\/2194"}],"collection":[{"href":"https:\/\/blogsaverroes.juntadeandalucia.es\/ceipgeniljauja\/wp-json\/wp\/v2\/pages"}],"about":[{"href":"https:\/\/blogsaverroes.juntadeandalucia.es\/ceipgeniljauja\/wp-json\/wp\/v2\/types\/page"}],"author":[{"embeddable":true,"href":"https:\/\/blogsaverroes.juntadeandalucia.es\/ceipgeniljauja\/wp-json\/wp\/v2\/users\/6656"}],"replies":[{"embeddable":true,"href":"https:\/\/blogsaverroes.juntadeandalucia.es\/ceipgeniljauja\/wp-json\/wp\/v2\/comments?post=2194"}],"version-history":[{"count":1,"href":"https:\/\/blogsaverroes.juntadeandalucia.es\/ceipgeniljauja\/wp-json\/wp\/v2\/pages\/2194\/revisions"}],"predecessor-version":[{"id":2197,"href":"https:\/\/blogsaverroes.juntadeandalucia.es\/ceipgeniljauja\/wp-json\/wp\/v2\/pages\/2194\/revisions\/2197"}],"wp:attachment":[{"href":"https:\/\/blogsaverroes.juntadeandalucia.es\/ceipgeniljauja\/wp-json\/wp\/v2\/media?parent=2194"}],"curies":[{"name":"wp","href":"https:\/\/api.w.org\/{rel}","templated":true}]}}