{"id":2360,"date":"2021-01-08T11:23:01","date_gmt":"2021-01-08T11:23:01","guid":{"rendered":"https:\/\/blogsaverroes.juntadeandalucia.es\/ceipgeniljauja\/?page_id=2360"},"modified":"2022-02-14T00:41:45","modified_gmt":"2022-02-14T00:41:45","slug":"documentos-del-centro-2","status":"publish","type":"page","link":"https:\/\/blogsaverroes.juntadeandalucia.es\/ceipgeniljauja\/documentos-del-centro-2\/","title":{"rendered":"Documentos del Centro"},"content":{"rendered":"<p><a href=\"https:\/\/blogsaverroes.juntadeandalucia.es\/ceipgeniljauja\/files\/2022\/02\/Proyecto-Educativo.pdf\">Proyecto-Educativo<\/a><\/p>\n<p><a href=\"https:\/\/blogsaverroes.juntadeandalucia.es\/ceipgeniljauja\/files\/2021\/01\/Proyecto-de-Gesti\u00f3n.pdf\">Proyecto de Gesti\u00f3n<\/a><\/p>\n<p><a href=\"https:\/\/blogsaverroes.juntadeandalucia.es\/ceipgeniljauja\/files\/2021\/01\/Reglamento-de-Organizaci\u00f3n-y-Funcionamiento.pdf\">Reglamento de Organizaci\u00f3n y Funcionamiento<\/a><\/p>\n<p><a href=\"https:\/\/blogsaverroes.juntadeandalucia.es\/ceipgeniljauja\/files\/2021\/01\/Modificaciones-Plan-de-Convivencia-COVID.pdf\">Modificaciones Plan de Convivencia COVID<\/a><\/p>\n<p><a href=\"https:\/\/blogsaverroes.juntadeandalucia.es\/ceipgeniljauja\/files\/2021\/01\/Plan-de-Convivencia.pdf\">Plan de Convivencia<\/a><\/p>\n<p><a href=\"https:\/\/blogsaverroes.juntadeandalucia.es\/ceipgeniljauja\/files\/2021\/01\/Protocolo-de-actuaci\u00f3n-COVID.pdf\">Protocolo de actuaci\u00f3n COVID<\/a><\/p>\n<p><a href=\"https:\/\/blogsaverroes.juntadeandalucia.es\/ceipgeniljauja\/files\/2021\/01\/EVACUACI\u00d3N-2020-21.pdf\">Plan de Evacuaci\u00f3n 2020-2021<\/a><\/p>\n","protected":false},"excerpt":{"rendered":"<p>Proyecto-Educativo Proyecto de Gesti\u00f3n Reglamento de Organizaci\u00f3n y Funcionamiento Modificaciones Plan de Convivencia COVID Plan de Convivencia Protocolo de actuaci\u00f3n COVID Plan de Evacuaci\u00f3n 2020-2021<\/p>\n","protected":false},"author":6656,"featured_media":0,"parent":0,"menu_order":0,"comment_status":"closed","ping_status":"closed","template":"","meta":{"ngg_post_thumbnail":0,"footnotes":"","_mc_calendar":[]},"aioseo_notices":[],"_links":{"self":[{"href":"https:\/\/blogsaverroes.juntadeandalucia.es\/ceipgeniljauja\/wp-json\/wp\/v2\/pages\/2360"}],"collection":[{"href":"https:\/\/blogsaverroes.juntadeandalucia.es\/ceipgeniljauja\/wp-json\/wp\/v2\/pages"}],"about":[{"href":"https:\/\/blogsaverroes.juntadeandalucia.es\/ceipgeniljauja\/wp-json\/wp\/v2\/types\/page"}],"author":[{"embeddable":true,"href":"https:\/\/blogsaverroes.juntadeandalucia.es\/ceipgeniljauja\/wp-json\/wp\/v2\/users\/6656"}],"replies":[{"embeddable":true,"href":"https:\/\/blogsaverroes.juntadeandalucia.es\/ceipgeniljauja\/wp-json\/wp\/v2\/comments?post=2360"}],"version-history":[{"count":5,"href":"https:\/\/blogsaverroes.juntadeandalucia.es\/ceipgeniljauja\/wp-json\/wp\/v2\/pages\/2360\/revisions"}],"predecessor-version":[{"id":2743,"href":"https:\/\/blogsaverroes.juntadeandalucia.es\/ceipgeniljauja\/wp-json\/wp\/v2\/pages\/2360\/revisions\/2743"}],"wp:attachment":[{"href":"https:\/\/blogsaverroes.juntadeandalucia.es\/ceipgeniljauja\/wp-json\/wp\/v2\/media?parent=2360"}],"curies":[{"name":"wp","href":"https:\/\/api.w.org\/{rel}","templated":true}]}}