{"id":330,"date":"2015-03-18T07:11:43","date_gmt":"2015-03-18T07:11:43","guid":{"rendered":"http:\/\/blogsaverroes.juntadeandalucia.es\/pre\/ceip\/?page_id=330"},"modified":"2020-11-18T12:54:59","modified_gmt":"2020-11-18T12:54:59","slug":"bibliop","status":"publish","type":"page","link":"https:\/\/blogsaverroes.juntadeandalucia.es\/ceipgeniljauja\/biblioteca\/bibliop\/","title":{"rendered":"Cat\u00e1logo"},"content":{"rendered":"<p><a href=\"https:\/\/senecav2.ced.junta-andalucia.es\/seneca\/biblioweb\/Index.jsp\"><img loading=\"lazy\" decoding=\"async\" class=\"size-medium wp-image-551 aligncenter\" src=\"http:\/\/blogsaverroes.juntadeandalucia.es\/temahueman\/files\/2014\/12\/libros1-300x246.png\" alt=\"libros1\" width=\"300\" height=\"246\" srcset=\"https:\/\/blogsaverroes.juntadeandalucia.es\/ceipgeniljauja\/files\/2014\/12\/libros1-300x246.png 300w, https:\/\/blogsaverroes.juntadeandalucia.es\/ceipgeniljauja\/files\/2014\/12\/libros1.png 640w\" sizes=\"(max-width: 300px) 100vw, 300px\" \/><\/a><\/p>\n<p>Pinchando en la foto podremos acceder al cat\u00e1logo de la Biblioweb de nuestro centro. Deb\u00e9is poner la provincia (C\u00f3rdoba) y buscar el Centro (Genil &#8211; 14004464). En el apartado cat\u00e1logo acceder\u00e9is a los libros.&nbsp;<\/p>\n<p>\u00a1Buena lectura!<\/p>\n<p>&nbsp;<\/p>\n","protected":false},"excerpt":{"rendered":"<p>Pinchando en la foto podremos acceder al cat\u00e1logo de la Biblioweb de nuestro centro. Deb\u00e9is poner la provincia (C\u00f3rdoba) y buscar el Centro (Genil &#8211; 14004464). En el apartado cat\u00e1logo acceder\u00e9is a los libros.&nbsp;&#46;&#46;&#46;<\/p>\n","protected":false},"author":1,"featured_media":0,"parent":113,"menu_order":0,"comment_status":"open","ping_status":"open","template":"","meta":{"ngg_post_thumbnail":0,"footnotes":"","_mc_calendar":[]},"aioseo_notices":[],"_links":{"self":[{"href":"https:\/\/blogsaverroes.juntadeandalucia.es\/ceipgeniljauja\/wp-json\/wp\/v2\/pages\/330"}],"collection":[{"href":"https:\/\/blogsaverroes.juntadeandalucia.es\/ceipgeniljauja\/wp-json\/wp\/v2\/pages"}],"about":[{"href":"https:\/\/blogsaverroes.juntadeandalucia.es\/ceipgeniljauja\/wp-json\/wp\/v2\/types\/page"}],"author":[{"embeddable":true,"href":"https:\/\/blogsaverroes.juntadeandalucia.es\/ceipgeniljauja\/wp-json\/wp\/v2\/users\/1"}],"replies":[{"embeddable":true,"href":"https:\/\/blogsaverroes.juntadeandalucia.es\/ceipgeniljauja\/wp-json\/wp\/v2\/comments?post=330"}],"version-history":[{"count":5,"href":"https:\/\/blogsaverroes.juntadeandalucia.es\/ceipgeniljauja\/wp-json\/wp\/v2\/pages\/330\/revisions"}],"predecessor-version":[{"id":2302,"href":"https:\/\/blogsaverroes.juntadeandalucia.es\/ceipgeniljauja\/wp-json\/wp\/v2\/pages\/330\/revisions\/2302"}],"up":[{"embeddable":true,"href":"https:\/\/blogsaverroes.juntadeandalucia.es\/ceipgeniljauja\/wp-json\/wp\/v2\/pages\/113"}],"wp:attachment":[{"href":"https:\/\/blogsaverroes.juntadeandalucia.es\/ceipgeniljauja\/wp-json\/wp\/v2\/media?parent=330"}],"curies":[{"name":"wp","href":"https:\/\/api.w.org\/{rel}","templated":true}]}}