{"id":42,"date":"2015-03-13T08:40:47","date_gmt":"2015-03-13T08:40:47","guid":{"rendered":"http:\/\/blogsaverroes.juntadeandalucia.es\/pre\/ceip\/?page_id=42"},"modified":"2021-12-03T08:58:36","modified_gmt":"2021-12-03T08:58:36","slug":"equipo-directivo","status":"publish","type":"page","link":"https:\/\/blogsaverroes.juntadeandalucia.es\/ceipgeniljauja\/equipo-directivo\/","title":{"rendered":"Equipo directivo"},"content":{"rendered":"<p>&nbsp;<\/p>\n<p style=\"text-align: center\"><strong>Direcci\u00f3n: <\/strong>M\u00f3nica Rold\u00e1n \u00c9cija<\/p>\n<p style=\"text-align: center\"><strong>Jefatura de estudios:&nbsp;<\/strong>Juana M\u00aa Herrero Molina<\/p>\n<p style=\"text-align: center\"><strong>Secretar\u00eda:&nbsp;<\/strong>Montserrat Ruiz Rodr\u00edguez<\/p>\n","protected":false},"excerpt":{"rendered":"<p>&nbsp; Direcci\u00f3n: M\u00f3nica Rold\u00e1n \u00c9cija Jefatura de estudios:&nbsp;Juana M\u00aa Herrero Molina Secretar\u00eda:&nbsp;Montserrat Ruiz Rodr\u00edguez<\/p>\n","protected":false},"author":1,"featured_media":0,"parent":0,"menu_order":0,"comment_status":"open","ping_status":"open","template":"","meta":{"ngg_post_thumbnail":0,"footnotes":"","_mc_calendar":[]},"aioseo_notices":[],"_links":{"self":[{"href":"https:\/\/blogsaverroes.juntadeandalucia.es\/ceipgeniljauja\/wp-json\/wp\/v2\/pages\/42"}],"collection":[{"href":"https:\/\/blogsaverroes.juntadeandalucia.es\/ceipgeniljauja\/wp-json\/wp\/v2\/pages"}],"about":[{"href":"https:\/\/blogsaverroes.juntadeandalucia.es\/ceipgeniljauja\/wp-json\/wp\/v2\/types\/page"}],"author":[{"embeddable":true,"href":"https:\/\/blogsaverroes.juntadeandalucia.es\/ceipgeniljauja\/wp-json\/wp\/v2\/users\/1"}],"replies":[{"embeddable":true,"href":"https:\/\/blogsaverroes.juntadeandalucia.es\/ceipgeniljauja\/wp-json\/wp\/v2\/comments?post=42"}],"version-history":[{"count":7,"href":"https:\/\/blogsaverroes.juntadeandalucia.es\/ceipgeniljauja\/wp-json\/wp\/v2\/pages\/42\/revisions"}],"predecessor-version":[{"id":2715,"href":"https:\/\/blogsaverroes.juntadeandalucia.es\/ceipgeniljauja\/wp-json\/wp\/v2\/pages\/42\/revisions\/2715"}],"wp:attachment":[{"href":"https:\/\/blogsaverroes.juntadeandalucia.es\/ceipgeniljauja\/wp-json\/wp\/v2\/media?parent=42"}],"curies":[{"name":"wp","href":"https:\/\/api.w.org\/{rel}","templated":true}]}}