{"id":869,"date":"2015-03-16T07:03:52","date_gmt":"2015-03-16T07:03:52","guid":{"rendered":"http:\/\/blogsaverroes.juntadeandalucia.es\/pre\/ceip\/?page_id=84"},"modified":"2021-12-03T12:00:45","modified_gmt":"2021-12-03T12:00:45","slug":"calendario-escolar","status":"publish","type":"page","link":"https:\/\/blogsaverroes.juntadeandalucia.es\/ceipgeniljauja\/calendario-escolar\/","title":{"rendered":"Calendario escolar"},"content":{"rendered":"<p><a href=\"https:\/\/www.juntadeandalucia.es\/educacion\/portals\/delegate\/content\/503fdcf7-7de8-49bc-984c-42df9f07a1f6\/20210524-resolucion\">Resoluci\u00f3n de la Delegaci\u00f3n Territorial de la Consejer\u00eda de Educaci\u00f3n y Deporte en C\u00f3rdoba<\/a><\/p>\n<p style=\"text-align: left\"><a href=\"https:\/\/blogsaverroes.juntadeandalucia.es\/ceipgeniljauja\/files\/2021\/12\/calendario-escolar-20211-2022.jpg\"><img loading=\"lazy\" decoding=\"async\" class=\"size-full wp-image-2711 aligncenter\" src=\"https:\/\/blogsaverroes.juntadeandalucia.es\/ceipgeniljauja\/files\/2021\/12\/calendario-escolar-20211-2022.jpg\" alt=\"\" width=\"691\" height=\"811\" srcset=\"https:\/\/blogsaverroes.juntadeandalucia.es\/ceipgeniljauja\/files\/2021\/12\/calendario-escolar-20211-2022.jpg 691w, https:\/\/blogsaverroes.juntadeandalucia.es\/ceipgeniljauja\/files\/2021\/12\/calendario-escolar-20211-2022-256x300.jpg 256w\" sizes=\"(max-width: 691px) 100vw, 691px\" \/><\/a><\/p>\n<h4 style=\"text-align: center\">&nbsp;<\/h4>\n<p style=\"text-align: center\">&nbsp;<\/p>\n","protected":false},"excerpt":{"rendered":"<p>Resoluci\u00f3n de la Delegaci\u00f3n Territorial de la Consejer\u00eda de Educaci\u00f3n y Deporte en C\u00f3rdoba &nbsp; &nbsp;<\/p>\n","protected":false},"author":1,"featured_media":0,"parent":0,"menu_order":0,"comment_status":"open","ping_status":"open","template":"","meta":{"ngg_post_thumbnail":0,"footnotes":"","_mc_calendar":[]},"aioseo_notices":[],"_links":{"self":[{"href":"https:\/\/blogsaverroes.juntadeandalucia.es\/ceipgeniljauja\/wp-json\/wp\/v2\/pages\/869"}],"collection":[{"href":"https:\/\/blogsaverroes.juntadeandalucia.es\/ceipgeniljauja\/wp-json\/wp\/v2\/pages"}],"about":[{"href":"https:\/\/blogsaverroes.juntadeandalucia.es\/ceipgeniljauja\/wp-json\/wp\/v2\/types\/page"}],"author":[{"embeddable":true,"href":"https:\/\/blogsaverroes.juntadeandalucia.es\/ceipgeniljauja\/wp-json\/wp\/v2\/users\/1"}],"replies":[{"embeddable":true,"href":"https:\/\/blogsaverroes.juntadeandalucia.es\/ceipgeniljauja\/wp-json\/wp\/v2\/comments?post=869"}],"version-history":[{"count":7,"href":"https:\/\/blogsaverroes.juntadeandalucia.es\/ceipgeniljauja\/wp-json\/wp\/v2\/pages\/869\/revisions"}],"predecessor-version":[{"id":2719,"href":"https:\/\/blogsaverroes.juntadeandalucia.es\/ceipgeniljauja\/wp-json\/wp\/v2\/pages\/869\/revisions\/2719"}],"wp:attachment":[{"href":"https:\/\/blogsaverroes.juntadeandalucia.es\/ceipgeniljauja\/wp-json\/wp\/v2\/media?parent=869"}],"curies":[{"name":"wp","href":"https:\/\/api.w.org\/{rel}","templated":true}]}}