{"id":3356,"date":"2023-02-06T20:17:13","date_gmt":"2023-02-06T19:17:13","guid":{"rendered":"https:\/\/blogsaverroes.juntadeandalucia.es\/ceipgenillamontiela\/?page_id=3356"},"modified":"2023-09-06T20:25:51","modified_gmt":"2023-09-06T19:25:51","slug":"nuestro-cole-informa","status":"publish","type":"page","link":"https:\/\/blogsaverroes.juntadeandalucia.es\/ceipgenillamontiela\/nuestro-cole-informa\/","title":{"rendered":"Nuestro cole informa (para ver las noticias, pincha en el titular subrayado)"},"content":{"rendered":"<ul>\n<li><a href=\"https:\/\/blogsaverroes.juntadeandalucia.es\/ceipgenillamontiela\/comienza-el-cole\/\"><span style=\"text-decoration: underline\"><span style=\"font-family: 'comic sans ms', sans-serif\">Comienza el cole<\/span><\/span><\/a><\/li>\n<\/ul>\n<p>&nbsp;<\/p>\n<ul>\n<li><span style=\"text-decoration: underline\"><a title=\"Vitrinas\" href=\"https:\/\/blogsaverroes.juntadeandalucia.es\/ceipgenillamontiela\/vitrinas-ampa\/\" target=\"_blank\" rel=\"noopener noreferrer\"><span style=\"font-family: 'comic sans ms', sans-serif\">Instalaci\u00f3n de vitrinas por parte del AMPA ADEMO<\/span><\/a><\/span><\/li>\n<\/ul>\n<p>&nbsp;<\/p>\n<ul>\n<li><span style=\"text-decoration: underline\"><a title=\"Fuentes\" href=\"https:\/\/blogsaverroes.juntadeandalucia.es\/ceipgenillamontiela\/fuentes-del-ayuntamiento\/\" target=\"_blank\" rel=\"noopener noreferrer\"><span style=\"font-family: 'comic sans ms', sans-serif\">Instalaci\u00f3n<\/span> de fuentes en nuestro patio por parte del Ayuntamiento<\/a><\/span><\/li>\n<\/ul>\n<p>&nbsp;<\/p>\n<ul>\n<li><span style=\"font-family: 'comic sans ms', sans-serif\"><a href=\"https:\/\/blogsaverroes.juntadeandalucia.es\/ceipgenillamontiela\/participacion-en-el-certamen-lluvia-de-ideas-de-la-editorial-sm\/\" target=\"_blank\" rel=\"noopener noreferrer\"><span style=\"text-decoration: underline\">Participaci\u00f3n en el Certamen Lluvia de Ideas de la Editorial SM.<\/span><\/a><\/span><\/li>\n<\/ul>\n<p>&nbsp;<\/p>\n<ul>\n<li><a title=\"Excursion\" href=\"https:\/\/blogsaverroes.juntadeandalucia.es\/ceipgenillamontiela\/excursion-a-la-laguna-del-donadio\/\" target=\"_blank\" rel=\"noopener noreferrer\"><span style=\"font-family: 'comic sans ms', sans-serif\"><span style=\"text-decoration: underline\">Excursi\u00f3n a la Laguna del Donad\u00edo (14 de febrero 2023)<\/span><\/span><\/a><\/li>\n<\/ul>\n<p>&nbsp;<\/p>\n<ul>\n<li><a title=\"primeros auxilios\" href=\"https:\/\/blogsaverroes.juntadeandalucia.es\/ceipgenillamontiela\/primeros-auxilios\/\" target=\"_blank\" rel=\"noopener noreferrer\"><span style=\"text-decoration: underline\"><span style=\"font-family: 'comic sans ms', sans-serif\">Formaci\u00f3n del profesorado del cole en primeros auxilios auxilios (13 de febrero 2023)<\/span><\/span><\/a><\/li>\n<\/ul>\n<p>&nbsp;<\/p>\n<ul>\n<li><a title=\"Programa IMPULSA\" href=\"https:\/\/blogsaverroes.juntadeandalucia.es\/ceipgenillamontiela\/programa-impulsa\/\" target=\"_blank\" rel=\"noopener noreferrer\"><span style=\"text-decoration: underline\"><span style=\"font-family: 'comic sans ms', sans-serif\">Programa IMPULSA<\/span><\/span><\/a><\/li>\n<\/ul>\n<p>&nbsp;<\/p>\n<ul>\n<li><span style=\"text-decoration: underline\"><a title=\"Donativo\" href=\"https:\/\/blogsaverroes.juntadeandalucia.es\/ceipgenillamontiela\/donacion-de-impresora\/\" target=\"_blank\" rel=\"noopener noreferrer\"><span style=\"font-family: 'comic sans ms', sans-serif\">Donativo de EL GRUPO DE PANTALLAS SOLIDARIAS de Santaella (30 de enero 2023)<\/span><\/a><\/span><\/li>\n<\/ul>\n<p>&nbsp;<\/p>\n","protected":false},"excerpt":{"rendered":"<p>Comienza el cole &nbsp; Instalaci\u00f3n de vitrinas por parte del AMPA ADEMO &nbsp; Instalaci\u00f3n de fuentes en nuestro patio por parte del Ayuntamiento &nbsp; Participaci\u00f3n en el Certamen Lluvia de Ideas de la Editorial SM. &nbsp; Excursi\u00f3n a la Laguna del Donad\u00edo (14 de febrero 2023) &nbsp; Formaci\u00f3n del profesorado del cole en primeros auxilios [&hellip;]<\/p>\n","protected":false},"author":16269,"featured_media":0,"parent":0,"menu_order":0,"comment_status":"closed","ping_status":"closed","template":"","meta":{"_et_pb_use_builder":"off","_et_pb_old_content":"","_et_gb_content_width":"","ngg_post_thumbnail":0,"footnotes":""},"aioseo_notices":[],"_links":{"self":[{"href":"https:\/\/blogsaverroes.juntadeandalucia.es\/ceipgenillamontiela\/wp-json\/wp\/v2\/pages\/3356"}],"collection":[{"href":"https:\/\/blogsaverroes.juntadeandalucia.es\/ceipgenillamontiela\/wp-json\/wp\/v2\/pages"}],"about":[{"href":"https:\/\/blogsaverroes.juntadeandalucia.es\/ceipgenillamontiela\/wp-json\/wp\/v2\/types\/page"}],"author":[{"embeddable":true,"href":"https:\/\/blogsaverroes.juntadeandalucia.es\/ceipgenillamontiela\/wp-json\/wp\/v2\/users\/16269"}],"replies":[{"embeddable":true,"href":"https:\/\/blogsaverroes.juntadeandalucia.es\/ceipgenillamontiela\/wp-json\/wp\/v2\/comments?post=3356"}],"version-history":[{"count":28,"href":"https:\/\/blogsaverroes.juntadeandalucia.es\/ceipgenillamontiela\/wp-json\/wp\/v2\/pages\/3356\/revisions"}],"predecessor-version":[{"id":5034,"href":"https:\/\/blogsaverroes.juntadeandalucia.es\/ceipgenillamontiela\/wp-json\/wp\/v2\/pages\/3356\/revisions\/5034"}],"wp:attachment":[{"href":"https:\/\/blogsaverroes.juntadeandalucia.es\/ceipgenillamontiela\/wp-json\/wp\/v2\/media?parent=3356"}],"curies":[{"name":"wp","href":"https:\/\/api.w.org\/{rel}","templated":true}]}}