{"id":823,"date":"2020-12-16T09:58:58","date_gmt":"2020-12-16T08:58:58","guid":{"rendered":"https:\/\/blogsaverroes.juntadeandalucia.es\/pre\/plantilla-pencil\/?page_id=733"},"modified":"2022-11-29T18:58:37","modified_gmt":"2022-11-29T17:58:37","slug":"contactar-con-el-centro","status":"publish","type":"page","link":"https:\/\/blogsaverroes.juntadeandalucia.es\/ceipgenillamontiela\/contactar-con-el-centro\/","title":{"rendered":"Contactar con el centro"},"content":{"rendered":"<p>[et_pb_section fb_built=&#8221;1&#8243; disabled_on=&#8221;off|off|off&#8221; _builder_version=&#8221;4.14.5&#8243; custom_padding=&#8221;0px||0px|&#8221; z_index_tablet=&#8221;500&#8243; box_shadow_horizontal_tablet=&#8221;0px&#8221; box_shadow_vertical_tablet=&#8221;0px&#8221; box_shadow_blur_tablet=&#8221;40px&#8221; box_shadow_spread_tablet=&#8221;0px&#8221; global_colors_info=&#8221;{}&#8221;][et_pb_row _builder_version=&#8221;4.5.0&#8243; background_size=&#8221;initial&#8221; background_position=&#8221;top_left&#8221; background_repeat=&#8221;repeat&#8221; custom_margin=&#8221;||||false|false&#8221; global_colors_info=&#8221;{}&#8221;][et_pb_column type=&#8221;4_4&#8243; _builder_version=&#8221;3.0.47&#8243; custom_padding=&#8221;|||&#8221; global_colors_info=&#8221;{}&#8221; custom_padding__hover=&#8221;|||&#8221;][et_pb_text admin_label=&#8221;Texto&#8221; _builder_version=&#8221;4.14.5&#8243; _module_preset=&#8221;default&#8221; global_colors_info=&#8221;{}&#8221;]<\/p>\n<p style=\"text-align: center\"><strong><span style=\"font-size: 24pt\">Ubicaci\u00f3n del Centro<\/span><\/strong><\/p>\n<p>[\/et_pb_text][et_pb_image src=&#8221;https:\/\/blogsaverroes.juntadeandalucia.es\/ceipgenillamontiela\/files\/2022\/11\/Ubicaci\u00f3n.png&#8221; title_text=&#8221;Ubicaci\u00f3n&#8221; url=&#8221;https:\/\/www.google.es\/maps\/place\/Centro+De+Educaci%C3%B3n+Infantil+Y+Primaria+Genil\/@37.5240229,-4.9221862,17z\/data=!3m1!4b1!4m5!3m4!1s0xd6d483cba3e3673:0x168884dcb72ad9dd!8m2!3d37.5240229!4d-4.9199975?hl=es&#8221; url_new_window=&#8221;on&#8221; align=&#8221;center&#8221; admin_label=&#8221;Imagen de la portada&#8221; _builder_version=&#8221;4.14.5&#8243; vertical_offset_tablet=&#8221;0&#8243; horizontal_offset_tablet=&#8221;0&#8243; z_index_tablet=&#8221;500&#8243; box_shadow_horizontal_tablet=&#8221;0px&#8221; box_shadow_vertical_tablet=&#8221;0px&#8221; box_shadow_blur_tablet=&#8221;40px&#8221; box_shadow_spread_tablet=&#8221;0px&#8221; global_colors_info=&#8221;{}&#8221;][\/et_pb_image][et_pb_text _builder_version=&#8221;4.14.5&#8243; _module_preset=&#8221;default&#8221; hover_enabled=&#8221;0&#8243; sticky_enabled=&#8221;0&#8243;]<\/p>\n<p><strong><u>NUESTRO PUEBLO<\/u><\/strong><\/p>\n<p>La Montiela es una aldea de Santaella, relativamente joven, que toma su nombre de un cortijo cercano. Fue construido entre los a\u00f1os 1963-1968 durante el per\u00edodo de\u00a0<a href=\"https:\/\/es.wikipedia.org\/wiki\/Instituto_Nacional_de_Colonizaci%C3%B3n_(Espa%C3%B1a)\">colonizaci\u00f3n franquista<\/a>. Los primeros colonos llegaron desde Santaella en el a\u00f1o 1966. A los cuales se les entregaba una casa, una bestia, una peque\u00f1a extensi\u00f3n de tierra y aperos para labrar la misma.<\/p>\n<p>En el a\u00f1o 1970 es la primera vez que en el Censo de Habitantes del Municipio de Santaella aparece La Montiela como entidad de poblaci\u00f3n.<\/p>\n<p>Sus principales fiestas locales son la Romer\u00eda de San Isidro Labrador, el 15 de mayo, y las Fiestas en Honor de los Colonos, celebradas tradicionalmente el primer fin de semana de julio.<\/p>\n<p>En la actualidad, la localidad cuenta aproximadamente con unos 920 habitantes. Tiene una infraestructura a nivel de servicios y equipamientos propia, aunque muy b\u00e1sica, constituida por:<\/p>\n<ul>\n<li>Servicios Educativos: guarder\u00eda Municipal que acoge a alumnado de Primer Ciclo de Infantil, I.E.S. \u201cArcelasis\u201d, ubicado en Santaella, pero con servicio de transporte escolar porque es el centro al que estamos adscritos.<\/li>\n<li>Servicios Sanitarios: centro de Salud y farmacia.<\/li>\n<li>Servicio de Correos.<\/li>\n<li>Servicios sociales y culturales: una biblioteca, pero con escaso n\u00famero de libros y un aula de inform\u00e1tica, con conexi\u00f3n a internet, en la que se imparten cursos, S.U.M que se utiliza para todos los eventos, iglesia, dos parques infantiles y uno de adultos.<\/li>\n<li>Servicios Deportivos: piscina y polideportivo municipales.<\/li>\n<li>Otros: hogar del pensionista, dos supermercados, una ferreter\u00eda y una florister\u00eda. Adem\u00e1s de algunas f\u00e1bricas de verduras y hortalizas.<\/li>\n<\/ul>\n<p>[\/et_pb_text][\/et_pb_column][\/et_pb_row][\/et_pb_section][et_pb_section fb_built=&#8221;1&#8243; disabled_on=&#8221;off|off|off&#8221; _builder_version=&#8221;4.14.5&#8243; custom_padding=&#8221;0px||0px|&#8221; z_index_tablet=&#8221;500&#8243; box_shadow_horizontal_tablet=&#8221;0px&#8221; box_shadow_vertical_tablet=&#8221;0px&#8221; box_shadow_blur_tablet=&#8221;40px&#8221; box_shadow_spread_tablet=&#8221;0px&#8221; global_colors_info=&#8221;{}&#8221;][et_pb_row column_structure=&#8221;1_4,1_4,1_4,1_4&#8243; _builder_version=&#8221;4.5.0&#8243; background_size=&#8221;initial&#8221; background_position=&#8221;top_left&#8221; background_repeat=&#8221;repeat&#8221; custom_margin=&#8221;||||false|false&#8221; global_colors_info=&#8221;{}&#8221;][et_pb_column type=&#8221;1_4&#8243; _builder_version=&#8221;3.0.47&#8243; custom_padding=&#8221;|||&#8221; global_colors_info=&#8221;{}&#8221; custom_padding__hover=&#8221;|||&#8221;][et_pb_image src=&#8221;https:\/\/blogsaverroes.juntadeandalucia.es\/ceipgenillamontiela\/files\/2022\/11\/La-Montiela.jpg&#8221; title_text=&#8221;La Montiela&#8221; _builder_version=&#8221;4.14.5&#8243; _module_preset=&#8221;default&#8221; global_colors_info=&#8221;{}&#8221;][\/et_pb_image][\/et_pb_column][et_pb_column type=&#8221;1_4&#8243; _builder_version=&#8221;3.0.47&#8243; custom_padding=&#8221;|||&#8221; global_colors_info=&#8221;{}&#8221; custom_padding__hover=&#8221;|||&#8221;][et_pb_image src=&#8221;https:\/\/blogsaverroes.juntadeandalucia.es\/ceipgenillamontiela\/files\/2022\/11\/La-Montiela-1.jpg&#8221; title_text=&#8221;La Montiela 1&#8243; _builder_version=&#8221;4.14.5&#8243; _module_preset=&#8221;default&#8221; global_colors_info=&#8221;{}&#8221;][\/et_pb_image][\/et_pb_column][et_pb_column type=&#8221;1_4&#8243; _builder_version=&#8221;3.0.47&#8243; custom_padding=&#8221;|||&#8221; global_colors_info=&#8221;{}&#8221; custom_padding__hover=&#8221;|||&#8221;][et_pb_image src=&#8221;https:\/\/blogsaverroes.juntadeandalucia.es\/ceipgenillamontiela\/files\/2022\/11\/La-Montiela-2.jpg&#8221; title_text=&#8221;La Montiela 2&#8243; _builder_version=&#8221;4.14.5&#8243; _module_preset=&#8221;default&#8221; global_colors_info=&#8221;{}&#8221;][\/et_pb_image][\/et_pb_column][et_pb_column type=&#8221;1_4&#8243; _builder_version=&#8221;3.0.47&#8243; custom_padding=&#8221;|||&#8221; global_colors_info=&#8221;{}&#8221; custom_padding__hover=&#8221;|||&#8221;][et_pb_image src=&#8221;https:\/\/blogsaverroes.juntadeandalucia.es\/ceipgenillamontiela\/files\/2022\/11\/La-Montiela-4.jpg&#8221; title_text=&#8221;La Montiela 4&#8243; _builder_version=&#8221;4.14.5&#8243; _module_preset=&#8221;default&#8221; global_colors_info=&#8221;{}&#8221;][\/et_pb_image][\/et_pb_column][\/et_pb_row][et_pb_row _builder_version=&#8221;4.5.0&#8243; _module_preset=&#8221;default&#8221; global_colors_info=&#8221;{}&#8221;][et_pb_column type=&#8221;4_4&#8243; _builder_version=&#8221;4.5.0&#8243; _module_preset=&#8221;default&#8221; global_colors_info=&#8221;{}&#8221;][et_pb_social_media_follow _builder_version=&#8221;4.14.5&#8243; _module_preset=&#8221;default&#8221; text_orientation=&#8221;center&#8221; hover_enabled=&#8221;0&#8243; global_colors_info=&#8221;{}&#8221; sticky_enabled=&#8221;0&#8243;][et_pb_social_media_follow_network _builder_version=&#8221;4.14.5&#8243; _module_preset=&#8221;default&#8221; hover_enabled=&#8221;0&#8243; global_colors_info=&#8221;{}&#8221; follow_button=&#8221;off&#8221; url_new_window=&#8221;on&#8221; sticky_enabled=&#8221;0&#8243;][\/et_pb_social_media_follow_network][et_pb_social_media_follow_network _builder_version=&#8221;4.14.5&#8243; _module_preset=&#8221;default&#8221; hover_enabled=&#8221;0&#8243; global_colors_info=&#8221;{}&#8221; follow_button=&#8221;off&#8221; url_new_window=&#8221;on&#8221; sticky_enabled=&#8221;0&#8243;][\/et_pb_social_media_follow_network][et_pb_social_media_follow_network _builder_version=&#8221;4.14.5&#8243; _module_preset=&#8221;default&#8221; hover_enabled=&#8221;0&#8243; global_colors_info=&#8221;{}&#8221; follow_button=&#8221;off&#8221; url_new_window=&#8221;on&#8221; sticky_enabled=&#8221;0&#8243;][\/et_pb_social_media_follow_network][\/et_pb_social_media_follow][\/et_pb_column][\/et_pb_row][\/et_pb_section]<\/p>\n","protected":false},"excerpt":{"rendered":"<p>Ubicaci\u00f3n del CentroNUESTRO PUEBLO La Montiela es una aldea de Santaella, relativamente joven, que toma su nombre de un cortijo cercano. Fue construido entre los a\u00f1os 1963-1968 durante el per\u00edodo de\u00a0colonizaci\u00f3n franquista. Los primeros colonos llegaron desde Santaella en el a\u00f1o 1966. A los cuales se les entregaba una casa, una bestia, una peque\u00f1a extensi\u00f3n [&hellip;]<\/p>\n","protected":false},"author":7051,"featured_media":0,"parent":0,"menu_order":0,"comment_status":"closed","ping_status":"closed","template":"","meta":{"_et_pb_use_builder":"on","_et_pb_old_content":"","_et_gb_content_width":"","ngg_post_thumbnail":0,"footnotes":""},"aioseo_notices":[],"_links":{"self":[{"href":"https:\/\/blogsaverroes.juntadeandalucia.es\/ceipgenillamontiela\/wp-json\/wp\/v2\/pages\/823"}],"collection":[{"href":"https:\/\/blogsaverroes.juntadeandalucia.es\/ceipgenillamontiela\/wp-json\/wp\/v2\/pages"}],"about":[{"href":"https:\/\/blogsaverroes.juntadeandalucia.es\/ceipgenillamontiela\/wp-json\/wp\/v2\/types\/page"}],"author":[{"embeddable":true,"href":"https:\/\/blogsaverroes.juntadeandalucia.es\/ceipgenillamontiela\/wp-json\/wp\/v2\/users\/7051"}],"replies":[{"embeddable":true,"href":"https:\/\/blogsaverroes.juntadeandalucia.es\/ceipgenillamontiela\/wp-json\/wp\/v2\/comments?post=823"}],"version-history":[{"count":17,"href":"https:\/\/blogsaverroes.juntadeandalucia.es\/ceipgenillamontiela\/wp-json\/wp\/v2\/pages\/823\/revisions"}],"predecessor-version":[{"id":1879,"href":"https:\/\/blogsaverroes.juntadeandalucia.es\/ceipgenillamontiela\/wp-json\/wp\/v2\/pages\/823\/revisions\/1879"}],"wp:attachment":[{"href":"https:\/\/blogsaverroes.juntadeandalucia.es\/ceipgenillamontiela\/wp-json\/wp\/v2\/media?parent=823"}],"curies":[{"name":"wp","href":"https:\/\/api.w.org\/{rel}","templated":true}]}}