{"id":840,"date":"2020-12-18T08:38:52","date_gmt":"2020-12-18T07:38:52","guid":{"rendered":"https:\/\/blogsaverroes.juntadeandalucia.es\/pre\/plantilla-pencil\/?page_id=840"},"modified":"2025-12-10T13:20:47","modified_gmt":"2025-12-10T12:20:47","slug":"ampa","status":"publish","type":"page","link":"https:\/\/blogsaverroes.juntadeandalucia.es\/ceipgenillamontiela\/ampa\/","title":{"rendered":"AMPA"},"content":{"rendered":"<p>[et_pb_section fb_built=&#8221;1&#8243; _builder_version=&#8221;4.16&#8243; custom_padding=&#8221;0px||0px|&#8221; z_index_tablet=&#8221;500&#8243; box_shadow_horizontal_tablet=&#8221;0px&#8221; box_shadow_vertical_tablet=&#8221;0px&#8221; box_shadow_blur_tablet=&#8221;40px&#8221; box_shadow_spread_tablet=&#8221;0px&#8221; global_colors_info=&#8221;{}&#8221;][et_pb_row _builder_version=&#8221;4.16&#8243; background_size=&#8221;initial&#8221; background_position=&#8221;top_left&#8221; background_repeat=&#8221;repeat&#8221; global_colors_info=&#8221;{}&#8221;][et_pb_column type=&#8221;4_4&#8243; _builder_version=&#8221;4.16&#8243; custom_padding=&#8221;|||&#8221; global_colors_info=&#8221;{}&#8221; custom_padding__hover=&#8221;|||&#8221;][et_pb_image title_text=&#8221;cabecera-interior-4&#8243; admin_label=&#8221;Imagen de la portada&#8221; _builder_version=&#8221;4.24.2&#8243; z_index_tablet=&#8221;500&#8243; box_shadow_horizontal_tablet=&#8221;0px&#8221; box_shadow_vertical_tablet=&#8221;0px&#8221; box_shadow_blur_tablet=&#8221;40px&#8221; box_shadow_spread_tablet=&#8221;0px&#8221; global_colors_info=&#8221;{}&#8221;][\/et_pb_image][et_pb_text admin_label=&#8221;Texto descriptivo&#8221; _builder_version=&#8221;4.24.2&#8243; hover_enabled=&#8221;0&#8243; z_index_tablet=&#8221;500&#8243; text_text_shadow_horizontal_length_tablet=&#8221;0px&#8221; text_text_shadow_vertical_length_tablet=&#8221;0px&#8221; text_text_shadow_blur_strength_tablet=&#8221;1px&#8221; link_text_shadow_horizontal_length_tablet=&#8221;0px&#8221; link_text_shadow_vertical_length_tablet=&#8221;0px&#8221; link_text_shadow_blur_strength_tablet=&#8221;1px&#8221; ul_text_shadow_horizontal_length_tablet=&#8221;0px&#8221; ul_text_shadow_vertical_length_tablet=&#8221;0px&#8221; ul_text_shadow_blur_strength_tablet=&#8221;1px&#8221; ol_text_shadow_horizontal_length_tablet=&#8221;0px&#8221; ol_text_shadow_vertical_length_tablet=&#8221;0px&#8221; ol_text_shadow_blur_strength_tablet=&#8221;1px&#8221; quote_text_shadow_horizontal_length_tablet=&#8221;0px&#8221; quote_text_shadow_vertical_length_tablet=&#8221;0px&#8221; quote_text_shadow_blur_strength_tablet=&#8221;1px&#8221; header_text_shadow_horizontal_length_tablet=&#8221;0px&#8221; header_text_shadow_vertical_length_tablet=&#8221;0px&#8221; header_text_shadow_blur_strength_tablet=&#8221;1px&#8221; header_2_text_shadow_horizontal_length_tablet=&#8221;0px&#8221; header_2_text_shadow_vertical_length_tablet=&#8221;0px&#8221; header_2_text_shadow_blur_strength_tablet=&#8221;1px&#8221; header_3_text_shadow_horizontal_length_tablet=&#8221;0px&#8221; header_3_text_shadow_vertical_length_tablet=&#8221;0px&#8221; header_3_text_shadow_blur_strength_tablet=&#8221;1px&#8221; header_4_text_shadow_horizontal_length_tablet=&#8221;0px&#8221; header_4_text_shadow_vertical_length_tablet=&#8221;0px&#8221; header_4_text_shadow_blur_strength_tablet=&#8221;1px&#8221; header_5_text_shadow_horizontal_length_tablet=&#8221;0px&#8221; header_5_text_shadow_vertical_length_tablet=&#8221;0px&#8221; header_5_text_shadow_blur_strength_tablet=&#8221;1px&#8221; header_6_text_shadow_horizontal_length_tablet=&#8221;0px&#8221; header_6_text_shadow_vertical_length_tablet=&#8221;0px&#8221; header_6_text_shadow_blur_strength_tablet=&#8221;1px&#8221; box_shadow_horizontal_tablet=&#8221;0px&#8221; box_shadow_vertical_tablet=&#8221;0px&#8221; box_shadow_blur_tablet=&#8221;40px&#8221; box_shadow_spread_tablet=&#8221;0px&#8221; global_colors_info=&#8221;{}&#8221; sticky_enabled=&#8221;0&#8243;]<\/p>\n<p>&nbsp;<\/p>\n<p><img loading=\"lazy\" decoding=\"async\" class=\"alignnone wp-image-4225 aligncenter\" src=\"https:\/\/blogsaverroes.juntadeandalucia.es\/ceipgenillamontiela\/files\/2023\/05\/Ampa.jpg\" alt=\"\" width=\"166\" height=\"159\"><\/p>\n<p style=\"text-align: center\"><span style=\"font-size: 24pt;font-family: 'comic sans ms', sans-serif\">AMPA ADEMO<\/span><\/p>\n<p><span style=\"font-family: 'comic sans ms', sans-serif\">&nbsp; &nbsp; &nbsp; &nbsp; &nbsp; Somos un grupo de padres y madres comprometidos con la educaci\u00f3n de nuestros hijos y la mejora de la comunidad educativa. Hemos comenzado este proyecto desde la ilusi\u00f3n y el compromiso y queremos haceros participes de \u00e9l. Nuestro inter\u00e9s es sobre todo y en primer lugar la educaci\u00f3n de nuestros hijos, en colaboraci\u00f3n permanente con los profesores y con el equipo directivo del Centro.<\/span><\/p>\n<p><span style=\"font-family: 'comic sans ms', sans-serif\">&nbsp; &nbsp; &nbsp; &nbsp; &nbsp; A trav\u00e9s de esta carta queremos dar a conocer que contamos con una nueva Junta Directiva del AMPA del CEIP LA MONTIELA la cual se constituy\u00f3 en la Asamblea General de socios celebrada el pasado octubre.<\/span><\/p>\n<p><span style=\"font-family: 'comic sans ms', sans-serif\">&nbsp; &nbsp; &nbsp; &nbsp; &nbsp; El AMPA es el mejor y m\u00e1s eficiente \u00f3rgano de representaci\u00f3n de las familias en un centro educativo y de participaci\u00f3n activa en la gesti\u00f3n y el modelo educativo del mismo. Es la v\u00eda que tenemos para aportar ideas y colaborar con todas aquellas actividades y planes que se tengan propuestos para la educaci\u00f3n de nuestros\/as hijos\/as ,tambi\u00e9n participamos en Consejo escolar del centro que junto al resto de personas elegidas por las madres, padres, alumnado y claustro componen el citado Consejo Escolar.<\/span><\/p>\n<p><span style=\"font-family: 'comic sans ms', sans-serif\">&nbsp; &nbsp; &nbsp; &nbsp; &nbsp; Este nuevo a\u00f1o escolar 2025\/ 2026 queremos seguir adelante con los proyectos propuestos anteriormente y los nuevos proyectos entrantes que hacen parte de nuestras metas, contando siempre con el equipo directivo del colegio.<\/span><\/p>\n<p><span style=\"font-family: 'comic sans ms', sans-serif\">&nbsp; &nbsp; &nbsp; &nbsp; &nbsp;Queremos poner en conocimiento que trabajaremos en pro del bienestar y seguir aportando ideas que sean enriquecedoras para nuestros hijos. Entre actividades l\u00fadicas, planificaci\u00f3n de proyectos, reuniones que alimenten conocimientos e ideas que nos ayuden a avanzar y poner en pie el desarrollo de \u00e9stas, estamos seguros que todos los proyectos, actividades y objetivos propuestos para este a\u00f1o, se cumplir\u00e1n de manera favorable y efectiva.<\/span><\/p>\n<p style=\"text-align: center\"><strong><span style=\"font-family: 'comic sans ms', sans-serif\">&nbsp; &nbsp; &nbsp; &nbsp; &nbsp;Una vez mas agradecemos a todas las familias, equipo escolar y entidades, que siempre est\u00e1n ah\u00ed apoyando, colaborando y siguiendo cada paso junto a nosotros para lograr los objetivo deseados.<\/span><\/strong><\/p>\n<p><span style=\"font-family: 'comic sans ms', sans-serif\">&nbsp; &nbsp; &nbsp; &nbsp; &nbsp;Puedes contactar con nosotros en el correo <strong>ampaademolamontiela@gmail.com<\/strong> O simplemente dirigi\u00e9ndote a cualquiera de los miembros de la directiva.<\/span><\/p>\n<p style=\"text-align: center\"><strong><span style=\"font-family: 'comic sans ms', sans-serif\">Atte. la Directiva del AMPA Ademo del CEIP Genil de La Montiela<\/span><\/strong><\/p>\n<p>&nbsp;<\/p>\n<p>[\/et_pb_text][et_pb_image title_text=&#8221;Fiesta de Fin de Curso&#8221; url=&#8221;https:\/\/blogsaverroes.juntadeandalucia.es\/ceipgenillamontiela\/fiesta-de-fin-de-curso-20-23-23-de-junio-de-2023\/&#8221; url_new_window=&#8221;on&#8221; align=&#8221;center&#8221; _builder_version=&#8221;4.16&#8243; _module_preset=&#8221;default&#8221; width=&#8221;50%&#8221; max_width=&#8221;50%&#8221; module_alignment=&#8221;center&#8221; global_colors_info=&#8221;{}&#8221;][\/et_pb_image][\/et_pb_column][\/et_pb_row][\/et_pb_section]<\/p>\n","protected":false},"excerpt":{"rendered":"<p>&nbsp; AMPA ADEMO &nbsp; &nbsp; &nbsp; &nbsp; &nbsp; Somos un grupo de padres y madres comprometidos con la educaci\u00f3n de nuestros hijos y la mejora de la comunidad educativa. Hemos comenzado este proyecto desde la ilusi\u00f3n y el compromiso y queremos haceros participes de \u00e9l. Nuestro inter\u00e9s es sobre todo y en primer lugar la [&hellip;]<\/p>\n","protected":false},"author":7051,"featured_media":0,"parent":0,"menu_order":0,"comment_status":"closed","ping_status":"closed","template":"","meta":{"_et_pb_use_builder":"on","_et_pb_old_content":"","_et_gb_content_width":"","ngg_post_thumbnail":0,"footnotes":""},"aioseo_notices":[],"_links":{"self":[{"href":"https:\/\/blogsaverroes.juntadeandalucia.es\/ceipgenillamontiela\/wp-json\/wp\/v2\/pages\/840"}],"collection":[{"href":"https:\/\/blogsaverroes.juntadeandalucia.es\/ceipgenillamontiela\/wp-json\/wp\/v2\/pages"}],"about":[{"href":"https:\/\/blogsaverroes.juntadeandalucia.es\/ceipgenillamontiela\/wp-json\/wp\/v2\/types\/page"}],"author":[{"embeddable":true,"href":"https:\/\/blogsaverroes.juntadeandalucia.es\/ceipgenillamontiela\/wp-json\/wp\/v2\/users\/7051"}],"replies":[{"embeddable":true,"href":"https:\/\/blogsaverroes.juntadeandalucia.es\/ceipgenillamontiela\/wp-json\/wp\/v2\/comments?post=840"}],"version-history":[{"count":14,"href":"https:\/\/blogsaverroes.juntadeandalucia.es\/ceipgenillamontiela\/wp-json\/wp\/v2\/pages\/840\/revisions"}],"predecessor-version":[{"id":9680,"href":"https:\/\/blogsaverroes.juntadeandalucia.es\/ceipgenillamontiela\/wp-json\/wp\/v2\/pages\/840\/revisions\/9680"}],"wp:attachment":[{"href":"https:\/\/blogsaverroes.juntadeandalucia.es\/ceipgenillamontiela\/wp-json\/wp\/v2\/media?parent=840"}],"curies":[{"name":"wp","href":"https:\/\/api.w.org\/{rel}","templated":true}]}}