{"id":850,"date":"2020-12-18T08:41:27","date_gmt":"2020-12-18T07:41:27","guid":{"rendered":"https:\/\/blogsaverroes.juntadeandalucia.es\/pre\/plantilla-pencil\/?page_id=850"},"modified":"2025-10-23T09:50:01","modified_gmt":"2025-10-23T08:50:01","slug":"planes-y-proyectos","status":"publish","type":"page","link":"https:\/\/blogsaverroes.juntadeandalucia.es\/ceipgenillamontiela\/planes-y-proyectos\/","title":{"rendered":"Planes y Proyectos"},"content":{"rendered":"<p>[et_pb_section fb_built=&#8221;1&#8243; admin_label=&#8221;Secci\u00f3n&#8221; _builder_version=&#8221;4.16&#8243; global_colors_info=&#8221;{}&#8221;][et_pb_row _builder_version=&#8221;4.16&#8243; background_size=&#8221;initial&#8221; background_position=&#8221;top_left&#8221; background_repeat=&#8221;repeat&#8221; global_colors_info=&#8221;{}&#8221;][et_pb_column type=&#8221;4_4&#8243; _builder_version=&#8221;4.16&#8243; custom_padding=&#8221;|||&#8221; global_colors_info=&#8221;{}&#8221; custom_padding__hover=&#8221;|||&#8221;][et_pb_text admin_label=&#8221;Texto descriptivo&#8221; _builder_version=&#8221;4.24.2&#8243; z_index_tablet=&#8221;500&#8243; text_text_shadow_horizontal_length_tablet=&#8221;0px&#8221; text_text_shadow_vertical_length_tablet=&#8221;0px&#8221; text_text_shadow_blur_strength_tablet=&#8221;1px&#8221; link_text_shadow_horizontal_length_tablet=&#8221;0px&#8221; link_text_shadow_vertical_length_tablet=&#8221;0px&#8221; link_text_shadow_blur_strength_tablet=&#8221;1px&#8221; ul_text_shadow_horizontal_length_tablet=&#8221;0px&#8221; ul_text_shadow_vertical_length_tablet=&#8221;0px&#8221; ul_text_shadow_blur_strength_tablet=&#8221;1px&#8221; ol_text_shadow_horizontal_length_tablet=&#8221;0px&#8221; ol_text_shadow_vertical_length_tablet=&#8221;0px&#8221; ol_text_shadow_blur_strength_tablet=&#8221;1px&#8221; quote_text_shadow_horizontal_length_tablet=&#8221;0px&#8221; quote_text_shadow_vertical_length_tablet=&#8221;0px&#8221; quote_text_shadow_blur_strength_tablet=&#8221;1px&#8221; header_text_shadow_horizontal_length_tablet=&#8221;0px&#8221; header_text_shadow_vertical_length_tablet=&#8221;0px&#8221; header_text_shadow_blur_strength_tablet=&#8221;1px&#8221; header_2_text_shadow_horizontal_length_tablet=&#8221;0px&#8221; header_2_text_shadow_vertical_length_tablet=&#8221;0px&#8221; header_2_text_shadow_blur_strength_tablet=&#8221;1px&#8221; header_3_text_shadow_horizontal_length_tablet=&#8221;0px&#8221; header_3_text_shadow_vertical_length_tablet=&#8221;0px&#8221; header_3_text_shadow_blur_strength_tablet=&#8221;1px&#8221; header_4_text_shadow_horizontal_length_tablet=&#8221;0px&#8221; header_4_text_shadow_vertical_length_tablet=&#8221;0px&#8221; header_4_text_shadow_blur_strength_tablet=&#8221;1px&#8221; header_5_text_shadow_horizontal_length_tablet=&#8221;0px&#8221; header_5_text_shadow_vertical_length_tablet=&#8221;0px&#8221; header_5_text_shadow_blur_strength_tablet=&#8221;1px&#8221; header_6_text_shadow_horizontal_length_tablet=&#8221;0px&#8221; header_6_text_shadow_vertical_length_tablet=&#8221;0px&#8221; header_6_text_shadow_blur_strength_tablet=&#8221;1px&#8221; box_shadow_horizontal_tablet=&#8221;0px&#8221; box_shadow_vertical_tablet=&#8221;0px&#8221; box_shadow_blur_tablet=&#8221;40px&#8221; box_shadow_spread_tablet=&#8221;0px&#8221; global_colors_info=&#8221;{}&#8221;]<\/p>\n<h2>Planes y Programas<\/h2>\n<p>En nuestro cole llevamos a cabo una variedad de programas y proyectos que pod\u00e9is consultar aqu\u00ed.&nbsp;<\/p>\n<p>&nbsp;<br \/>\n[\/et_pb_text][et_pb_button button_url=&#8221;https:\/\/blogsaverroes.juntadeandalucia.es\/ceipgenillamontiela\/programa-reto\/&#8221; url_new_window=&#8221;on&#8221; button_text=&#8221;Programa RETO&#8221; admin_label=&#8221;Programa RETO&#8221; _builder_version=&#8221;4.24.2&#8243; _module_preset=&#8221;default&#8221; custom_margin=&#8221;1px|||||&#8221; global_colors_info=&#8221;{}&#8221;][\/et_pb_button][et_pb_text _builder_version=&#8221;4.24.2&#8243; _module_preset=&#8221;default&#8221; hover_enabled=&#8221;0&#8243; global_colors_info=&#8221;{}&#8221; sticky_enabled=&#8221;0&#8243;]<\/p>\n<p><em>\u201cNuestras emociones influyen en el aprendizaje, la conducta y la salud\u201d. <\/em>RETO, es un proyecto de educaci\u00f3n emocional&#8230;&#8230;PARA SEGUIR LEYENDO, PINCHA EN EL T\u00cdTULO<\/p>\n<p>[\/et_pb_text][et_pb_button button_url=&#8221;https:\/\/blogsaverroes.juntadeandalucia.es\/ceipgenillamontiela\/files\/2025\/05\/Red-Escuela-Espacio-de-Paz.jpg&#8221; url_new_window=&#8221;on&#8221; button_text=&#8221;Programa Escuela Espacio de Paz&#8221; admin_label=&#8221;Programa Escuela Espacio de Paz&#8221; _builder_version=&#8221;4.24.2&#8243; _module_preset=&#8221;default&#8221; custom_margin=&#8221;1px|||||&#8221; global_colors_info=&#8221;{}&#8221;][\/et_pb_button][et_pb_text _builder_version=&#8221;4.24.2&#8243; _module_preset=&#8221;default&#8221; global_colors_info=&#8221;{}&#8221;]Si quieres saber m\u00e1s de este programa&#8230;PINCHA EN EL T\u00cdTULO<br \/>\n[\/et_pb_text][et_pb_button button_url=&#8221;https:\/\/blogsaverroes.juntadeandalucia.es\/ceipgenillamontiela\/files\/2025\/05\/Plan-de-Igualdad.jpg&#8221; url_new_window=&#8221;on&#8221; button_text=&#8221;Plan de Igualdad&#8221; admin_label=&#8221;Plan de Igualdad&#8221; _builder_version=&#8221;4.24.2&#8243; _module_preset=&#8221;default&#8221; custom_margin=&#8221;1px|||||&#8221; global_colors_info=&#8221;{}&#8221;][\/et_pb_button][et_pb_text _builder_version=&#8221;4.24.2&#8243; _module_preset=&#8221;default&#8221; global_colors_info=&#8221;{}&#8221;]Para saber de m\u00e1s de nuestro programa&#8230;.PINCHA EN EL T\u00cdTULO<br \/>\n[\/et_pb_text][et_pb_button button_url=&#8221;https:\/\/blogsaverroes.juntadeandalucia.es\/ceipgenillamontiela\/files\/2025\/05\/Mas-Equidad-Inclusion.jpg&#8221; url_new_window=&#8221;on&#8221; button_text=&#8221;Programa M\u00e1s Equidad&#8221; admin_label=&#8221;Programa Mas Equidad&#8221; _builder_version=&#8221;4.24.2&#8243; _module_preset=&#8221;default&#8221; custom_margin=&#8221;1px|||||&#8221; global_colors_info=&#8221;{}&#8221;][\/et_pb_button][et_pb_text _builder_version=&#8221;4.24.2&#8243; _module_preset=&#8221;default&#8221; global_colors_info=&#8221;{}&#8221;]Para saber algo m\u00e1s de este programa&#8230;.PINCHA EN EL T\u00cdTULO<br \/>\n[\/et_pb_text][et_pb_button button_url=&#8221;https:\/\/blogsaverroes.juntadeandalucia.es\/ceipgenillamontiela\/files\/2025\/05\/Programa-Mas-Deporte.jpg&#8221; url_new_window=&#8221;on&#8221; button_text=&#8221;M\u00e1s Deporte&#8221; admin_label=&#8221;M\u00e1s Deporte&#8221; _builder_version=&#8221;4.24.2&#8243; _module_preset=&#8221;default&#8221; custom_margin=&#8221;1px|||||&#8221; global_colors_info=&#8221;{}&#8221;][\/et_pb_button][et_pb_text _builder_version=&#8221;4.24.2&#8243; _module_preset=&#8221;default&#8221; global_colors_info=&#8221;{}&#8221;]Para saber sobre este programa&#8230;.(PINCHA EN EL TITULO)<br \/>\n[\/et_pb_text][et_pb_button button_url=&#8221;https:\/\/blogsaverroes.juntadeandalucia.es\/ceipgenillamontiela\/files\/2025\/10\/Aula-djake.jpg&#8221; url_new_window=&#8221;on&#8221; button_text=&#8221;AULA DJAQUE&#8221; admin_label=&#8221;Aula DJAQUE&#8221; _builder_version=&#8221;4.24.2&#8243; _module_preset=&#8221;default&#8221; custom_margin=&#8221;1px|||||&#8221; hover_enabled=&#8221;0&#8243; global_colors_info=&#8221;{}&#8221; sticky_enabled=&#8221;0&#8243;][\/et_pb_button][et_pb_text _builder_version=&#8221;4.24.2&#8243; _module_preset=&#8221;default&#8221; hover_enabled=&#8221;0&#8243; global_colors_info=&#8221;{}&#8221; sticky_enabled=&#8221;0&#8243;]<\/p>\n<p>Para saber sobre nuestra AULA DJAKE&#8230;.(PINCHA EN EL TITULO)<\/p>\n<p>[\/et_pb_text][et_pb_button button_url=&#8221;https:\/\/blogsaverroes.juntadeandalucia.es\/ceipgenillamontiela\/files\/2025\/10\/Aldea.jpg&#8221; url_new_window=&#8221;on&#8221; button_text=&#8221;Plan ALDEA&#8221; admin_label=&#8221;Plan Aldea&#8221; _builder_version=&#8221;4.24.2&#8243; _module_preset=&#8221;default&#8221; hover_enabled=&#8221;0&#8243; global_colors_info=&#8221;{}&#8221; sticky_enabled=&#8221;0&#8243;][\/et_pb_button][et_pb_text _builder_version=&#8221;4.24.2&#8243; _module_preset=&#8221;default&#8221; hover_enabled=&#8221;0&#8243; global_colors_info=&#8221;{}&#8221; sticky_enabled=&#8221;0&#8243;]<\/p>\n<p>Para saber m\u00e1s sobre nuestro plan ALDEA&#8230;.PINCHA EN EL T\u00cdTULO<\/p>\n<p>[\/et_pb_text][et_pb_button button_url=&#8221;https:\/\/blogsaverroes.juntadeandalucia.es\/ceipgenillamontiela\/files\/2025\/05\/Transformacion-Digital-Educativa.jpg&#8221; url_new_window=&#8221;on&#8221; button_text=&#8221;Transformaci\u00f3n Digital&#8221; admin_label=&#8221;Transformaci\u00f3n Digital&#8221; _builder_version=&#8221;4.24.2&#8243; _module_preset=&#8221;default&#8221; global_colors_info=&#8221;{}&#8221;][\/et_pb_button][et_pb_text _builder_version=&#8221;4.24.2&#8243; _module_preset=&#8221;default&#8221; hover_enabled=&#8221;0&#8243; global_colors_info=&#8221;{}&#8221; sticky_enabled=&#8221;0&#8243;]Para saber m\u00e1s sobre Trasformaci\u00f3n Digital&#8230;.PINCHA EN EL T\u00cdTULO<br \/>\n[\/et_pb_text][et_pb_button button_url=&#8221;https:\/\/blogsaverroes.juntadeandalucia.es\/ceipgenillamontiela\/files\/2025\/10\/Habitos-saludables.jpg&#8221; url_new_window=&#8221;on&#8221; button_text=&#8221;H\u00e1bitos saludables&#8221; admin_label=&#8221;H\u00e1bitos saludables&#8221; _builder_version=&#8221;4.24.2&#8243; _module_preset=&#8221;default&#8221; hover_enabled=&#8221;0&#8243; global_colors_info=&#8221;{}&#8221; sticky_enabled=&#8221;0&#8243;][\/et_pb_button][et_pb_text _builder_version=&#8221;4.24.2&#8243; _module_preset=&#8221;default&#8221; hover_enabled=&#8221;0&#8243; global_colors_info=&#8221;{}&#8221; sticky_enabled=&#8221;0&#8243;]<\/p>\n<p>Para saber m\u00e1s sobre h\u00e1bitos de vida saludables y nuestro programa escolar de consumo de frutas, hortalezas y y leche&#8230;.PINCHA EN EL T\u00cdTULO<\/p>\n<p>[\/et_pb_text][et_pb_button button_url=&#8221;https:\/\/blogsaverroes.juntadeandalucia.es\/ceipgenillamontiela\/files\/2025\/05\/Plan-de-Biblioteca.jpg&#8221; url_new_window=&#8221;on&#8221; button_text=&#8221;Plan Biblioteca&#8221; admin_label=&#8221;Plan de Biblioteca&#8221; _builder_version=&#8221;4.24.2&#8243; _module_preset=&#8221;default&#8221; global_colors_info=&#8221;{}&#8221;][\/et_pb_button][et_pb_text _builder_version=&#8221;4.24.2&#8243; _module_preset=&#8221;default&#8221; global_colors_info=&#8221;{}&#8221;]<\/p>\n<p>Para saber m\u00e1s sobre nuestro plan de Biblioteca&#8230;.PINCHA EN EL T\u00cdTULO<\/p>\n<p>[\/et_pb_text][et_pb_button button_url=&#8221;https:\/\/blogsaverroes.juntadeandalucia.es\/ceipgenillamontiela\/files\/2025\/05\/Plan-de-Autoproteccion.jpg&#8221; url_new_window=&#8221;on&#8221; button_text=&#8221;Plan de Autoprotecci\u00f3n&#8221; admin_label=&#8221;Plan de autoprotecci\u00f3n&#8221; _builder_version=&#8221;4.24.2&#8243; _module_preset=&#8221;default&#8221; global_colors_info=&#8221;{}&#8221;][\/et_pb_button][et_pb_text _builder_version=&#8221;4.24.2&#8243; _module_preset=&#8221;default&#8221; global_colors_info=&#8221;{}&#8221;]<\/p>\n<p>PINCHA EN EL T\u00cdTULO si quieres ver el plan de Autoprotecci\u00f3n<\/p>\n<p>[\/et_pb_text][\/et_pb_column][\/et_pb_row][\/et_pb_section]<\/p>\n","protected":false},"excerpt":{"rendered":"<p>Planes y Programas En nuestro cole llevamos a cabo una variedad de programas y proyectos que pod\u00e9is consultar aqu\u00ed.&nbsp; &nbsp; \u201cNuestras emociones influyen en el aprendizaje, la conducta y la salud\u201d. RETO, es un proyecto de educaci\u00f3n emocional&#8230;&#8230;PARA SEGUIR LEYENDO, PINCHA EN EL T\u00cdTULOSi quieres saber m\u00e1s de este programa&#8230;PINCHA EN EL T\u00cdTULO Para saber [&hellip;]<\/p>\n","protected":false},"author":7051,"featured_media":0,"parent":0,"menu_order":0,"comment_status":"closed","ping_status":"closed","template":"","meta":{"_et_pb_use_builder":"on","_et_pb_old_content":"","_et_gb_content_width":"","ngg_post_thumbnail":0,"footnotes":""},"aioseo_notices":[],"_links":{"self":[{"href":"https:\/\/blogsaverroes.juntadeandalucia.es\/ceipgenillamontiela\/wp-json\/wp\/v2\/pages\/850"}],"collection":[{"href":"https:\/\/blogsaverroes.juntadeandalucia.es\/ceipgenillamontiela\/wp-json\/wp\/v2\/pages"}],"about":[{"href":"https:\/\/blogsaverroes.juntadeandalucia.es\/ceipgenillamontiela\/wp-json\/wp\/v2\/types\/page"}],"author":[{"embeddable":true,"href":"https:\/\/blogsaverroes.juntadeandalucia.es\/ceipgenillamontiela\/wp-json\/wp\/v2\/users\/7051"}],"replies":[{"embeddable":true,"href":"https:\/\/blogsaverroes.juntadeandalucia.es\/ceipgenillamontiela\/wp-json\/wp\/v2\/comments?post=850"}],"version-history":[{"count":79,"href":"https:\/\/blogsaverroes.juntadeandalucia.es\/ceipgenillamontiela\/wp-json\/wp\/v2\/pages\/850\/revisions"}],"predecessor-version":[{"id":9180,"href":"https:\/\/blogsaverroes.juntadeandalucia.es\/ceipgenillamontiela\/wp-json\/wp\/v2\/pages\/850\/revisions\/9180"}],"wp:attachment":[{"href":"https:\/\/blogsaverroes.juntadeandalucia.es\/ceipgenillamontiela\/wp-json\/wp\/v2\/media?parent=850"}],"curies":[{"name":"wp","href":"https:\/\/api.w.org\/{rel}","templated":true}]}}