{"id":41,"date":"2022-10-17T12:45:03","date_gmt":"2022-10-17T11:45:03","guid":{"rendered":"http:\/\/blogsaverroes.juntadeandalucia.es\/pre\/nuevoceip2v2\/?page_id=41"},"modified":"2026-01-30T13:42:47","modified_gmt":"2026-01-30T12:42:47","slug":"el-centro","status":"publish","type":"page","link":"https:\/\/blogsaverroes.juntadeandalucia.es\/ceipginerdelosrios\/el-centro\/","title":{"rendered":"El centro"},"content":{"rendered":"<h2><span style=\"font-size: 24pt\"><strong>Nuestra Historia<\/strong><\/span><\/h2>\n<p><span style=\"font-size: 14pt\">Nuestro colegio abri\u00f3 sus puertas en 1984 con una vocaci\u00f3n clara: ofrecer una educaci\u00f3n p\u00fablica de calidad, cercana y comprometida con el desarrollo integral de nuestro alumnado. Desde entonces hemos crecido junto a nuestra comunidad educativa, adapt\u00e1ndonos a los cambios sociales y pedag\u00f3gicos sin perder nuestra esencia.<\/span><\/p>\n<p><span style=\"font-size: large\">El trabajo constante, la implicaci\u00f3n del profesorado y la colaboraci\u00f3n con las familias han sido siempre pilares fundamentales de nuestro proyecto educativo. Fruto de este esfuerzo colectivo, el centro fue reconocido con el <\/span><b><span style=\"font-size: large\">Premio Andaluz al M\u00e9rito de la&nbsp;<\/span><\/b><span style=\"font-size: large\"><b>Educaci\u00f3n<\/b>, un reconocimiento que avala nuestra trayectoria y nuestro compromiso con la mejora continua de la ense\u00f1anza.<\/span><\/p>\n<figure id=\"attachment_2784\" aria-describedby=\"caption-attachment-2784\" style=\"width: 1536px\" class=\"wp-caption alignnone\"><img loading=\"lazy\" decoding=\"async\" class=\"wp-image-2784 size-full\" src=\"https:\/\/blogsaverroes.juntadeandalucia.es\/ceipginerdelosrios\/files\/2026\/01\/8C20E85F-3AC5-40C3-B91F-1F31ADC865FC.png\" alt=\"\" width=\"1536\" height=\"1024\"><figcaption id=\"caption-attachment-2784\" class=\"wp-caption-text\">Premio Andaluz al M\u00e9rito de la Educaci\u00f3n<\/figcaption><\/figure>\n<p><strong><span style=\"font-size: 10pt\"><a href=\"https:\/\/www.huelvainformacion.es\/huelva\/colegio-Giner-Rios-Merito-Educacion_0_312269058.html\">Noticia en peri\u00f3dico<\/a><\/span><\/strong><\/p>\n<p><span style=\"font-size: 14pt\">Hoy seguimos avanzando con ilusi\u00f3n, apostando por una educaci\u00f3n inclusiva, innovadora y basada en valores, donde cada ni\u00f1o y ni\u00f1a es el verdadero protagonista de su aprendizaje.<\/span><\/p>\n<p><span style=\"font-size: 14pt\">en 1984, se elige el nombre de \u201cGiner de los R\u00edos\u201d no s\u00f3lo como homenaje al insigne pedagogo andaluz, sino tambi\u00e9n como se\u00f1a de identidad de la forma en que trabajamos y aprendemos en esta escuela:<\/span><\/p>\n<ul>\n<li style=\"list-style-type: none\">\n<ul>\n<li>\n<p align=\"justify\"><strong><span style=\"font-size: 14pt\">Apertura al entorno<\/span><\/strong><\/p>\n<\/li>\n<li>\n<p align=\"justify\"><strong><span style=\"font-size: 14pt\">Educaci\u00f3n en valores:<\/span><\/strong><\/p>\n<ul>\n<li style=\"list-style-type: none\">\n<ul>\n<li>\n<p align=\"justify\"><span style=\"font-size: 14pt\">Solidaridad<\/span><\/p>\n<\/li>\n<li>\n<p align=\"justify\"><span style=\"font-size: 14pt\">Igualdad<\/span><\/p>\n<\/li>\n<li>\n<p align=\"justify\"><span style=\"font-size: 14pt\">Empat\u00eda<\/span><\/p>\n<\/li>\n<li>\n<p align=\"justify\"><span style=\"font-size: 14pt\">Respeto<\/span><\/p>\n<\/li>\n<\/ul>\n<\/li>\n<\/ul>\n<\/li>\n<li><strong><span style=\"font-size: 14pt\">Trabajo por proyectos<\/span><\/strong><\/li>\n<\/ul>\n<\/li>\n<li style=\"list-style-type: none\"><span style=\"font-size: 14pt\">&nbsp;<\/span>\n<ul>\n<li><strong><span style=\"font-size: 14pt\">Compromiso con la educaci\u00f3n y el arte<\/span><\/strong><\/li>\n<\/ul>\n<\/li>\n<\/ul>\n<p><span style=\"font-size: 14pt\">Principios y valores que ya estaban presentes en el pensamiento y la obra de D. Francisco Giner, y que actualmente intentamos llevar a la pr\u00e1ctica cada d\u00eda.<\/span><\/p>\n<p><span style=\"font-size: 14pt\">La necesidad de adaptarnos a nuestro entorno y al constante cambio de la sociedad nos exige incorporar a estos valores nuevos proyectos:<\/span><\/p>\n<ul>\n<li style=\"list-style-type: none\">\n<ul>\n<li><strong><span style=\"font-size: 14pt\">Plan de Transformaci\u00f3n Digital Educativa<\/span><\/strong>\n<ul>\n<li style=\"list-style-type: none\">\n<ul>\n<li><span style=\"font-size: 14pt\"> Aulas equipadas con <strong>paneles t\u00e1ctiles<\/strong> y <strong>pizarras digitales<\/strong> y dotaci\u00f3n de <strong>ordenadores<\/strong> port\u00e1tiles para todo el alumnado del centro.<\/span><\/li>\n<\/ul>\n<\/li>\n<\/ul>\n<\/li>\n<li><span style=\"font-size: 14pt\">Actividades <strong>extraescolares, aula matinal y comedor escolar<\/strong> (PAF)<\/span><\/li>\n<li><span style=\"font-size: 14pt\"><strong>Centro biling\u00fce<\/strong> con presencia de auxiliares de conversaci\u00f3n durante todo el curso y anticipaci\u00f3n del <strong>Ingl\u00e9s en Infantil<\/strong><\/span><\/li>\n<li><span style=\"font-size: 14pt\">Plan de <strong>H\u00e1bitos de Vida Saludable<\/strong><\/span><\/li>\n<\/ul>\n<\/li>\n<\/ul>\n<p><iframe loading=\"lazy\" src=\"https:\/\/www.youtube.com\/embed\/q8UQP5rZYow\" width=\"560\" height=\"315\" frameborder=\"0\"><\/iframe><\/p>\n","protected":false},"excerpt":{"rendered":"<p>Nuestra Historia Nuestro colegio abri\u00f3 sus puertas en 1984 con una vocaci\u00f3n clara: ofrecer una educaci\u00f3n p\u00fablica de calidad, cercana y comprometida con el desarrollo integral de nuestro alumnado. Desde entonces hemos crecido junto a nuestra comunidad educativa, adapt\u00e1ndonos a los cambios sociales y pedag\u00f3gicos sin perder nuestra esencia. El trabajo constante, la implicaci\u00f3n del &hellip; <\/p>\n<p class=\"link-more\"><a href=\"https:\/\/blogsaverroes.juntadeandalucia.es\/ceipginerdelosrios\/el-centro\/\" class=\"more-link\">Continuar leyendo<span class=\"screen-reader-text\"> &#8220;El centro&#8221;<\/span><\/a><\/p>\n","protected":false},"author":4797,"featured_media":2784,"parent":0,"menu_order":0,"comment_status":"closed","ping_status":"closed","template":"","meta":{"ngg_post_thumbnail":0,"footnotes":""},"aioseo_notices":[],"_links":{"self":[{"href":"https:\/\/blogsaverroes.juntadeandalucia.es\/ceipginerdelosrios\/wp-json\/wp\/v2\/pages\/41"}],"collection":[{"href":"https:\/\/blogsaverroes.juntadeandalucia.es\/ceipginerdelosrios\/wp-json\/wp\/v2\/pages"}],"about":[{"href":"https:\/\/blogsaverroes.juntadeandalucia.es\/ceipginerdelosrios\/wp-json\/wp\/v2\/types\/page"}],"author":[{"embeddable":true,"href":"https:\/\/blogsaverroes.juntadeandalucia.es\/ceipginerdelosrios\/wp-json\/wp\/v2\/users\/4797"}],"replies":[{"embeddable":true,"href":"https:\/\/blogsaverroes.juntadeandalucia.es\/ceipginerdelosrios\/wp-json\/wp\/v2\/comments?post=41"}],"version-history":[{"count":6,"href":"https:\/\/blogsaverroes.juntadeandalucia.es\/ceipginerdelosrios\/wp-json\/wp\/v2\/pages\/41\/revisions"}],"predecessor-version":[{"id":2787,"href":"https:\/\/blogsaverroes.juntadeandalucia.es\/ceipginerdelosrios\/wp-json\/wp\/v2\/pages\/41\/revisions\/2787"}],"wp:featuredmedia":[{"embeddable":true,"href":"https:\/\/blogsaverroes.juntadeandalucia.es\/ceipginerdelosrios\/wp-json\/wp\/v2\/media\/2784"}],"wp:attachment":[{"href":"https:\/\/blogsaverroes.juntadeandalucia.es\/ceipginerdelosrios\/wp-json\/wp\/v2\/media?parent=41"}],"curies":[{"name":"wp","href":"https:\/\/api.w.org\/{rel}","templated":true}]}}