{"id":141,"date":"2015-03-17T07:13:24","date_gmt":"2015-03-17T07:13:24","guid":{"rendered":"http:\/\/blogsaverroes.juntadeandalucia.es\/pre\/ceip\/?page_id=141"},"modified":"2025-02-25T09:38:06","modified_gmt":"2025-02-25T09:38:06","slug":"escolarizacion","status":"publish","type":"page","link":"https:\/\/blogsaverroes.juntadeandalucia.es\/ceipgloriafuertes\/escolarizacion\/","title":{"rendered":"Escolarizaci\u00f3n"},"content":{"rendered":"<p><a href=\"https:\/\/blogsaverroes.juntadeandalucia.es\/ceipgloriafuertes\/files\/2015\/03\/A4_EDUCACION_ADMISION.jpg\"><img loading=\"lazy\" decoding=\"async\" class=\"aligncenter wp-image-2227\" src=\"https:\/\/blogsaverroes.juntadeandalucia.es\/ceipgloriafuertes\/files\/2015\/03\/A4_EDUCACION_ADMISION-212x300.jpg\" alt=\"\" width=\"331\" height=\"468\" srcset=\"https:\/\/blogsaverroes.juntadeandalucia.es\/ceipgloriafuertes\/files\/2015\/03\/A4_EDUCACION_ADMISION-212x300.jpg 212w, https:\/\/blogsaverroes.juntadeandalucia.es\/ceipgloriafuertes\/files\/2015\/03\/A4_EDUCACION_ADMISION-17x24.jpg 17w, https:\/\/blogsaverroes.juntadeandalucia.es\/ceipgloriafuertes\/files\/2015\/03\/A4_EDUCACION_ADMISION-25x36.jpg 25w, https:\/\/blogsaverroes.juntadeandalucia.es\/ceipgloriafuertes\/files\/2015\/03\/A4_EDUCACION_ADMISION-34x48.jpg 34w, https:\/\/blogsaverroes.juntadeandalucia.es\/ceipgloriafuertes\/files\/2015\/03\/A4_EDUCACION_ADMISION.jpg 500w\" sizes=\"(max-width: 331px) 100vw, 331px\" \/><\/a><\/p>\n<p>&nbsp;<\/p>\n<p>&nbsp;<\/p>\n<h1 style=\"text-align: center\"><strong><span style=\"color: #ff0000\"><a style=\"color: #ff0000\" title=\"Portal escolarizaci\u00f3n\" href=\"https:\/\/juntadeandalucia.es\/temas\/estudiar\/primaria-eso\/matriculacion.html\" target=\"_blank\" rel=\"noopener noreferrer\">Pincha aqu\u00cd para acceder&nbsp; al PORTAL DE ESCOLARIZACI\u00d3N.<\/a><\/span><\/strong><\/h1>\n<p style=\"text-align: center\"><span style=\"color: #3366ff\"><a style=\"color: #3366ff\" title=\"Procedimiento\" href=\"http:\/\/portal.ced.junta-andalucia.es\/educacion\/webportal\/abaco-portlet\/content\/f2f9bdb4-4717-409f-8dbc-da5b8ed61e38\" target=\"_blank\" rel=\"noopener noreferrer\">Normativa<\/a>&nbsp;sobre el proceso de escolarizaci\u00f3n.<\/span><\/p>\n","protected":false},"excerpt":{"rendered":"<p>&nbsp; &nbsp; Pincha aqu\u00cd para acceder&nbsp; al PORTAL DE ESCOLARIZACI\u00d3N. Normativa&nbsp;sobre el proceso de escolarizaci\u00f3n.<\/p>\n","protected":false},"author":1,"featured_media":0,"parent":0,"menu_order":0,"comment_status":"closed","ping_status":"open","template":"page-cs.php","meta":{"_exactmetrics_skip_tracking":false,"_exactmetrics_sitenote_active":false,"_exactmetrics_sitenote_note":"","_exactmetrics_sitenote_category":0,"ngg_post_thumbnail":0,"footnotes":"","_mc_calendar":[]},"aioseo_notices":[],"_links":{"self":[{"href":"https:\/\/blogsaverroes.juntadeandalucia.es\/ceipgloriafuertes\/wp-json\/wp\/v2\/pages\/141"}],"collection":[{"href":"https:\/\/blogsaverroes.juntadeandalucia.es\/ceipgloriafuertes\/wp-json\/wp\/v2\/pages"}],"about":[{"href":"https:\/\/blogsaverroes.juntadeandalucia.es\/ceipgloriafuertes\/wp-json\/wp\/v2\/types\/page"}],"author":[{"embeddable":true,"href":"https:\/\/blogsaverroes.juntadeandalucia.es\/ceipgloriafuertes\/wp-json\/wp\/v2\/users\/1"}],"replies":[{"embeddable":true,"href":"https:\/\/blogsaverroes.juntadeandalucia.es\/ceipgloriafuertes\/wp-json\/wp\/v2\/comments?post=141"}],"version-history":[{"count":8,"href":"https:\/\/blogsaverroes.juntadeandalucia.es\/ceipgloriafuertes\/wp-json\/wp\/v2\/pages\/141\/revisions"}],"predecessor-version":[{"id":3454,"href":"https:\/\/blogsaverroes.juntadeandalucia.es\/ceipgloriafuertes\/wp-json\/wp\/v2\/pages\/141\/revisions\/3454"}],"wp:attachment":[{"href":"https:\/\/blogsaverroes.juntadeandalucia.es\/ceipgloriafuertes\/wp-json\/wp\/v2\/media?parent=141"}],"curies":[{"name":"wp","href":"https:\/\/api.w.org\/{rel}","templated":true}]}}