{"id":2614,"date":"2020-03-25T10:32:13","date_gmt":"2020-03-25T10:32:13","guid":{"rendered":"https:\/\/blogsaverroes.juntadeandalucia.es\/ceipgloriafuertes\/?page_id=2614"},"modified":"2020-05-07T10:09:34","modified_gmt":"2020-05-07T10:09:34","slug":"ingles-3o","status":"publish","type":"page","link":"https:\/\/blogsaverroes.juntadeandalucia.es\/ceipgloriafuertes\/ingles-3o\/","title":{"rendered":"INGL\u00c9S 3\u00ba"},"content":{"rendered":"<h1 style=\"text-align: center\" align=\"JUSTIFY\"><span style=\"text-decoration: underline;color: #ff6600\"><strong>TAREAS SEMANA DEL 27 AL 30 DE ABRIL<\/strong><\/span><\/h1>\n<p>&nbsp;<\/p>\n<p>Hello everyone!! Os mando actividades de Ingl\u00e9s para esta semana.<\/p>\n<p><strong>Vamos a repasar los miembros de la familia.<\/strong><\/p>\n<p><iframe loading=\"lazy\" title=\"Miembros de la familia en ingle\u0301s | Vi\u0301deos Educativos para Nin\u0303os. Aprende ingle\u0301s\" width=\"500\" height=\"281\" src=\"https:\/\/www.youtube.com\/embed\/tS8q86ODHuc?feature=oembed&#038;wmode=opaque\" frameborder=\"0\" allow=\"accelerometer; autoplay; clipboard-write; encrypted-media; gyroscope; picture-in-picture; web-share\" referrerpolicy=\"strict-origin-when-cross-origin\" allowfullscreen><\/iframe><\/p>\n<p><iframe loading=\"lazy\" title=\"MIEMBROS DE LA FAMILIA EN INGL\u00c9S Y SU PRONUNCIACI\u00d3N\" width=\"500\" height=\"281\" src=\"https:\/\/www.youtube.com\/embed\/qC57fK8bYeA?feature=oembed&#038;wmode=opaque\" frameborder=\"0\" allow=\"accelerometer; autoplay; clipboard-write; encrypted-media; gyroscope; picture-in-picture; web-share\" referrerpolicy=\"strict-origin-when-cross-origin\" allowfullscreen><\/iframe><\/p>\n<h1 align=\"JUSTIFY\"><strong>FICHAS INTERACTIVAS:<\/strong><\/h1>\n<h3 align=\"JUSTIFY\"><a href=\"https:\/\/es.liveworksheets.com\/id\/fx37014xf\" target=\"_blank\" rel=\"noopener noreferrer\">https:\/\/es.liveworksheets.com\/id\/fx37014xf<\/a><\/h3>\n<h3 align=\"JUSTIFY\"><a href=\"https:\/\/es.liveworksheets.com\/id\/kj37013zf\" target=\"_blank\" rel=\"noopener noreferrer\">https:\/\/es.liveworksheets.com\/id\/kj37013zf<\/a><\/h3>\n<h3 align=\"JUSTIFY\"><a href=\"https:\/\/es.liveworksheets.com\/id\/qx37010vf\" target=\"_blank\" rel=\"noopener noreferrer\">https:\/\/es.liveworksheets.com\/id\/qx37010vf<\/a><\/h3>\n<p>&nbsp;<\/p>\n<p>&nbsp;<\/p>\n<h1 style=\"text-align: center\" align=\"JUSTIFY\"><span style=\"text-decoration: underline\"><strong><span style=\"color: #ff6600;text-decoration: underline\">TAREAS DEL 20 al 24 DE ABRIL<\/span><\/strong><\/span><\/h1>\n<p>&nbsp;<\/p>\n<p>Hello children! Buenos d\u00edas chic@s! Os mando las actividades para esta semana, os animo a que las hag\u00e1is porque son muy chulis!<\/p>\n<p>&nbsp;<\/p>\n<p><strong>Para repasar \u00bb in, on, under\u00bb:<\/strong><\/p>\n<p><iframe loading=\"lazy\" title=\"WHERE IS\/ARE...? IN, ON , UNDER - INGL\u00c9S PARA NI\u00d1OS CON MR. PEA - ENGLISH FOR KIDS\" width=\"500\" height=\"281\" src=\"https:\/\/www.youtube.com\/embed\/PwkSFlxbmgA?feature=oembed&#038;wmode=opaque\" frameborder=\"0\" allow=\"accelerometer; autoplay; clipboard-write; encrypted-media; gyroscope; picture-in-picture; web-share\" referrerpolicy=\"strict-origin-when-cross-origin\" allowfullscreen><\/iframe><\/p>\n<p><iframe loading=\"lazy\" title=\"Where is it?\" width=\"500\" height=\"281\" src=\"https:\/\/www.youtube.com\/embed\/8F0NYBBKczM?feature=oembed&#038;wmode=opaque\" frameborder=\"0\" allow=\"accelerometer; autoplay; clipboard-write; encrypted-media; gyroscope; picture-in-picture; web-share\" referrerpolicy=\"strict-origin-when-cross-origin\" allowfullscreen><\/iframe><\/p>\n<p>&nbsp;<\/p>\n<p><iframe loading=\"lazy\" title=\"The family members in English for kids\" width=\"500\" height=\"281\" src=\"https:\/\/www.youtube.com\/embed\/rYnvnf5XRk0?feature=oembed&#038;wmode=opaque\" frameborder=\"0\" allow=\"accelerometer; autoplay; clipboard-write; encrypted-media; gyroscope; picture-in-picture; web-share\" referrerpolicy=\"strict-origin-when-cross-origin\" allowfullscreen><\/iframe><\/p>\n<p><iframe loading=\"lazy\" title=\"The Finger Family Song | ChuChu TV Nursery Rhymes &amp; Songs For Children\" width=\"500\" height=\"281\" src=\"https:\/\/www.youtube.com\/embed\/3xqqj9o7TgA?feature=oembed&#038;wmode=opaque\" frameborder=\"0\" allow=\"accelerometer; autoplay; clipboard-write; encrypted-media; gyroscope; picture-in-picture; web-share\" referrerpolicy=\"strict-origin-when-cross-origin\" allowfullscreen><\/iframe><\/p>\n<p><strong>Las fichas interactivas son para hacerlas con ordenador, tablet o tel\u00e9fono<\/strong><\/p>\n<p><a href=\"https:\/\/es.liveworksheets.com\/id\/rd1522zh\">https:\/\/es.liveworksheets.com\/id\/rd1522zh<\/a><\/p>\n<p><a href=\"https:\/\/es.liveworksheets.com\/id\/yk241ll\">https:\/\/es.liveworksheets.com\/id\/yk241ll<\/a><\/p>\n<p><a href=\"https:\/\/es.liveworksheets.com\/id\/ly112942mc\">https:\/\/es.liveworksheets.com\/id\/ly112942mc<\/a><\/p>\n<p><a href=\"https:\/\/es.liveworksheets.com\/id\/qh172506kk\">https:\/\/es.liveworksheets.com\/id\/qh172506kk<\/a><\/p>\n<h1 align=\"JUSTIFY\">&nbsp;<\/h1>\n<h1 align=\"JUSTIFY\">&nbsp;<\/h1>\n<h1 style=\"text-align: center\" align=\"JUSTIFY\"><span style=\"text-decoration: underline\"><strong><span style=\"color: #ff6600;text-decoration: underline\">TAREAS DEL 13 AL 17 DE ABRIL<\/span><\/strong><\/span><\/h1>\n<p>&nbsp;<\/p>\n<div dir=\"auto\">Good morning pupils!!! Buenos d\u00edas chic@s!. Soy la se\u00f1o Ana. Y estoy mucho mejor y he vuelto a trabajar con vosotr@s aunque sea por el ordenador, me hubiera gustado daros un abrazo fuerte, pero ya mismo estamos otra vez juntos.<\/div>\n<div dir=\"auto\">Os voy a mandar cositas para hacer durante la semana y vosotr@s las hac\u00e9is cuando os venga bien&#8230; pero dentro de la semana en la que os las mand\u00e9&#8230;<\/div>\n<div dir=\"auto\">&nbsp;<\/div>\n<div dir=\"auto\">Esta semana vamos a repasar los objetos de la clase y algunas instrucciones.<\/div>\n<div dir=\"auto\">&nbsp;<\/div>\n<h2><span style=\"color: #ff6600\"><a style=\"color: #ff6600\" href=\"https:\/\/view.genial.ly\/5e833ac9aeba3c0e33215328\/learning-experience-challenges-2o-primaria-vievalu\" target=\"_blank\" rel=\"noopener noreferrer\">APRENDE INGLES EN CASA. Pincha y disfruta aprendiendo ingl\u00e9s!!!<\/a><\/span><\/h2>\n<div dir=\"auto\">&nbsp;<\/div>\n<div dir=\"auto\">&nbsp;<\/div>\n<p><iframe loading=\"lazy\" title=\"English Vocabulary - Let&#039;s have a Class!\" width=\"500\" height=\"281\" src=\"https:\/\/www.youtube.com\/embed\/UIGD9uFY-C4?feature=oembed&#038;wmode=opaque\" frameborder=\"0\" allow=\"accelerometer; autoplay; clipboard-write; encrypted-media; gyroscope; picture-in-picture; web-share\" referrerpolicy=\"strict-origin-when-cross-origin\" allowfullscreen><\/iframe><\/p>\n<h3 align=\"JUSTIFY\"><span style=\"text-decoration: underline;color: #0000ff\"><strong>FICHAS:&nbsp;<\/strong><\/span><\/h3>\n<p>&nbsp;<\/p>\n<p><a href=\"https:\/\/drive.google.com\/open?id=1Y6rwNxOVtUaNaeL-4h4bphUFxmvMIDEr\" target=\"_blank\" rel=\"noopener noreferrer\">MATERIALES PARA LA CLASE<\/a><\/p>\n<p align=\"JUSTIFY\"><a href=\"https:\/\/mail.google.com\/mail\/u\/1?ui=2&amp;ik=79b1aaee86&amp;attid=0.1&amp;permmsgid=msg-f:1663940673952839345&amp;th=1717813a1e4876b1&amp;view=att&amp;disp=safe&amp;realattid=171781362ec65241d5e1\" target=\"_blank\" rel=\"noopener noreferrer\">LOS COLORES<\/a><\/p>\n<p align=\"JUSTIFY\">&nbsp;<\/p>\n<p align=\"JUSTIFY\">&nbsp;<\/p>\n<h1 align=\"JUSTIFY\">&nbsp;<\/h1>\n<h1 style=\"text-align: center\" align=\"JUSTIFY\"><span style=\"text-decoration: underline;color: #ff6600\"><strong><span style=\"font-size: x-large\">TAREAS H<\/span><\/strong><\/span><span style=\"text-decoration: underline;color: #ff6600\"><strong><span style=\"font-size: x-large\">ASTA&nbsp; SEMANA SANTA<\/span><\/strong><\/span><\/h1>\n<p align=\"JUSTIFY\">&nbsp;<\/p>\n<p align=\"JUSTIFY\"><span style=\"font-size: x-large\">Hello!<\/span><\/p>\n<p align=\"JUSTIFY\"><span style=\"font-size: x-large\">Soy la se\u00f1o Gema de ingl\u00e9s. <\/span><\/p>\n<p align=\"JUSTIFY\"><span style=\"font-size: x-large\">Os dejo algunas fichas para que repas\u00e9is en casa el vocabulario que hemos trabajado en clase, adem\u00e1s de algunos links de canciones y v\u00cddeos para divertiros en casa cantando y bailando. Si algun@ madre o padre quiere enviarme el material para que se lo corrija, o necesita material extra, puede indic\u00e1rmelo a trav\u00e9s de un correo en el que especifique el <\/span><span style=\"font-size: x-large\"><b>NOMBRE Y CURSO DEL ALUMN@<\/b><\/span><span style=\"font-size: x-large\"> y enviarlo a mi email: <a href=\"mailto:gema.gf1993@gmail.com\">gema.gf1993@gmail.com<\/a><\/span><\/p>\n<p align=\"JUSTIFY\"><span style=\"font-size: x-large\">Para cualquier otra cosa, tambi\u00e9n pod\u00e9is hacerlo a trav\u00e9s de mi direcci\u00f3n de email o a trav\u00e9s del tutor o tutora de su hij@.<\/span><\/p>\n<p align=\"JUSTIFY\"><span style=\"font-size: x-large\">Un saludo y paciencia, <\/span><\/p>\n<p align=\"JUSTIFY\"><span style=\"font-size: x-large\">GOOD BYE! <\/span><span style=\"font-family: Wingdings, serif\"><span style=\"font-size: x-large\">\uf04a<\/span><\/span><\/p>\n<p><span style=\"color: #ff0000\"><span style=\"font-size: x-large\">La se\u00f1o Gema.<\/span><\/span><\/p>\n<p>&nbsp;<\/p>\n<h1><a href=\"https:\/\/drive.google.com\/folderview?id=1w20HGeDQUaRvNFOgcEAMBYoZixrTBjTg\" target=\"_blank\" rel=\"noopener noreferrer\"><strong><span style=\"color: #339966\">FICHAS PARA IMPRIMIR: PINCHA ESTE ENLACE:<\/span><\/strong><\/a><\/h1>\n<p>&nbsp;<\/p>\n<h1><strong><span style=\"color: #ff0000\">MATERIALES AUDIOVISUALES Y V\u00cdDEOS<\/span><\/strong><\/h1>\n<p>&nbsp;<\/p>\n<h1><strong>PARA REPASAR LOS N\u00daMEROS<\/strong><br \/>\n<a href=\"https:\/\/www.youtube.com\/watch?v=0VLxWIHRD4E\" target=\"_blank\" rel=\"noopener noreferrer\">https:\/\/www.youtube.com\/watch?v=0VLxWIHRD4E<\/a><\/h1>\n<h1>&nbsp;<\/h1>\n<h1><strong>PARA REPASAR LAS PARTES DEL CUERPO<\/strong><br \/>\n<iframe loading=\"lazy\" title=\"Parts of the Body Song\" width=\"500\" height=\"281\" src=\"https:\/\/www.youtube.com\/embed\/BwHMMZQGFoM?feature=oembed&#038;wmode=opaque\" frameborder=\"0\" allow=\"accelerometer; autoplay; clipboard-write; encrypted-media; gyroscope; picture-in-picture; web-share\" referrerpolicy=\"strict-origin-when-cross-origin\" allowfullscreen><\/iframe><br \/>\nhttps:\/\/www.youtube.com\/watch?v=ZanHgPprl-0<\/h1>\n<h1>&nbsp;<\/h1>\n<h1><strong>PARA REPASAR LOS MATERIALES ESCOLARES<\/strong><br \/>\n<iframe loading=\"lazy\" title=\"School Supplies - Kids vocabulary - Learn English for kids - English educational video\" width=\"500\" height=\"281\" src=\"https:\/\/www.youtube.com\/embed\/AS5nhKzaOqo?feature=oembed&#038;wmode=opaque\" frameborder=\"0\" allow=\"accelerometer; autoplay; clipboard-write; encrypted-media; gyroscope; picture-in-picture; web-share\" referrerpolicy=\"strict-origin-when-cross-origin\" allowfullscreen><\/iframe><br \/>\nhttps:\/\/www.youtube.com\/watch?v=5HOeWyAkhRc<\/h1>\n<h1>&nbsp;<\/h1>\n<h1><strong>PARA REPASAR LAS COMIDAS<\/strong><br \/>\nhttps:\/\/www.youtube.com\/watch?v=frN3nvhIHUk<\/h1>\n<p><iframe loading=\"lazy\" title=\"Do You Like Lasagna Milkshakes? | Ice Cream and Lasagna!? | Super Simple Songs\" width=\"500\" height=\"281\" src=\"https:\/\/www.youtube.com\/embed\/13mftBvRmvM?feature=oembed&#038;wmode=opaque\" frameborder=\"0\" allow=\"accelerometer; autoplay; clipboard-write; encrypted-media; gyroscope; picture-in-picture; web-share\" referrerpolicy=\"strict-origin-when-cross-origin\" allowfullscreen><\/iframe><\/p>\n","protected":false},"excerpt":{"rendered":"<p>TAREAS SEMANA DEL 27 AL 30 DE ABRIL &nbsp; Hello everyone!! Os mando actividades de Ingl\u00e9s para esta semana. Vamos a repasar los miembros de la familia. FICHAS INTERACTIVAS: https:\/\/es.liveworksheets.com\/id\/fx37014xf https:\/\/es.liveworksheets.com\/id\/kj37013zf https:\/\/es.liveworksheets.com\/id\/qx37010vf &nbsp; &nbsp;&#46;&#46;&#46;<\/p>\n","protected":false},"author":5592,"featured_media":0,"parent":0,"menu_order":0,"comment_status":"closed","ping_status":"closed","template":"","meta":{"_exactmetrics_skip_tracking":false,"_exactmetrics_sitenote_active":false,"_exactmetrics_sitenote_note":"","_exactmetrics_sitenote_category":0,"ngg_post_thumbnail":0,"footnotes":"","_mc_calendar":[]},"aioseo_notices":[],"_links":{"self":[{"href":"https:\/\/blogsaverroes.juntadeandalucia.es\/ceipgloriafuertes\/wp-json\/wp\/v2\/pages\/2614"}],"collection":[{"href":"https:\/\/blogsaverroes.juntadeandalucia.es\/ceipgloriafuertes\/wp-json\/wp\/v2\/pages"}],"about":[{"href":"https:\/\/blogsaverroes.juntadeandalucia.es\/ceipgloriafuertes\/wp-json\/wp\/v2\/types\/page"}],"author":[{"embeddable":true,"href":"https:\/\/blogsaverroes.juntadeandalucia.es\/ceipgloriafuertes\/wp-json\/wp\/v2\/users\/5592"}],"replies":[{"embeddable":true,"href":"https:\/\/blogsaverroes.juntadeandalucia.es\/ceipgloriafuertes\/wp-json\/wp\/v2\/comments?post=2614"}],"version-history":[{"count":12,"href":"https:\/\/blogsaverroes.juntadeandalucia.es\/ceipgloriafuertes\/wp-json\/wp\/v2\/pages\/2614\/revisions"}],"predecessor-version":[{"id":3196,"href":"https:\/\/blogsaverroes.juntadeandalucia.es\/ceipgloriafuertes\/wp-json\/wp\/v2\/pages\/2614\/revisions\/3196"}],"wp:attachment":[{"href":"https:\/\/blogsaverroes.juntadeandalucia.es\/ceipgloriafuertes\/wp-json\/wp\/v2\/media?parent=2614"}],"curies":[{"name":"wp","href":"https:\/\/api.w.org\/{rel}","templated":true}]}}