{"id":2618,"date":"2020-03-25T10:32:13","date_gmt":"2020-03-25T10:32:13","guid":{"rendered":"https:\/\/blogsaverroes.juntadeandalucia.es\/ceipgloriafuertes\/?page_id=2618"},"modified":"2020-03-26T09:27:53","modified_gmt":"2020-03-26T09:27:53","slug":"ingles-6oa","status":"publish","type":"page","link":"https:\/\/blogsaverroes.juntadeandalucia.es\/ceipgloriafuertes\/ingles-6oa\/","title":{"rendered":"INGL\u00c9S 6\u00baA"},"content":{"rendered":"<p>Buenas a alumnado, padres y madres. Este curso trabajar\u00e1 el \u00e1rea de Ingl\u00e9s a trav\u00e9s de la plataforma Classroom. Cualquier duda o sugerencia dirigirla a los profesores para solucionarla lo antes posible.<\/p>\n","protected":false},"excerpt":{"rendered":"<p>Buenas a alumnado, padres y madres. Este curso trabajar\u00e1 el \u00e1rea de Ingl\u00e9s a trav\u00e9s de la plataforma Classroom. Cualquier duda o sugerencia dirigirla a los profesores para solucionarla lo antes posible.<\/p>\n","protected":false},"author":5592,"featured_media":0,"parent":0,"menu_order":0,"comment_status":"closed","ping_status":"closed","template":"","meta":{"_exactmetrics_skip_tracking":false,"_exactmetrics_sitenote_active":false,"_exactmetrics_sitenote_note":"","_exactmetrics_sitenote_category":0,"ngg_post_thumbnail":0,"footnotes":"","_mc_calendar":[]},"aioseo_notices":[],"_links":{"self":[{"href":"https:\/\/blogsaverroes.juntadeandalucia.es\/ceipgloriafuertes\/wp-json\/wp\/v2\/pages\/2618"}],"collection":[{"href":"https:\/\/blogsaverroes.juntadeandalucia.es\/ceipgloriafuertes\/wp-json\/wp\/v2\/pages"}],"about":[{"href":"https:\/\/blogsaverroes.juntadeandalucia.es\/ceipgloriafuertes\/wp-json\/wp\/v2\/types\/page"}],"author":[{"embeddable":true,"href":"https:\/\/blogsaverroes.juntadeandalucia.es\/ceipgloriafuertes\/wp-json\/wp\/v2\/users\/5592"}],"replies":[{"embeddable":true,"href":"https:\/\/blogsaverroes.juntadeandalucia.es\/ceipgloriafuertes\/wp-json\/wp\/v2\/comments?post=2618"}],"version-history":[{"count":3,"href":"https:\/\/blogsaverroes.juntadeandalucia.es\/ceipgloriafuertes\/wp-json\/wp\/v2\/pages\/2618\/revisions"}],"predecessor-version":[{"id":2686,"href":"https:\/\/blogsaverroes.juntadeandalucia.es\/ceipgloriafuertes\/wp-json\/wp\/v2\/pages\/2618\/revisions\/2686"}],"wp:attachment":[{"href":"https:\/\/blogsaverroes.juntadeandalucia.es\/ceipgloriafuertes\/wp-json\/wp\/v2\/media?parent=2618"}],"curies":[{"name":"wp","href":"https:\/\/api.w.org\/{rel}","templated":true}]}}