{"id":2621,"date":"2020-03-25T10:32:13","date_gmt":"2020-03-25T10:32:13","guid":{"rendered":"https:\/\/blogsaverroes.juntadeandalucia.es\/ceipgloriafuertes\/?page_id=2621"},"modified":"2020-03-26T08:48:28","modified_gmt":"2020-03-26T08:48:28","slug":"tareas-5o","status":"publish","type":"page","link":"https:\/\/blogsaverroes.juntadeandalucia.es\/ceipgloriafuertes\/tareas-5o\/","title":{"rendered":"TAREAS 5\u00ba"},"content":{"rendered":"<p><strong>ESTA&nbsp; P\u00c1GINA ESTA EN CONSTRUCCI\u00d3N. EN BREVE ESTAR\u00c1 EN FUNCIONAMIENTO<\/strong><\/p>\n","protected":false},"excerpt":{"rendered":"<p>ESTA&nbsp; P\u00c1GINA ESTA EN CONSTRUCCI\u00d3N. EN BREVE ESTAR\u00c1 EN FUNCIONAMIENTO<\/p>\n","protected":false},"author":5592,"featured_media":0,"parent":0,"menu_order":0,"comment_status":"closed","ping_status":"closed","template":"","meta":{"_exactmetrics_skip_tracking":false,"_exactmetrics_sitenote_active":false,"_exactmetrics_sitenote_note":"","_exactmetrics_sitenote_category":0,"ngg_post_thumbnail":0,"footnotes":"","_mc_calendar":[]},"aioseo_notices":[],"_links":{"self":[{"href":"https:\/\/blogsaverroes.juntadeandalucia.es\/ceipgloriafuertes\/wp-json\/wp\/v2\/pages\/2621"}],"collection":[{"href":"https:\/\/blogsaverroes.juntadeandalucia.es\/ceipgloriafuertes\/wp-json\/wp\/v2\/pages"}],"about":[{"href":"https:\/\/blogsaverroes.juntadeandalucia.es\/ceipgloriafuertes\/wp-json\/wp\/v2\/types\/page"}],"author":[{"embeddable":true,"href":"https:\/\/blogsaverroes.juntadeandalucia.es\/ceipgloriafuertes\/wp-json\/wp\/v2\/users\/5592"}],"replies":[{"embeddable":true,"href":"https:\/\/blogsaverroes.juntadeandalucia.es\/ceipgloriafuertes\/wp-json\/wp\/v2\/comments?post=2621"}],"version-history":[{"count":2,"href":"https:\/\/blogsaverroes.juntadeandalucia.es\/ceipgloriafuertes\/wp-json\/wp\/v2\/pages\/2621\/revisions"}],"predecessor-version":[{"id":2679,"href":"https:\/\/blogsaverroes.juntadeandalucia.es\/ceipgloriafuertes\/wp-json\/wp\/v2\/pages\/2621\/revisions\/2679"}],"wp:attachment":[{"href":"https:\/\/blogsaverroes.juntadeandalucia.es\/ceipgloriafuertes\/wp-json\/wp\/v2\/media?parent=2621"}],"curies":[{"name":"wp","href":"https:\/\/api.w.org\/{rel}","templated":true}]}}