{"id":2622,"date":"2020-03-25T10:32:13","date_gmt":"2020-03-25T10:32:13","guid":{"rendered":"https:\/\/blogsaverroes.juntadeandalucia.es\/ceipgloriafuertes\/?page_id=2622"},"modified":"2020-04-22T10:45:35","modified_gmt":"2020-04-22T10:45:35","slug":"ingles-4o-2","status":"publish","type":"page","link":"https:\/\/blogsaverroes.juntadeandalucia.es\/ceipgloriafuertes\/ingles-4o-2\/","title":{"rendered":"INGL\u00c9S 4\u00ba"},"content":{"rendered":"<h2 align=\"JUSTIFY\">&nbsp;<\/h2>\n<h2 style=\"text-align: justify\" align=\"JUSTIFY\"><span style=\"text-decoration: underline\"><span style=\"color: #3366ff\"><strong>Buenas a alumnado, padres y madres. Este curso trabajar\u00e1 el \u00e1rea de Ingl\u00e9s a trav\u00e9s de la plataforma Classroom. Cualquier duda o sugerencia dirigirla a los profesores para solucionarla lo antes posible.<\/strong><\/span><\/span><\/h2>\n<p align=\"JUSTIFY\">&nbsp;<\/p>\n<p align=\"JUSTIFY\">&nbsp;<\/p>\n<p align=\"JUSTIFY\">&nbsp;<\/p>\n<h1 style=\"text-align: center\" align=\"JUSTIFY\"><span style=\"text-decoration: underline\"><span style=\"color: #ff9900\"><strong>TAREAS HASTA VACACIONES DE S<\/strong><\/span><\/span><span style=\"text-decoration: underline\"><span style=\"color: #ff9900\"><strong>EMANA SANTA<\/strong><\/span><\/span><\/h1>\n<p>&nbsp;<\/p>\n<p align=\"JUSTIFY\"><span style=\"font-size: x-large\">Hello!<\/span><\/p>\n<p align=\"JUSTIFY\"><span style=\"font-size: x-large\">Soy la se\u00f1o Gema de ingl\u00e9s. <\/span><\/p>\n<p align=\"JUSTIFY\"><span style=\"font-size: x-large\">Os dejo algunas fichas para que repas\u00e9is en casa el vocabulario que hemos trabajado en clase, adem\u00e1s de algunos links de canciones y videos para divertiros en casa cantando y bailando. Si algun@ madre o padre quiere enviarme el material para que se lo corrija, o necesita material extra, puede indic\u00e1rmelo a trav\u00e9s de un correo en el que especifique el <\/span><span style=\"font-size: x-large\"><b>NOMBRE Y CURSO DEL ALUMN@<\/b><\/span><span style=\"font-size: x-large\"> y enviarlo a mi email: <a href=\"mailto:gema.gf1993@gmail.com\">gema.gf1993@gmail.com<\/a><\/span><\/p>\n<p align=\"JUSTIFY\"><span style=\"font-size: x-large\">Para cualquier otra cosa, tambi\u00e9n pod\u00e9is hacerlo a trav\u00e9s de mi direcci\u00f3n de email o a trav\u00e9s del tutor o tutora de su hij@.<\/span><\/p>\n<p align=\"JUSTIFY\"><span style=\"font-size: x-large\">Un saludo y paciencia, <\/span><\/p>\n<p align=\"JUSTIFY\"><span style=\"font-size: x-large\">GOOD BYE! <\/span><span style=\"font-family: Wingdings, serif\"><span style=\"font-size: x-large\">\uf04a<\/span><\/span><\/p>\n<p><span style=\"color: #ff0000\"><span style=\"font-size: x-large\">La se\u00f1o Gema.<\/span><\/span><\/p>\n<p>&nbsp;<\/p>\n<h1><a href=\"https:\/\/drive.google.com\/folderview?id=1wOUDTbGbC3HwT49Ni-J0CAo3X-qGiycq\" target=\"_blank\" rel=\"noopener noreferrer\"><span style=\"color: #ff0000\">FICHAS PARA IMPRIMIR: PINCHA ESTE ENLACE<\/span><\/a><\/h1>\n<p>&nbsp;<\/p>\n<h1><span style=\"color: #99cc00\"><strong>MATERIALES AUDIOVISUALES Y V\u00cdDEOS<\/strong><\/span><\/h1>\n<h1>&nbsp;<\/h1>\n<h1><strong>PARA REPASAR LOS N\u00daMEROS<\/strong><br \/>\n<a href=\"https:\/\/www.youtube.com\/watch?v=0VLxWIHRD4E\" target=\"_blank\" rel=\"noopener noreferrer\">https:\/\/www.youtube.com\/watch?v=0VLxWIHRD4E<\/a><\/h1>\n<h1>&nbsp;<\/h1>\n<h1><strong>PARA REPASAR LAS HORAS<\/strong><br \/>\n<iframe loading=\"lazy\" title=\"What Time Is It? Song for Kids | Preschool, Kindergarten, Learn English Children\" width=\"500\" height=\"281\" src=\"https:\/\/www.youtube.com\/embed\/0Yq_rztquuU?feature=oembed&#038;wmode=opaque\" frameborder=\"0\" allow=\"accelerometer; autoplay; clipboard-write; encrypted-media; gyroscope; picture-in-picture; web-share\" referrerpolicy=\"strict-origin-when-cross-origin\" allowfullscreen><\/iframe><br \/>\nhttps:\/\/www.youtube.com\/watch?v=cs81UdOc9TU<\/h1>\n<h1>&nbsp;<\/h1>\n<h1><strong>PARA REPASAR LAS DIRECCIONES<\/strong><br \/>\n<iframe loading=\"lazy\" title=\"Where is it?\" width=\"500\" height=\"281\" src=\"https:\/\/www.youtube.com\/embed\/8F0NYBBKczM?feature=oembed&#038;wmode=opaque\" frameborder=\"0\" allow=\"accelerometer; autoplay; clipboard-write; encrypted-media; gyroscope; picture-in-picture; web-share\" referrerpolicy=\"strict-origin-when-cross-origin\" allowfullscreen><\/iframe><br \/>\n<iframe loading=\"lazy\" title=\"Where is it? #3\" width=\"500\" height=\"281\" src=\"https:\/\/www.youtube.com\/embed\/5Tf0DLBkkzw?feature=oembed&#038;wmode=opaque\" frameborder=\"0\" allow=\"accelerometer; autoplay; clipboard-write; encrypted-media; gyroscope; picture-in-picture; web-share\" referrerpolicy=\"strict-origin-when-cross-origin\" allowfullscreen><\/iframe><br \/>\nhttps:\/\/www.youtube.com\/watch?v=fhe7vQjQBxM<\/h1>\n<h1>&nbsp;<\/h1>\n<h1><strong>PARA REPASAR LOS LUGARES DE LA CIUDAD<\/strong><\/h1>\n<p><iframe loading=\"lazy\" title=\"Places in a city - English Educational Videos | Little Smart Planet\" width=\"500\" height=\"281\" src=\"https:\/\/www.youtube.com\/embed\/UdDXlL9u0vI?feature=oembed&#038;wmode=opaque\" frameborder=\"0\" allow=\"accelerometer; autoplay; clipboard-write; encrypted-media; gyroscope; picture-in-picture; web-share\" referrerpolicy=\"strict-origin-when-cross-origin\" allowfullscreen><\/iframe><\/p>\n","protected":false},"excerpt":{"rendered":"<p>&nbsp; Buenas a alumnado, padres y madres. Este curso trabajar\u00e1 el \u00e1rea de Ingl\u00e9s a trav\u00e9s de la plataforma Classroom. Cualquier duda o sugerencia dirigirla a los profesores para solucionarla lo antes posible. &nbsp;&#46;&#46;&#46;<\/p>\n","protected":false},"author":5592,"featured_media":0,"parent":0,"menu_order":0,"comment_status":"closed","ping_status":"closed","template":"","meta":{"_exactmetrics_skip_tracking":false,"_exactmetrics_sitenote_active":false,"_exactmetrics_sitenote_note":"","_exactmetrics_sitenote_category":0,"ngg_post_thumbnail":0,"footnotes":"","_mc_calendar":[]},"aioseo_notices":[],"_links":{"self":[{"href":"https:\/\/blogsaverroes.juntadeandalucia.es\/ceipgloriafuertes\/wp-json\/wp\/v2\/pages\/2622"}],"collection":[{"href":"https:\/\/blogsaverroes.juntadeandalucia.es\/ceipgloriafuertes\/wp-json\/wp\/v2\/pages"}],"about":[{"href":"https:\/\/blogsaverroes.juntadeandalucia.es\/ceipgloriafuertes\/wp-json\/wp\/v2\/types\/page"}],"author":[{"embeddable":true,"href":"https:\/\/blogsaverroes.juntadeandalucia.es\/ceipgloriafuertes\/wp-json\/wp\/v2\/users\/5592"}],"replies":[{"embeddable":true,"href":"https:\/\/blogsaverroes.juntadeandalucia.es\/ceipgloriafuertes\/wp-json\/wp\/v2\/comments?post=2622"}],"version-history":[{"count":5,"href":"https:\/\/blogsaverroes.juntadeandalucia.es\/ceipgloriafuertes\/wp-json\/wp\/v2\/pages\/2622\/revisions"}],"predecessor-version":[{"id":3124,"href":"https:\/\/blogsaverroes.juntadeandalucia.es\/ceipgloriafuertes\/wp-json\/wp\/v2\/pages\/2622\/revisions\/3124"}],"wp:attachment":[{"href":"https:\/\/blogsaverroes.juntadeandalucia.es\/ceipgloriafuertes\/wp-json\/wp\/v2\/media?parent=2622"}],"curies":[{"name":"wp","href":"https:\/\/api.w.org\/{rel}","templated":true}]}}