{"id":2760,"date":"2020-03-27T08:30:24","date_gmt":"2020-03-27T08:30:24","guid":{"rendered":"https:\/\/blogsaverroes.juntadeandalucia.es\/ceipgloriafuertes\/?page_id=2760"},"modified":"2020-03-30T09:22:18","modified_gmt":"2020-03-30T09:22:18","slug":"videos","status":"publish","type":"page","link":"https:\/\/blogsaverroes.juntadeandalucia.es\/ceipgloriafuertes\/videos\/","title":{"rendered":"VIDEOS"},"content":{"rendered":"<h1 style=\"text-align: center\"><strong><span style=\"color: #0000ff\">V\u00cdDEOS PARA APRENDER, DISFRUTAR, RELAJARSE, #NOSQUEDAMOSENCASA<\/span><\/strong><\/h1>\n<h2>&nbsp;<\/h2>\n<h2><a href=\"https:\/\/mail.google.com\/mail\/u\/0?ui=2&amp;ik=79b1aaee86&amp;attid=0.1&amp;permmsgid=msg-f:1662490158293744708&amp;th=171259fd9fae7c44&amp;view=att&amp;disp=safe&amp;realattid=171259f6501278455ba1\" target=\"_blank\" rel=\"noopener noreferrer\"><strong>V\u00eddeo para crear im\u00e1genes con animales. Muy divertido y did\u00e1ctico!!!<\/strong><\/a><\/h2>\n<p>&nbsp;<\/p>\n<p>&nbsp;<\/p>\n<p>&nbsp;<\/p>\n<p>&nbsp;<\/p>\n","protected":false},"excerpt":{"rendered":"<p>V\u00cdDEOS PARA APRENDER, DISFRUTAR, RELAJARSE, #NOSQUEDAMOSENCASA &nbsp; V\u00eddeo para crear im\u00e1genes con animales. Muy divertido y did\u00e1ctico!!! &nbsp; &nbsp; &nbsp; &nbsp;<\/p>\n","protected":false},"author":5592,"featured_media":0,"parent":0,"menu_order":0,"comment_status":"closed","ping_status":"closed","template":"","meta":{"_exactmetrics_skip_tracking":false,"_exactmetrics_sitenote_active":false,"_exactmetrics_sitenote_note":"","_exactmetrics_sitenote_category":0,"ngg_post_thumbnail":0,"footnotes":"","_mc_calendar":[]},"aioseo_notices":[],"_links":{"self":[{"href":"https:\/\/blogsaverroes.juntadeandalucia.es\/ceipgloriafuertes\/wp-json\/wp\/v2\/pages\/2760"}],"collection":[{"href":"https:\/\/blogsaverroes.juntadeandalucia.es\/ceipgloriafuertes\/wp-json\/wp\/v2\/pages"}],"about":[{"href":"https:\/\/blogsaverroes.juntadeandalucia.es\/ceipgloriafuertes\/wp-json\/wp\/v2\/types\/page"}],"author":[{"embeddable":true,"href":"https:\/\/blogsaverroes.juntadeandalucia.es\/ceipgloriafuertes\/wp-json\/wp\/v2\/users\/5592"}],"replies":[{"embeddable":true,"href":"https:\/\/blogsaverroes.juntadeandalucia.es\/ceipgloriafuertes\/wp-json\/wp\/v2\/comments?post=2760"}],"version-history":[{"count":3,"href":"https:\/\/blogsaverroes.juntadeandalucia.es\/ceipgloriafuertes\/wp-json\/wp\/v2\/pages\/2760\/revisions"}],"predecessor-version":[{"id":2855,"href":"https:\/\/blogsaverroes.juntadeandalucia.es\/ceipgloriafuertes\/wp-json\/wp\/v2\/pages\/2760\/revisions\/2855"}],"wp:attachment":[{"href":"https:\/\/blogsaverroes.juntadeandalucia.es\/ceipgloriafuertes\/wp-json\/wp\/v2\/media?parent=2760"}],"curies":[{"name":"wp","href":"https:\/\/api.w.org\/{rel}","templated":true}]}}