{"id":2946,"date":"2020-04-03T09:24:40","date_gmt":"2020-04-03T09:24:40","guid":{"rendered":"https:\/\/blogsaverroes.juntadeandalucia.es\/ceipgloriafuertes\/?page_id=2946"},"modified":"2020-06-02T09:43:47","modified_gmt":"2020-06-02T09:43:47","slug":"religion-2o","status":"publish","type":"page","link":"https:\/\/blogsaverroes.juntadeandalucia.es\/ceipgloriafuertes\/religion-2o\/","title":{"rendered":"RELIGI\u00d3N 2\u00ba"},"content":{"rendered":"<h1 style=\"text-align: center\"><span style=\"text-decoration: underline;color: #ff00ff\">TAREAS RELIGI\u00d3N CAT\u00d3LICA&nbsp;<\/span><\/h1>\n<h1>&nbsp;<\/h1>\n<h1><span style=\"text-decoration: underline\"><strong>&nbsp; <\/strong><\/span><strong><span style=\"text-decoration: underline\">LAS PAR\u00c1BOLAS DE JES\u00daS&nbsp;&nbsp;<\/span>&nbsp;&nbsp;&nbsp;&nbsp;&nbsp; <\/strong><\/h1>\n<p><strong>&nbsp;<\/strong><\/p>\n<p>&nbsp;&nbsp;&nbsp;&nbsp;&nbsp;&nbsp;&nbsp;&nbsp;&nbsp;&nbsp; Ve a los siguientes enlaces y haz&nbsp; las actividades propuestas en los mismos.<\/p>\n<ul>\n<li><strong>La par\u00e1bola de la oveja perdida.<\/strong><\/li>\n<\/ul>\n<p><strong>&nbsp;<\/strong><\/p>\n<p><a href=\"https:\/\/es.liveworksheets.com\/kc261031se\"><strong>https:\/\/es.liveworksheets.com\/kc261031se<\/strong><\/a><\/p>\n<p><strong>&nbsp;<\/strong><\/p>\n<ul>\n<li><strong>La par\u00e1bola del Buen Samaritano.<\/strong><\/li>\n<\/ul>\n<p><strong>&nbsp;<\/strong><\/p>\n<p><a href=\"https:\/\/es.liveworksheets.com\/ta236121ah\"><strong>https:\/\/es.liveworksheets.com\/ta236121ah<\/strong><\/a><\/p>\n<h1>&nbsp;<\/h1>\n<h1 style=\"text-align: center\"><span style=\"text-decoration: underline;color: #ff00ff\">TAREAS RELIGI\u00d3N CAT\u00d3LICA DEL 25 al 29&nbsp; DE MAYO<\/span><\/h1>\n<p>&nbsp;<\/p>\n<p><strong>1) Completar las siguientes fichas. Solo se hace la primera ficha que aparece en cada direcci\u00f3n.<\/strong><\/p>\n<p>&nbsp;<\/p>\n<p><a href=\"https:\/\/es.liveworksheets.com\/ma319891pu\">https:\/\/es.liveworksheets.com\/ma319891pu<\/a><\/p>\n<p>&nbsp;<\/p>\n<p><a href=\"https:\/\/es.liveworksheets.com\/rj320022rd\">https:\/\/es.liveworksheets.com\/rj320022rd<\/a><\/p>\n<p>&nbsp;<\/p>\n<p><a href=\"https:\/\/es.liveworksheets.com\/sk187410ur\">https:\/\/es.liveworksheets.com\/sk187410ur<\/a><\/p>\n<p>&nbsp;<\/p>\n<p><a href=\"https:\/\/es.liveworksheets.com\/st304258qp\">https:\/\/es.liveworksheets.com\/st304258qp<\/a><\/p>\n<p>&nbsp;<\/p>\n<p><strong>2) Ver el siguiente v\u00eddeo.<\/strong><\/p>\n<p><iframe loading=\"lazy\" title=\"Los Siete Sacramentos\" width=\"500\" height=\"375\" src=\"https:\/\/www.youtube.com\/embed\/gRplKK9ncWI?start=34&#038;feature=oembed&#038;wmode=opaque\" frameborder=\"0\" allow=\"accelerometer; autoplay; clipboard-write; encrypted-media; gyroscope; picture-in-picture; web-share\" referrerpolicy=\"strict-origin-when-cross-origin\" allowfullscreen><\/iframe><\/p>\n<p>&nbsp;<\/p>\n<p><strong>3) Hacer un dibujo de uno de los sacramentos.<\/strong><\/p>\n<p>&nbsp;<\/p>\n<h1>&nbsp;<\/h1>\n<h1 style=\"text-align: center\"><span style=\"text-decoration: underline;color: #ff00ff\">TAREAS RELIGI\u00d3N CAT\u00d3LICA DEL 18 AL 22 DE MAYO<\/span><\/h1>\n<p>&nbsp;<\/p>\n<p>&nbsp;<\/p>\n<p><strong>1) Completar las siguientes fichas. Solo se hace la primera ficha que aparece en cada direcci\u00f3n.<\/strong><\/p>\n<p>&nbsp;<\/p>\n<p><a href=\"https:\/\/es.liveworksheets.com\/ma319891pu\">https:\/\/es.liveworksheets.com\/ma319891pu<\/a><\/p>\n<p>&nbsp;<\/p>\n<p><a href=\"https:\/\/es.liveworksheets.com\/rj320022rd\">https:\/\/es.liveworksheets.com\/rj320022rd<\/a><\/p>\n<p>&nbsp;<\/p>\n<p><a href=\"https:\/\/es.liveworksheets.com\/sk187410ur\">https:\/\/es.liveworksheets.com\/sk187410ur<\/a><\/p>\n<p>&nbsp;<\/p>\n<p><a href=\"https:\/\/es.liveworksheets.com\/st304258qp\">https:\/\/es.liveworksheets.com\/st304258qp<\/a><\/p>\n<p>&nbsp;<\/p>\n<p>&nbsp;<\/p>\n<p><strong>2) Ver el siguiente v\u00eddeo.<\/strong><\/p>\n<p><iframe loading=\"lazy\" title=\"Los Siete Sacramentos\" width=\"500\" height=\"375\" src=\"https:\/\/www.youtube.com\/embed\/gRplKK9ncWI?start=34&#038;feature=oembed&#038;wmode=opaque\" frameborder=\"0\" allow=\"accelerometer; autoplay; clipboard-write; encrypted-media; gyroscope; picture-in-picture; web-share\" referrerpolicy=\"strict-origin-when-cross-origin\" allowfullscreen><\/iframe><\/p>\n<p>&nbsp;<\/p>\n<p><strong>3) Hacer un dibujo de uno de los sacramentos.<\/strong><\/p>\n<h1>&nbsp;<\/h1>\n<h1>&nbsp;<\/h1>\n<h1 style=\"text-align: center\"><span style=\"text-decoration: underline;color: #ff00ff\">TAREAS RELIGI\u00d3N CAT\u00d3LICA DEL 1 AL 15 DE MAYO<\/span><\/h1>\n<p style=\"text-align: center\"><span style=\"font-family: Arial, serif\"><span style=\"font-size: x-large\"><b>MES DE MAYO, MES DE MAR\u00cdA<\/b><\/span><\/span><\/p>\n<p>&nbsp;<\/p>\n<p><span style=\"font-family: Arial, serif\"><span style=\"font-size: large\">Ver el siguiente v\u00eddeo.<\/span><\/span><\/p>\n<p><iframe loading=\"lazy\" title=\"\u00bfQui\u00e9n era la Virgen Mar\u00eda?\" width=\"500\" height=\"375\" src=\"https:\/\/www.youtube.com\/embed\/clxxZI51Vpg?feature=oembed&#038;wmode=opaque\" frameborder=\"0\" allow=\"accelerometer; autoplay; clipboard-write; encrypted-media; gyroscope; picture-in-picture; web-share\" referrerpolicy=\"strict-origin-when-cross-origin\" allowfullscreen><\/iframe><\/p>\n<ol>\n<li>Hacer un dibujo de la Virgen Mar\u00eda y poner alrededor de ella flores de muchos colores, pint\u00e1ndolas o haci\u00e9ndolas con papeles de colores o con recortes de revistas.<\/li>\n<\/ol>\n<p style=\"text-align: center\"><strong><span style=\"font-family: Arial, serif\"><span style=\"font-size: large\">Canci\u00f3n de la Virgen Mar\u00eda.<\/span><\/span><\/strong><\/p>\n<ol start=\"2\">\n<li>Despu\u00e9s de escucharla y verla, dibuja una flor para regalar a tu mam\u00e1, abuela, tita, alguna mujer importante para ti.<\/li>\n<\/ol>\n<p><iframe loading=\"lazy\" title=\"Mar\u00eda mirame\" width=\"500\" height=\"281\" src=\"https:\/\/www.youtube.com\/embed\/vLGln-iqIOo?list=PL0dnIEaWoicAv1Sy3tMgd7tIuBR6a1AfA\" frameborder=\"0\" allow=\"accelerometer; autoplay; clipboard-write; encrypted-media; gyroscope; picture-in-picture; web-share\" referrerpolicy=\"strict-origin-when-cross-origin\" allowfullscreen><\/iframe><\/p>\n<h1>&nbsp;<\/h1>\n<h1>&nbsp;<\/h1>\n<h1>&nbsp;<\/h1>\n<h1 style=\"text-align: center\"><span style=\"text-decoration: underline;color: #ff6600\"><strong>RELIGI\u00d3N EVANG\u00c9LICA MES DE ABRIL<\/strong><\/span><\/h1>\n<h1>&nbsp;<\/h1>\n<h2><a href=\"https:\/\/religionevangelicaprimariafemi.jimdofree.com\/2%C2%BA-primaria\/\" target=\"_blank\" rel=\"noopener noreferrer\"><span style=\"color: #ffff00\">TRABAJO \u00abJES\u00daS VIVE PARA SIEMPRE<\/span>\u00ab.Pincha este enlace y aprende<\/a><\/h2>\n<p>&nbsp;<\/p>\n<h1 style=\"text-align: center\"><span style=\"text-decoration: underline;color: #339966\"><strong>RELIGI\u00d3N CAT\u00d3LICA MES ABRIL<\/strong><\/span><\/h1>\n<p>&nbsp;<\/p>\n<ol>\n<li><strong><span style=\"font-size: small\">Despu\u00e9s de ver estos v\u00eddeos que nos explican c\u00f3mo vaciar y pintar <\/span><\/strong><strong><span style=\"font-size: small\">un huevo de Pascua. Hacedlo vosotros con ayuda.<\/span><\/strong><\/li>\n<\/ol>\n<p><span style=\"font-size: small\"><a href=\"https:\/\/www.youtube.com\/watch?v=pGRlvhThwBA\">https:\/\/www.youtube.com\/watch?v=pGRlvhThwBA<\/a><\/span><\/p>\n<p><span style=\"font-size: small\"><a href=\"https:\/\/www.youtube.com\/watch?v=8MO_KrTai3I\">https:\/\/www.youtube.com\/watch?v=8MO_KrTai3I<\/a><\/span><\/p>\n<p>&nbsp;<\/p>\n<ol start=\"2\">\n<li><strong><span style=\"font-size: small\">Ver v\u00eddeo de la resurrecci\u00f3n de Jes\u00fas. Luego dibuja a Jes\u00fas despu\u00e9s de resucitar. \u00bfC\u00f3mo te lo imaginas?<\/span><\/strong><\/li>\n<\/ol>\n<p><a href=\"https:\/\/www.youtube.com\/watch?v=7um7PXQ5Xd0\"><span style=\"font-size: small\">https:\/\/www.youtube.com\/watch?v=7um7PXQ5Xd0<\/span><\/a><\/p>\n<p>&nbsp;<\/p>\n<ol start=\"3\">\n<li><strong><a name=\"Bookmark\"><\/a><span style=\"font-size: small\">Escucha la canci\u00f3n: \u201cMi Dios est\u00e1 vivo\u201d y baila con ella.<\/span><\/strong><\/li>\n<\/ol>\n<p><a href=\"https:\/\/www.youtube.com\/watch?v=vuGjurCf6H0\"><span style=\"font-size: small\">https:\/\/www.youtube.com\/watch?v=vuGjurCf6H0<\/span><\/a><\/p>\n<p>&nbsp;<\/p>\n<p style=\"text-align: center\"><span style=\"text-decoration: underline;color: #ff00ff\"><strong><span style=\"font-size: x-large\">RELIGI\u00d3N CAT\u00d3LICA MES DE MARZO<\/span><\/strong><\/span><\/p>\n<p>&nbsp;<\/p>\n<p>-V\u00eddeo de la pasi\u00f3n, muerte y resurrecci\u00f3n de Jes\u00fas para primaria<\/p>\n<p><a href=\"https:\/\/www.youtube.com\/watch?v=MoPloqRaTDM\">https:\/\/www.youtube.com\/watch?v=MoPloqRaTDM<\/a><\/p>\n<p>Tras ver este v\u00eddeo responder a las siguientes preguntas en una hoja.<\/p>\n<p>Preguntas a este v\u00eddeo:<\/p>\n<p>-\u00bfCu\u00e1ntos d\u00edas dura la Semana Santa?<\/p>\n<p>-\u00bfC\u00f3mo se llama el primer domingo de la Semana Santa? \u00bfQu\u00e9 ocurri\u00f3 ese d\u00eda?<\/p>\n<p>-\u00bfQu\u00e9 d\u00eda celebr\u00f3 Jes\u00fas la \u00faltima cena?<\/p>\n<p>-\u00bfQui\u00e9n lo entreg\u00f3?<\/p>\n<p>-\u00bfD\u00f3nde fue a rezar y con qui\u00e9n?<\/p>\n<p>-\u00bfQu\u00e9 d\u00eda muri\u00f3 Jes\u00fas? \u00bfC\u00f3mo muri\u00f3?<\/p>\n<p>-\u00bfQui\u00e9n estaba con \u00e9l en sus \u00faltimos momentos?<\/p>\n<p>-\u00bfD\u00f3nde lo enterraron?<\/p>\n<p>-\u00bfQu\u00e9 d\u00eda resucit\u00f3 Jes\u00fas?<\/p>\n<p>-V\u00eddeo de la pasi\u00f3n, muerte y resurrecci\u00f3n de Jes\u00fas para infantil<\/p>\n<p><a href=\"https:\/\/www.youtube.com\/watch?v=uzrlUz68Cno\">https:\/\/www.youtube.com\/watch?v=uzrlUz68Cno<\/a><\/p>\n<p>Actividad para infantil. Hacer un dibujo de Jes\u00fas.<\/p>\n<p>-Nuestra Semana Santa. Paseo con nuestro Arc\u00e1ngel San Rafael. Para Infantil y primaria<\/p>\n<p><a href=\"https:\/\/www.youtube.com\/watch?v=SZkUIiaICmc&amp;t=255s\">https:\/\/www.youtube.com\/watch?v=SZkUIiaICmc&amp;t=255s<\/a><\/p>\n<p>Despu\u00e9s de ver el v\u00eddeo los de infantil pod\u00e9is confeccionar un nazareno de papel, con la ayuda de los pap\u00e1s.<\/p>\n<p>Despu\u00e9s de ver el v\u00eddeo los alumnos de primaria, pod\u00e9is hacer un paso de Semana Santa con una caja de zapatos, y el Se\u00f1or o la Virgen Mar\u00eda la hac\u00e9is de plastilina o papel.<\/p>\n","protected":false},"excerpt":{"rendered":"<p>TAREAS RELIGI\u00d3N CAT\u00d3LICA&nbsp; &nbsp; &nbsp; LAS PAR\u00c1BOLAS DE JES\u00daS&nbsp;&nbsp;&nbsp;&nbsp;&nbsp;&nbsp;&nbsp; &nbsp; &nbsp;&nbsp;&nbsp;&nbsp;&nbsp;&nbsp;&nbsp;&nbsp;&nbsp;&nbsp; Ve a los siguientes enlaces y haz&nbsp; las actividades propuestas en los mismos. La par\u00e1bola de la oveja perdida. &nbsp; https:\/\/es.liveworksheets.com\/kc261031se &nbsp; La&#46;&#46;&#46;<\/p>\n","protected":false},"author":5592,"featured_media":0,"parent":0,"menu_order":0,"comment_status":"closed","ping_status":"closed","template":"","meta":{"_exactmetrics_skip_tracking":false,"_exactmetrics_sitenote_active":false,"_exactmetrics_sitenote_note":"","_exactmetrics_sitenote_category":0,"ngg_post_thumbnail":0,"footnotes":"","_mc_calendar":[]},"aioseo_notices":[],"_links":{"self":[{"href":"https:\/\/blogsaverroes.juntadeandalucia.es\/ceipgloriafuertes\/wp-json\/wp\/v2\/pages\/2946"}],"collection":[{"href":"https:\/\/blogsaverroes.juntadeandalucia.es\/ceipgloriafuertes\/wp-json\/wp\/v2\/pages"}],"about":[{"href":"https:\/\/blogsaverroes.juntadeandalucia.es\/ceipgloriafuertes\/wp-json\/wp\/v2\/types\/page"}],"author":[{"embeddable":true,"href":"https:\/\/blogsaverroes.juntadeandalucia.es\/ceipgloriafuertes\/wp-json\/wp\/v2\/users\/5592"}],"replies":[{"embeddable":true,"href":"https:\/\/blogsaverroes.juntadeandalucia.es\/ceipgloriafuertes\/wp-json\/wp\/v2\/comments?post=2946"}],"version-history":[{"count":10,"href":"https:\/\/blogsaverroes.juntadeandalucia.es\/ceipgloriafuertes\/wp-json\/wp\/v2\/pages\/2946\/revisions"}],"predecessor-version":[{"id":3249,"href":"https:\/\/blogsaverroes.juntadeandalucia.es\/ceipgloriafuertes\/wp-json\/wp\/v2\/pages\/2946\/revisions\/3249"}],"wp:attachment":[{"href":"https:\/\/blogsaverroes.juntadeandalucia.es\/ceipgloriafuertes\/wp-json\/wp\/v2\/media?parent=2946"}],"curies":[{"name":"wp","href":"https:\/\/api.w.org\/{rel}","templated":true}]}}