{"id":2949,"date":"2020-04-03T09:24:40","date_gmt":"2020-04-03T09:24:40","guid":{"rendered":"https:\/\/blogsaverroes.juntadeandalucia.es\/ceipgloriafuertes\/?page_id=2949"},"modified":"2020-06-02T09:49:07","modified_gmt":"2020-06-02T09:49:07","slug":"religion-5o","status":"publish","type":"page","link":"https:\/\/blogsaverroes.juntadeandalucia.es\/ceipgloriafuertes\/religion-5o\/","title":{"rendered":"RELIGI\u00d3N 5\u00ba"},"content":{"rendered":"<p><span style=\"text-decoration: underline\"><span style=\"font-family: Arial, serif;color: #ff00ff\"><span style=\"font-size: x-large\"><b>&nbsp; &nbsp; &nbsp; &nbsp; &nbsp; &nbsp; &nbsp; &nbsp; &nbsp; &nbsp; &nbsp; &nbsp; TAREAS RELIGI\u00d3N CAT\u00d3LICA&nbsp; &nbsp; &nbsp; &nbsp; &nbsp; &nbsp; &nbsp; &nbsp; &nbsp; &nbsp; &nbsp; &nbsp; &nbsp;&nbsp;<\/b><\/span><\/span><\/span><\/p>\n<p>&nbsp;<\/p>\n<h1><span style=\"text-decoration: underline\"><strong>LOS MILAGROS DE JES\u00daS<\/strong><\/span><\/h1>\n<p><strong>&nbsp;<\/strong><\/p>\n<p>Ve a los siguientes enlaces. Lee, ve los v\u00eddeos y contesta a las preguntas que te aparecen.<\/p>\n<p>&nbsp;<\/p>\n<ul>\n<li><strong>El paral\u00edtico de Betesda.<\/strong><\/li>\n<\/ul>\n<p>&nbsp;&nbsp;&nbsp;&nbsp;&nbsp;&nbsp;&nbsp; <a href=\"https:\/\/es.liveworksheets.com\/xm209060ar\">https:\/\/es.liveworksheets.com\/xm209060ar<\/a><\/p>\n<p>&nbsp;<\/p>\n<ul>\n<li><strong>Jes\u00fas camina sobre el agua.<\/strong><\/li>\n<\/ul>\n<p>&nbsp;&nbsp;&nbsp;&nbsp;&nbsp;&nbsp;&nbsp; <a href=\"https:\/\/es.liveworksheets.com\/ej289684bq\">https:\/\/es.liveworksheets.com\/ej289684bq<\/a><\/p>\n<p>&nbsp;<\/p>\n<p style=\"text-align: center\"><span style=\"text-decoration: underline\"><span style=\"font-family: Arial, serif;color: #ff00ff\"><span style=\"font-size: x-large\"><b>TAREAS RELIGI\u00d3N CAT\u00d3LICA DEL 25 AL 29 DE MAYO<\/b><\/span><\/span><\/span><\/p>\n<p>&nbsp;<\/p>\n<p><strong>V\u00eddeo de los sacramentos<\/strong><\/p>\n<p><iframe loading=\"lazy\" title=\"Los Siete Sacramentos\" width=\"500\" height=\"375\" src=\"https:\/\/www.youtube.com\/embed\/gRplKK9ncWI?feature=oembed&#038;wmode=opaque\" frameborder=\"0\" allow=\"accelerometer; autoplay; clipboard-write; encrypted-media; gyroscope; picture-in-picture; web-share\" referrerpolicy=\"strict-origin-when-cross-origin\" allowfullscreen><\/iframe><\/p>\n<p><strong>Preguntas:<\/strong><\/p>\n<ul>\n<li>\u00bfQu\u00e9 son los sacramentos?<\/li>\n<li>\u00bfCu\u00e1ntos sacramentos hay?<\/li>\n<li>Escribe sus nombres.<\/li>\n<li>\u00bfHas participado en alguno de ellos?<\/li>\n<li>\u00bfC\u00f3mo se llaman las dos ni\u00f1as que salen en el v\u00eddeo?<\/li>\n<li>\u00bfQu\u00e9 te ha gustado m\u00e1s de lo que has visto?<\/li>\n<\/ul>\n<p>&nbsp;<\/p>\n<p><strong>&nbsp;&nbsp; Completa la siguiente ficha: SE HACE SOLO LA PRIMERA FICHA DEL SACRAMENTO DE LA EUCARIST\u00cdA.<\/strong><\/p>\n<p><a href=\"https:\/\/es.liveworksheets.com\/yo323043gs\">https:\/\/es.liveworksheets.com\/yo323043gs<\/a><\/p>\n<p>&nbsp;<\/p>\n<p><strong>CANCI\u00d3N DE LOS SACRAMENTOS.<\/strong><\/p>\n<p><iframe loading=\"lazy\" title=\"Los Siete Sacramentos\" width=\"500\" height=\"375\" src=\"https:\/\/www.youtube.com\/embed\/gRplKK9ncWI?feature=oembed&#038;wmode=opaque\" frameborder=\"0\" allow=\"accelerometer; autoplay; clipboard-write; encrypted-media; gyroscope; picture-in-picture; web-share\" referrerpolicy=\"strict-origin-when-cross-origin\" allowfullscreen><\/iframe><\/p>\n<p><strong> &nbsp; &nbsp; &nbsp; &nbsp;&nbsp;<\/strong><\/p>\n<p><strong>Dibuja el sacramento que m\u00e1s te guste.<\/strong><\/p>\n<p>&nbsp;<\/p>\n<p style=\"text-align: center\"><span style=\"text-decoration: underline\"><span style=\"font-family: Arial, serif;color: #ff00ff\"><span style=\"font-size: x-large\"><b>TAREAS RELIGI\u00d3N CAT\u00d3LICA DEL 18 AL 22 DE MAYO<\/b><\/span><\/span><\/span><\/p>\n<p>&nbsp;<\/p>\n<p><strong>V\u00eddeo de los sacramentos<\/strong><\/p>\n<p><a href=\"https:\/\/www.youtube.com\/watch?v=2FqRMNDVcv8\">https:\/\/www.youtube.com\/watch?v=2FqRMNDVcv8<\/a><\/p>\n<p><strong>Preguntas:<\/strong><\/p>\n<ul>\n<li>\u00bfQu\u00e9 son los sacramentos?<\/li>\n<li>\u00bfCu\u00e1ntos sacramentos hay?<\/li>\n<li>Escribe sus nombres.<\/li>\n<li>\u00bfHas participado en alguno de ellos?<\/li>\n<li>\u00bfC\u00f3mo se llaman las dos ni\u00f1as que salen en el v\u00eddeo?<\/li>\n<li>\u00bfQu\u00e9 te ha gustado m\u00e1s de lo que has visto?<\/li>\n<\/ul>\n<p>&nbsp;<\/p>\n<p><strong>&nbsp;&nbsp; Completa la siguiente ficha: SE HACE SOLO LA PRIMERA FICHA DEL SACRAMENTO DE LA EUCARIST\u00cdA.<\/strong><\/p>\n<p><a href=\"https:\/\/es.liveworksheets.com\/yo323043gs\">https:\/\/es.liveworksheets.com\/yo323043gs<\/a><\/p>\n<p>&nbsp;<\/p>\n<p><strong>CANCI\u00d3N DE LOS SACRAMENTOS.<\/strong><\/p>\n<p><a href=\"https:\/\/www.youtube.com\/watch?v=gRplKK9ncWI\">https:\/\/www.youtube.com\/watch?v=gRplKK9ncWI<\/a>&nbsp;&nbsp;&nbsp;&nbsp;&nbsp;&nbsp;&nbsp;&nbsp;&nbsp;&nbsp;&nbsp;&nbsp;&nbsp;<\/p>\n<p><strong>Dibuja el sacramento que m\u00e1s te guste.<\/strong><\/p>\n<p>&nbsp;<\/p>\n<p>&nbsp;<\/p>\n<p style=\"text-align: center\"><span style=\"text-decoration: underline\"><span style=\"font-family: Arial, serif;color: #ff00ff\"><span style=\"font-size: x-large\"><b>RELIGI\u00d3N CAT\u00d3LICA 1\u00aa QUINCENA DE MAYO<\/b><\/span><\/span><\/span><\/p>\n<p style=\"text-align: center\"><span style=\"font-family: Arial, serif\"><span style=\"font-size: x-large\"><b>MES DE MAR\u00cdA<\/b><\/span><\/span><\/p>\n<p><span style=\"font-family: Arial, serif\"><span style=\"font-size: large\"><b>Actividades para 3\u00ba, 4\u00ba, 5\u00ba y 6\u00ba de primaria.<\/b><\/span><\/span><\/p>\n<p><span style=\"font-family: Arial, serif\"><span style=\"font-size: large\">Ver el siguiente v\u00eddeo de los momentos m\u00e1s importantes de la vida de Mar\u00eda y despu\u00e9s responder a las siguientes preguntas.<\/span><\/span><\/p>\n<p><a href=\"https:\/\/www.youtube.com\/watch?v=b9QTbGMKEHc\">https:\/\/www.youtube.com\/watch?v=b9QTbGMKEHc<\/a><\/p>\n<p><span style=\"font-family: Arial, serif\"><span style=\"font-size: large\"><b>PREGUNTAS:<\/b><\/span><\/span><\/p>\n<ol>\n<li><span style=\"font-family: Arial, serif\"><span style=\"font-size: large\">El v\u00eddeo est\u00e1 formado por nueve partes, bien diferenciadas, escribe el nombre de estas partes.<\/span><\/span><\/li>\n<li><span style=\"font-family: Arial, serif\"><span style=\"font-size: large\">\u00bfQui\u00e9n es el que se aparece a Mar\u00eda en su casa?<\/span><\/span><\/li>\n<li><span style=\"font-family: Arial, serif\"><span style=\"font-size: large\">\u00bfC\u00f3mo se llama la prima de Mar\u00eda?<\/span><\/span><\/li>\n<li><span style=\"font-family: Arial, serif\"><span style=\"font-size: large\">\u00bfQu\u00e9 emperador manda hacer un censo o padr\u00f3n?<\/span><\/span><\/li>\n<li><span style=\"font-family: Arial, serif\"><span style=\"font-size: large\">\u00bfD\u00f3nde nace Jes\u00fas?<\/span><\/span><\/li>\n<li><span style=\"font-family: Arial, serif\"><span style=\"font-size: large\">\u00bfD\u00f3nde llevan a Jes\u00fas unos d\u00edas despu\u00e9s de nacer?<\/span><\/span><\/li>\n<li><span style=\"font-family: Arial, serif\"><span style=\"font-size: large\">\u00bfCu\u00e1ntos magos fueron a visitar a Jes\u00fas? Di sus nombres.<\/span><\/span><\/li>\n<li><span style=\"font-family: Arial, serif\"><span style=\"font-size: large\">\u00bfQu\u00e9 regalos le llevaron? \u00bfDe d\u00f3nde eran esos regalos?<\/span><\/span><\/li>\n<li><span style=\"font-family: Arial, serif\"><span style=\"font-size: large\">\u00bfCon qu\u00e9 edad se pierde Jes\u00fas en el templo?<\/span><\/span><\/li>\n<li><span style=\"font-family: Arial, serif\"><span style=\"font-size: large\">\u00bfD\u00f3nde se celebraron las bodas a las que fue Jes\u00fas?<\/span><\/span><\/li>\n<li><span style=\"font-family: Arial, serif\"><span style=\"font-size: large\">\u00bfCu\u00e1ntas personas aparecen al pie de la cruz de Jes\u00fas?<\/span><\/span><\/li>\n<\/ol>\n<p><span style=\"font-family: Arial, serif\"><span style=\"font-size: large\">Escuchad y cantar esta canci\u00f3n de Mar\u00eda<\/span><\/span><\/p>\n<p><iframe loading=\"lazy\" title=\"Maria Nazaret de Migueli\" width=\"500\" height=\"281\" src=\"https:\/\/www.youtube.com\/embed\/5PcJR7FsFSo?feature=oembed&#038;wmode=opaque\" frameborder=\"0\" allow=\"accelerometer; autoplay; clipboard-write; encrypted-media; gyroscope; picture-in-picture; web-share\" referrerpolicy=\"strict-origin-when-cross-origin\" allowfullscreen><\/iframe><\/p>\n<p><span style=\"font-family: Arial, serif\"><span style=\"font-size: large\"><b>Escribe una oraci\u00f3n a la Virgen Mar\u00eda, si quieres inv\u00e9ntala t\u00fa mismo, en un folio. Luego dec\u00f3rala y haz un dibujo.<\/b><\/span><\/span><\/p>\n<h1>&nbsp;<\/h1>\n<h1 style=\"text-align: center\"><span style=\"text-decoration: underline\"><span style=\"font-size: x-large;color: #339966\"><b>RELIGI\u00d3N CAT\u00d3LICA MES DE ABRIL<\/b><\/span><\/span><\/h1>\n<p>&nbsp;<\/p>\n<p><strong><span style=\"font-size: small\">Tras ver el siguiente v\u00eddeo responder a las siguientes preguntas en una hoja.<\/span><\/strong><\/p>\n<p><a href=\"https:\/\/www.youtube.com\/watch?v=qu5J6ctz39c\"><span style=\"font-size: small\">https:\/\/www.youtube.com\/watch?v=qu5J6ctz39c<\/span><\/a><\/p>\n<p>&nbsp;<\/p>\n<ol>\n<li><strong><span style=\"font-size: small\">Preguntas:<\/span><\/strong><\/li>\n<\/ol>\n<ul>\n<li><span style=\"font-size: small\">\u00bfQu\u00e9 d\u00eda de la semana resucit\u00f3 Jes\u00fas?<\/span><\/li>\n<li><span style=\"font-size: small\">\u00bfQu\u00e9 tiempo dentro de la Iglesia comienza ese d\u00eda?<\/span><\/li>\n<li><span style=\"font-size: small\">\u00bfQui\u00e9nes fueron a visitar la tumba?<\/span><\/li>\n<li><span style=\"font-size: small\">\u00bfQu\u00e9 dos ap\u00f3stoles fueron informados primero de lo que hab\u00eda pasado?<\/span><\/li>\n<li><span style=\"font-size: small\">\u00bfQu\u00e9 significa Rab\u00ed, seg\u00fan se dice en el v\u00eddeo?<\/span><\/li>\n<li><span style=\"font-size: small\">\u00bfEn qu\u00e9 evangelios se cuenta la resurrecci\u00f3n de Jes\u00fas?<\/span><\/li>\n<li><span style=\"font-size: small\">\u00bfQu\u00e9 ser estaba dentro de la tumba cuando entraron las mujeres?<\/span><\/li>\n<\/ul>\n<ol start=\"2\">\n<li><strong><span style=\"font-size: small\">Busca en el diccionario las siguientes palabras:<\/span><\/strong><\/li>\n<\/ol>\n<p><span style=\"font-size: small\">Sudario, sepulcro, resurrecci\u00f3n, ap\u00f3stoles y evangelios.<\/span><\/p>\n<p>&nbsp;<\/p>\n<ol start=\"3\">\n<li><strong><span style=\"font-size: small\">Haz un dibujo de Jes\u00fas resucitado, c\u00f3mo te lo imaginas en ese momento.<\/span><\/strong><\/li>\n<\/ol>\n<ol start=\"4\">\n<li><strong><span style=\"font-size: small\">Despu\u00e9s de ver estos v\u00eddeos que nos explican c\u00f3mo vaciar y pintar <\/span><\/strong><strong><span style=\"font-size: small\">un huevo de Pascua. Hacedlo vosotros con ayuda.<\/span><\/strong><\/li>\n<\/ol>\n<p><a href=\"https:\/\/www.youtube.com\/watch?v=pGRlvhThwBA\"><span style=\"font-size: small\">https:\/\/www.youtube.com\/watch?v=pGRlvhThwBA<\/span><\/a><\/p>\n<p><a href=\"https:\/\/www.youtube.com\/watch?v=8MO_KrTai3I\"><span style=\"font-size: small\">https:\/\/www.youtube.com\/watch?v=8MO_KrTai3I<\/span><\/a><\/p>\n<h2>&nbsp;<\/h2>\n<p>&nbsp;<\/p>\n<h2 style=\"text-align: center\"><span style=\"text-decoration: underline;color: #ff00ff\"><strong><span style=\"font-size: x-large\">RELIGI\u00d3N EVANG\u00c9LICA MES DE ABRIL<\/span><\/strong><\/span><\/h2>\n<p>&nbsp;<\/p>\n<h2><span style=\"color: #ff9900\"><a style=\"color: #ff9900\" href=\"https:\/\/drive.google.com\/open?id=1V-LLNF6RzcXUSsWCckFKkZZVzxGXtmpi\" target=\"_blank\" rel=\"noopener noreferrer\">FICHAS DE TRABAJO.<\/a>&nbsp;<\/span> Pincha y realiza estas fichas y tareas.<\/h2>\n<h2><a href=\"https:\/\/religionevangelicaprimariafemi.jimdofree.com\/5%C2%BA-primaria\/\" target=\"_blank\" rel=\"noopener noreferrer\"><span style=\"color: #ffff00\">TRABAJO \u00abLA FELIZ PROMESA\u00bb<\/span>. PINCHA ESTE ENLACE Y APRENDE<\/a><\/h2>\n<p>&nbsp;<\/p>\n<p>&nbsp;<\/p>\n<h2 style=\"text-align: center\"><span style=\"text-decoration: underline;color: #339966\"><strong><span style=\"font-size: x-large\">RELIGI\u00d3N CAT\u00d3LICA MES DE MARZ<\/span><\/strong><\/span><span style=\"text-decoration: underline;color: #339966\"><strong><span style=\"font-size: x-large\">O<\/span><\/strong><\/span><\/h2>\n<p>&nbsp;<\/p>\n<p>-V\u00eddeo de la pasi\u00f3n, muerte y resurrecci\u00f3n de Jes\u00fas para primaria<\/p>\n<p><a href=\"https:\/\/www.youtube.com\/watch?v=MoPloqRaTDM\">https:\/\/www.youtube.com\/watch?v=MoPloqRaTDM<\/a><\/p>\n<p>Tras ver este v\u00eddeo responder a las siguientes preguntas en una hoja.<\/p>\n<p>Preguntas a este v\u00eddeo:<\/p>\n<p>-\u00bfCu\u00e1ntos d\u00edas dura la Semana Santa?<\/p>\n<p>-\u00bfC\u00f3mo se llama el primer domingo de la Semana Santa? \u00bfQu\u00e9 ocurri\u00f3 ese d\u00eda?<\/p>\n<p>-\u00bfQu\u00e9 d\u00eda celebr\u00f3 Jes\u00fas la \u00faltima cena?<\/p>\n<p>-\u00bfQui\u00e9n lo entreg\u00f3?<\/p>\n<p>-\u00bfD\u00f3nde fue a rezar y con qui\u00e9n?<\/p>\n<p>-\u00bfQu\u00e9 d\u00eda muri\u00f3 Jes\u00fas? \u00bfC\u00f3mo muri\u00f3?<\/p>\n<p>-\u00bfQui\u00e9n estaba con \u00e9l en sus \u00faltimos momentos?<\/p>\n<p>-\u00bfD\u00f3nde lo enterraron?<\/p>\n<p>-\u00bfQu\u00e9 d\u00eda resucit\u00f3 Jes\u00fas?<\/p>\n<p>-V\u00eddeo de la pasi\u00f3n, muerte y resurrecci\u00f3n de Jes\u00fas para infantil<\/p>\n<p><a href=\"https:\/\/www.youtube.com\/watch?v=uzrlUz68Cno\">https:\/\/www.youtube.com\/watch?v=uzrlUz68Cno<\/a><\/p>\n<p>Actividad para infantil. Hacer un dibujo de Jes\u00fas.<\/p>\n<p>-Nuestra Semana Santa. Paseo con nuestro Arc\u00e1ngel San Rafael. Para Infantil y primaria<\/p>\n<p><a href=\"https:\/\/www.youtube.com\/watch?v=SZkUIiaICmc&amp;t=255s\">https:\/\/www.youtube.com\/watch?v=SZkUIiaICmc&amp;t=255s<\/a><\/p>\n<p>Despu\u00e9s de ver el v\u00eddeo los de infantil pod\u00e9is confeccionar un nazareno de papel, con la ayuda de los pap\u00e1s.<\/p>\n<p>Despu\u00e9s de ver el v\u00eddeo los alumnos de primaria, pod\u00e9is hacer un paso de Semana Santa con una caja de zapatos, y el Se\u00f1or o la Virgen Mar\u00eda la hac\u00e9is de plastilina o papel.<\/p>\n","protected":false},"excerpt":{"rendered":"<p>&nbsp; &nbsp; &nbsp; &nbsp; &nbsp; &nbsp; &nbsp; &nbsp; &nbsp; &nbsp; &nbsp; &nbsp; TAREAS RELIGI\u00d3N CAT\u00d3LICA&nbsp; &nbsp; &nbsp; &nbsp; &nbsp; &nbsp; &nbsp; &nbsp; &nbsp; &nbsp; &nbsp; &nbsp; &nbsp;&nbsp; &nbsp; LOS MILAGROS DE JES\u00daS &nbsp; Ve&#46;&#46;&#46;<\/p>\n","protected":false},"author":5592,"featured_media":0,"parent":0,"menu_order":0,"comment_status":"closed","ping_status":"closed","template":"","meta":{"_exactmetrics_skip_tracking":false,"_exactmetrics_sitenote_active":false,"_exactmetrics_sitenote_note":"","_exactmetrics_sitenote_category":0,"ngg_post_thumbnail":0,"footnotes":"","_mc_calendar":[]},"aioseo_notices":[],"_links":{"self":[{"href":"https:\/\/blogsaverroes.juntadeandalucia.es\/ceipgloriafuertes\/wp-json\/wp\/v2\/pages\/2949"}],"collection":[{"href":"https:\/\/blogsaverroes.juntadeandalucia.es\/ceipgloriafuertes\/wp-json\/wp\/v2\/pages"}],"about":[{"href":"https:\/\/blogsaverroes.juntadeandalucia.es\/ceipgloriafuertes\/wp-json\/wp\/v2\/types\/page"}],"author":[{"embeddable":true,"href":"https:\/\/blogsaverroes.juntadeandalucia.es\/ceipgloriafuertes\/wp-json\/wp\/v2\/users\/5592"}],"replies":[{"embeddable":true,"href":"https:\/\/blogsaverroes.juntadeandalucia.es\/ceipgloriafuertes\/wp-json\/wp\/v2\/comments?post=2949"}],"version-history":[{"count":10,"href":"https:\/\/blogsaverroes.juntadeandalucia.es\/ceipgloriafuertes\/wp-json\/wp\/v2\/pages\/2949\/revisions"}],"predecessor-version":[{"id":3250,"href":"https:\/\/blogsaverroes.juntadeandalucia.es\/ceipgloriafuertes\/wp-json\/wp\/v2\/pages\/2949\/revisions\/3250"}],"wp:attachment":[{"href":"https:\/\/blogsaverroes.juntadeandalucia.es\/ceipgloriafuertes\/wp-json\/wp\/v2\/media?parent=2949"}],"curies":[{"name":"wp","href":"https:\/\/api.w.org\/{rel}","templated":true}]}}