{"id":35,"date":"2015-03-13T08:21:43","date_gmt":"2015-03-13T08:21:43","guid":{"rendered":"http:\/\/blogsaverroes.juntadeandalucia.es\/pre\/ceip\/?page_id=35"},"modified":"2018-03-12T10:19:54","modified_gmt":"2018-03-12T10:19:54","slug":"el-centro-2","status":"publish","type":"page","link":"https:\/\/blogsaverroes.juntadeandalucia.es\/ceipgloriafuertes\/el-centro-2\/","title":{"rendered":"Datos del centro"},"content":{"rendered":"<p><iframe loading=\"lazy\" src=\"https:\/\/www.google.com\/maps\/embed?pb=!1m14!1m8!1m3!1d12600.084094704876!2d-4.7853612!3d37.8597985!3m2!1i1024!2i768!4f13.1!3m3!1m2!1s0x0%3A0x98c4018e5867176f!2sColegio+P%C3%BAblico+Gloria+Fuertes!5e0!3m2!1ses!2ses!4v1519639546856\" width=\"600\" height=\"450\" frameborder=\"0\"><\/iframe><\/p>\n<ul>\n<li><b>C\u00f3digo:<\/b>&nbsp;14600693<\/li>\n<li><b>Centro:<\/b>&nbsp;C.E.I.P.&nbsp;Gloria Fuertes<\/li>\n<li><b>Domicilio:<\/b>&nbsp;C\/ General L\u00e1zaro C\u00e1rdenas, 2<\/li>\n<li><b>Localidad:<\/b>&nbsp;C\u00f3rdoba<\/li>\n<li><b>Provincia:<\/b>&nbsp;C\u00f3rdoba<\/li>\n<li><b>C\u00f3digo postal:<\/b>&nbsp;14013<\/li>\n<li><b>Tel\u00e9fono:<\/b>&nbsp;957734706<\/li>\n<li><b>Tel\u00e9fono corp:<\/b>&nbsp;580706<\/li>\n<li><b>Fax:<\/b>&nbsp;957734707<\/li>\n<li><b>email:<\/b>&nbsp; 14600693.edu@juntadeandalucia.e<\/li>\n<\/ul>\n<p>&nbsp;<\/p>\n<h4><strong>Horarios<\/strong><\/h4>\n<p>El horario de apertura del centro comienza a las 7.30h con el aula matinal, y finaliza a las 18h con las actividades extraescolares correspondientes a cada jornada (actividades lectivas, Plan de Acompa\u00f1amiento, actividades deportivas, talleres extraescolares organizados desde el AMPA. etc<\/p>\n<h4>&nbsp;<\/h4>\n","protected":false},"excerpt":{"rendered":"<p>C\u00f3digo:&nbsp;14600693 Centro:&nbsp;C.E.I.P.&nbsp;Gloria Fuertes Domicilio:&nbsp;C\/ General L\u00e1zaro C\u00e1rdenas, 2 Localidad:&nbsp;C\u00f3rdoba Provincia:&nbsp;C\u00f3rdoba C\u00f3digo postal:&nbsp;14013 Tel\u00e9fono:&nbsp;957734706 Tel\u00e9fono corp:&nbsp;580706 Fax:&nbsp;957734707 email:&nbsp; 14600693.edu@juntadeandalucia.e &nbsp; Horarios El horario de apertura del centro comienza a las 7.30h con el aula matinal,&#46;&#46;&#46;<\/p>\n","protected":false},"author":1,"featured_media":0,"parent":0,"menu_order":0,"comment_status":"closed","ping_status":"open","template":"page-cs.php","meta":{"_exactmetrics_skip_tracking":false,"_exactmetrics_sitenote_active":false,"_exactmetrics_sitenote_note":"","_exactmetrics_sitenote_category":0,"ngg_post_thumbnail":0,"footnotes":"","_mc_calendar":[]},"aioseo_notices":[],"_links":{"self":[{"href":"https:\/\/blogsaverroes.juntadeandalucia.es\/ceipgloriafuertes\/wp-json\/wp\/v2\/pages\/35"}],"collection":[{"href":"https:\/\/blogsaverroes.juntadeandalucia.es\/ceipgloriafuertes\/wp-json\/wp\/v2\/pages"}],"about":[{"href":"https:\/\/blogsaverroes.juntadeandalucia.es\/ceipgloriafuertes\/wp-json\/wp\/v2\/types\/page"}],"author":[{"embeddable":true,"href":"https:\/\/blogsaverroes.juntadeandalucia.es\/ceipgloriafuertes\/wp-json\/wp\/v2\/users\/1"}],"replies":[{"embeddable":true,"href":"https:\/\/blogsaverroes.juntadeandalucia.es\/ceipgloriafuertes\/wp-json\/wp\/v2\/comments?post=35"}],"version-history":[{"count":24,"href":"https:\/\/blogsaverroes.juntadeandalucia.es\/ceipgloriafuertes\/wp-json\/wp\/v2\/pages\/35\/revisions"}],"predecessor-version":[{"id":2223,"href":"https:\/\/blogsaverroes.juntadeandalucia.es\/ceipgloriafuertes\/wp-json\/wp\/v2\/pages\/35\/revisions\/2223"}],"wp:attachment":[{"href":"https:\/\/blogsaverroes.juntadeandalucia.es\/ceipgloriafuertes\/wp-json\/wp\/v2\/media?parent=35"}],"curies":[{"name":"wp","href":"https:\/\/api.w.org\/{rel}","templated":true}]}}