{"id":432,"date":"2015-03-20T07:07:25","date_gmt":"2015-03-20T07:07:25","guid":{"rendered":"http:\/\/blogsaverroes.juntadeandalucia.es\/pre\/ceip\/?page_id=432"},"modified":"2020-03-26T12:02:33","modified_gmt":"2020-03-26T12:02:33","slug":"ed-primaria-2o-ciclo","status":"publish","type":"page","link":"https:\/\/blogsaverroes.juntadeandalucia.es\/ceipgloriafuertes\/ed-primaria-2o-ciclo\/","title":{"rendered":"Ed. Primaria. 2\u00ba ciclo"},"content":{"rendered":"<h1 style=\"text-align: center\"><strong><span style=\"color: #ffcc00\">PELIS&#8230;<\/span><\/strong><\/h1>\n<p><a href=\"https:\/\/blogsaverroes.juntadeandalucia.es\/ceipgloriafuertes\/files\/2020\/03\/peliculas-disney.png\"><img loading=\"lazy\" decoding=\"async\" class=\"aligncenter size-full wp-image-2586\" src=\"https:\/\/blogsaverroes.juntadeandalucia.es\/ceipgloriafuertes\/files\/2020\/03\/peliculas-disney.png\" alt=\"\" width=\"753\" height=\"482\" srcset=\"https:\/\/blogsaverroes.juntadeandalucia.es\/ceipgloriafuertes\/files\/2020\/03\/peliculas-disney.png 753w, https:\/\/blogsaverroes.juntadeandalucia.es\/ceipgloriafuertes\/files\/2020\/03\/peliculas-disney-300x192.png 300w, https:\/\/blogsaverroes.juntadeandalucia.es\/ceipgloriafuertes\/files\/2020\/03\/peliculas-disney-280x180.png 280w, https:\/\/blogsaverroes.juntadeandalucia.es\/ceipgloriafuertes\/files\/2020\/03\/peliculas-disney-24x15.png 24w, https:\/\/blogsaverroes.juntadeandalucia.es\/ceipgloriafuertes\/files\/2020\/03\/peliculas-disney-36x23.png 36w, https:\/\/blogsaverroes.juntadeandalucia.es\/ceipgloriafuertes\/files\/2020\/03\/peliculas-disney-48x31.png 48w\" sizes=\"(max-width: 753px) 100vw, 753px\" \/><\/a><\/p>\n<p>&nbsp;<\/p>\n<p>Pincha en el enlace y veras muchas pel\u00edculas de Disney.<\/p>\n<p><a href=\"https:\/\/drive.google.com\/drive\/mobile\/folders\/1ZzGTVAlYoJcEQbKtU1IGcX7Q26JykU8S\" target=\"_blank\" rel=\"noopener noreferrer\">PEL\u00cdCULAS DISNEY<\/a><\/p>\n<p>&nbsp;<\/p>\n<h1><span style=\"color: #0000ff\">&#8212;&#8212;&#8212;&#8212;&#8212;&#8212;&#8212;&#8212;&#8212;&#8212;&#8212;&#8212;&#8212;&#8212;&#8212;&#8212;&#8212;&#8212;&#8212;&#8212;&#8212;&#8212;&#8212;&#8212;&#8212;&#8212;&#8212;&#8212;&#8212;&#8212;&#8212;&#8212;&#8212;&#8212;&#8212;&#8212;&#8212;&#8212;<\/span><\/h1>\n<h1>&nbsp;<\/h1>\n<h1><span style=\"color: #ff0000\">\ud83c\udf37\ud83c\udf39 \u00a1\u00a1\u00a1\u00a1\u00a1\u00a1\u00a1\u00a1\u00a1\u00a1\u00a1\u00a1\u00a1 \ud83d\udc4b\ud83d\udc4b M<span style=\"color: #ff6600\">A<span style=\"color: #008000\">N<span style=\"color: #ff00ff\"><span style=\"color: #ffcc00\">O<\/span>S &nbsp;<span style=\"color: #333399\">A <span style=\"color: #993300\">P<\/span><span style=\"color: #cc99ff\">R<\/span><span style=\"color: #99ccff\">I<\/span>MA<span style=\"color: #00ff00\">V<\/span><span style=\"color: #ffcc99\">E<\/span>R<span style=\"color: #993366\"><span style=\"color: #00ccff\">A \ud83d\udc4b\ud83d\udc4b&nbsp;<\/span> !!!!!!!!!!!!!!!!!!!!! \ud83c\udf3a\ud83c\udf38<\/span><\/span><\/span><\/span><\/span><\/span><\/h1>\n<p>&nbsp;<\/p>\n<p>Chic@s el d\u00eda 20 de marzo entramos en una nueva estaci\u00f3n, ES PRIMAVERA!!!.&nbsp;<\/p>\n<p>Aqu\u00ed ten\u00e9is una Propuesta de Manualidades, para dar alegr\u00eda y color a nuestras casas!!!<\/p>\n<p>&nbsp;<\/p>\n<div id=\"attachment_2712\" style=\"width: 160px\" class=\"wp-caption alignleft\"><img loading=\"lazy\" decoding=\"async\" aria-describedby=\"caption-attachment-2712\" class=\"size-thumbnail wp-image-2712\" src=\"https:\/\/blogsaverroes.juntadeandalucia.es\/ceipgloriafuertes\/files\/2020\/03\/Paisajes-150x150.jpg\" alt=\"\" width=\"150\" height=\"150\" srcset=\"https:\/\/blogsaverroes.juntadeandalucia.es\/ceipgloriafuertes\/files\/2020\/03\/Paisajes-150x150.jpg 150w, https:\/\/blogsaverroes.juntadeandalucia.es\/ceipgloriafuertes\/files\/2020\/03\/Paisajes-100x100.jpg 100w\" sizes=\"(max-width: 150px) 100vw, 150px\" \/><p id=\"caption-attachment-2712\" class=\"wp-caption-text\"><strong><em><span style=\"color: #ff0000\">Paisaje<\/span><\/em><\/strong><\/p><\/div>\n<div id=\"attachment_2708\" style=\"width: 160px\" class=\"wp-caption alignright\"><img loading=\"lazy\" decoding=\"async\" aria-describedby=\"caption-attachment-2708\" class=\"size-thumbnail wp-image-2708\" src=\"https:\/\/blogsaverroes.juntadeandalucia.es\/ceipgloriafuertes\/files\/2020\/03\/Margaritas-coloridas-150x150.jpg\" alt=\"Margaritas Coloridas\" width=\"150\" height=\"150\" srcset=\"https:\/\/blogsaverroes.juntadeandalucia.es\/ceipgloriafuertes\/files\/2020\/03\/Margaritas-coloridas-150x150.jpg 150w, https:\/\/blogsaverroes.juntadeandalucia.es\/ceipgloriafuertes\/files\/2020\/03\/Margaritas-coloridas-100x100.jpg 100w\" sizes=\"(max-width: 150px) 100vw, 150px\" \/><p id=\"caption-attachment-2708\" class=\"wp-caption-text\"><strong><em><span style=\"color: #993366\">Margaritas Coloridas<\/span><\/em><\/strong><\/p><\/div>\n<p>&nbsp;<\/p>\n<div id=\"attachment_2711\" style=\"width: 310px\" class=\"wp-caption aligncenter\"><img loading=\"lazy\" decoding=\"async\" aria-describedby=\"caption-attachment-2711\" class=\"wp-image-2711 size-medium\" src=\"https:\/\/blogsaverroes.juntadeandalucia.es\/ceipgloriafuertes\/files\/2020\/03\/Mariposas-Voladoras-1-300x192.jpg\" alt=\"Mariposas Voladoras\" width=\"300\" height=\"192\" srcset=\"https:\/\/blogsaverroes.juntadeandalucia.es\/ceipgloriafuertes\/files\/2020\/03\/Mariposas-Voladoras-1-300x192.jpg 300w, https:\/\/blogsaverroes.juntadeandalucia.es\/ceipgloriafuertes\/files\/2020\/03\/Mariposas-Voladoras-1-280x180.jpg 280w, https:\/\/blogsaverroes.juntadeandalucia.es\/ceipgloriafuertes\/files\/2020\/03\/Mariposas-Voladoras-1-24x15.jpg 24w, https:\/\/blogsaverroes.juntadeandalucia.es\/ceipgloriafuertes\/files\/2020\/03\/Mariposas-Voladoras-1-36x23.jpg 36w, https:\/\/blogsaverroes.juntadeandalucia.es\/ceipgloriafuertes\/files\/2020\/03\/Mariposas-Voladoras-1-48x31.jpg 48w, https:\/\/blogsaverroes.juntadeandalucia.es\/ceipgloriafuertes\/files\/2020\/03\/Mariposas-Voladoras-1.jpg 550w\" sizes=\"(max-width: 300px) 100vw, 300px\" \/><p id=\"caption-attachment-2711\" class=\"wp-caption-text\"><strong><em><span style=\"color: #ff00ff\">Mariposas Voladoras<\/span><\/em><\/strong><\/p><\/div>\n<p>&nbsp;<\/p>\n<div id=\"attachment_2710\" style=\"width: 310px\" class=\"wp-caption alignleft\"><img loading=\"lazy\" decoding=\"async\" aria-describedby=\"caption-attachment-2710\" class=\"size-medium wp-image-2710\" src=\"https:\/\/blogsaverroes.juntadeandalucia.es\/ceipgloriafuertes\/files\/2020\/03\/Mariposas-Recicladas-300x225.jpg\" alt=\"\" width=\"300\" height=\"225\" srcset=\"https:\/\/blogsaverroes.juntadeandalucia.es\/ceipgloriafuertes\/files\/2020\/03\/Mariposas-Recicladas-300x225.jpg 300w, https:\/\/blogsaverroes.juntadeandalucia.es\/ceipgloriafuertes\/files\/2020\/03\/Mariposas-Recicladas-24x18.jpg 24w, https:\/\/blogsaverroes.juntadeandalucia.es\/ceipgloriafuertes\/files\/2020\/03\/Mariposas-Recicladas-36x27.jpg 36w, https:\/\/blogsaverroes.juntadeandalucia.es\/ceipgloriafuertes\/files\/2020\/03\/Mariposas-Recicladas-48x36.jpg 48w, https:\/\/blogsaverroes.juntadeandalucia.es\/ceipgloriafuertes\/files\/2020\/03\/Mariposas-Recicladas.jpg 600w\" sizes=\"(max-width: 300px) 100vw, 300px\" \/><p id=\"caption-attachment-2710\" class=\"wp-caption-text\"><strong><em><span style=\"color: #339966\">Mariposas Recicladas<\/span><\/em><\/strong><\/p><\/div>\n<div id=\"attachment_2705\" style=\"width: 310px\" class=\"wp-caption alignright\"><img loading=\"lazy\" decoding=\"async\" aria-describedby=\"caption-attachment-2705\" class=\"size-medium wp-image-2705\" src=\"https:\/\/blogsaverroes.juntadeandalucia.es\/ceipgloriafuertes\/files\/2020\/03\/Tulipanes-300x143.jpg\" alt=\"Primavera\" width=\"300\" height=\"143\" srcset=\"https:\/\/blogsaverroes.juntadeandalucia.es\/ceipgloriafuertes\/files\/2020\/03\/Tulipanes-300x143.jpg 300w, https:\/\/blogsaverroes.juntadeandalucia.es\/ceipgloriafuertes\/files\/2020\/03\/Tulipanes.jpg 630w, https:\/\/blogsaverroes.juntadeandalucia.es\/ceipgloriafuertes\/files\/2020\/03\/Tulipanes-24x11.jpg 24w, https:\/\/blogsaverroes.juntadeandalucia.es\/ceipgloriafuertes\/files\/2020\/03\/Tulipanes-36x17.jpg 36w, https:\/\/blogsaverroes.juntadeandalucia.es\/ceipgloriafuertes\/files\/2020\/03\/Tulipanes-48x23.jpg 48w\" sizes=\"(max-width: 300px) 100vw, 300px\" \/><p id=\"caption-attachment-2705\" class=\"wp-caption-text\"><strong><em><span style=\"color: #993300\">Tulipanes<\/span><\/em><\/strong><\/p><\/div>\n<p>&nbsp;<\/p>\n<p>&nbsp;<\/p>\n<p>&nbsp;<\/p>\n<p>&nbsp;<\/p>\n<p>&nbsp;<\/p>\n<div id=\"attachment_2707\" style=\"width: 259px\" class=\"wp-caption aligncenter\"><img loading=\"lazy\" decoding=\"async\" aria-describedby=\"caption-attachment-2707\" class=\"size-medium wp-image-2707\" src=\"https:\/\/blogsaverroes.juntadeandalucia.es\/ceipgloriafuertes\/files\/2020\/03\/Girasoles-1-249x300.jpg\" alt=\"\" width=\"249\" height=\"300\" srcset=\"https:\/\/blogsaverroes.juntadeandalucia.es\/ceipgloriafuertes\/files\/2020\/03\/Girasoles-1-249x300.jpg 249w, https:\/\/blogsaverroes.juntadeandalucia.es\/ceipgloriafuertes\/files\/2020\/03\/Girasoles-1-20x24.jpg 20w, https:\/\/blogsaverroes.juntadeandalucia.es\/ceipgloriafuertes\/files\/2020\/03\/Girasoles-1-30x36.jpg 30w, https:\/\/blogsaverroes.juntadeandalucia.es\/ceipgloriafuertes\/files\/2020\/03\/Girasoles-1-40x48.jpg 40w, https:\/\/blogsaverroes.juntadeandalucia.es\/ceipgloriafuertes\/files\/2020\/03\/Girasoles-1.jpg 360w\" sizes=\"(max-width: 249px) 100vw, 249px\" \/><p id=\"caption-attachment-2707\" class=\"wp-caption-text\"><strong><em><span style=\"color: #ff9900\">Girasoles<\/span><\/em><\/strong><\/p><\/div>\n<p>&nbsp;<\/p>\n<h1><span style=\"color: #0000ff\">&#8230;&#8230;&#8230;&#8230;&#8230;&#8230;&#8230;&#8230;&#8230;&#8230;&#8230;&#8230;&#8230;&#8230;&#8230;&#8230;&#8230;&#8230;&#8230;&#8230;&#8230;&#8230;&#8230;&#8230;&#8230;&#8230;&#8230;&#8230;&#8230;&#8230;&#8230;&#8230;&#8230;&#8230;&#8230;..<\/span><\/h1>\n<p>&nbsp;<\/p>\n<h1 class=\"m-titulo\"><strong><span style=\"color: #ff9900\">5 Manualidades f\u00e1ciles con el cart\u00f3n del papel higi\u00e9nico, \u00a1aprovecha la cuarentena!!!<\/span><\/strong><\/h1>\n<p>&nbsp;<\/p>\n<p>PINCHA EN EL ENLACE:<a href=\"https:\/\/blogsaverroes.juntadeandalucia.es\/ceipgloriafuertes\/files\/2020\/03\/5-ideas-rollo-papel-higienico-casa-.jpg\"><img loading=\"lazy\" decoding=\"async\" class=\"alignright size-medium wp-image-2547\" src=\"https:\/\/blogsaverroes.juntadeandalucia.es\/ceipgloriafuertes\/files\/2020\/03\/5-ideas-rollo-papel-higienico-casa--300x180.jpg\" alt=\"\" width=\"300\" height=\"180\" srcset=\"https:\/\/blogsaverroes.juntadeandalucia.es\/ceipgloriafuertes\/files\/2020\/03\/5-ideas-rollo-papel-higienico-casa--300x180.jpg 300w, https:\/\/blogsaverroes.juntadeandalucia.es\/ceipgloriafuertes\/files\/2020\/03\/5-ideas-rollo-papel-higienico-casa--24x14.jpg 24w, https:\/\/blogsaverroes.juntadeandalucia.es\/ceipgloriafuertes\/files\/2020\/03\/5-ideas-rollo-papel-higienico-casa--36x22.jpg 36w, https:\/\/blogsaverroes.juntadeandalucia.es\/ceipgloriafuertes\/files\/2020\/03\/5-ideas-rollo-papel-higienico-casa--48x29.jpg 48w, https:\/\/blogsaverroes.juntadeandalucia.es\/ceipgloriafuertes\/files\/2020\/03\/5-ideas-rollo-papel-higienico-casa-.jpg 668w\" sizes=\"(max-width: 300px) 100vw, 300px\" \/><\/a><\/p>\n<p><a href=\"https:\/\/www.hogarmania.com\/decoracion\/manualidades\/otros\/202003\/manualidades-faciles-carton-papel-higienico-45827.html\" target=\"_blank\" rel=\"noopener noreferrer\">MANUALIDADES F\u00c1CILES CON CART\u00d3N<\/a><\/p>\n<p data-wp-editing=\"1\">&nbsp;<\/p>\n<h1 class=\"m-titulo\">&nbsp;<\/h1>\n<p>&nbsp;<\/p>\n<p>&nbsp;<\/p>\n<p>&nbsp;<\/p>\n<h4>&nbsp;<\/h4>\n<h1><strong><span style=\"color: #3366ff\">&#8212;&#8212;&#8212;&#8212;&#8212;&#8212;&#8212;&#8212;&#8212;&#8212;&#8212;&#8212;&#8212;&#8212;&#8212;&#8212;&#8212;&#8212;&#8212;&#8212;&#8212;&#8212;&#8212;&#8212;&#8212;&#8212;<\/span><\/strong><\/h1>\n<h4>&nbsp;<\/h4>\n<h4>&nbsp;<\/h4>\n<p>&nbsp;<\/p>\n<p>&nbsp;<\/p>\n<p>&nbsp;<\/p>\n<p>&nbsp;<\/p>\n<p>&nbsp;<\/p>\n<p>&nbsp;<\/p>\n<h4>\u00bfJugamos?<\/h4>\n<p><a title=\"Jugamos geometr\u00eda\" href=\"http:\/\/agrega.juntadeandalucia.es\/visualizar\/es\/es_2008052713_0201200\/false\" target=\"_blank\" rel=\"noopener noreferrer\"><img loading=\"lazy\" decoding=\"async\" class=\"alignnone size-medium wp-image-1607\" src=\"https:\/\/blogsaverroes.juntadeandalucia.es\/ceipgloriafuertes\/files\/2015\/03\/jugamos_geometria-300x183.jpg\" alt=\"jugamos_geometria\" width=\"300\" height=\"183\" srcset=\"https:\/\/blogsaverroes.juntadeandalucia.es\/ceipgloriafuertes\/files\/2015\/03\/jugamos_geometria-300x183.jpg 300w, https:\/\/blogsaverroes.juntadeandalucia.es\/ceipgloriafuertes\/files\/2015\/03\/jugamos_geometria.jpg 752w\" sizes=\"(max-width: 300px) 100vw, 300px\" \/><\/a><\/p>\n<p>Secuencia did\u00e1ctica para trabajar las formas geom\u00e9tricas b\u00e1sicas, su situaci\u00f3n en el espacio y clasificaci\u00f3n en funci\u00f3n de los colores.<\/p>\n<p>&nbsp;<\/p>\n<p>&nbsp;<\/p>\n","protected":false},"excerpt":{"rendered":"<p>PELIS&#8230; &nbsp; Pincha en el enlace y veras muchas pel\u00edculas de Disney. PEL\u00cdCULAS DISNEY &nbsp; &#8212;&#8212;&#8212;&#8212;&#8212;&#8212;&#8212;&#8212;&#8212;&#8212;&#8212;&#8212;&#8212;&#8212;&#8212;&#8212;&#8212;&#8212;&#8212;&#8212;&#8212;&#8212;&#8212;&#8212;&#8212;&#8212;&#8212;&#8212;&#8212;&#8212;&#8212;&#8212;&#8212;&#8212;&#8212;&#8212;&#8212;&#8212; &nbsp; \ud83c\udf37\ud83c\udf39 \u00a1\u00a1\u00a1\u00a1\u00a1\u00a1\u00a1\u00a1\u00a1\u00a1\u00a1\u00a1\u00a1 \ud83d\udc4b\ud83d\udc4b MANOS &nbsp;A PRIMAVERA \ud83d\udc4b\ud83d\udc4b&nbsp; !!!!!!!!!!!!!!!!!!!!! \ud83c\udf3a\ud83c\udf38 &nbsp; Chic@s el d\u00eda 20 de marzo entramos&#46;&#46;&#46;<\/p>\n","protected":false},"author":1,"featured_media":0,"parent":0,"menu_order":0,"comment_status":"closed","ping_status":"open","template":"page-sc.php","meta":{"_exactmetrics_skip_tracking":false,"_exactmetrics_sitenote_active":false,"_exactmetrics_sitenote_note":"","_exactmetrics_sitenote_category":0,"ngg_post_thumbnail":0,"footnotes":"","_mc_calendar":[]},"aioseo_notices":[],"_links":{"self":[{"href":"https:\/\/blogsaverroes.juntadeandalucia.es\/ceipgloriafuertes\/wp-json\/wp\/v2\/pages\/432"}],"collection":[{"href":"https:\/\/blogsaverroes.juntadeandalucia.es\/ceipgloriafuertes\/wp-json\/wp\/v2\/pages"}],"about":[{"href":"https:\/\/blogsaverroes.juntadeandalucia.es\/ceipgloriafuertes\/wp-json\/wp\/v2\/types\/page"}],"author":[{"embeddable":true,"href":"https:\/\/blogsaverroes.juntadeandalucia.es\/ceipgloriafuertes\/wp-json\/wp\/v2\/users\/1"}],"replies":[{"embeddable":true,"href":"https:\/\/blogsaverroes.juntadeandalucia.es\/ceipgloriafuertes\/wp-json\/wp\/v2\/comments?post=432"}],"version-history":[{"count":9,"href":"https:\/\/blogsaverroes.juntadeandalucia.es\/ceipgloriafuertes\/wp-json\/wp\/v2\/pages\/432\/revisions"}],"predecessor-version":[{"id":2734,"href":"https:\/\/blogsaverroes.juntadeandalucia.es\/ceipgloriafuertes\/wp-json\/wp\/v2\/pages\/432\/revisions\/2734"}],"wp:attachment":[{"href":"https:\/\/blogsaverroes.juntadeandalucia.es\/ceipgloriafuertes\/wp-json\/wp\/v2\/media?parent=432"}],"curies":[{"name":"wp","href":"https:\/\/api.w.org\/{rel}","templated":true}]}}