{"id":434,"date":"2020-03-03T07:07:50","date_gmt":"2020-03-03T07:07:50","guid":{"rendered":"http:\/\/blogsaverroes.juntadeandalucia.es\/pre\/ceip\/?page_id=434"},"modified":"2020-04-23T08:55:03","modified_gmt":"2020-04-23T08:55:03","slug":"materiales-recursos-2","status":"publish","type":"page","link":"https:\/\/blogsaverroes.juntadeandalucia.es\/ceipgloriafuertes\/ed-primaria-3o-ciclo\/materiales-recursos-2\/","title":{"rendered":"E.P. 2\u00ba ciclo. Materiales, recursos&#8230;"},"content":{"rendered":"<p>&nbsp;<\/p>\n<p>A continuaci\u00f3n os dejo materiales y actividades para trabajar en casa y continuar con el aprendizaje de nuestros alum@s.<\/p>\n<p>&nbsp;<\/p>\n<h2><span style=\"color: #33cccc\"><a style=\"color: #33cccc\" href=\"https:\/\/drive.google.com\/open?id=1G_MBr6UUPUorOmOuif86zeNd3iuJMSkK\" target=\"_blank\" rel=\"noopener noreferrer\"><strong>50 EXPERIMENTOS PARA REALIZAR EN CASA<\/strong><\/a><\/span><\/h2>\n<p>&nbsp;<\/p>\n<p>&nbsp;<\/p>\n<h2><span style=\"color: #99cc00\"><a style=\"color: #99cc00\" href=\"https:\/\/drive.google.com\/open?id=10w9wu5v3TreCTWavY8odGntQJ2PY_zX6\" target=\"_blank\" rel=\"noopener noreferrer\"><strong>LIBRO DE ACTIVIDADES DIVERTID\u00cdSIMAS<\/strong><\/a><\/span><\/h2>\n<h1 style=\"text-align: center\"><span style=\"text-decoration: underline\"><span style=\"color: #0000ff\"><strong>MATEM\u00c1TICAS<\/strong><\/span><\/span><\/h1>\n<p>&nbsp;<\/p>\n<h3><a href=\"https:\/\/es.ixl.com\/\" target=\"_blank\" rel=\"noopener noreferrer\"><span style=\"text-decoration: underline\"><strong>ACTIVIDADES PARA TRABAJAR EN CASA<\/strong><\/span><\/a><\/h3>\n<p>&nbsp;<\/p>\n<p><span style=\"color: #006666\"><span style=\"font-size: large\"><u><b>TABLAS DE MULTIPLICAR MUSICALES<\/b><\/u><\/span><\/span><\/p>\n<p><span style=\"color: #009999\"><b>Aprende las tablas de multiplicar con m\u00fasica. Son divertidas y f\u00e1ciles. Adem\u00e1s pasar\u00e1s un buen rato &#8230; (Pincha el enlace y canta)<\/b><\/span><\/p>\n<p><a href=\"https:\/\/www.youtube.com\/watch?v=JWy_EyesWWM\" target=\"_blank\" rel=\"noopener noreferrer\">TABLA DEL 1&nbsp; &nbsp; &nbsp; &nbsp; &nbsp;<\/a><a href=\"https:\/\/www.youtube.com\/watch?v=oxmlTdVPIaQ\" target=\"_blank\" rel=\"noopener noreferrer\">TABLA DEL 2&nbsp; &nbsp; &nbsp; &nbsp; <\/a>T<a href=\"https:\/\/www.youtube.com\/watch?v=PDTx53OKoyc\" target=\"_blank\" rel=\"noopener noreferrer\">ABLA DEL 3&nbsp; &nbsp; &nbsp; &nbsp; &nbsp;<\/a><a href=\"https:\/\/www.youtube.com\/watch?v=HYO90auVgjo\" target=\"_blank\" rel=\"noopener noreferrer\">TABLA DEL 4 &nbsp; &nbsp; &nbsp; <\/a><a href=\"https:\/\/www.youtube.com\/watch?v=4BIKXnkExCQ\" target=\"_blank\" rel=\"noopener noreferrer\">TABLA DEL 5<\/a><\/p>\n<p><a href=\"https:\/\/www.youtube.com\/watch?v=C3UqkzYgPj4\" target=\"_blank\" rel=\"noopener noreferrer\">TABLA DEL 6 &nbsp; &nbsp; &nbsp; &nbsp; <\/a><a href=\"https:\/\/www.youtube.com\/watch?v=GoxmKQ0xo-I\" target=\"_blank\" rel=\"noopener noreferrer\">TABLA DEL 7 &nbsp; &nbsp; &nbsp; &nbsp;<\/a><a href=\"https:\/\/www.youtube.com\/watch?v=KMOcLnIJui4\" target=\"_blank\" rel=\"noopener noreferrer\">TABLA DEL 8 &nbsp; &nbsp; &nbsp; &nbsp; &nbsp;<\/a><a href=\"https:\/\/www.youtube.com\/watch?v=qBd2K8sjqE8\" target=\"_blank\" rel=\"noopener noreferrer\">TABLA DEL 9 &nbsp; &nbsp; &nbsp; <\/a><a href=\"https:\/\/www.youtube.com\/watch?v=pNdfOlfis_E\" target=\"_blank\" rel=\"noopener noreferrer\">TABLA DEL 10<\/a><\/p>\n<p>&nbsp;<\/p>\n<p>&nbsp;<\/p>\n<h1 style=\"text-align: center\"><span style=\"text-decoration: underline\"><span style=\"color: #ff6600\"><strong>LENGUA<\/strong><\/span><\/span><\/h1>\n<h2>&nbsp;<\/h2>\n<h2><a href=\"https:\/\/www.imageneseducativas.com\/comprension-lectora-primaria-y-primer-grado\/\" target=\"_blank\" rel=\"noopener noreferrer\"><span style=\"color: #ff9900\"><strong>LECTURAS COMPRENSIVAS PRIMARIA. P\u00e1gina web por cursos para leer y comprender.<\/strong><\/span><\/a><\/h2>\n<p>&nbsp;<\/p>\n<p>&nbsp;<\/p>\n<p>&nbsp;<\/p>\n","protected":false},"excerpt":{"rendered":"<p>&nbsp; A continuaci\u00f3n os dejo materiales y actividades para trabajar en casa y continuar con el aprendizaje de nuestros alum@s. &nbsp; 50 EXPERIMENTOS PARA REALIZAR EN CASA &nbsp; &nbsp; LIBRO DE ACTIVIDADES DIVERTID\u00cdSIMAS MATEM\u00c1TICAS&#46;&#46;&#46;<\/p>\n","protected":false},"author":1,"featured_media":0,"parent":436,"menu_order":0,"comment_status":"closed","ping_status":"open","template":"page-sc.php","meta":{"_exactmetrics_skip_tracking":false,"_exactmetrics_sitenote_active":false,"_exactmetrics_sitenote_note":"","_exactmetrics_sitenote_category":0,"ngg_post_thumbnail":0,"footnotes":"","_mc_calendar":[]},"aioseo_notices":[],"_links":{"self":[{"href":"https:\/\/blogsaverroes.juntadeandalucia.es\/ceipgloriafuertes\/wp-json\/wp\/v2\/pages\/434"}],"collection":[{"href":"https:\/\/blogsaverroes.juntadeandalucia.es\/ceipgloriafuertes\/wp-json\/wp\/v2\/pages"}],"about":[{"href":"https:\/\/blogsaverroes.juntadeandalucia.es\/ceipgloriafuertes\/wp-json\/wp\/v2\/types\/page"}],"author":[{"embeddable":true,"href":"https:\/\/blogsaverroes.juntadeandalucia.es\/ceipgloriafuertes\/wp-json\/wp\/v2\/users\/1"}],"replies":[{"embeddable":true,"href":"https:\/\/blogsaverroes.juntadeandalucia.es\/ceipgloriafuertes\/wp-json\/wp\/v2\/comments?post=434"}],"version-history":[{"count":14,"href":"https:\/\/blogsaverroes.juntadeandalucia.es\/ceipgloriafuertes\/wp-json\/wp\/v2\/pages\/434\/revisions"}],"predecessor-version":[{"id":3150,"href":"https:\/\/blogsaverroes.juntadeandalucia.es\/ceipgloriafuertes\/wp-json\/wp\/v2\/pages\/434\/revisions\/3150"}],"up":[{"embeddable":true,"href":"https:\/\/blogsaverroes.juntadeandalucia.es\/ceipgloriafuertes\/wp-json\/wp\/v2\/pages\/436"}],"wp:attachment":[{"href":"https:\/\/blogsaverroes.juntadeandalucia.es\/ceipgloriafuertes\/wp-json\/wp\/v2\/media?parent=434"}],"curies":[{"name":"wp","href":"https:\/\/api.w.org\/{rel}","templated":true}]}}