{"id":99,"date":"2015-03-16T07:22:54","date_gmt":"2015-03-16T07:22:54","guid":{"rendered":"http:\/\/blogsaverroes.juntadeandalucia.es\/pre\/ceip\/?page_id=99"},"modified":"2018-03-12T10:08:43","modified_gmt":"2018-03-12T10:08:43","slug":"comedor-escolar","status":"publish","type":"page","link":"https:\/\/blogsaverroes.juntadeandalucia.es\/ceipgloriafuertes\/comedor-escolar\/","title":{"rendered":"Comedor Escolar"},"content":{"rendered":"<p>Los comedores escolares son un servicio complementario que resulta de gran utilidad a padres y madres para ayudarles a&nbsp;conciliar la vida laboral y familiar. Tienen una duraci\u00f3n de hasta dos horas desde que acaba la jornada escolar de la ma\u00f1ana (de 14.00 a 16.00 horas).<\/p>\n<p>Los comedores son adem\u00e1s una pieza importante&nbsp;en todas las medidas dirigidas a mejorar los h\u00e1bitos alimenticios de los ni\u00f1os y ni\u00f1as y prevenir problemas de salud como la obesidad.<\/p>\n<p>Los comedores escolares de los centros p\u00fablicos andaluces promueven una alimentaci\u00f3n saludable que est\u00e1 supervisada por nutricionistas y que, entre otros aspectos, se caracteriza por:<\/p>\n<p>Una mayor proporci\u00f3n de verdura en los men\u00fas<\/p>\n<p>Fruta fresca como postre al menos cuatro d\u00edas a la semana<\/p>\n<p>Uso de aceite de oliva virgen extra<\/p>\n<p>M\u00e1s pescado que carne, que debe ser magra<\/p>\n<p>Prohibici\u00f3n de los alimentos precocinados y limitaci\u00f3n de los fritos<\/p>\n<p>Apuesta por la dieta mediterr\u00e1nea y los productos ecol\u00f3gicos<\/p>\n<p>Nuestro centro cuenta con cocina propia, gestionada por profesionales de la restauraci\u00f3n.<\/p>\n<p><a href=\"https:\/\/blogsaverroes.juntadeandalucia.es\/ceipgloriafuertes\/files\/2015\/03\/DSC_0212.jpg\"><img loading=\"lazy\" decoding=\"async\" class=\"size-medium wp-image-2215 alignright\" src=\"https:\/\/blogsaverroes.juntadeandalucia.es\/ceipgloriafuertes\/files\/2015\/03\/DSC_0212-300x169.jpg\" alt=\"\" width=\"300\" height=\"169\" srcset=\"https:\/\/blogsaverroes.juntadeandalucia.es\/ceipgloriafuertes\/files\/2015\/03\/DSC_0212-300x169.jpg 300w, https:\/\/blogsaverroes.juntadeandalucia.es\/ceipgloriafuertes\/files\/2015\/03\/DSC_0212-1024x576.jpg 1024w, https:\/\/blogsaverroes.juntadeandalucia.es\/ceipgloriafuertes\/files\/2015\/03\/DSC_0212-24x14.jpg 24w, https:\/\/blogsaverroes.juntadeandalucia.es\/ceipgloriafuertes\/files\/2015\/03\/DSC_0212-36x20.jpg 36w, https:\/\/blogsaverroes.juntadeandalucia.es\/ceipgloriafuertes\/files\/2015\/03\/DSC_0212-48x27.jpg 48w, https:\/\/blogsaverroes.juntadeandalucia.es\/ceipgloriafuertes\/files\/2015\/03\/DSC_0212.jpg 1600w\" sizes=\"(max-width: 300px) 100vw, 300px\" \/><\/a><a href=\"https:\/\/blogsaverroes.juntadeandalucia.es\/ceipgloriafuertes\/files\/2015\/03\/DSC_0213-1.jpg\"><img loading=\"lazy\" decoding=\"async\" class=\"size-medium wp-image-2214 alignleft\" src=\"https:\/\/blogsaverroes.juntadeandalucia.es\/ceipgloriafuertes\/files\/2015\/03\/DSC_0213-1-300x169.jpg\" alt=\"\" width=\"300\" height=\"169\" srcset=\"https:\/\/blogsaverroes.juntadeandalucia.es\/ceipgloriafuertes\/files\/2015\/03\/DSC_0213-1-300x169.jpg 300w, https:\/\/blogsaverroes.juntadeandalucia.es\/ceipgloriafuertes\/files\/2015\/03\/DSC_0213-1-1024x576.jpg 1024w, https:\/\/blogsaverroes.juntadeandalucia.es\/ceipgloriafuertes\/files\/2015\/03\/DSC_0213-1-24x14.jpg 24w, https:\/\/blogsaverroes.juntadeandalucia.es\/ceipgloriafuertes\/files\/2015\/03\/DSC_0213-1-36x20.jpg 36w, https:\/\/blogsaverroes.juntadeandalucia.es\/ceipgloriafuertes\/files\/2015\/03\/DSC_0213-1-48x27.jpg 48w, https:\/\/blogsaverroes.juntadeandalucia.es\/ceipgloriafuertes\/files\/2015\/03\/DSC_0213-1.jpg 1600w\" sizes=\"(max-width: 300px) 100vw, 300px\" \/><\/a><\/p>\n<p>&nbsp;<\/p>\n<p>&nbsp;<\/p>\n<p>&nbsp;<\/p>\n<p>&nbsp;<\/p>\n<p>&nbsp;<\/p>\n<p>&nbsp;<\/p>\n","protected":false},"excerpt":{"rendered":"<p>Los comedores escolares son un servicio complementario que resulta de gran utilidad a padres y madres para ayudarles a&nbsp;conciliar la vida laboral y familiar. Tienen una duraci\u00f3n de hasta dos horas desde que acaba&#46;&#46;&#46;<\/p>\n","protected":false},"author":1,"featured_media":0,"parent":0,"menu_order":0,"comment_status":"closed","ping_status":"open","template":"page-cs.php","meta":{"_exactmetrics_skip_tracking":false,"_exactmetrics_sitenote_active":false,"_exactmetrics_sitenote_note":"","_exactmetrics_sitenote_category":0,"ngg_post_thumbnail":0,"footnotes":"","_mc_calendar":[]},"aioseo_notices":[],"_links":{"self":[{"href":"https:\/\/blogsaverroes.juntadeandalucia.es\/ceipgloriafuertes\/wp-json\/wp\/v2\/pages\/99"}],"collection":[{"href":"https:\/\/blogsaverroes.juntadeandalucia.es\/ceipgloriafuertes\/wp-json\/wp\/v2\/pages"}],"about":[{"href":"https:\/\/blogsaverroes.juntadeandalucia.es\/ceipgloriafuertes\/wp-json\/wp\/v2\/types\/page"}],"author":[{"embeddable":true,"href":"https:\/\/blogsaverroes.juntadeandalucia.es\/ceipgloriafuertes\/wp-json\/wp\/v2\/users\/1"}],"replies":[{"embeddable":true,"href":"https:\/\/blogsaverroes.juntadeandalucia.es\/ceipgloriafuertes\/wp-json\/wp\/v2\/comments?post=99"}],"version-history":[{"count":8,"href":"https:\/\/blogsaverroes.juntadeandalucia.es\/ceipgloriafuertes\/wp-json\/wp\/v2\/pages\/99\/revisions"}],"predecessor-version":[{"id":2219,"href":"https:\/\/blogsaverroes.juntadeandalucia.es\/ceipgloriafuertes\/wp-json\/wp\/v2\/pages\/99\/revisions\/2219"}],"wp:attachment":[{"href":"https:\/\/blogsaverroes.juntadeandalucia.es\/ceipgloriafuertes\/wp-json\/wp\/v2\/media?parent=99"}],"curies":[{"name":"wp","href":"https:\/\/api.w.org\/{rel}","templated":true}]}}