{"id":2231,"date":"2020-02-01T21:53:24","date_gmt":"2020-02-01T21:53:24","guid":{"rendered":"https:\/\/blogsaverroes.juntadeandalucia.es\/ceipgregoriomaranon\/?page_id=2231"},"modified":"2020-02-09T19:47:18","modified_gmt":"2020-02-09T19:47:18","slug":"actividades-complementarias","status":"publish","type":"page","link":"https:\/\/blogsaverroes.juntadeandalucia.es\/ceipgregoriomaranon\/actividades-complementarias\/","title":{"rendered":"Actividades Complementarias"},"content":{"rendered":"<p><strong>Una ni\u00f1a triste en el espejo<\/strong><\/p>\n<p>La profesora de m\u00fasica ha preparado esta actividad con todo el alumnado del centro y as\u00ed ha quedado&#8230;<\/p>\n<p><a href=\"https:\/\/blogsaverroes.juntadeandalucia.es\/ceipgregoriomaranon\/files\/2020\/02\/Una-ni\u00f1a-triste-el-espejo-1.jpg\"><img fetchpriority=\"high\" decoding=\"async\" class=\"size-medium wp-image-2297 alignleft\" src=\"https:\/\/blogsaverroes.juntadeandalucia.es\/ceipgregoriomaranon\/files\/2020\/02\/Una-ni\u00f1a-triste-el-espejo-1-300x172.jpg\" alt=\"\" width=\"300\" height=\"172\" srcset=\"https:\/\/blogsaverroes.juntadeandalucia.es\/ceipgregoriomaranon\/files\/2020\/02\/Una-ni\u00f1a-triste-el-espejo-1-300x172.jpg 300w, https:\/\/blogsaverroes.juntadeandalucia.es\/ceipgregoriomaranon\/files\/2020\/02\/Una-ni\u00f1a-triste-el-espejo-1-768x440.jpg 768w, https:\/\/blogsaverroes.juntadeandalucia.es\/ceipgregoriomaranon\/files\/2020\/02\/Una-ni\u00f1a-triste-el-espejo-1.jpg 874w, https:\/\/blogsaverroes.juntadeandalucia.es\/ceipgregoriomaranon\/files\/2020\/02\/Una-ni\u00f1a-triste-el-espejo-1-24x14.jpg 24w, https:\/\/blogsaverroes.juntadeandalucia.es\/ceipgregoriomaranon\/files\/2020\/02\/Una-ni\u00f1a-triste-el-espejo-1-36x21.jpg 36w, https:\/\/blogsaverroes.juntadeandalucia.es\/ceipgregoriomaranon\/files\/2020\/02\/Una-ni\u00f1a-triste-el-espejo-1-48x28.jpg 48w\" sizes=\"(max-width: 300px) 100vw, 300px\" \/><\/a><\/p>\n<p>&nbsp;<\/p>\n<p>&nbsp;<\/p>\n<p><strong><a href=\"https:\/\/drive.google.com\/file\/d\/1UsEEE6Z3pz4JUg3NbVzkgtg1xhhlksSn\/view?usp=sharing\">Una ni\u00f1a triste en el espejo<\/a><\/strong><\/p>\n<p>&nbsp;<\/p>\n<p>&nbsp;<\/p>\n<p>&nbsp;<\/p>\n<p>&nbsp;<\/p>\n<p><strong>Cuento sobre Violencia de G\u00e9nero&nbsp;<span class=\"_5mfr\"><span class=\"_6qdm\">\ud83d\udc4a<\/span><\/span><\/strong><br \/>\nEl grupo \u00abCientacuentos Cuentapi\u00e9s\u00bb<span class=\"_5mfr\"><span class=\"_6qdm\">\ud83d\udc69\u200d\u2696<\/span><\/span><span class=\"_5mfr\"><span class=\"_6qdm\">\ud83d\udc69\u200d\u2696<\/span><\/span><span class=\"_5mfr\"><span class=\"_6qdm\">\ud83d\udc69\u200d\u2696<\/span><\/span>&nbsp;formado por un grupo de Pedagogas, Psic\u00f3logas y Educadoras han venido al centro para contarle al alumnado<span class=\"_5mfr\"><span class=\"_6qdm\">\ud83d\udc68\u200d\ud83c\udf93<\/span><\/span><span class=\"_5mfr\"><span class=\"_6qdm\">\ud83d\udc69\u200d\ud83c\udf93<\/span><\/span>, desde Infantil de tres a\u00f1os hasta 6\u00b0, un cuento<span class=\"_5mfr\"><span class=\"_6qdm\">\ud83d\udcdc<\/span><\/span>&nbsp;para trabajar el tema de la violencia de g\u00e9nero.<br \/>\nHa sido muy interesante y el alumnado se ha implicado en esta actividad.<\/p>\n<p><a href=\"https:\/\/blogsaverroes.juntadeandalucia.es\/ceipgregoriomaranon\/files\/2020\/02\/Violencia-de-G\u00e9nero.jpg\"><img decoding=\"async\" class=\"size-full wp-image-2293 alignleft\" src=\"https:\/\/blogsaverroes.juntadeandalucia.es\/ceipgregoriomaranon\/files\/2020\/02\/Violencia-de-G\u00e9nero.jpg\" alt=\"\" width=\"224\" height=\"205\" srcset=\"https:\/\/blogsaverroes.juntadeandalucia.es\/ceipgregoriomaranon\/files\/2020\/02\/Violencia-de-G\u00e9nero.jpg 224w, https:\/\/blogsaverroes.juntadeandalucia.es\/ceipgregoriomaranon\/files\/2020\/02\/Violencia-de-G\u00e9nero-24x22.jpg 24w, https:\/\/blogsaverroes.juntadeandalucia.es\/ceipgregoriomaranon\/files\/2020\/02\/Violencia-de-G\u00e9nero-36x33.jpg 36w, https:\/\/blogsaverroes.juntadeandalucia.es\/ceipgregoriomaranon\/files\/2020\/02\/Violencia-de-G\u00e9nero-48x44.jpg 48w\" sizes=\"(max-width: 224px) 100vw, 224px\" \/><\/a><\/p>\n<p>&nbsp;<\/p>\n<p><strong><a href=\"https:\/\/drive.google.com\/file\/d\/1u-2WVsfepSMtVQ7HwYJosTHF4aW3kPYV\/view?usp=sharing\">Cuentacuentos sobre la Violencia de G\u00e9nero<\/a><\/strong><\/p>\n<p>&nbsp;<\/p>\n<p>&nbsp;<\/p>\n<p>&nbsp;<\/p>\n<p>&nbsp;<\/p>\n<p><span style=\"text-decoration: underline\"><em><strong>Celebraci\u00f3n del D\u00eda de la No Violencia de G\u00e9nero<\/strong><\/em><\/span><\/p>\n<p>El 25 de Noviembre el alumnado de 6\u00ba de E.P. particip\u00f3 en una marcha contra la violencia de g\u00e9nero organizada por el Servicio de Bienestar social del Ayuntamiento del Rinc\u00f3n de la Victoria. A esta marcha asistieron con las pancartas que hab\u00edan elaborado el alumnado del centro.<\/p>\n<p><a href=\"https:\/\/blogsaverroes.juntadeandalucia.es\/ceipgregoriomaranon\/files\/2020\/02\/Violencia-de-g\u00e9nero-2-1.jpg\"><img decoding=\"async\" class=\"size-medium wp-image-2241 alignleft\" src=\"https:\/\/blogsaverroes.juntadeandalucia.es\/ceipgregoriomaranon\/files\/2020\/02\/Violencia-de-g\u00e9nero-2-1-300x207.jpg\" alt=\"\" width=\"300\" height=\"207\" srcset=\"https:\/\/blogsaverroes.juntadeandalucia.es\/ceipgregoriomaranon\/files\/2020\/02\/Violencia-de-g\u00e9nero-2-1-300x207.jpg 300w, https:\/\/blogsaverroes.juntadeandalucia.es\/ceipgregoriomaranon\/files\/2020\/02\/Violencia-de-g\u00e9nero-2-1-768x529.jpg 768w, https:\/\/blogsaverroes.juntadeandalucia.es\/ceipgregoriomaranon\/files\/2020\/02\/Violencia-de-g\u00e9nero-2-1-24x17.jpg 24w, https:\/\/blogsaverroes.juntadeandalucia.es\/ceipgregoriomaranon\/files\/2020\/02\/Violencia-de-g\u00e9nero-2-1-36x25.jpg 36w, https:\/\/blogsaverroes.juntadeandalucia.es\/ceipgregoriomaranon\/files\/2020\/02\/Violencia-de-g\u00e9nero-2-1-48x33.jpg 48w, https:\/\/blogsaverroes.juntadeandalucia.es\/ceipgregoriomaranon\/files\/2020\/02\/Violencia-de-g\u00e9nero-2-1.jpg 801w\" sizes=\"(max-width: 300px) 100vw, 300px\" \/><\/a><\/p>\n<p>&nbsp;<\/p>\n<p><strong><a href=\"https:\/\/drive.google.com\/file\/d\/1r2gCD6k_TQQ07yK7O7MTCAElyQYgQoFn\/view?usp=sharing\">Preparaci\u00f3n y&nbsp; Marcha contra la Violencia de G\u00e9nero<\/a><\/strong><\/p>\n<p>&nbsp;<\/p>\n<p>&nbsp;<\/p>\n<p>&nbsp;<\/p>\n<p>&nbsp;<\/p>\n<p>&nbsp;<\/p>\n<p>&nbsp;<\/p>\n<p><span style=\"text-decoration: underline\"><em><strong>2\u00aa Marcha Solidaria en favor de AVOI<\/strong><\/em><\/span><\/p>\n<div class=\"\" data-block=\"true\" data-editor=\"5q614\" data-offset-key=\"cbh34-0-0\">\n<div class=\"_1mf _1mj\" data-offset-key=\"cbh34-0-0\"><span data-offset-key=\"cbh34-0-0\">Al igual que el a\u00f1o pasado, para celebrar el d\u00eda de la PAZ, hemos realizado una marcha solidaria, nuestra 2\u00b0 marcha.<\/span><\/div>\n<\/div>\n<div class=\"\" data-block=\"true\" data-editor=\"5q614\" data-offset-key=\"3o0ef-0-0\">\n<div class=\"_1mf _1mj\" data-offset-key=\"3o0ef-0-0\"><span data-offset-key=\"3o0ef-0-0\">En esta ocasi\u00f3n, el dinero que se ha recaudado se le ha donado a la asociaci\u00f3n AVOI (Asociaci\u00f3n de voluntarios a Oncolog\u00eda Infantil)<\/span><\/div>\n<\/div>\n<div class=\"\" data-block=\"true\" data-editor=\"5q614\" data-offset-key=\"41h9l-0-0\">\n<div class=\"_1mf _1mj\" data-offset-key=\"41h9l-0-0\"><span data-offset-key=\"41h9l-0-0\">Desde aqu\u00ed dar las gracias a los patrocinadores por sus aportaciones y tambi\u00e9n gracias al Ayuntamiento del Rinc\u00f3n, a la Polic\u00eda Local, a Protecci\u00f3n Civil, a Carrefour, a CEMAFE,al AMPA y a los padres, madres y familiares que nos han ayudado para que todo haya salido tan bien.\ud83e\udd17<\/span><\/div>\n<\/div>\n<div data-offset-key=\"41h9l-0-0\"><a href=\"https:\/\/blogsaverroes.juntadeandalucia.es\/ceipgregoriomaranon\/files\/2020\/02\/2\u00ba-Marcha-Solidaria-1.jpg\"><img loading=\"lazy\" decoding=\"async\" class=\"size-medium wp-image-2259 alignleft\" src=\"https:\/\/blogsaverroes.juntadeandalucia.es\/ceipgregoriomaranon\/files\/2020\/02\/2\u00ba-Marcha-Solidaria-1-300x169.jpg\" alt=\"\" width=\"300\" height=\"169\" srcset=\"https:\/\/blogsaverroes.juntadeandalucia.es\/ceipgregoriomaranon\/files\/2020\/02\/2\u00ba-Marcha-Solidaria-1-300x169.jpg 300w, https:\/\/blogsaverroes.juntadeandalucia.es\/ceipgregoriomaranon\/files\/2020\/02\/2\u00ba-Marcha-Solidaria-1-768x432.jpg 768w, https:\/\/blogsaverroes.juntadeandalucia.es\/ceipgregoriomaranon\/files\/2020\/02\/2\u00ba-Marcha-Solidaria-1-1024x576.jpg 1024w, https:\/\/blogsaverroes.juntadeandalucia.es\/ceipgregoriomaranon\/files\/2020\/02\/2\u00ba-Marcha-Solidaria-1-24x14.jpg 24w, https:\/\/blogsaverroes.juntadeandalucia.es\/ceipgregoriomaranon\/files\/2020\/02\/2\u00ba-Marcha-Solidaria-1-36x20.jpg 36w, https:\/\/blogsaverroes.juntadeandalucia.es\/ceipgregoriomaranon\/files\/2020\/02\/2\u00ba-Marcha-Solidaria-1-48x27.jpg 48w, https:\/\/blogsaverroes.juntadeandalucia.es\/ceipgregoriomaranon\/files\/2020\/02\/2\u00ba-Marcha-Solidaria-1.jpg 1600w\" sizes=\"(max-width: 300px) 100vw, 300px\" \/><\/a><\/div>\n<p>&nbsp;<\/p>\n<p><strong><a href=\"https:\/\/drive.google.com\/file\/d\/1xUlBn7NusNeUvaZOuoGzgdAyj5LmVEsP\/view?usp=sharing\">2\u00aa Marcha Solidaria en favor de AVOI<\/a><\/strong><\/p>\n","protected":false},"excerpt":{"rendered":"<p>Una ni\u00f1a triste en el espejo La profesora de m\u00fasica ha preparado esta actividad con todo el alumnado del centro y as\u00ed ha quedado&#8230; &nbsp; &nbsp; Una ni\u00f1a triste en el espejo &nbsp; &nbsp;&#46;&#46;&#46;<\/p>\n","protected":false},"author":8187,"featured_media":0,"parent":0,"menu_order":0,"comment_status":"closed","ping_status":"closed","template":"","meta":{"ngg_post_thumbnail":0,"footnotes":"","_mc_calendar":[]},"aioseo_notices":[],"_links":{"self":[{"href":"https:\/\/blogsaverroes.juntadeandalucia.es\/ceipgregoriomaranon\/wp-json\/wp\/v2\/pages\/2231"}],"collection":[{"href":"https:\/\/blogsaverroes.juntadeandalucia.es\/ceipgregoriomaranon\/wp-json\/wp\/v2\/pages"}],"about":[{"href":"https:\/\/blogsaverroes.juntadeandalucia.es\/ceipgregoriomaranon\/wp-json\/wp\/v2\/types\/page"}],"author":[{"embeddable":true,"href":"https:\/\/blogsaverroes.juntadeandalucia.es\/ceipgregoriomaranon\/wp-json\/wp\/v2\/users\/8187"}],"replies":[{"embeddable":true,"href":"https:\/\/blogsaverroes.juntadeandalucia.es\/ceipgregoriomaranon\/wp-json\/wp\/v2\/comments?post=2231"}],"version-history":[{"count":10,"href":"https:\/\/blogsaverroes.juntadeandalucia.es\/ceipgregoriomaranon\/wp-json\/wp\/v2\/pages\/2231\/revisions"}],"predecessor-version":[{"id":2300,"href":"https:\/\/blogsaverroes.juntadeandalucia.es\/ceipgregoriomaranon\/wp-json\/wp\/v2\/pages\/2231\/revisions\/2300"}],"wp:attachment":[{"href":"https:\/\/blogsaverroes.juntadeandalucia.es\/ceipgregoriomaranon\/wp-json\/wp\/v2\/media?parent=2231"}],"curies":[{"name":"wp","href":"https:\/\/api.w.org\/{rel}","templated":true}]}}