{"id":2387,"date":"2021-11-21T10:43:21","date_gmt":"2021-11-21T10:43:21","guid":{"rendered":"https:\/\/blogsaverroes.juntadeandalucia.es\/ceipgregoriomaranon\/?page_id=2387"},"modified":"2021-11-21T10:43:21","modified_gmt":"2021-11-21T10:43:21","slug":"plan-de-apertura","status":"publish","type":"page","link":"https:\/\/blogsaverroes.juntadeandalucia.es\/ceipgregoriomaranon\/planes-y-proyectos\/plan-de-apertura\/","title":{"rendered":"Plan de Apertura"},"content":{"rendered":"<header class=\"portlet-topper\">\n<h3 class=\"portlet-title\"><span class=\"portlet-title-text\">Plan de apertura de centros<\/span><\/h3>\n<menu id=\"portlet-topper-toolbar_ABACO_WEB_WAR_abacoportlet_INSTANCE_kOWauHoW0uuU\" class=\"portlet-topper-toolbar\" type=\"toolbar\"><\/menu>\n<\/header>\n<div class=\"portlet-content\">\n<div class=\" portlet-content-container\">\n<div class=\"portlet-body\">\n<div class=\"contenido_portlet \">\n<div class=\"portlet_web\">\n<div class=\"detalle web\">\n<div class=\"contenido_detalle\">\n<section class=\"cuerpo detalle_html\">\n<div class=\"inner_cuerpo\">\n<p>Los servicios conexos a la ense\u00f1anza son de gran relevancia para la conciliaci\u00f3n de la vida laboral y familiar, por tanto, los servicios complementarios de aula matinal, comedor escolar y actividades extraescolares se han ido manteniendo dentro del Sistema P\u00fablico Educativo Andaluz desde su implantaci\u00f3n.<\/p>\n<p>Los centros de ense\u00f1anza que imparten educaci\u00f3n primaria y secundaria pueden ofrecer algunos servicios escolares complementarios. Saber de qu\u00e9 servicios dispone un centro puede ser un criterio importante en el momento de elegir la preferencia por uno u otro para solicitar la admisi\u00f3n.<\/p>\n<p>Dentro del Plan de Apoyo a las Familias Andaluzas, la Consejer\u00eda de Educaci\u00f3n persigue que los centros docentes, m\u00e1s all\u00e1 de la jornada lectiva tradicional, sean capaces de ofrecer al alumnado y sus familias una oferta de jornada escolar completa, de forma que encuentren en sus centros las actividades que necesitan para completar su formaci\u00f3n y para utilizar de una manera educativa su tiempo libre.<\/p>\n<p>En el siguiente enlace se puede ver el Plan de Apertura de nuestro Centro.<\/p>\n<p style=\"text-align: center\"><a href=\"https:\/\/blogsaverroes.juntadeandalucia.es\/ceipgregoriomaranon\/files\/2021\/11\/PLAN-DE-APERTURA-1_page-0001.jpg\"><img fetchpriority=\"high\" decoding=\"async\" class=\"alignnone size-medium wp-image-2388\" src=\"https:\/\/blogsaverroes.juntadeandalucia.es\/ceipgregoriomaranon\/files\/2021\/11\/PLAN-DE-APERTURA-1_page-0001-212x300.jpg\" alt=\"\" width=\"212\" height=\"300\" srcset=\"https:\/\/blogsaverroes.juntadeandalucia.es\/ceipgregoriomaranon\/files\/2021\/11\/PLAN-DE-APERTURA-1_page-0001-212x300.jpg 212w, https:\/\/blogsaverroes.juntadeandalucia.es\/ceipgregoriomaranon\/files\/2021\/11\/PLAN-DE-APERTURA-1_page-0001-724x1024.jpg 724w, https:\/\/blogsaverroes.juntadeandalucia.es\/ceipgregoriomaranon\/files\/2021\/11\/PLAN-DE-APERTURA-1_page-0001-768x1086.jpg 768w, https:\/\/blogsaverroes.juntadeandalucia.es\/ceipgregoriomaranon\/files\/2021\/11\/PLAN-DE-APERTURA-1_page-0001-1086x1536.jpg 1086w, https:\/\/blogsaverroes.juntadeandalucia.es\/ceipgregoriomaranon\/files\/2021\/11\/PLAN-DE-APERTURA-1_page-0001.jpg 1131w\" sizes=\"(max-width: 212px) 100vw, 212px\" \/><\/a><\/p>\n<p style=\"text-align: center\"><a href=\"https:\/\/drive.google.com\/file\/d\/1rpFHJ_aKil90T2nOZu6_lPTIB1Dx5SWu\/view?usp=sharing\">Plan de Apertura<\/a><\/p>\n<\/div>\n<\/section>\n<\/div>\n<\/div>\n<\/div>\n<\/div>\n<\/div>\n<\/div>\n<\/div>\n","protected":false},"excerpt":{"rendered":"<p>Plan de apertura de centros Los servicios conexos a la ense\u00f1anza son de gran relevancia para la conciliaci\u00f3n de la vida laboral y familiar, por tanto, los servicios complementarios de aula matinal, comedor escolar&#46;&#46;&#46;<\/p>\n","protected":false},"author":8187,"featured_media":0,"parent":44,"menu_order":1,"comment_status":"closed","ping_status":"closed","template":"","meta":{"ngg_post_thumbnail":0,"footnotes":"","_mc_calendar":[]},"aioseo_notices":[],"_links":{"self":[{"href":"https:\/\/blogsaverroes.juntadeandalucia.es\/ceipgregoriomaranon\/wp-json\/wp\/v2\/pages\/2387"}],"collection":[{"href":"https:\/\/blogsaverroes.juntadeandalucia.es\/ceipgregoriomaranon\/wp-json\/wp\/v2\/pages"}],"about":[{"href":"https:\/\/blogsaverroes.juntadeandalucia.es\/ceipgregoriomaranon\/wp-json\/wp\/v2\/types\/page"}],"author":[{"embeddable":true,"href":"https:\/\/blogsaverroes.juntadeandalucia.es\/ceipgregoriomaranon\/wp-json\/wp\/v2\/users\/8187"}],"replies":[{"embeddable":true,"href":"https:\/\/blogsaverroes.juntadeandalucia.es\/ceipgregoriomaranon\/wp-json\/wp\/v2\/comments?post=2387"}],"version-history":[{"count":1,"href":"https:\/\/blogsaverroes.juntadeandalucia.es\/ceipgregoriomaranon\/wp-json\/wp\/v2\/pages\/2387\/revisions"}],"predecessor-version":[{"id":2389,"href":"https:\/\/blogsaverroes.juntadeandalucia.es\/ceipgregoriomaranon\/wp-json\/wp\/v2\/pages\/2387\/revisions\/2389"}],"up":[{"embeddable":true,"href":"https:\/\/blogsaverroes.juntadeandalucia.es\/ceipgregoriomaranon\/wp-json\/wp\/v2\/pages\/44"}],"wp:attachment":[{"href":"https:\/\/blogsaverroes.juntadeandalucia.es\/ceipgregoriomaranon\/wp-json\/wp\/v2\/media?parent=2387"}],"curies":[{"name":"wp","href":"https:\/\/api.w.org\/{rel}","templated":true}]}}