{"id":2394,"date":"2021-11-21T11:03:04","date_gmt":"2021-11-21T11:03:04","guid":{"rendered":"https:\/\/blogsaverroes.juntadeandalucia.es\/ceipgregoriomaranon\/?page_id=2394"},"modified":"2023-05-22T17:39:40","modified_gmt":"2023-05-22T17:39:40","slug":"escuela-espacio-de-paz","status":"publish","type":"page","link":"https:\/\/blogsaverroes.juntadeandalucia.es\/ceipgregoriomaranon\/planes-y-proyectos\/escuela-espacio-de-paz\/","title":{"rendered":"Escuela Espacio de Paz"},"content":{"rendered":"<h3><strong>Escuela Espacio de Paz<\/strong><\/h3>\n<p>La Consejer\u00eda de Educaci\u00f3n, mediante este Plan Andaluz de Educaci\u00f3n para la Cultura de Paz y No-violencia, inspirado en las m\u00faltiples experiencias de pr\u00e1ctica e investigaci\u00f3n de una educaci\u00f3n y cultura de Paz desarrolladas por personas y grupos a lo largo de toda la historia de la humanidad, y tambi\u00e9n en los valores fundacionales de las Naciones Unidas y de UNESCO, reafirma su voluntad de contribuir a\u00fan m\u00e1s en el logro, para las generaciones actuales y las venideras, de una sociedad andaluza m\u00e1s justa y tolerante; propiciar realidades pac\u00edficas para con ella y para con los otros pueblos con los que convive; y elaborar con todos aquellos que han decidido adherirse y participar en la construcci\u00f3n de un programa que respete las vidas y la dignidad de cada persona sin discriminaci\u00f3n ni perjuicios; rechace la violencia en todas sus formas; cultive la generosidad a fin de terminar con las exclusiones y las injusticias; defienda el di\u00e1logo, preserve el planeta promoviendo un consumo responsable y un equilibrio de los recursos naturales; y, ayude a la plena participaci\u00f3n de todos y todas bajo los principios democr\u00e1ticos<\/p>\n<p>En el siguiente enlace pod\u00e9is ver el Proyecto de Escuela Espacio de Paz de nuestro Centro.<\/p>\n<p>&nbsp;<\/p>\n<p style=\"text-align: center\"><a href=\"https:\/\/blogsaverroes.juntadeandalucia.es\/ceipgregoriomaranon\/files\/2021\/11\/PROYECTO-ESCUELA-ESPACIO-DE-PAZ-1_page-0001.jpg\"><img fetchpriority=\"high\" decoding=\"async\" class=\"alignnone size-medium wp-image-2395\" src=\"https:\/\/blogsaverroes.juntadeandalucia.es\/ceipgregoriomaranon\/files\/2021\/11\/PROYECTO-ESCUELA-ESPACIO-DE-PAZ-1_page-0001-212x300.jpg\" alt=\"\" width=\"212\" height=\"300\" srcset=\"https:\/\/blogsaverroes.juntadeandalucia.es\/ceipgregoriomaranon\/files\/2021\/11\/PROYECTO-ESCUELA-ESPACIO-DE-PAZ-1_page-0001-212x300.jpg 212w, https:\/\/blogsaverroes.juntadeandalucia.es\/ceipgregoriomaranon\/files\/2021\/11\/PROYECTO-ESCUELA-ESPACIO-DE-PAZ-1_page-0001-724x1024.jpg 724w, https:\/\/blogsaverroes.juntadeandalucia.es\/ceipgregoriomaranon\/files\/2021\/11\/PROYECTO-ESCUELA-ESPACIO-DE-PAZ-1_page-0001-768x1086.jpg 768w, https:\/\/blogsaverroes.juntadeandalucia.es\/ceipgregoriomaranon\/files\/2021\/11\/PROYECTO-ESCUELA-ESPACIO-DE-PAZ-1_page-0001-1086x1536.jpg 1086w, https:\/\/blogsaverroes.juntadeandalucia.es\/ceipgregoriomaranon\/files\/2021\/11\/PROYECTO-ESCUELA-ESPACIO-DE-PAZ-1_page-0001.jpg 1131w\" sizes=\"(max-width: 212px) 100vw, 212px\" \/><\/a><\/p>\n<p style=\"text-align: center\"><a href=\"https:\/\/drive.google.com\/file\/d\/1Gp8oFEicsodLfDw_LBc7GmN3weLOMgRu\/view?usp=share_link\">Escuela Espacio de Paz<\/a><\/p>\n<p>En el siguiente enlace se puede ver el blog en el que se van colgando todas las evidencias de este proyecto.<\/p>\n<p><a title=\"ESCUELA ESPACIO DE PAZ\" href=\"https:\/\/escuelaespaciodepaz2020.blogspot.com\/\">ESCUELA ESPACIO DE PAZ<\/a><\/p>\n","protected":false},"excerpt":{"rendered":"<p>Escuela Espacio de Paz La Consejer\u00eda de Educaci\u00f3n, mediante este Plan Andaluz de Educaci\u00f3n para la Cultura de Paz y No-violencia, inspirado en las m\u00faltiples experiencias de pr\u00e1ctica e investigaci\u00f3n de una educaci\u00f3n y&#46;&#46;&#46;<\/p>\n","protected":false},"author":8187,"featured_media":0,"parent":44,"menu_order":1,"comment_status":"closed","ping_status":"closed","template":"","meta":{"ngg_post_thumbnail":0,"footnotes":"","_mc_calendar":[]},"aioseo_notices":[],"_links":{"self":[{"href":"https:\/\/blogsaverroes.juntadeandalucia.es\/ceipgregoriomaranon\/wp-json\/wp\/v2\/pages\/2394"}],"collection":[{"href":"https:\/\/blogsaverroes.juntadeandalucia.es\/ceipgregoriomaranon\/wp-json\/wp\/v2\/pages"}],"about":[{"href":"https:\/\/blogsaverroes.juntadeandalucia.es\/ceipgregoriomaranon\/wp-json\/wp\/v2\/types\/page"}],"author":[{"embeddable":true,"href":"https:\/\/blogsaverroes.juntadeandalucia.es\/ceipgregoriomaranon\/wp-json\/wp\/v2\/users\/8187"}],"replies":[{"embeddable":true,"href":"https:\/\/blogsaverroes.juntadeandalucia.es\/ceipgregoriomaranon\/wp-json\/wp\/v2\/comments?post=2394"}],"version-history":[{"count":4,"href":"https:\/\/blogsaverroes.juntadeandalucia.es\/ceipgregoriomaranon\/wp-json\/wp\/v2\/pages\/2394\/revisions"}],"predecessor-version":[{"id":2511,"href":"https:\/\/blogsaverroes.juntadeandalucia.es\/ceipgregoriomaranon\/wp-json\/wp\/v2\/pages\/2394\/revisions\/2511"}],"up":[{"embeddable":true,"href":"https:\/\/blogsaverroes.juntadeandalucia.es\/ceipgregoriomaranon\/wp-json\/wp\/v2\/pages\/44"}],"wp:attachment":[{"href":"https:\/\/blogsaverroes.juntadeandalucia.es\/ceipgregoriomaranon\/wp-json\/wp\/v2\/media?parent=2394"}],"curies":[{"name":"wp","href":"https:\/\/api.w.org\/{rel}","templated":true}]}}