{"id":3074,"date":"2024-01-24T05:03:23","date_gmt":"2024-01-24T05:03:23","guid":{"rendered":"https:\/\/blogsaverroes.juntadeandalucia.es\/ceipgregoriomaranon\/?page_id=3074"},"modified":"2025-02-02T06:47:39","modified_gmt":"2025-02-02T06:47:39","slug":"programacion-educacion-primaria","status":"publish","type":"page","link":"https:\/\/blogsaverroes.juntadeandalucia.es\/ceipgregoriomaranon\/programacion-educacion-primaria\/","title":{"rendered":"PROGRAMACI\u00d3N EDUCACI\u00d3N PRIMARIA"},"content":{"rendered":"\t\t<div data-elementor-type=\"wp-page\" data-elementor-id=\"3074\" class=\"elementor elementor-3074\">\n\t\t\t\t\t\t<section class=\"elementor-section elementor-top-section elementor-element elementor-element-d31a0b4 elementor-section-boxed elementor-section-height-default elementor-section-height-default\" data-id=\"d31a0b4\" data-element_type=\"section\">\n\t\t\t\t\t\t<div class=\"elementor-container elementor-column-gap-default\">\n\t\t\t\t\t<div class=\"elementor-column elementor-col-100 elementor-top-column elementor-element elementor-element-6da32f37\" data-id=\"6da32f37\" data-element_type=\"column\">\n\t\t\t<div class=\"elementor-widget-wrap elementor-element-populated\">\n\t\t\t\t\t\t<div class=\"elementor-element elementor-element-2757676a elementor-widget elementor-widget-text-editor\" data-id=\"2757676a\" data-element_type=\"widget\" data-widget_type=\"text-editor.default\">\n\t\t\t\t<div class=\"elementor-widget-container\">\n\t\t\t\t\t\t\t\t\t<h6 style=\"text-align: center\"><a href=\"https:\/\/blogsaverroes.juntadeandalucia.es\/ceipgregoriomaranon\/files\/2025\/02\/Programacion-didactica.jpg\"><img fetchpriority=\"high\" decoding=\"async\" class=\"aligncenter size-medium wp-image-3211\" src=\"https:\/\/blogsaverroes.juntadeandalucia.es\/ceipgregoriomaranon\/files\/2025\/02\/Programacion-didactica-300x300.jpg\" alt=\"\" width=\"300\" height=\"300\" srcset=\"https:\/\/blogsaverroes.juntadeandalucia.es\/ceipgregoriomaranon\/files\/2025\/02\/Programacion-didactica-300x300.jpg 300w, https:\/\/blogsaverroes.juntadeandalucia.es\/ceipgregoriomaranon\/files\/2025\/02\/Programacion-didactica-1024x1024.jpg 1024w, https:\/\/blogsaverroes.juntadeandalucia.es\/ceipgregoriomaranon\/files\/2025\/02\/Programacion-didactica-150x150.jpg 150w, https:\/\/blogsaverroes.juntadeandalucia.es\/ceipgregoriomaranon\/files\/2025\/02\/Programacion-didactica-768x768.jpg 768w, https:\/\/blogsaverroes.juntadeandalucia.es\/ceipgregoriomaranon\/files\/2025\/02\/Programacion-didactica-1536x1536.jpg 1536w, https:\/\/blogsaverroes.juntadeandalucia.es\/ceipgregoriomaranon\/files\/2025\/02\/Programacion-didactica-246x246.jpg 246w, https:\/\/blogsaverroes.juntadeandalucia.es\/ceipgregoriomaranon\/files\/2025\/02\/Programacion-didactica-520x520.jpg 520w, https:\/\/blogsaverroes.juntadeandalucia.es\/ceipgregoriomaranon\/files\/2025\/02\/Programacion-didactica-185x185.jpg 185w, https:\/\/blogsaverroes.juntadeandalucia.es\/ceipgregoriomaranon\/files\/2025\/02\/Programacion-didactica-220x220.jpg 220w, https:\/\/blogsaverroes.juntadeandalucia.es\/ceipgregoriomaranon\/files\/2025\/02\/Programacion-didactica-60x60.jpg 60w, https:\/\/blogsaverroes.juntadeandalucia.es\/ceipgregoriomaranon\/files\/2025\/02\/Programacion-didactica-384x384.jpg 384w, https:\/\/blogsaverroes.juntadeandalucia.es\/ceipgregoriomaranon\/files\/2025\/02\/Programacion-didactica.jpg 1600w\" sizes=\"(max-width: 300px) 100vw, 300px\" \/><\/a><strong>En los siguientes enlaces se pueden consultar las programaciones de las distintas materias de Educaci\u00f3n Primaria<\/strong><\/h6><p style=\"text-align: center\"><a title=\"Conocimiento del Medio del Medio Natural, Social y Cultural\" href=\"https:\/\/drive.google.com\/file\/d\/1GMZCYLGiB8MTwYvGkR6liKTyFSpLElfz\/view?usp=sharing\">Conocimiento del Medio Natural, Social y Cultural<\/a><\/p><p style=\"text-align: center\"><a title=\"Matem\u00e1ticas\" href=\"https:\/\/drive.google.com\/file\/d\/1yWlzIaQLvbfiw3lO6hjTMV052z4z58jp\/view?usp=sharing\">Matem\u00e1ticas<\/a><\/p><p style=\"text-align: center\"><a title=\"Lengua\" href=\"https:\/\/drive.google.com\/file\/d\/12jJoyL_eBQg9-m2etLrVFfIxaZCTAtbS\/view?usp=sharing\">Lengua<\/a><\/p><p style=\"text-align: center\"><a title=\"Ingl\u00e9s\" href=\"https:\/\/drive.google.com\/file\/d\/1k_6WCX_0knoW94Km0jxWfrwwor20o6Nt\/view?usp=sharing\">Ingl\u00e9s<\/a><\/p><p style=\"text-align: center\"><a title=\"Franc\u00e9s\" href=\"https:\/\/drive.google.com\/file\/d\/1F3bTqWSSbN3pRzmRS6809C0P8a11lfOr\/view?usp=sharing\">Franc\u00e9s<\/a><\/p><p style=\"text-align: center\"><a title=\"Educaci\u00f3n F\u00edsica\" href=\"https:\/\/drive.google.com\/file\/d\/1TkqhVSN5Kc97mUa6pDjg3iKNeL0SwYdi\/view?usp=sharing\">Educaci\u00f3n F\u00edsica<\/a><\/p><p style=\"text-align: center\"><a title=\"Art\u00edstica\" href=\"https:\/\/drive.google.com\/file\/d\/1tAFXY9dxQNTQ_5gt78rhlLuQxA6EEdyj\/view?usp=sharing\">Art\u00edstica<\/a><\/p><p style=\"text-align: center\"><a title=\"Religi\u00f3n Cat\u00f3lica\" href=\"https:\/\/drive.google.com\/file\/d\/1if4d8UcEH4hx1_SC47398MzQH3HIuV9P\/view?usp=sharing\">Religi\u00f3n Cat\u00f3lica<\/a><\/p><p style=\"text-align: center\"><a title=\"Religi\u00f3n Evang\u00e9lica\" href=\"https:\/\/drive.google.com\/file\/d\/1Ddv9N0EVx9TW0YUtsTBr0AvKKM4Zr-FJ\/view?usp=drive_link\">Religi\u00f3n Evang\u00e9lica<\/a><\/p><p style=\"text-align: center\"><a title=\"Atenci\u00f3n Educativa\" href=\"https:\/\/drive.google.com\/file\/d\/1deG3kTFbLoRwtunKC9oqthWt5iz8Hop-\/view?usp=drive_link\">Atenci\u00f3n Educativa<\/a><\/p><p style=\"text-align: center\"><a title=\"Valores C\u00edvicos y Sociales\" href=\"https:\/\/drive.google.com\/file\/d\/1jZ7KbtH48uD1k-JC6TjmBQ24bCRAGIXW\/view?usp=sharing\">Valores C\u00edvicos y Sociales<\/a><\/p>\t\t\t\t\t\t\t\t<\/div>\n\t\t\t\t<\/div>\n\t\t\t\t\t<\/div>\n\t\t<\/div>\n\t\t\t\t\t<\/div>\n\t\t<\/section>\n\t\t\t\t<\/div>\n\t\t","protected":false},"excerpt":{"rendered":"<p>En los siguientes enlaces se pueden consultar las programaciones de las distintas materias de Educaci\u00f3n Primaria Conocimiento del Medio Natural, Social y Cultural Matem\u00e1ticas Lengua Ingl\u00e9s Franc\u00e9s Educaci\u00f3n F\u00edsica Art\u00edstica Religi\u00f3n Cat\u00f3lica Religi\u00f3n Evang\u00e9lica&#46;&#46;&#46;<\/p>\n","protected":false},"author":8187,"featured_media":0,"parent":0,"menu_order":0,"comment_status":"closed","ping_status":"closed","template":"","meta":{"ngg_post_thumbnail":0,"footnotes":"","_mc_calendar":[]},"aioseo_notices":[],"_links":{"self":[{"href":"https:\/\/blogsaverroes.juntadeandalucia.es\/ceipgregoriomaranon\/wp-json\/wp\/v2\/pages\/3074"}],"collection":[{"href":"https:\/\/blogsaverroes.juntadeandalucia.es\/ceipgregoriomaranon\/wp-json\/wp\/v2\/pages"}],"about":[{"href":"https:\/\/blogsaverroes.juntadeandalucia.es\/ceipgregoriomaranon\/wp-json\/wp\/v2\/types\/page"}],"author":[{"embeddable":true,"href":"https:\/\/blogsaverroes.juntadeandalucia.es\/ceipgregoriomaranon\/wp-json\/wp\/v2\/users\/8187"}],"replies":[{"embeddable":true,"href":"https:\/\/blogsaverroes.juntadeandalucia.es\/ceipgregoriomaranon\/wp-json\/wp\/v2\/comments?post=3074"}],"version-history":[{"count":32,"href":"https:\/\/blogsaverroes.juntadeandalucia.es\/ceipgregoriomaranon\/wp-json\/wp\/v2\/pages\/3074\/revisions"}],"predecessor-version":[{"id":3243,"href":"https:\/\/blogsaverroes.juntadeandalucia.es\/ceipgregoriomaranon\/wp-json\/wp\/v2\/pages\/3074\/revisions\/3243"}],"wp:attachment":[{"href":"https:\/\/blogsaverroes.juntadeandalucia.es\/ceipgregoriomaranon\/wp-json\/wp\/v2\/media?parent=3074"}],"curies":[{"name":"wp","href":"https:\/\/api.w.org\/{rel}","templated":true}]}}