{"id":42,"date":"2015-03-13T08:40:47","date_gmt":"2015-03-13T08:40:47","guid":{"rendered":"http:\/\/blogsaverroes.juntadeandalucia.es\/pre\/ceip\/?page_id=42"},"modified":"2025-10-28T12:34:03","modified_gmt":"2025-10-28T12:34:03","slug":"equipo-directivo","status":"publish","type":"page","link":"https:\/\/blogsaverroes.juntadeandalucia.es\/ceipgregoriomaranon\/equipo-directivo\/","title":{"rendered":"Equipo directivo"},"content":{"rendered":"<p style=\"text-align: center\"><span style=\"color: #000080\"><strong>Direcci\u00f3n<\/strong><\/span><\/p>\n<p style=\"text-align: center\"><span style=\"color: #000080\">D\u00f1a.&nbsp; Paloma Barbara Del Moral<\/span><\/p>\n<p style=\"text-align: center\"><span style=\"color: #000080\"><strong>Jefatura de Estudios<\/strong><\/span><\/p>\n<p style=\"text-align: center\"><span style=\"color: #000080\">D\u00f1a. Blanca Mar\u00eda Ortiz De Villajos Carrera<\/span><\/p>\n<p style=\"text-align: center\"><span style=\"color: #000080\"><strong>Secretar\u00eda<\/strong><\/span><\/p>\n<p style=\"text-align: center\"><span style=\"color: #000080\">D\u00f1a. Ana Bel\u00e9n Baeza Tejada<\/span><\/p>\n<p style=\"text-align: center\">&nbsp;<\/p>\n<p style=\"text-align: center\"><span style=\"color: #0000ff\"><strong>Tel\u00e9fono de contacto: 671 56 71 74<\/strong><\/span><\/p>\n<p>&nbsp;<\/p>\n<p><strong>FUNCIONES DEL EQUIPO DIRECTIVO<\/strong><\/p>\n<p>CAP\u00cdTULO II.<\/p>\n<p>\u00d3RGANOS UNIPERSONALES.<\/p>\n<p><strong>Art\u00edculo 5.-<\/strong> El Equipo Directivo.<\/p>\n<p>Los \u00f3rganos unipersonales de gobierno constituyen el Equipo directivo del Colegio y trabajar\u00e1n de forma coordinada en el desempe\u00f1o de sus respectivas funciones.<\/p>\n<ol>\n<li>El Equipo directivo del Centro estar\u00e1 compuesto por Director o Directora, Jefe o Jefa de Estudios, Secretario o Secretaria.<\/li>\n<li>El Equipo directivo tendr\u00e1 las siguientes funciones:<\/li>\n<\/ol>\n<ul>\n<li>Velar por el buen funcionamiento del Centro.<\/li>\n<li>Estudiar y presentar al Claustro de Profesores y al Consejo Escolar propuestas para facilitar y fomentar la participaci\u00f3n de toda la comunidad educativa en la vida del Centro.<\/li>\n<li>Promover procedimientos de evaluaci\u00f3n de las distintas actividades y colaborar en las evaluaciones externas del Centro.<\/li>\n<li>Proponer a la comunidad educativa actuaciones de car\u00e1cter preventivo que favorezcan las relaciones entre los distintos colectivos que la integran y que mejoren la convivencia en el Colegio.<\/li>\n<li>Adoptar las medidas necesarias para la ejecuci\u00f3n coordinada de las decisiones del Consejo Escolar y del Claustro de Profesores en el \u00e1mbito de sus respectivas competencias.<\/li>\n<li>Establecer los criterios para la elaboraci\u00f3n del proyecto de presupuesto.<\/li>\n<li>Coordinar la elaboraci\u00f3n del Proyecto de Centro, del Plan Anual de Centro y de la Memoria Final de Curso.<\/li>\n<li>Elaborar la propuesta de Reglamento de Organizaci\u00f3n y Funcionamiento.<\/li>\n<li>Colaborar con la Administraci\u00f3n Educativa en aquellos \u00f3rganos de participaci\u00f3n que, a tales efectos, se establezcan.<\/li>\n<\/ul>\n<p><strong>Art\u00edculo 6.-<\/strong> Normas de funcionamiento del equipo directivo.<\/p>\n<ul>\n<li>El equipo directivo se reunir\u00e1 en sesi\u00f3n ordinaria una vez a la semana y siempre que lo considere oportuno el Director\/a o lo sugiera alguno de sus miembros.<\/li>\n<li>El equipo directivo tender\u00e1 a adoptar las decisiones por consenso, a trav\u00e9s del di\u00e1logo y el contraste de criterios.<\/li>\n<li>El equipo directivo tratar\u00e1 los asuntos del orden del d\u00eda con la ayuda de la documentaci\u00f3n previamente preparada por quien corresponda. Los asuntos que sea necesario someter al Claustro o al Consejo Escolar ser\u00e1n objeto de estudio previo y ser\u00e1n presentados a los \u00f3rganos colegiados acompa\u00f1ados de la documentaci\u00f3n correspondiente.<\/li>\n<li>Durante el periodo lectivo siempre estar\u00e1 presente en el Colegio un miembro del equipo directivo.<\/li>\n<li>El Director, el Jefe de Estudios y el Secretario marcar\u00e1n en su horario unas horas, a ser posible diarias, de atenci\u00f3n a los componentes de la comunidad educativa y al p\u00fablico en general.<\/li>\n<\/ul>\n<p><strong>Art\u00edculo 7.-<\/strong> <strong>Competencias del Director o Directora.<\/strong><\/p>\n<p>De conformidad con lo regulado en el art\u00edculo 21 de la Ley Org\u00e1nica 9\/1995, de 20 de noviembre, son competencias del <strong>Director\/a<\/strong>:<\/p>\n<ul>\n<li>Dirigir y coordinar todas las actividades del Instituto, de acuerdo con las disposiciones vigentes y sin perjuicio de las competencias de los restantes \u00f3rganos de gobierno del mismo.<\/li>\n<li>Representar oficialmente a la Administraci\u00f3n Educativa en el Centro y ostentar la representaci\u00f3n oficial del mismo, sin perjuicio de las atribuciones de las dem\u00e1s autoridades educativas.<\/li>\n<li>Cumplir y hacer cumplir las leyes y dem\u00e1s disposiciones vigentes.<\/li>\n<li>Colaborar con los \u00f3rganos de la Administraci\u00f3n Educativa en todo lo relativo al logro de los objetivos del Colegio, as\u00ed como formar parte de los \u00f3rganos consultivos de la Delegaci\u00f3n Provincial que se establezcan.<\/li>\n<li>Ejercer la jefatura de todo el personal adscrito al Colegio.<\/li>\n<li>Autorizar los gastos de acuerdo con el presupuesto del Colegio y ordenar los pagos.<\/li>\n<li>Visar las certificaciones y documentos oficiales del Colegio.<\/li>\n<li>Designar y proponer el nombramiento y cese de los restantes miembros del Equipo directivo.<\/li>\n<li>Fomentar y coordinar la participaci\u00f3n de los distintos sectores de la comunidad educativa y proporcionar los medios precisos para la m\u00e1s eficaz ejecuci\u00f3n de sus respectivas competencias, garantizando el derecho de reuni\u00f3n del profesorado, de los padres y madres, del alumnado y del personal de administraci\u00f3n y servicios.<\/li>\n<li>Convocar y presidir los actos acad\u00e9micos y las reuniones del Consejo Escolar, del Claustro y del Equipo T\u00e9cnico de Coordinaci\u00f3n Pedag\u00f3gica del Colegio y de los dem\u00e1s \u00f3rganos colegiados.<\/li>\n<li>Firmar convenios de colaboraci\u00f3n con centros de trabajo, una vez informados por el Consejo Escolar.<\/li>\n<li>Favorecer la convivencia en el Colegio y garantizar que el procedimiento seguido para imponer las correcciones que correspondan, de acuerdo con las disposiciones vigentes, se ajuste a lo establecido en el Reglamento de Organizaci\u00f3n y Funcionamiento y a los criterios fijados por el Consejo Escolar del Colegio.13. Realizar las contrataciones de obras, servicios y suministros de acuerdo con lo que, en aplicaci\u00f3n del art\u00edculo 13 del Reglamento Org\u00e1nico de los Colegios de Educaci\u00f3n Infantil y Primaria, se determine a tales efectos.<\/li>\n<li>Favorecer la evaluaci\u00f3n de todos los proyectos y actividades del Colegio y colaborar con la Administraci\u00f3n Educativa en las evaluaciones externas que peri\u00f3dicamente se lleven a cabo.<\/li>\n<li>Cualesquiera otras que le sean atribuidas por la normativa vigente.<\/li>\n<\/ul>\n<p><strong>Art\u00edculo 9.-<\/strong> <strong>Competencias<\/strong> <strong>del Jefe o Jefa de Estudios <\/strong><\/p>\n<p>Son competencias del Jefe o Jefa de Estudios:<\/p>\n<ul>\n<li>Ejercer, por delegaci\u00f3n del Director y bajo su autoridad, la jefatura del personal docente en todo lo relativo al r\u00e9gimen acad\u00e9mico y controlar la asistencia al trabajo del mismo.<\/li>\n<li>Coordinar las actividades de car\u00e1cter acad\u00e9mico y de orientaci\u00f3n, incluidas las derivadas de la coordinaci\u00f3n con los Centros de Educaci\u00f3n Primaria que tenga adscritos el Colegio.<\/li>\n<li>Elaborar, en colaboraci\u00f3n con los restantes \u00f3rganos unipersonales, el horario general del Colegio, as\u00ed como los horarios acad\u00e9micos del alumnado y del profesorado, de acuerdo con los criterios incluidos en el Plan Anual de Centro, as\u00ed como velar por su estricto cumplimiento.<\/li>\n<li>Coordinar las actividades de los Coordinadores de Ciclo.4. Coordinar y dirigir la acci\u00f3n de los tutores con la colaboraci\u00f3n del Departamento de orientaci\u00f3n, de acuerdo con el plan de orientaci\u00f3n y de acci\u00f3n tutorial.<\/li>\n<li>Coordinar la realizaci\u00f3n de las actividades de perfeccionamiento del profesorado que, de acuerdo con el plan de formaci\u00f3n, organice el Equipo T\u00e9cnico de Coordinaci\u00f3n Pedag\u00f3gica.<\/li>\n<li>Organizar los actos acad\u00e9micos.<\/li>\n<li>Organizar la atenci\u00f3n y el cuidado de los alumnos y alumnas de la etapa de Educaci\u00f3n Infantil y Primaria en los per\u00edodos de recreo y en otras actividades no lectivas.<\/li>\n<li>Cualesquiera otras que le sean atribuidas por la normativa vigente.<\/li>\n<\/ul>\n<p><strong>Art\u00edculo 11.-<\/strong> <strong>Competencias del Secretario o Secretaria<\/strong><\/p>\n<p>Son competencias del Secretario o Secretaria:<\/p>\n<ul>\n<li>Ordenar el r\u00e9gimen administrativo del Colegio, de conformidad con las directrices del Director.<\/li>\n<li>Actuar como secretario de los \u00f3rganos colegiados de gobierno del Colegio, levantar acta de las sesiones y dar fe de los acuerdos con el visto bueno del Director.<\/li>\n<li>Custodiar los libros oficiales y archivos del Colegio.<\/li>\n<li>Expedir, con el visto bueno del Director, las certificaciones que soliciten las autoridades y los interesados.<\/li>\n<li>Realizar el inventario general del Colegio y mantenerlo actualizado.<\/li>\n<li>Adquirir el material y el equipamiento del Colegio, custodiar, coordinar y gestionar la utilizaci\u00f3n del mismo y velar por su mantenimiento en todos los aspectos, de acuerdo con la normativa vigente y las indicaciones del Director.<\/li>\n<li>Ejercer, por delegaci\u00f3n del Director y bajo su autoridad, la jefatura del personal de administraci\u00f3n y servicios adscrito al Colegio y controlar la asistencia al trabajo del mismo.<\/li>\n<li>Elaborar, en colaboraci\u00f3n con los restantes \u00f3rganos unipersonales, el horario del personal de administraci\u00f3n y servicios, as\u00ed como velar por su estricto cumplimiento.<\/li>\n<li>Elaborar el anteproyecto de presupuesto de ingresos y gastos del Colegio.<\/li>\n<li>Ordenar el r\u00e9gimen econ\u00f3mico del Colegio, de conformidad con las instrucciones del Director, realizar la contabilidad y rendir cuentas ante las autoridades correspondientes.<\/li>\n<li>Cualesquiera otras que le sean atribuidas por la normativa vigente<\/li>\n<\/ul>\n<p align=\"JUSTIFY\">&nbsp;<\/p>\n","protected":false},"excerpt":{"rendered":"<p>Direcci\u00f3n D\u00f1a.&nbsp; Paloma Barbara Del Moral Jefatura de Estudios D\u00f1a. Blanca Mar\u00eda Ortiz De Villajos Carrera Secretar\u00eda D\u00f1a. Ana Bel\u00e9n Baeza Tejada &nbsp; Tel\u00e9fono de contacto: 671 56 71 74 &nbsp; FUNCIONES DEL EQUIPO&#46;&#46;&#46;<\/p>\n","protected":false},"author":1,"featured_media":0,"parent":0,"menu_order":0,"comment_status":"closed","ping_status":"closed","template":"","meta":{"ngg_post_thumbnail":0,"footnotes":"","_mc_calendar":[]},"aioseo_notices":[],"_links":{"self":[{"href":"https:\/\/blogsaverroes.juntadeandalucia.es\/ceipgregoriomaranon\/wp-json\/wp\/v2\/pages\/42"}],"collection":[{"href":"https:\/\/blogsaverroes.juntadeandalucia.es\/ceipgregoriomaranon\/wp-json\/wp\/v2\/pages"}],"about":[{"href":"https:\/\/blogsaverroes.juntadeandalucia.es\/ceipgregoriomaranon\/wp-json\/wp\/v2\/types\/page"}],"author":[{"embeddable":true,"href":"https:\/\/blogsaverroes.juntadeandalucia.es\/ceipgregoriomaranon\/wp-json\/wp\/v2\/users\/1"}],"replies":[{"embeddable":true,"href":"https:\/\/blogsaverroes.juntadeandalucia.es\/ceipgregoriomaranon\/wp-json\/wp\/v2\/comments?post=42"}],"version-history":[{"count":54,"href":"https:\/\/blogsaverroes.juntadeandalucia.es\/ceipgregoriomaranon\/wp-json\/wp\/v2\/pages\/42\/revisions"}],"predecessor-version":[{"id":3792,"href":"https:\/\/blogsaverroes.juntadeandalucia.es\/ceipgregoriomaranon\/wp-json\/wp\/v2\/pages\/42\/revisions\/3792"}],"wp:attachment":[{"href":"https:\/\/blogsaverroes.juntadeandalucia.es\/ceipgregoriomaranon\/wp-json\/wp\/v2\/media?parent=42"}],"curies":[{"name":"wp","href":"https:\/\/api.w.org\/{rel}","templated":true}]}}