{"id":428,"date":"2015-03-20T07:06:21","date_gmt":"2015-03-20T07:06:21","guid":{"rendered":"http:\/\/blogsaverroes.juntadeandalucia.es\/pre\/ceip\/?page_id=428"},"modified":"2025-02-02T06:21:15","modified_gmt":"2025-02-02T06:21:15","slug":"ed-primaria-1o-ciclo","status":"publish","type":"page","link":"https:\/\/blogsaverroes.juntadeandalucia.es\/ceipgregoriomaranon\/ed-primaria-1o-ciclo\/","title":{"rendered":"Educaci\u00f3n Primaria"},"content":{"rendered":"\t\t<div data-elementor-type=\"wp-page\" data-elementor-id=\"428\" class=\"elementor elementor-428\">\n\t\t\t\t\t\t<section class=\"elementor-section elementor-top-section elementor-element elementor-element-7197ed4b elementor-section-boxed elementor-section-height-default elementor-section-height-default\" data-id=\"7197ed4b\" data-element_type=\"section\">\n\t\t\t\t\t\t<div class=\"elementor-container elementor-column-gap-default\">\n\t\t\t\t\t<div class=\"elementor-column elementor-col-100 elementor-top-column elementor-element elementor-element-3b5bbc42\" data-id=\"3b5bbc42\" data-element_type=\"column\">\n\t\t\t<div class=\"elementor-widget-wrap elementor-element-populated\">\n\t\t\t\t\t\t<div class=\"elementor-element elementor-element-503b0921 elementor-widget elementor-widget-text-editor\" data-id=\"503b0921\" data-element_type=\"widget\" data-widget_type=\"text-editor.default\">\n\t\t\t\t<div class=\"elementor-widget-container\">\n\t\t\t\t\t\t\t\t\t<h3 style=\"text-align: center\"><strong>PROGRAMACIONES DID\u00c1CTICAS EDUCACI\u00d3N PRIMARIA<\/strong><\/h3><p><a href=\"https:\/\/blogsaverroes.juntadeandalucia.es\/ceipgregoriomaranon\/files\/2025\/02\/Programacion-didactica.jpg\"><img fetchpriority=\"high\" decoding=\"async\" class=\"aligncenter size-medium wp-image-3211\" src=\"https:\/\/blogsaverroes.juntadeandalucia.es\/ceipgregoriomaranon\/files\/2025\/02\/Programacion-didactica-300x300.jpg\" alt=\"\" width=\"300\" height=\"300\" srcset=\"https:\/\/blogsaverroes.juntadeandalucia.es\/ceipgregoriomaranon\/files\/2025\/02\/Programacion-didactica-300x300.jpg 300w, https:\/\/blogsaverroes.juntadeandalucia.es\/ceipgregoriomaranon\/files\/2025\/02\/Programacion-didactica-1024x1024.jpg 1024w, https:\/\/blogsaverroes.juntadeandalucia.es\/ceipgregoriomaranon\/files\/2025\/02\/Programacion-didactica-150x150.jpg 150w, https:\/\/blogsaverroes.juntadeandalucia.es\/ceipgregoriomaranon\/files\/2025\/02\/Programacion-didactica-768x768.jpg 768w, https:\/\/blogsaverroes.juntadeandalucia.es\/ceipgregoriomaranon\/files\/2025\/02\/Programacion-didactica-1536x1536.jpg 1536w, https:\/\/blogsaverroes.juntadeandalucia.es\/ceipgregoriomaranon\/files\/2025\/02\/Programacion-didactica-246x246.jpg 246w, https:\/\/blogsaverroes.juntadeandalucia.es\/ceipgregoriomaranon\/files\/2025\/02\/Programacion-didactica-520x520.jpg 520w, https:\/\/blogsaverroes.juntadeandalucia.es\/ceipgregoriomaranon\/files\/2025\/02\/Programacion-didactica-185x185.jpg 185w, https:\/\/blogsaverroes.juntadeandalucia.es\/ceipgregoriomaranon\/files\/2025\/02\/Programacion-didactica-220x220.jpg 220w, https:\/\/blogsaverroes.juntadeandalucia.es\/ceipgregoriomaranon\/files\/2025\/02\/Programacion-didactica-60x60.jpg 60w, https:\/\/blogsaverroes.juntadeandalucia.es\/ceipgregoriomaranon\/files\/2025\/02\/Programacion-didactica-384x384.jpg 384w, https:\/\/blogsaverroes.juntadeandalucia.es\/ceipgregoriomaranon\/files\/2025\/02\/Programacion-didactica.jpg 1600w\" sizes=\"(max-width: 300px) 100vw, 300px\" \/><\/a><\/p><div>\u00a0<\/div><h5 style=\"text-align: center\"><a title=\"Programaci\u00f3n did\u00e1ctica Religi\u00f3n Cat\u00f3lica\" href=\"https:\/\/drive.google.com\/file\/d\/1if4d8UcEH4hx1_SC47398MzQH3HIuV9P\/view?usp=sharing\">Programaci\u00f3n did\u00e1ctica Religi\u00f3n Cat\u00f3lica<\/a><\/h5><h5 style=\"text-align: center\"><a title=\"Programaci\u00f3n did\u00e1ctica en Valores C\u00edvicos y \u00c9ticos\" href=\"https:\/\/drive.google.com\/file\/d\/1jZ7KbtH48uD1k-JC6TjmBQ24bCRAGIXW\/view?usp=sharing\">Programaci\u00f3n did\u00e1ctica en Valores C\u00edvicos y \u00c9ticos<\/a><\/h5><h5 style=\"text-align: center\"><a title=\"Programaci\u00f3n did\u00e1ctica Ingl\u00e9s\" href=\"https:\/\/drive.google.com\/file\/d\/1k_6WCX_0knoW94Km0jxWfrwwor20o6Nt\/view?usp=sharing\">Programaci\u00f3n did\u00e1ctica Ingl\u00e9s<\/a><\/h5><h5 style=\"text-align: center\"><a title=\"Programaci\u00f3n did\u00e1ctica Franc\u00e9s\" href=\"https:\/\/drive.google.com\/file\/d\/1F3bTqWSSbN3pRzmRS6809C0P8a11lfOr\/view?usp=sharing\">Programaci\u00f3n did\u00e1ctica Franc\u00e9s<\/a><\/h5><h5 style=\"text-align: center\"><a title=\"Programaci\u00f3n did\u00e1ctica Educaci\u00f3n F\u00edsica\" href=\"https:\/\/drive.google.com\/file\/d\/1TkqhVSN5Kc97mUa6pDjg3iKNeL0SwYdi\/view?usp=sharing\">Programaci\u00f3n did\u00e1ctica Educaci\u00f3n F\u00edsica<\/a><\/h5><h5 style=\"text-align: center\"><a title=\"Programaci\u00f3n did\u00e1ctica Art\u00edstica\" href=\"https:\/\/drive.google.com\/file\/d\/1tAFXY9dxQNTQ_5gt78rhlLuQxA6EEdyj\/view?usp=sharing\">Programaci\u00f3n did\u00e1ctica Art\u00edstica<\/a><\/h5><h5 style=\"text-align: center\"><a title=\"Programaci\u00f3n did\u00e1ctica Matem\u00e1ticas\" href=\"https:\/\/drive.google.com\/file\/d\/1yWlzIaQLvbfiw3lO6hjTMV052z4z58jp\/view?usp=sharing\">Programaci\u00f3n did\u00e1ctica Matem\u00e1ticas<\/a><\/h5><h5 style=\"text-align: center\"><a title=\"Programaci\u00f3n did\u00e1ctica Lengua\" href=\"https:\/\/drive.google.com\/file\/d\/12jJoyL_eBQg9-m2etLrVFfIxaZCTAtbS\/view?usp=sharing\">Programaci\u00f3n did\u00e1ctica Lengua<\/a><\/h5><h5 style=\"text-align: center\"><a title=\"Programaci\u00f3n did\u00e1ctica Conocimiento del Medio Natural Social y Cultural\" href=\"https:\/\/drive.google.com\/file\/d\/1GMZCYLGiB8MTwYvGkR6liKTyFSpLElfz\/view?usp=sharing\">Programaci\u00f3n did\u00e1ctica Conocimiento del Medio Natural Social y Cultural<\/a><\/h5><div>\u00a0<\/div><div>\u00a0<\/div><div>\u00a0<\/div>\t\t\t\t\t\t\t\t<\/div>\n\t\t\t\t<\/div>\n\t\t\t\t\t<\/div>\n\t\t<\/div>\n\t\t\t\t\t<\/div>\n\t\t<\/section>\n\t\t\t\t<\/div>\n\t\t","protected":false},"excerpt":{"rendered":"<p>PROGRAMACIONES DID\u00c1CTICAS EDUCACI\u00d3N PRIMARIA \u00a0 Programaci\u00f3n did\u00e1ctica Religi\u00f3n Cat\u00f3lica Programaci\u00f3n did\u00e1ctica en Valores C\u00edvicos y \u00c9ticos Programaci\u00f3n did\u00e1ctica Ingl\u00e9s Programaci\u00f3n did\u00e1ctica Franc\u00e9s Programaci\u00f3n did\u00e1ctica Educaci\u00f3n F\u00edsica Programaci\u00f3n did\u00e1ctica Art\u00edstica Programaci\u00f3n did\u00e1ctica Matem\u00e1ticas Programaci\u00f3n did\u00e1ctica&#46;&#46;&#46;<\/p>\n","protected":false},"author":1,"featured_media":0,"parent":0,"menu_order":0,"comment_status":"open","ping_status":"open","template":"","meta":{"ngg_post_thumbnail":0,"footnotes":"","_mc_calendar":[]},"aioseo_notices":[],"_links":{"self":[{"href":"https:\/\/blogsaverroes.juntadeandalucia.es\/ceipgregoriomaranon\/wp-json\/wp\/v2\/pages\/428"}],"collection":[{"href":"https:\/\/blogsaverroes.juntadeandalucia.es\/ceipgregoriomaranon\/wp-json\/wp\/v2\/pages"}],"about":[{"href":"https:\/\/blogsaverroes.juntadeandalucia.es\/ceipgregoriomaranon\/wp-json\/wp\/v2\/types\/page"}],"author":[{"embeddable":true,"href":"https:\/\/blogsaverroes.juntadeandalucia.es\/ceipgregoriomaranon\/wp-json\/wp\/v2\/users\/1"}],"replies":[{"embeddable":true,"href":"https:\/\/blogsaverroes.juntadeandalucia.es\/ceipgregoriomaranon\/wp-json\/wp\/v2\/comments?post=428"}],"version-history":[{"count":23,"href":"https:\/\/blogsaverroes.juntadeandalucia.es\/ceipgregoriomaranon\/wp-json\/wp\/v2\/pages\/428\/revisions"}],"predecessor-version":[{"id":3215,"href":"https:\/\/blogsaverroes.juntadeandalucia.es\/ceipgregoriomaranon\/wp-json\/wp\/v2\/pages\/428\/revisions\/3215"}],"wp:attachment":[{"href":"https:\/\/blogsaverroes.juntadeandalucia.es\/ceipgregoriomaranon\/wp-json\/wp\/v2\/media?parent=428"}],"curies":[{"name":"wp","href":"https:\/\/api.w.org\/{rel}","templated":true}]}}