{"id":870,"date":"2015-03-16T07:24:27","date_gmt":"2015-03-16T07:24:27","guid":{"rendered":"http:\/\/blogsaverroes.juntadeandalucia.es\/pre\/ceip\/?page_id=103"},"modified":"2024-11-12T19:20:34","modified_gmt":"2024-11-12T19:20:34","slug":"aula-matinal","status":"publish","type":"page","link":"https:\/\/blogsaverroes.juntadeandalucia.es\/ceipgregoriomaranon\/aula-matinal\/","title":{"rendered":"Aula Matinal"},"content":{"rendered":"<p><a href=\"https:\/\/blogsaverroes.juntadeandalucia.es\/ceipgregoriomaranon\/files\/2015\/03\/colegio1.png\"><img decoding=\"async\" class=\"aligncenter size-medium wp-image-578\" src=\"https:\/\/blogsaverroes.juntadeandalucia.es\/ceipgregoriomaranon\/files\/2015\/03\/colegio1-300x153.png\" alt=\"\" width=\"300\" height=\"153\" srcset=\"https:\/\/blogsaverroes.juntadeandalucia.es\/ceipgregoriomaranon\/files\/2015\/03\/colegio1-300x153.png 300w, https:\/\/blogsaverroes.juntadeandalucia.es\/ceipgregoriomaranon\/files\/2015\/03\/colegio1-1024x524.png 1024w, https:\/\/blogsaverroes.juntadeandalucia.es\/ceipgregoriomaranon\/files\/2015\/03\/colegio1.png 1280w\" sizes=\"(max-width: 300px) 100vw, 300px\" \/><\/a><\/p>\n<h4>&nbsp;<\/h4>\n<p>El <strong>Aula Matinal<\/strong> abre a las 7.30 horas de lunes a viernes, ofreciendo actividades diversas a los estudiantes hasta el comienzo del horario lectivo.<\/p>\n<p>Puede&nbsp;utilizarse&nbsp;cualquier d\u00eda previa inscripci\u00f3n y domicializaci\u00f3n bancaria.<\/p>\n<p>Para solicitar informaci\u00f3n contacta con secretar\u00eda o env\u00eda un correo a :<\/p>\n<p>29007573.actividadesextraescolares@g.educaand.es<\/p>\n<p>&nbsp;<\/p>\n","protected":false},"excerpt":{"rendered":"<p>&nbsp; El Aula Matinal abre a las 7.30 horas de lunes a viernes, ofreciendo actividades diversas a los estudiantes hasta el comienzo del horario lectivo. Puede&nbsp;utilizarse&nbsp;cualquier d\u00eda previa inscripci\u00f3n y domicializaci\u00f3n bancaria. Para solicitar&#46;&#46;&#46;<\/p>\n","protected":false},"author":1,"featured_media":0,"parent":0,"menu_order":0,"comment_status":"open","ping_status":"open","template":"","meta":{"ngg_post_thumbnail":0,"footnotes":"","_mc_calendar":[]},"aioseo_notices":[],"_links":{"self":[{"href":"https:\/\/blogsaverroes.juntadeandalucia.es\/ceipgregoriomaranon\/wp-json\/wp\/v2\/pages\/870"}],"collection":[{"href":"https:\/\/blogsaverroes.juntadeandalucia.es\/ceipgregoriomaranon\/wp-json\/wp\/v2\/pages"}],"about":[{"href":"https:\/\/blogsaverroes.juntadeandalucia.es\/ceipgregoriomaranon\/wp-json\/wp\/v2\/types\/page"}],"author":[{"embeddable":true,"href":"https:\/\/blogsaverroes.juntadeandalucia.es\/ceipgregoriomaranon\/wp-json\/wp\/v2\/users\/1"}],"replies":[{"embeddable":true,"href":"https:\/\/blogsaverroes.juntadeandalucia.es\/ceipgregoriomaranon\/wp-json\/wp\/v2\/comments?post=870"}],"version-history":[{"count":4,"href":"https:\/\/blogsaverroes.juntadeandalucia.es\/ceipgregoriomaranon\/wp-json\/wp\/v2\/pages\/870\/revisions"}],"predecessor-version":[{"id":3130,"href":"https:\/\/blogsaverroes.juntadeandalucia.es\/ceipgregoriomaranon\/wp-json\/wp\/v2\/pages\/870\/revisions\/3130"}],"wp:attachment":[{"href":"https:\/\/blogsaverroes.juntadeandalucia.es\/ceipgregoriomaranon\/wp-json\/wp\/v2\/media?parent=870"}],"curies":[{"name":"wp","href":"https:\/\/api.w.org\/{rel}","templated":true}]}}