{"id":872,"date":"2015-03-16T12:50:42","date_gmt":"2015-03-16T12:50:42","guid":{"rendered":"http:\/\/blogsaverroes.juntadeandalucia.es\/pre\/ceip\/?page_id=120"},"modified":"2024-11-12T19:58:41","modified_gmt":"2024-11-12T19:58:41","slug":"contactar","status":"publish","type":"page","link":"https:\/\/blogsaverroes.juntadeandalucia.es\/ceipgregoriomaranon\/contactar\/","title":{"rendered":"Contactar"},"content":{"rendered":"<h1 style=\"text-align: center\"><span style=\"color: #000000\"><strong>CEIP GREGORIO&nbsp; MARA\u00d1ON<\/strong><\/span><\/h1>\n<p><a href=\"https:\/\/blogsaverroes.juntadeandalucia.es\/ceipgregoriomaranon\/files\/2019\/12\/8357422.jpg\"><img fetchpriority=\"high\" decoding=\"async\" class=\" wp-image-2194 aligncenter\" src=\"https:\/\/blogsaverroes.juntadeandalucia.es\/ceipgregoriomaranon\/files\/2019\/12\/8357422-300x225.jpg\" alt=\"\" width=\"355\" height=\"266\" srcset=\"https:\/\/blogsaverroes.juntadeandalucia.es\/ceipgregoriomaranon\/files\/2019\/12\/8357422.jpg 300w, https:\/\/blogsaverroes.juntadeandalucia.es\/ceipgregoriomaranon\/files\/2019\/12\/8357422-24x18.jpg 24w, https:\/\/blogsaverroes.juntadeandalucia.es\/ceipgregoriomaranon\/files\/2019\/12\/8357422-36x27.jpg 36w, https:\/\/blogsaverroes.juntadeandalucia.es\/ceipgregoriomaranon\/files\/2019\/12\/8357422-48x36.jpg 48w\" sizes=\"(max-width: 355px) 100vw, 355px\" \/><\/a><\/p>\n<h4>&nbsp;<\/h4>\n<h2>Datos de contacto<\/h2>\n<h3><span style=\"text-decoration: underline\">CEIP Gregorio Mara\u00f1\u00f3n<\/span><\/h3>\n<p><strong>Direcci\u00f3n:<\/strong> &nbsp;Paseo de Filipinas, n\u00ba 2, 29720, La Cala del Moral, M\u00e1laga<\/p>\n<p><strong>Tel\u00e9fono: <\/strong>951293607<\/p>\n<p><strong>M\u00f3vil: <\/strong>&nbsp;671567174<\/p>\n<p>&nbsp; &nbsp; &nbsp; &nbsp; &nbsp; &nbsp;<strong>Email: <\/strong>29007573.edu@juntadeandalucia.es<\/p>\n<p>&nbsp; &nbsp; &nbsp; &nbsp; &nbsp; &nbsp;<strong>Email Plan de Apertura: <\/strong>29007573.actividadesextraescolares@g.educaand.es<\/p>\n<h3><span style=\"text-decoration: underline\"><strong>Horarios<\/strong><\/span><\/h3>\n<p><strong>Aula matinal<\/strong>: de 7:30h a 9:00h. (De lunes a viernes)<\/p>\n<p><strong>Horario lectivo: <\/strong>de 9:00h a 14:00h (De lunes a viernes)<\/p>\n<p>&nbsp; &nbsp; &nbsp; &nbsp; &nbsp; &nbsp; &nbsp; &nbsp; &nbsp; &nbsp; &nbsp; &nbsp; &nbsp; &nbsp;<strong> Tutor\u00edas<\/strong>: Lunes de 16:30h a 17:30h<\/p>\n<p><strong>Extraescolares:<\/strong> Los lunes a jueves de 16:00 a 18:00h&nbsp;<\/p>\n<p><strong>HORARIO DE ATENCI\u00d3N A FAMILIAS<\/strong><\/p>\n<ul>\n<li>El horario de administraci\u00f3n ser\u00e1 de 09:15 h. a 11:30 h. a la semana.\n<ul>\n<li>El horario del E. Directivo previa cita ser\u00e1:\n<ul>\n<li>Secretar\u00eda:\n<ul>\n<li>lunes de 09:30h a 10:30h<\/li>\n<li>mi\u00e9rcoles de 11:00h a 12:00h<\/li>\n<\/ul>\n<\/li>\n<li>Jefatura:\n<ul>\n<li>Mi\u00e9rcoles y jueves de 9:00h a 10:00h<\/li>\n<\/ul>\n<\/li>\n<li>Direcci\u00f3n:\n<ul>\n<li>Lunes y mi\u00e9rcoles de 9:30h a 11:00h<\/li>\n<\/ul>\n<\/li>\n<li>Convivencia: Lunes 12:30-13:00h&nbsp;<\/li>\n<\/ul>\n<\/li>\n<\/ul>\n<\/li>\n<\/ul>\n<p><strong>Horario de AMPA:<\/strong>&nbsp;<\/p>\n<h4><strong>Oferta educativa<\/strong><\/h4>\n<p>Educaci\u00f3n Infantil, Primaria.<\/p>\n<p>Pincha en el siguiente enlace para ver nuestras instalaciones.<\/p>\n<div style=\"width: 800px;\" class=\"wp-video\"><!--[if lt IE 9]><script>document.createElement('video');<\/script><![endif]-->\n<video class=\"wp-video-shortcode\" id=\"video-872-1\" width=\"800\" height=\"600\" preload=\"metadata\" controls=\"controls\"><source type=\"video\/mp4\" src=\"https:\/\/blogsaverroes.juntadeandalucia.es\/ceipgregoriomaranon\/files\/2020\/03\/VID-20200202-WA0001.mp4?_=1\" \/><a href=\"https:\/\/blogsaverroes.juntadeandalucia.es\/ceipgregoriomaranon\/files\/2020\/03\/VID-20200202-WA0001.mp4\">https:\/\/blogsaverroes.juntadeandalucia.es\/ceipgregoriomaranon\/files\/2020\/03\/VID-20200202-WA0001.mp4<\/a><\/video><\/div>\n<p>&nbsp;<\/p>\n<p>&nbsp;<\/p>\n<p>&nbsp;<\/p>\n","protected":false},"excerpt":{"rendered":"<p>CEIP GREGORIO&nbsp; MARA\u00d1ON &nbsp; Datos de contacto CEIP Gregorio Mara\u00f1\u00f3n Direcci\u00f3n: &nbsp;Paseo de Filipinas, n\u00ba 2, 29720, La Cala del Moral, M\u00e1laga Tel\u00e9fono: 951293607 M\u00f3vil: &nbsp;671567174 &nbsp; &nbsp; &nbsp; &nbsp; &nbsp; &nbsp;Email: 29007573.edu@juntadeandalucia.es &nbsp;&#46;&#46;&#46;<\/p>\n","protected":false},"author":1,"featured_media":0,"parent":0,"menu_order":0,"comment_status":"open","ping_status":"open","template":"","meta":{"ngg_post_thumbnail":0,"footnotes":"","_mc_calendar":[]},"aioseo_notices":[],"_links":{"self":[{"href":"https:\/\/blogsaverroes.juntadeandalucia.es\/ceipgregoriomaranon\/wp-json\/wp\/v2\/pages\/872"}],"collection":[{"href":"https:\/\/blogsaverroes.juntadeandalucia.es\/ceipgregoriomaranon\/wp-json\/wp\/v2\/pages"}],"about":[{"href":"https:\/\/blogsaverroes.juntadeandalucia.es\/ceipgregoriomaranon\/wp-json\/wp\/v2\/types\/page"}],"author":[{"embeddable":true,"href":"https:\/\/blogsaverroes.juntadeandalucia.es\/ceipgregoriomaranon\/wp-json\/wp\/v2\/users\/1"}],"replies":[{"embeddable":true,"href":"https:\/\/blogsaverroes.juntadeandalucia.es\/ceipgregoriomaranon\/wp-json\/wp\/v2\/comments?post=872"}],"version-history":[{"count":11,"href":"https:\/\/blogsaverroes.juntadeandalucia.es\/ceipgregoriomaranon\/wp-json\/wp\/v2\/pages\/872\/revisions"}],"predecessor-version":[{"id":3138,"href":"https:\/\/blogsaverroes.juntadeandalucia.es\/ceipgregoriomaranon\/wp-json\/wp\/v2\/pages\/872\/revisions\/3138"}],"wp:attachment":[{"href":"https:\/\/blogsaverroes.juntadeandalucia.es\/ceipgregoriomaranon\/wp-json\/wp\/v2\/media?parent=872"}],"curies":[{"name":"wp","href":"https:\/\/api.w.org\/{rel}","templated":true}]}}