{"id":2323,"date":"2018-04-02T20:41:55","date_gmt":"2018-04-02T20:41:55","guid":{"rendered":"http:\/\/blogsaverroes.juntadeandalucia.es\/ceipguliena\/?page_id=2323"},"modified":"2018-04-03T12:02:25","modified_gmt":"2018-04-03T12:02:25","slug":"multimedia","status":"publish","type":"page","link":"https:\/\/blogsaverroes.juntadeandalucia.es\/ceipguliena\/multimedia\/","title":{"rendered":"MULTIMEDIA"},"content":{"rendered":"<p>Aqu\u00ed podr\u00e1s encontrar los v\u00eddeos disponibles:<\/p>\n<p>Se buscan valientes<\/p>\n<div style=\"width: 320px;\" class=\"wp-video\"><!--[if lt IE 9]><script>document.createElement('video');<\/script><![endif]-->\n<video class=\"wp-video-shortcode\" id=\"video-2323-1\" width=\"320\" height=\"176\" preload=\"metadata\" controls=\"controls\"><source type=\"video\/webm\" src=\"https:\/\/blogsaverroes.juntadeandalucia.es\/ceipguliena\/files\/2018\/04\/V1.webm?_=1\" \/><a href=\"https:\/\/blogsaverroes.juntadeandalucia.es\/ceipguliena\/files\/2018\/04\/V1.webm\">https:\/\/blogsaverroes.juntadeandalucia.es\/ceipguliena\/files\/2018\/04\/V1.webm<\/a><\/video><\/div>\n<p>&nbsp;<\/p>\n<p>Lipdub dia del Libro 17<\/p>\n<div style=\"width: 320px;\" class=\"wp-video\"><video class=\"wp-video-shortcode\" id=\"video-2323-2\" width=\"320\" height=\"176\" preload=\"metadata\" controls=\"controls\"><source type=\"video\/webm\" src=\"https:\/\/blogsaverroes.juntadeandalucia.es\/ceipguliena\/files\/2018\/04\/V2.webm?_=2\" \/><a href=\"https:\/\/blogsaverroes.juntadeandalucia.es\/ceipguliena\/files\/2018\/04\/V2.webm\">https:\/\/blogsaverroes.juntadeandalucia.es\/ceipguliena\/files\/2018\/04\/V2.webm<\/a><\/video><\/div>\n","protected":false},"excerpt":{"rendered":"<p>&#46;&#46;&#46;<\/p>\n","protected":false},"author":4890,"featured_media":0,"parent":0,"menu_order":0,"comment_status":"closed","ping_status":"closed","template":"","meta":{"ngg_post_thumbnail":0,"footnotes":"","_mc_calendar":[]},"aioseo_notices":[],"_links":{"self":[{"href":"https:\/\/blogsaverroes.juntadeandalucia.es\/ceipguliena\/wp-json\/wp\/v2\/pages\/2323"}],"collection":[{"href":"https:\/\/blogsaverroes.juntadeandalucia.es\/ceipguliena\/wp-json\/wp\/v2\/pages"}],"about":[{"href":"https:\/\/blogsaverroes.juntadeandalucia.es\/ceipguliena\/wp-json\/wp\/v2\/types\/page"}],"author":[{"embeddable":true,"href":"https:\/\/blogsaverroes.juntadeandalucia.es\/ceipguliena\/wp-json\/wp\/v2\/users\/4890"}],"replies":[{"embeddable":true,"href":"https:\/\/blogsaverroes.juntadeandalucia.es\/ceipguliena\/wp-json\/wp\/v2\/comments?post=2323"}],"version-history":[{"count":8,"href":"https:\/\/blogsaverroes.juntadeandalucia.es\/ceipguliena\/wp-json\/wp\/v2\/pages\/2323\/revisions"}],"predecessor-version":[{"id":2336,"href":"https:\/\/blogsaverroes.juntadeandalucia.es\/ceipguliena\/wp-json\/wp\/v2\/pages\/2323\/revisions\/2336"}],"wp:attachment":[{"href":"https:\/\/blogsaverroes.juntadeandalucia.es\/ceipguliena\/wp-json\/wp\/v2\/media?parent=2323"}],"curies":[{"name":"wp","href":"https:\/\/api.w.org\/{rel}","templated":true}]}}