{"id":2579,"date":"2018-10-28T10:38:13","date_gmt":"2018-10-28T10:38:13","guid":{"rendered":"http:\/\/blogsaverroes.juntadeandalucia.es\/ceipguliena\/?page_id=2579"},"modified":"2025-05-20T12:00:43","modified_gmt":"2025-05-20T12:00:43","slug":"bilinguismo","status":"publish","type":"page","link":"https:\/\/blogsaverroes.juntadeandalucia.es\/ceipguliena\/planes-y-proyectos\/bilinguismo\/","title":{"rendered":"BILING\u00dcISMO"},"content":{"rendered":"<p class=\"my-0\">El aprendizaje de idiomas ocupa un papel central en nuestro proyecto educativo, ya que consideramos que dominar varias lenguas es clave para el desarrollo acad\u00e9mico y personal de nuestro alumnado. Por ello, nuestro centro apuesta por el programa biling\u00fce, una modalidad que integra el aprendizaje de contenidos curriculares en dos lenguas desde las primeras etapas escolares<span class=\"whitespace-nowrap\">.<\/span><\/p>\n<p class=\"my-0\">En Andaluc\u00eda, la ense\u00f1anza biling\u00fce se organiza como una inmersi\u00f3n ling\u00fc\u00edstica parcial y temprana: parte del curr\u00edculo se imparte en la lengua extranjera, comenzando ya en Educaci\u00f3n Infantil. Este enfoque favorece que los ni\u00f1os y ni\u00f1as se familiaricen de manera natural con el nuevo idioma, utilizando la comunicaci\u00f3n y la interacci\u00f3n como base del aprendizaje. Se prioriza el uso del lenguaje oral, tanto en la lengua materna como en la extranjera, permitiendo que los estudiantes construyan el conocimiento desde diferentes perspectivas ling\u00fc\u00edsticas<span class=\"whitespace-nowrap\">.<\/span><\/p>\n<p class=\"my-0\">Los estudios realizados en nuestra comunidad confirman que el programa biling\u00fce no solo mejora notablemente el dominio de la lengua extranjera, sino que tambi\u00e9n refuerza las habilidades en la lengua materna, especialmente en la expresi\u00f3n escrita y la comprensi\u00f3n lectora. Adem\u00e1s, no se observa un impacto negativo en el aprendizaje de otras materias impartidas en la segunda lengua, como es el caso de Conocimiento del Medio Natural y Social. De hecho, se ha comprobado que el alumnado biling\u00fce desarrolla una mayor capacidad de an\u00e1lisis cr\u00edtico y comprensi\u00f3n profunda de los textos<\/p>\n<p class=\"my-0\">Otra ventaja significativa es que el programa biling\u00fce contribuye a reducir las diferencias de rendimiento entre estudiantes de distintos contextos socioecon\u00f3micos, promoviendo una mayor equidad educativa. La metodolog\u00eda empleada, basada en el aprendizaje integrado de contenidos y lengua extranjera (AICLE), permite trabajar varias destrezas ling\u00fc\u00edsticas al mismo tiempo y fomenta la atenci\u00f3n a la diversidad, adapt\u00e1ndose a las necesidades de cada estudiante<span class=\"whitespace-nowrap\">.<\/span><\/p>\n<p class=\"my-0\">En definitiva, el programa biling\u00fce en nuestro centro es mucho m\u00e1s que aprender un idioma: es una oportunidad para que el alumnado desarrolle competencias comunicativas, pensamiento cr\u00edtico y una visi\u00f3n m\u00e1s abierta y global del mundo, prepar\u00e1ndolos para afrontar con \u00e9xito los retos del futuro.<\/p>\n<p>&nbsp;<\/p>\n<p>&nbsp;<\/p>\n<p>&nbsp;<\/p>\n","protected":false},"excerpt":{"rendered":"<p>&#46;&#46;&#46;<\/p>\n","protected":false},"author":4890,"featured_media":0,"parent":44,"menu_order":0,"comment_status":"closed","ping_status":"closed","template":"","meta":{"ngg_post_thumbnail":0,"footnotes":"","_mc_calendar":[]},"aioseo_notices":[],"_links":{"self":[{"href":"https:\/\/blogsaverroes.juntadeandalucia.es\/ceipguliena\/wp-json\/wp\/v2\/pages\/2579"}],"collection":[{"href":"https:\/\/blogsaverroes.juntadeandalucia.es\/ceipguliena\/wp-json\/wp\/v2\/pages"}],"about":[{"href":"https:\/\/blogsaverroes.juntadeandalucia.es\/ceipguliena\/wp-json\/wp\/v2\/types\/page"}],"author":[{"embeddable":true,"href":"https:\/\/blogsaverroes.juntadeandalucia.es\/ceipguliena\/wp-json\/wp\/v2\/users\/4890"}],"replies":[{"embeddable":true,"href":"https:\/\/blogsaverroes.juntadeandalucia.es\/ceipguliena\/wp-json\/wp\/v2\/comments?post=2579"}],"version-history":[{"count":4,"href":"https:\/\/blogsaverroes.juntadeandalucia.es\/ceipguliena\/wp-json\/wp\/v2\/pages\/2579\/revisions"}],"predecessor-version":[{"id":3917,"href":"https:\/\/blogsaverroes.juntadeandalucia.es\/ceipguliena\/wp-json\/wp\/v2\/pages\/2579\/revisions\/3917"}],"up":[{"embeddable":true,"href":"https:\/\/blogsaverroes.juntadeandalucia.es\/ceipguliena\/wp-json\/wp\/v2\/pages\/44"}],"wp:attachment":[{"href":"https:\/\/blogsaverroes.juntadeandalucia.es\/ceipguliena\/wp-json\/wp\/v2\/media?parent=2579"}],"curies":[{"name":"wp","href":"https:\/\/api.w.org\/{rel}","templated":true}]}}