{"id":3321,"date":"2020-01-17T16:43:59","date_gmt":"2020-01-17T16:43:59","guid":{"rendered":"http:\/\/blogsaverroes.juntadeandalucia.es\/ceipguliena\/?page_id=3321"},"modified":"2022-01-13T12:07:53","modified_gmt":"2022-01-13T12:07:53","slug":"erasmus","status":"publish","type":"page","link":"https:\/\/blogsaverroes.juntadeandalucia.es\/ceipguliena\/english-version\/erasmus\/","title":{"rendered":"ERASMUS + KA1"},"content":{"rendered":"<p>&nbsp;<\/p>\n<p>&nbsp;<\/p>\n<p><a href=\"https:\/\/blogsaverroes.juntadeandalucia.es\/ceipguliena\/files\/2020\/01\/cofinanciadoEN.png\"><img loading=\"lazy\" decoding=\"async\" class=\"alignnone wp-image-3324 size-full\" src=\"https:\/\/blogsaverroes.juntadeandalucia.es\/ceipguliena\/files\/2020\/01\/cofinanciadoEN.png\" alt=\"\" width=\"1600\" height=\"349\" srcset=\"https:\/\/blogsaverroes.juntadeandalucia.es\/ceipguliena\/files\/2020\/01\/cofinanciadoEN.png 1600w, https:\/\/blogsaverroes.juntadeandalucia.es\/ceipguliena\/files\/2020\/01\/cofinanciadoEN-300x65.png 300w, https:\/\/blogsaverroes.juntadeandalucia.es\/ceipguliena\/files\/2020\/01\/cofinanciadoEN-768x167.png 768w, https:\/\/blogsaverroes.juntadeandalucia.es\/ceipguliena\/files\/2020\/01\/cofinanciadoEN-1024x223.png 1024w, https:\/\/blogsaverroes.juntadeandalucia.es\/ceipguliena\/files\/2020\/01\/cofinanciadoEN-24x5.png 24w, https:\/\/blogsaverroes.juntadeandalucia.es\/ceipguliena\/files\/2020\/01\/cofinanciadoEN-36x8.png 36w, https:\/\/blogsaverroes.juntadeandalucia.es\/ceipguliena\/files\/2020\/01\/cofinanciadoEN-48x10.png 48w\" sizes=\"(max-width: 1600px) 100vw, 1600px\" \/><\/a><\/p>\n<p>&nbsp;<\/p>\n<h1>What is ERASMUS +?<\/h1>\n<p><strong>Erasmus+<\/strong> es el programa de la UE para apoyar la educaci\u00f3n, la formaci\u00f3n, la juventud y el deporte en Europa. Su presupuesto de 14&nbsp;700 millones de euros brindar\u00e1 oportunidades para que m\u00e1s de 4 millones de europeos estudien, se capaciten y adquieran experiencia en el extranjero.<\/p>\n<p>Programado para durar hasta 2020, Erasmus+ no solo tiene oportunidades para los estudiantes. Al fusionar siete programas anteriores, ofrece oportunidades para una amplia variedad de personas y organizaciones.<\/p>\n<p>Recientemente, SEPIE ha aprobado dos Proyectos KA101 para la formaci\u00f3n del profesorado: &#8216;Escuela de vida para la vida&#8217; y &#8216;Ense\u00f1ando a la generaci\u00f3n 3.0&#8217;<\/p>\n<p>&nbsp;<\/p>\n<p><em>Erasmus+ is the EU&#8217;s programme to support education, training, youth and sport in Europe. Its budget of \u20ac14.7 billion will provide opportunities for over 4 million Europeans to study, train, and gain experience abroad.<\/em><\/p>\n<p><em>Set to last until 2020, Erasmus+ doesn&#8217;t just have opportunities for students. Merging seven prior programmes, it has opportunities for a wide variety of individuals and organisations.<\/em><\/p>\n<p><em>Recently, SEPIE has aproved two KA101 Projects for teacher training: &#8216;School of life for the life&#8217; and &#8216;Teaching generation 3.0&#8217;<\/em><\/p>\n<p>&nbsp;<\/p>\n<h1 style=\"text-align: center\"><a title=\"PROYECTO \u2018ESCUELA DE VIDA Y PARA LA VIDA\u2019\" href=\"http:\/\/blogsaverroes.juntadeandalucia.es\/ceipguliena\/proyecto-escuela-de-vida-y-para-la-vida\/\">&#8216;School of life for the life&#8217;<\/a><\/h1>\n<p style=\"text-align: center\">&nbsp;<\/p>\n<p style=\"text-align: center\">&nbsp;<\/p>\n<h1 style=\"text-align: center\"><a title=\"PROYECTO: EDUCANDO A LA GENERACI\u00d3N 3.0\" href=\"http:\/\/blogsaverroes.juntadeandalucia.es\/ceipguliena\/proyecto-educando-a-la-generacion-3-0\/\">&#8216;Teaching generation 3.0&#8217;<\/a><\/h1>\n<p style=\"text-align: center\">&nbsp;<\/p>\n<p>&nbsp;<\/p>\n<p>&nbsp;<\/p>\n<p>&nbsp;<\/p>\n<pre id=\"tw-target-text\" class=\"tw-data-text tw-text-large tw-ta\" data-placeholder=\"Traducci\u00f3n\"><a href=\"http:\/\/sepie.es\/\"><img loading=\"lazy\" decoding=\"async\" class=\"aligncenter wp-image-3342 size-full\" src=\"https:\/\/blogsaverroes.juntadeandalucia.es\/ceipguliena\/files\/2020\/01\/SEPIE_erasmus_plus-1.gif\" alt=\"\" width=\"400\" height=\"100\"><\/a><\/pre>\n<p>&nbsp;<\/p>\n<pre id=\"tw-target-text\" class=\"tw-data-text tw-text-large tw-ta\" data-placeholder=\"Traducci\u00f3n\">&nbsp;<\/pre>\n","protected":false},"excerpt":{"rendered":"<p>&#46;&#46;&#46;<\/p>\n","protected":false},"author":4890,"featured_media":0,"parent":3306,"menu_order":0,"comment_status":"closed","ping_status":"closed","template":"page-templates\/child-menu.php","meta":{"ngg_post_thumbnail":0,"footnotes":"","_mc_calendar":[]},"aioseo_notices":[],"_links":{"self":[{"href":"https:\/\/blogsaverroes.juntadeandalucia.es\/ceipguliena\/wp-json\/wp\/v2\/pages\/3321"}],"collection":[{"href":"https:\/\/blogsaverroes.juntadeandalucia.es\/ceipguliena\/wp-json\/wp\/v2\/pages"}],"about":[{"href":"https:\/\/blogsaverroes.juntadeandalucia.es\/ceipguliena\/wp-json\/wp\/v2\/types\/page"}],"author":[{"embeddable":true,"href":"https:\/\/blogsaverroes.juntadeandalucia.es\/ceipguliena\/wp-json\/wp\/v2\/users\/4890"}],"replies":[{"embeddable":true,"href":"https:\/\/blogsaverroes.juntadeandalucia.es\/ceipguliena\/wp-json\/wp\/v2\/comments?post=3321"}],"version-history":[{"count":16,"href":"https:\/\/blogsaverroes.juntadeandalucia.es\/ceipguliena\/wp-json\/wp\/v2\/pages\/3321\/revisions"}],"predecessor-version":[{"id":3745,"href":"https:\/\/blogsaverroes.juntadeandalucia.es\/ceipguliena\/wp-json\/wp\/v2\/pages\/3321\/revisions\/3745"}],"up":[{"embeddable":true,"href":"https:\/\/blogsaverroes.juntadeandalucia.es\/ceipguliena\/wp-json\/wp\/v2\/pages\/3306"}],"wp:attachment":[{"href":"https:\/\/blogsaverroes.juntadeandalucia.es\/ceipguliena\/wp-json\/wp\/v2\/media?parent=3321"}],"curies":[{"name":"wp","href":"https:\/\/api.w.org\/{rel}","templated":true}]}}