{"id":35,"date":"2015-03-13T08:21:43","date_gmt":"2015-03-13T08:21:43","guid":{"rendered":"http:\/\/blogsaverroes.juntadeandalucia.es\/pre\/ceip\/?page_id=35"},"modified":"2021-03-16T15:24:04","modified_gmt":"2021-03-16T15:24:04","slug":"el-centro-2","status":"publish","type":"page","link":"https:\/\/blogsaverroes.juntadeandalucia.es\/ceipguliena\/el-centro-2\/","title":{"rendered":"Datos del centro"},"content":{"rendered":"<h5><strong>Datos de contacto<\/strong><\/h5>\n<p>CEIP GULIENA<\/p>\n<p>C\u00f3digo 41017156<\/p>\n<p><strong>Direcci\u00f3n:<\/strong>&nbsp; Plaza del Salvador s\/n. 41210 GUILLENA Sevilla<\/p>\n<p><strong>Tel\u00e9fono \/ FAX: 955739943 \/ 647756504\/647756445\/677904494<\/strong><br \/>\n<strong>Email:<\/strong>&nbsp;ceipguliena@ceipguliena.com<\/p>\n<h4><strong>Horarios<\/strong><\/h4>\n<p>El horario de la Secretar\u00eda del centro ser\u00e1&nbsp; LUNES y MI\u00c9RCOLES de 10:00h a 11:00h hasta que se disponga de una persona que realice las funciones Administrativas.<\/p>\n<p>El horario de atenci\u00f3n desde la Direcci\u00f3n del centro ser\u00e1 los mi\u00e9rcoles y jueves de 9:15 a 10.<\/p>\n<h4><strong>Oferta educativa<\/strong><\/h4>\n<ol>\n<li><b>Segundo ciclo de Educaci\u00f3n Infantil<\/b><\/li>\n<li><b>Educaci\u00f3n Primaria<\/b><\/li>\n<li><b>Educaci\u00f3n B\u00e1sica Especial<\/b>\n<ul>\n<li><img decoding=\"async\" src=\"http:\/\/www.juntadeandalucia.es\/educacion\/vscripts\/centros\/datoscuract\/archivos\/bullet03.gif\" alt=\"\">&nbsp;Educaci\u00f3n especial apoyo a la integraci\u00f3n<\/li>\n<\/ul>\n<\/li>\n<\/ol>\n<h2>Servicios<\/h2>\n<hr size=\"1\">\n<ul>\n<li><img decoding=\"async\" src=\"http:\/\/www.juntadeandalucia.es\/educacion\/vscripts\/centros\/datoscuract\/archivos\/bullet03.gif\" alt=\"\">&nbsp;&nbsp;<b>Plan de apertura. Actividades extraescolares<\/b><\/li>\n<li><img decoding=\"async\" src=\"http:\/\/www.juntadeandalucia.es\/educacion\/vscripts\/centros\/datoscuract\/archivos\/bullet03.gif\" alt=\"\">&nbsp;&nbsp;<b>Plan de apertura. Comedor<\/b><\/li>\n<li><img decoding=\"async\" src=\"http:\/\/www.juntadeandalucia.es\/educacion\/vscripts\/centros\/datoscuract\/archivos\/bullet03.gif\" alt=\"\">&nbsp;&nbsp;<b>Plan de apertura. Aula matinal<\/b><\/li>\n<\/ul>\n<p>&nbsp;<\/p>\n<h2>&nbsp;<\/h2>\n","protected":false},"excerpt":{"rendered":"<p>&#46;&#46;&#46;<\/p>\n","protected":false},"author":1,"featured_media":0,"parent":0,"menu_order":0,"comment_status":"closed","ping_status":"open","template":"","meta":{"ngg_post_thumbnail":0,"footnotes":"","_mc_calendar":[]},"aioseo_notices":[],"_links":{"self":[{"href":"https:\/\/blogsaverroes.juntadeandalucia.es\/ceipguliena\/wp-json\/wp\/v2\/pages\/35"}],"collection":[{"href":"https:\/\/blogsaverroes.juntadeandalucia.es\/ceipguliena\/wp-json\/wp\/v2\/pages"}],"about":[{"href":"https:\/\/blogsaverroes.juntadeandalucia.es\/ceipguliena\/wp-json\/wp\/v2\/types\/page"}],"author":[{"embeddable":true,"href":"https:\/\/blogsaverroes.juntadeandalucia.es\/ceipguliena\/wp-json\/wp\/v2\/users\/1"}],"replies":[{"embeddable":true,"href":"https:\/\/blogsaverroes.juntadeandalucia.es\/ceipguliena\/wp-json\/wp\/v2\/comments?post=35"}],"version-history":[{"count":24,"href":"https:\/\/blogsaverroes.juntadeandalucia.es\/ceipguliena\/wp-json\/wp\/v2\/pages\/35\/revisions"}],"predecessor-version":[{"id":3570,"href":"https:\/\/blogsaverroes.juntadeandalucia.es\/ceipguliena\/wp-json\/wp\/v2\/pages\/35\/revisions\/3570"}],"wp:attachment":[{"href":"https:\/\/blogsaverroes.juntadeandalucia.es\/ceipguliena\/wp-json\/wp\/v2\/media?parent=35"}],"curies":[{"name":"wp","href":"https:\/\/api.w.org\/{rel}","templated":true}]}}