{"id":3518,"date":"2020-09-15T06:42:04","date_gmt":"2020-09-15T06:42:04","guid":{"rendered":"http:\/\/blogsaverroes.juntadeandalucia.es\/ceipguliena\/?page_id=3518"},"modified":"2025-06-25T11:44:02","modified_gmt":"2025-06-25T11:44:02","slug":"tde","status":"publish","type":"page","link":"https:\/\/blogsaverroes.juntadeandalucia.es\/ceipguliena\/tde\/","title":{"rendered":"TDE"},"content":{"rendered":"<p class=\"my-0\">En la actualidad, la transformaci\u00f3n digital educativa est\u00e1 revolucionando la forma en que aprendemos y ense\u00f1amos. Este proceso va mucho m\u00e1s all\u00e1 de incorporar tecnolog\u00eda en el aula: implica repensar y redise\u00f1ar los m\u00e9todos de ense\u00f1anza, la gesti\u00f3n escolar y la experiencia educativa en su conjunto, integrando herramientas digitales avanzadas para crear entornos de aprendizaje m\u00e1s personalizados, interactivos y eficientes<span class=\"whitespace-nowrap\">.<\/span><\/p>\n<p class=\"my-0\"><strong>\u00bfQu\u00e9 es la transformaci\u00f3n digital educativa?<\/strong><\/p>\n<p class=\"my-0\">La transformaci\u00f3n digital educativa consiste en la integraci\u00f3n de tecnolog\u00edas digitales en todos los \u00e1mbitos de la educaci\u00f3n, desde la administraci\u00f3n escolar hasta la experiencia en el aula. No se trata solo de digitalizar procesos tradicionales, sino de crear nuevas formas de aprendizaje y gesti\u00f3n que respondan a los desaf\u00edos del siglo XXI<\/p>\n<p class=\"my-0\"><strong>\u00c1reas clave de la transformaci\u00f3n digital en la educaci\u00f3n<\/strong><\/p>\n<ul class=\"marker:text-textOff list-disc\">\n<li>\n<p class=\"my-0\"><strong>Personalizaci\u00f3n del aprendizaje:<\/strong> Plataformas interactivas y algoritmos adaptativos permiten que cada estudiante avance a su propio ritmo, mejorando la comprensi\u00f3n y el compromiso con los contenidos.<\/p>\n<\/li>\n<li>\n<p class=\"my-0\"><strong>Desarrollo de competencias digitales:<\/strong> Los estudiantes adquieren habilidades en el uso de herramientas tecnol\u00f3gicas y desarrollan competencias esenciales como el pensamiento cr\u00edtico, la resoluci\u00f3n de problemas y la colaboraci\u00f3n en entornos virtuales.<\/p>\n<\/li>\n<li>\n<p class=\"my-0\"><strong>Aprendizaje en l\u00ednea y aulas digitales:<\/strong> El uso de plataformas de aprendizaje online, realidad aumentada, gamificaci\u00f3n y recursos multimedia crea experiencias educativas m\u00e1s flexibles, accesibles y atractivas para los estudiantes.<\/p>\n<\/li>\n<li>\n<p class=\"my-0\"><strong>Gesti\u00f3n escolar eficiente:<\/strong>&nbsp;Sistemas de informaci\u00f3n y software de gesti\u00f3n escolar agilizan procesos administrativos, mejoran la comunicaci\u00f3n y permiten tomar decisiones basadas en datos para apoyar el aprendizaje de los estudiantes<\/p>\n<\/li>\n<\/ul>\n<p>A continuaci\u00f3n podr\u00e1s encontrar nuestro plan actualizado de Actuaci\u00f3n Digital.<\/p>\n<p><a href=\"https:\/\/blogsaverroes.juntadeandalucia.es\/ceipguliena\/files\/2025\/06\/PLan-de-Actuacion-Digital.pdf\">PLan de Actuaci\u00f3n Digital<\/a><\/p>\n","protected":false},"excerpt":{"rendered":"<p>&#46;&#46;&#46;<\/p>\n","protected":false},"author":4890,"featured_media":0,"parent":0,"menu_order":0,"comment_status":"closed","ping_status":"closed","template":"","meta":{"ngg_post_thumbnail":0,"footnotes":"","_mc_calendar":[]},"aioseo_notices":[],"_links":{"self":[{"href":"https:\/\/blogsaverroes.juntadeandalucia.es\/ceipguliena\/wp-json\/wp\/v2\/pages\/3518"}],"collection":[{"href":"https:\/\/blogsaverroes.juntadeandalucia.es\/ceipguliena\/wp-json\/wp\/v2\/pages"}],"about":[{"href":"https:\/\/blogsaverroes.juntadeandalucia.es\/ceipguliena\/wp-json\/wp\/v2\/types\/page"}],"author":[{"embeddable":true,"href":"https:\/\/blogsaverroes.juntadeandalucia.es\/ceipguliena\/wp-json\/wp\/v2\/users\/4890"}],"replies":[{"embeddable":true,"href":"https:\/\/blogsaverroes.juntadeandalucia.es\/ceipguliena\/wp-json\/wp\/v2\/comments?post=3518"}],"version-history":[{"count":3,"href":"https:\/\/blogsaverroes.juntadeandalucia.es\/ceipguliena\/wp-json\/wp\/v2\/pages\/3518\/revisions"}],"predecessor-version":[{"id":3935,"href":"https:\/\/blogsaverroes.juntadeandalucia.es\/ceipguliena\/wp-json\/wp\/v2\/pages\/3518\/revisions\/3935"}],"wp:attachment":[{"href":"https:\/\/blogsaverroes.juntadeandalucia.es\/ceipguliena\/wp-json\/wp\/v2\/media?parent=3518"}],"curies":[{"name":"wp","href":"https:\/\/api.w.org\/{rel}","templated":true}]}}