{"id":3635,"date":"2021-08-05T17:44:42","date_gmt":"2021-08-05T17:44:42","guid":{"rendered":"http:\/\/blogsaverroes.juntadeandalucia.es\/ceipguliena\/?page_id=3635"},"modified":"2021-08-05T17:44:42","modified_gmt":"2021-08-05T17:44:42","slug":"ecoescuela","status":"publish","type":"page","link":"https:\/\/blogsaverroes.juntadeandalucia.es\/ceipguliena\/ecoescuela\/","title":{"rendered":"ECOESCUELA"},"content":{"rendered":"<p style=\"text-align: justify\">Nuestro centro participa desde su creaci\u00f3n en el programa ECOESCUELA, cuyo objetivo principal es convertir a nuestro centro en una escuela sostenible.<\/p>\n<p style=\"text-align: justify\">Ecoescuelas es un programa de \u00e1mbito internacional&nbsp;<strong>coordinado por la Fundaci\u00f3n Europea de Educaci\u00f3n Ambiental (FEE) y desarrollado en Espa\u00f1a por la Asociaci\u00f3n de Educaci\u00f3n Ambiental y el Consumidor (ADEAC), miembro de FEE.<\/strong><\/p>\n<p style=\"text-align: justify\">Est\u00e1 dirigido a la gesti\u00f3n y certificaci\u00f3n medioambiental y a la educaci\u00f3n para el desarrollo sostenible en los centros educativos, para aquellos centros que desean trabajar en torno a un proyecto global que suponga educar en el respeto, la responsabilidad, en la convivencia, en la solidaridad, en la generosidad, en la resoluci\u00f3n y an\u00e1lisis de problemas&#8230;<\/p>\n<p style=\"text-align: justify\">En nuestro caso, contamos con varios aspectos relevantes y gracias a este compromiso con el medio ambiente a trav\u00e9s de nuestras propuestas ZERO WASTE, participamos en proyectos ERASMUS cuya bandera es la naturaleza y la defensa de una vida sostenible.<\/p>\n<p style=\"text-align: justify\">Nuestros <strong>objetivos<\/strong> a corto y largo plazo son:<\/p>\n<ul style=\"text-align: justify\">\n<li>Hacer del centro educativo un proyecto susceptible de cambios y mejoras, tanto a nivel ecol\u00f3gico como social, coherentemente con los principios de la Educaci\u00f3n Ambiental e impulsado por su propia comunidad educativa.<\/li>\n<li>Sensibilizar, formar y educar sobre la importancia del desarrollo sostenible, haciendo a los individuos m\u00e1s participativos y conscientes, a trav\u00e9s de la mejora de la gesti\u00f3n ambiental de los centros educativos.<\/li>\n<\/ul>\n<h2 style=\"text-align: justify\">&nbsp;<\/h2>\n<h2 style=\"text-align: justify\">H\u00c1BITOS ZERO WASTE<\/h2>\n<p><a style=\"text-align: justify\" href=\"https:\/\/blogsaverroes.juntadeandalucia.es\/ceipguliena\/files\/2021\/08\/20210304_111325-scaled.jpg\"><img loading=\"lazy\" decoding=\"async\" class=\"wp-image-3656 alignright\" src=\"https:\/\/blogsaverroes.juntadeandalucia.es\/ceipguliena\/files\/2021\/08\/20210304_111325-576x1024.jpg\" alt=\"\" width=\"222\" height=\"394\" srcset=\"https:\/\/blogsaverroes.juntadeandalucia.es\/ceipguliena\/files\/2021\/08\/20210304_111325-576x1024.jpg 576w, https:\/\/blogsaverroes.juntadeandalucia.es\/ceipguliena\/files\/2021\/08\/20210304_111325-169x300.jpg 169w, https:\/\/blogsaverroes.juntadeandalucia.es\/ceipguliena\/files\/2021\/08\/20210304_111325-768x1365.jpg 768w, https:\/\/blogsaverroes.juntadeandalucia.es\/ceipguliena\/files\/2021\/08\/20210304_111325-864x1536.jpg 864w, https:\/\/blogsaverroes.juntadeandalucia.es\/ceipguliena\/files\/2021\/08\/20210304_111325-1152x2048.jpg 1152w, https:\/\/blogsaverroes.juntadeandalucia.es\/ceipguliena\/files\/2021\/08\/20210304_111325-scaled.jpg 900w\" sizes=\"(max-width: 222px) 100vw, 222px\" \/><\/a><\/p>\n<p style=\"text-align: justify\">Es por ello por lo que en nuestra escuela hemos adquirido una serie de h\u00e1bitos que hacen de la misma un lugar donde el cero desperdicio comience a ser una realidad.<\/p>\n<ul style=\"text-align: justify\">\n<li>El tentempi\u00e9 se realiza en el aula. Todos los cursos sin excepci\u00f3n, dedican entre 20 y 15 minutos a h\u00e1bitos de higiene y alimentaci\u00f3n adecuados, donde los ni\u00f1os y ni\u00f1as van aprendiendo en la hora del tentempi\u00e9 nociones b\u00e1sicas de alimentaci\u00f3n equilibrada y saludable a la vez que desayunan sentados y utilizando envases reciclables.<\/li>\n<li>El tentempi\u00e9 de media ma\u00f1ana se trae en envases que luego el alumno\/a se lleva de vuelta a casa para evitar los envoltorios de pl\u00e1stico, papel de&nbsp;plata o similar que tanto perjudican al planeta.<\/li>\n<li>Las botellas son reutilizables y de materiales libres de BPA.<\/li>\n<li>Al estar este programa \u00edntimamente relacionado con el programa Creciendo en Salud, los alimentos deben ser sanos, no procesados y al ser posible con variedad.&nbsp;<\/li>\n<li>Los desperdicios org\u00e1nicos son llevados a nuestro compostador.<\/li>\n<\/ul>\n<p style=\"text-align: justify\">&nbsp;<\/p>\n<h2>&nbsp;<\/h2>\n<h2>&nbsp;<\/h2>\n<h2 style=\"text-align: justify\">EL HOTEL DE INSECTOS<\/h2>\n<p style=\"text-align: justify\">Aunque los emplean muchos insectos como refugio (por ejemplo mariquitas o crisopas), los principales ocupantes de los hoteles de insectos son las abejas y avispas solitarias, que los utilizan&nbsp;para construir las celdas donde se desarrollar\u00e1 su descendencia. En la naturaleza, estos himen\u00f3pteros solitarios buscan todo tipo de agujerillos y galer\u00edas excavadas normalmente&nbsp;en madera muerta por una gran variedad de xil\u00f3fagos, sobre todo&nbsp;larvas de escarabajos.&nbsp;Cuando eliminamos la mayor parte de&nbsp;esa madera muerta del entorno generamos un grave impacto en todas estas especies que dependen de ella,&nbsp;no \u00fanicamente los cientos de especies que la descomponen, tambi\u00e9n agredimos a los que se alimentan de estas \u00faltimas, es decir, muchas especies&nbsp;insect\u00edvoras entre las que se encuentran vertebrados como aves, reptiles o micromam\u00edferos. Las abejas y avispas solitarias tambi\u00e9n salen perjudicadas con nuestro concepto de \u201csuciedad\u201d en la naturaleza, existiendo bosques enteros en los que cuesta realmente encontrar un \u00e1rbol muerto.<\/p>\n<p style=\"text-align: justify\">En las ciudades y huertos&nbsp;el problema se&nbsp;agrava porque resulta todav\u00eda m\u00e1s complicado encontrar esas peque\u00f1as galer\u00edas tan buscadas por tantas especies de abejas y avispas solitarias. Los \u201choteles\u201d son una forma de compensar la carencia de huecos naturales aport\u00e1ndolos de forma artificial.<\/p>\n<p style=\"text-align: justify\"><a href=\"https:\/\/blogsaverroes.juntadeandalucia.es\/ceipguliena\/files\/2021\/08\/2.png\"><img loading=\"lazy\" decoding=\"async\" class=\"alignnone  wp-image-3636\" src=\"https:\/\/blogsaverroes.juntadeandalucia.es\/ceipguliena\/files\/2021\/08\/2.png\" alt=\"\" width=\"460\" height=\"503\" srcset=\"https:\/\/blogsaverroes.juntadeandalucia.es\/ceipguliena\/files\/2021\/08\/2.png 535w, https:\/\/blogsaverroes.juntadeandalucia.es\/ceipguliena\/files\/2021\/08\/2-274x300.png 274w\" sizes=\"(max-width: 460px) 100vw, 460px\" \/><\/a> &nbsp; &nbsp; &nbsp; &nbsp; &nbsp;<a href=\"https:\/\/blogsaverroes.juntadeandalucia.es\/ceipguliena\/files\/2021\/08\/3.png\"><img loading=\"lazy\" decoding=\"async\" class=\"alignnone  wp-image-3637\" src=\"https:\/\/blogsaverroes.juntadeandalucia.es\/ceipguliena\/files\/2021\/08\/3.png\" alt=\"\" width=\"543\" height=\"506\" srcset=\"https:\/\/blogsaverroes.juntadeandalucia.es\/ceipguliena\/files\/2021\/08\/3.png 588w, https:\/\/blogsaverroes.juntadeandalucia.es\/ceipguliena\/files\/2021\/08\/3-300x280.png 300w\" sizes=\"(max-width: 543px) 100vw, 543px\" \/><\/a><\/p>\n<h2 style=\"text-align: justify\">NUESTRO HUERTO<\/h2>\n<p style=\"text-align: justify\">Desde el curso 2020\/2021, nuestro centro cuenta con un huerto escolar y un aula de Naturaleza, donde nuestros ni\u00f1os y ni\u00f1as aprenden lo necesario para cuidar y cultivar sus plantas. Las actividades est\u00e1n enmarcadas dentro del \u00e1rea de ciencias y las clases deben impartirse en este espacio siempre que sea posible como un espacio de aprendizaje m\u00e1s.<\/p>\n<p><a href=\"https:\/\/blogsaverroes.juntadeandalucia.es\/ceipguliena\/files\/2021\/08\/5.png\"><img loading=\"lazy\" decoding=\"async\" class=\"alignnone wp-image-3638 size-medium\" src=\"https:\/\/blogsaverroes.juntadeandalucia.es\/ceipguliena\/files\/2021\/08\/5-300x294.png\" alt=\"\" width=\"300\" height=\"294\" srcset=\"https:\/\/blogsaverroes.juntadeandalucia.es\/ceipguliena\/files\/2021\/08\/5-300x294.png 300w, https:\/\/blogsaverroes.juntadeandalucia.es\/ceipguliena\/files\/2021\/08\/5.png 580w\" sizes=\"(max-width: 300px) 100vw, 300px\" \/><\/a> <a href=\"https:\/\/blogsaverroes.juntadeandalucia.es\/ceipguliena\/files\/2021\/08\/6.png\"><img loading=\"lazy\" decoding=\"async\" class=\"alignnone wp-image-3639 size-medium\" src=\"https:\/\/blogsaverroes.juntadeandalucia.es\/ceipguliena\/files\/2021\/08\/6-296x300.png\" alt=\"\" width=\"296\" height=\"300\" srcset=\"https:\/\/blogsaverroes.juntadeandalucia.es\/ceipguliena\/files\/2021\/08\/6-296x300.png 296w, https:\/\/blogsaverroes.juntadeandalucia.es\/ceipguliena\/files\/2021\/08\/6-80x80.png 80w, https:\/\/blogsaverroes.juntadeandalucia.es\/ceipguliena\/files\/2021\/08\/6.png 546w\" sizes=\"(max-width: 296px) 100vw, 296px\" \/><\/a> <a href=\"https:\/\/blogsaverroes.juntadeandalucia.es\/ceipguliena\/files\/2021\/08\/7.png\"><img loading=\"lazy\" decoding=\"async\" class=\"alignnone wp-image-3640 \" src=\"https:\/\/blogsaverroes.juntadeandalucia.es\/ceipguliena\/files\/2021\/08\/7-300x289.png\" alt=\"\" width=\"311\" height=\"300\" srcset=\"https:\/\/blogsaverroes.juntadeandalucia.es\/ceipguliena\/files\/2021\/08\/7-300x289.png 300w, https:\/\/blogsaverroes.juntadeandalucia.es\/ceipguliena\/files\/2021\/08\/7.png 583w\" sizes=\"(max-width: 311px) 100vw, 311px\" \/><\/a> <a href=\"https:\/\/blogsaverroes.juntadeandalucia.es\/ceipguliena\/files\/2021\/08\/8.png\"><img loading=\"lazy\" decoding=\"async\" class=\"alignnone  wp-image-3641\" src=\"https:\/\/blogsaverroes.juntadeandalucia.es\/ceipguliena\/files\/2021\/08\/8.png\" alt=\"\" width=\"287\" height=\"300\" srcset=\"https:\/\/blogsaverroes.juntadeandalucia.es\/ceipguliena\/files\/2021\/08\/8.png 537w, https:\/\/blogsaverroes.juntadeandalucia.es\/ceipguliena\/files\/2021\/08\/8-287x300.png 287w\" sizes=\"(max-width: 287px) 100vw, 287px\" \/><\/a> <a href=\"https:\/\/blogsaverroes.juntadeandalucia.es\/ceipguliena\/files\/2021\/08\/9.png\"><img loading=\"lazy\" decoding=\"async\" class=\"alignnone wp-image-3642 size-medium\" src=\"https:\/\/blogsaverroes.juntadeandalucia.es\/ceipguliena\/files\/2021\/08\/9-300x294.png\" alt=\"\" width=\"300\" height=\"294\" srcset=\"https:\/\/blogsaverroes.juntadeandalucia.es\/ceipguliena\/files\/2021\/08\/9-300x294.png 300w, https:\/\/blogsaverroes.juntadeandalucia.es\/ceipguliena\/files\/2021\/08\/9.png 546w\" sizes=\"(max-width: 300px) 100vw, 300px\" \/><\/a> <a href=\"https:\/\/blogsaverroes.juntadeandalucia.es\/ceipguliena\/files\/2021\/08\/10.png\"><img loading=\"lazy\" decoding=\"async\" class=\"alignnone wp-image-3643 size-medium\" src=\"https:\/\/blogsaverroes.juntadeandalucia.es\/ceipguliena\/files\/2021\/08\/10-283x300.png\" alt=\"\" width=\"283\" height=\"300\" srcset=\"https:\/\/blogsaverroes.juntadeandalucia.es\/ceipguliena\/files\/2021\/08\/10-283x300.png 283w, https:\/\/blogsaverroes.juntadeandalucia.es\/ceipguliena\/files\/2021\/08\/10.png 526w\" sizes=\"(max-width: 283px) 100vw, 283px\" \/><\/a> <a href=\"https:\/\/blogsaverroes.juntadeandalucia.es\/ceipguliena\/files\/2021\/08\/11.png\"><img loading=\"lazy\" decoding=\"async\" class=\"alignnone wp-image-3644 size-medium\" src=\"https:\/\/blogsaverroes.juntadeandalucia.es\/ceipguliena\/files\/2021\/08\/11-296x300.png\" alt=\"\" width=\"296\" height=\"300\" srcset=\"https:\/\/blogsaverroes.juntadeandalucia.es\/ceipguliena\/files\/2021\/08\/11-296x300.png 296w, https:\/\/blogsaverroes.juntadeandalucia.es\/ceipguliena\/files\/2021\/08\/11-80x80.png 80w, https:\/\/blogsaverroes.juntadeandalucia.es\/ceipguliena\/files\/2021\/08\/11.png 522w\" sizes=\"(max-width: 296px) 100vw, 296px\" \/><\/a> <a href=\"https:\/\/blogsaverroes.juntadeandalucia.es\/ceipguliena\/files\/2021\/08\/12.png\"><img loading=\"lazy\" decoding=\"async\" class=\"alignnone wp-image-3645 size-medium\" src=\"https:\/\/blogsaverroes.juntadeandalucia.es\/ceipguliena\/files\/2021\/08\/12-300x289.png\" alt=\"\" width=\"300\" height=\"289\" srcset=\"https:\/\/blogsaverroes.juntadeandalucia.es\/ceipguliena\/files\/2021\/08\/12-300x289.png 300w, https:\/\/blogsaverroes.juntadeandalucia.es\/ceipguliena\/files\/2021\/08\/12.png 559w\" sizes=\"(max-width: 300px) 100vw, 300px\" \/><\/a> <a href=\"https:\/\/blogsaverroes.juntadeandalucia.es\/ceipguliena\/files\/2021\/08\/13.png\"><img loading=\"lazy\" decoding=\"async\" class=\"alignnone  wp-image-3646\" src=\"https:\/\/blogsaverroes.juntadeandalucia.es\/ceipguliena\/files\/2021\/08\/13.png\" alt=\"\" width=\"314\" height=\"309\" srcset=\"https:\/\/blogsaverroes.juntadeandalucia.es\/ceipguliena\/files\/2021\/08\/13.png 546w, https:\/\/blogsaverroes.juntadeandalucia.es\/ceipguliena\/files\/2021\/08\/13-300x295.png 300w, https:\/\/blogsaverroes.juntadeandalucia.es\/ceipguliena\/files\/2021\/08\/13-80x80.png 80w\" sizes=\"(max-width: 314px) 100vw, 314px\" \/><\/a> <a href=\"https:\/\/blogsaverroes.juntadeandalucia.es\/ceipguliena\/files\/2021\/08\/14.png\"><img loading=\"lazy\" decoding=\"async\" class=\"alignnone wp-image-3647 size-medium\" src=\"https:\/\/blogsaverroes.juntadeandalucia.es\/ceipguliena\/files\/2021\/08\/14-255x300.png\" alt=\"\" width=\"255\" height=\"300\" srcset=\"https:\/\/blogsaverroes.juntadeandalucia.es\/ceipguliena\/files\/2021\/08\/14-255x300.png 255w, https:\/\/blogsaverroes.juntadeandalucia.es\/ceipguliena\/files\/2021\/08\/14.png 453w\" sizes=\"(max-width: 255px) 100vw, 255px\" \/><\/a> <a href=\"https:\/\/blogsaverroes.juntadeandalucia.es\/ceipguliena\/files\/2021\/08\/15.png\"><img loading=\"lazy\" decoding=\"async\" class=\"alignnone  wp-image-3648\" src=\"https:\/\/blogsaverroes.juntadeandalucia.es\/ceipguliena\/files\/2021\/08\/15.png\" alt=\"\" width=\"322\" height=\"303\" srcset=\"https:\/\/blogsaverroes.juntadeandalucia.es\/ceipguliena\/files\/2021\/08\/15.png 579w, https:\/\/blogsaverroes.juntadeandalucia.es\/ceipguliena\/files\/2021\/08\/15-300x282.png 300w\" sizes=\"(max-width: 322px) 100vw, 322px\" \/><\/a><a href=\"https:\/\/blogsaverroes.juntadeandalucia.es\/ceipguliena\/files\/2021\/08\/IMG-20210528-WA0005.jpg\"> &nbsp;<img loading=\"lazy\" decoding=\"async\" class=\"alignnone  wp-image-3649\" src=\"https:\/\/blogsaverroes.juntadeandalucia.es\/ceipguliena\/files\/2021\/08\/IMG-20210528-WA0005-766x1024.jpg\" alt=\"\" width=\"226\" height=\"302\" srcset=\"https:\/\/blogsaverroes.juntadeandalucia.es\/ceipguliena\/files\/2021\/08\/IMG-20210528-WA0005-766x1024.jpg 766w, https:\/\/blogsaverroes.juntadeandalucia.es\/ceipguliena\/files\/2021\/08\/IMG-20210528-WA0005-224x300.jpg 224w, https:\/\/blogsaverroes.juntadeandalucia.es\/ceipguliena\/files\/2021\/08\/IMG-20210528-WA0005-768x1027.jpg 768w, https:\/\/blogsaverroes.juntadeandalucia.es\/ceipguliena\/files\/2021\/08\/IMG-20210528-WA0005-1149x1536.jpg 1149w, https:\/\/blogsaverroes.juntadeandalucia.es\/ceipguliena\/files\/2021\/08\/IMG-20210528-WA0005.jpg 1197w\" sizes=\"(max-width: 226px) 100vw, 226px\" \/><\/a> <a href=\"https:\/\/blogsaverroes.juntadeandalucia.es\/ceipguliena\/files\/2021\/08\/IMG-20210528-WA0006.jpg\"><img loading=\"lazy\" decoding=\"async\" class=\"alignnone  wp-image-3650\" src=\"https:\/\/blogsaverroes.juntadeandalucia.es\/ceipguliena\/files\/2021\/08\/IMG-20210528-WA0006-766x1024.jpg\" alt=\"\" width=\"291\" height=\"389\" srcset=\"https:\/\/blogsaverroes.juntadeandalucia.es\/ceipguliena\/files\/2021\/08\/IMG-20210528-WA0006-766x1024.jpg 766w, https:\/\/blogsaverroes.juntadeandalucia.es\/ceipguliena\/files\/2021\/08\/IMG-20210528-WA0006-224x300.jpg 224w, https:\/\/blogsaverroes.juntadeandalucia.es\/ceipguliena\/files\/2021\/08\/IMG-20210528-WA0006-768x1027.jpg 768w, https:\/\/blogsaverroes.juntadeandalucia.es\/ceipguliena\/files\/2021\/08\/IMG-20210528-WA0006-1149x1536.jpg 1149w, https:\/\/blogsaverroes.juntadeandalucia.es\/ceipguliena\/files\/2021\/08\/IMG-20210528-WA0006.jpg 1197w\" sizes=\"(max-width: 291px) 100vw, 291px\" \/><\/a> <a href=\"https:\/\/blogsaverroes.juntadeandalucia.es\/ceipguliena\/files\/2021\/08\/IMG-20210528-WA0007.jpg\"><img loading=\"lazy\" decoding=\"async\" class=\"alignnone  wp-image-3651\" src=\"https:\/\/blogsaverroes.juntadeandalucia.es\/ceipguliena\/files\/2021\/08\/IMG-20210528-WA0007-766x1024.jpg\" alt=\"\" width=\"288\" height=\"385\" srcset=\"https:\/\/blogsaverroes.juntadeandalucia.es\/ceipguliena\/files\/2021\/08\/IMG-20210528-WA0007-766x1024.jpg 766w, https:\/\/blogsaverroes.juntadeandalucia.es\/ceipguliena\/files\/2021\/08\/IMG-20210528-WA0007-224x300.jpg 224w, https:\/\/blogsaverroes.juntadeandalucia.es\/ceipguliena\/files\/2021\/08\/IMG-20210528-WA0007-768x1027.jpg 768w, https:\/\/blogsaverroes.juntadeandalucia.es\/ceipguliena\/files\/2021\/08\/IMG-20210528-WA0007-1149x1536.jpg 1149w, https:\/\/blogsaverroes.juntadeandalucia.es\/ceipguliena\/files\/2021\/08\/IMG-20210528-WA0007.jpg 1197w\" sizes=\"(max-width: 288px) 100vw, 288px\" \/><\/a> <a href=\"https:\/\/blogsaverroes.juntadeandalucia.es\/ceipguliena\/files\/2021\/08\/IMG-20210528-WA0008.jpg\"><img loading=\"lazy\" decoding=\"async\" class=\"alignnone  wp-image-3652\" src=\"https:\/\/blogsaverroes.juntadeandalucia.es\/ceipguliena\/files\/2021\/08\/IMG-20210528-WA0008-1024x766.jpg\" alt=\"\" width=\"504\" height=\"377\" srcset=\"https:\/\/blogsaverroes.juntadeandalucia.es\/ceipguliena\/files\/2021\/08\/IMG-20210528-WA0008-1024x766.jpg 1024w, https:\/\/blogsaverroes.juntadeandalucia.es\/ceipguliena\/files\/2021\/08\/IMG-20210528-WA0008-300x224.jpg 300w, https:\/\/blogsaverroes.juntadeandalucia.es\/ceipguliena\/files\/2021\/08\/IMG-20210528-WA0008-768x574.jpg 768w, https:\/\/blogsaverroes.juntadeandalucia.es\/ceipguliena\/files\/2021\/08\/IMG-20210528-WA0008-1536x1149.jpg 1536w, https:\/\/blogsaverroes.juntadeandalucia.es\/ceipguliena\/files\/2021\/08\/IMG-20210528-WA0008.jpg 1600w\" sizes=\"(max-width: 504px) 100vw, 504px\" \/><\/a> <a href=\"https:\/\/blogsaverroes.juntadeandalucia.es\/ceipguliena\/files\/2021\/08\/IMG-20210528-WA0009.jpg\"><img loading=\"lazy\" decoding=\"async\" class=\"alignnone  wp-image-3653\" src=\"https:\/\/blogsaverroes.juntadeandalucia.es\/ceipguliena\/files\/2021\/08\/IMG-20210528-WA0009-768x1024.jpg\" alt=\"\" width=\"365\" height=\"487\" srcset=\"https:\/\/blogsaverroes.juntadeandalucia.es\/ceipguliena\/files\/2021\/08\/IMG-20210528-WA0009-768x1024.jpg 768w, https:\/\/blogsaverroes.juntadeandalucia.es\/ceipguliena\/files\/2021\/08\/IMG-20210528-WA0009-225x300.jpg 225w, https:\/\/blogsaverroes.juntadeandalucia.es\/ceipguliena\/files\/2021\/08\/IMG-20210528-WA0009-1152x1536.jpg 1152w, https:\/\/blogsaverroes.juntadeandalucia.es\/ceipguliena\/files\/2021\/08\/IMG-20210528-WA0009.jpg 1200w\" sizes=\"(max-width: 365px) 100vw, 365px\" \/><\/a> <a href=\"https:\/\/blogsaverroes.juntadeandalucia.es\/ceipguliena\/files\/2021\/08\/IMG-20210528-WA0010.jpg\"><img loading=\"lazy\" decoding=\"async\" class=\"alignnone  wp-image-3654\" src=\"https:\/\/blogsaverroes.juntadeandalucia.es\/ceipguliena\/files\/2021\/08\/IMG-20210528-WA0010-1024x768.jpg\" alt=\"\" width=\"650\" height=\"487\" srcset=\"https:\/\/blogsaverroes.juntadeandalucia.es\/ceipguliena\/files\/2021\/08\/IMG-20210528-WA0010-1024x768.jpg 1024w, https:\/\/blogsaverroes.juntadeandalucia.es\/ceipguliena\/files\/2021\/08\/IMG-20210528-WA0010-300x225.jpg 300w, https:\/\/blogsaverroes.juntadeandalucia.es\/ceipguliena\/files\/2021\/08\/IMG-20210528-WA0010-768x576.jpg 768w, https:\/\/blogsaverroes.juntadeandalucia.es\/ceipguliena\/files\/2021\/08\/IMG-20210528-WA0010-1536x1152.jpg 1536w, https:\/\/blogsaverroes.juntadeandalucia.es\/ceipguliena\/files\/2021\/08\/IMG-20210528-WA0010.jpg 1600w\" sizes=\"(max-width: 650px) 100vw, 650px\" \/><\/a> <a href=\"https:\/\/blogsaverroes.juntadeandalucia.es\/ceipguliena\/files\/2021\/08\/IMG-20210528-WA0011.jpg\"><img loading=\"lazy\" decoding=\"async\" class=\"alignnone size-large wp-image-3655\" src=\"https:\/\/blogsaverroes.juntadeandalucia.es\/ceipguliena\/files\/2021\/08\/IMG-20210528-WA0011-1024x768.jpg\" alt=\"\" width=\"1024\" height=\"768\" srcset=\"https:\/\/blogsaverroes.juntadeandalucia.es\/ceipguliena\/files\/2021\/08\/IMG-20210528-WA0011-1024x768.jpg 1024w, https:\/\/blogsaverroes.juntadeandalucia.es\/ceipguliena\/files\/2021\/08\/IMG-20210528-WA0011-300x225.jpg 300w, https:\/\/blogsaverroes.juntadeandalucia.es\/ceipguliena\/files\/2021\/08\/IMG-20210528-WA0011-768x576.jpg 768w, https:\/\/blogsaverroes.juntadeandalucia.es\/ceipguliena\/files\/2021\/08\/IMG-20210528-WA0011-1536x1152.jpg 1536w, https:\/\/blogsaverroes.juntadeandalucia.es\/ceipguliena\/files\/2021\/08\/IMG-20210528-WA0011.jpg 1600w\" sizes=\"(max-width: 1024px) 100vw, 1024px\" \/><\/a><\/p>\n","protected":false},"excerpt":{"rendered":"<p>&#46;&#46;&#46;<\/p>\n","protected":false},"author":4890,"featured_media":0,"parent":0,"menu_order":0,"comment_status":"closed","ping_status":"closed","template":"","meta":{"ngg_post_thumbnail":0,"footnotes":"","_mc_calendar":[]},"aioseo_notices":[],"_links":{"self":[{"href":"https:\/\/blogsaverroes.juntadeandalucia.es\/ceipguliena\/wp-json\/wp\/v2\/pages\/3635"}],"collection":[{"href":"https:\/\/blogsaverroes.juntadeandalucia.es\/ceipguliena\/wp-json\/wp\/v2\/pages"}],"about":[{"href":"https:\/\/blogsaverroes.juntadeandalucia.es\/ceipguliena\/wp-json\/wp\/v2\/types\/page"}],"author":[{"embeddable":true,"href":"https:\/\/blogsaverroes.juntadeandalucia.es\/ceipguliena\/wp-json\/wp\/v2\/users\/4890"}],"replies":[{"embeddable":true,"href":"https:\/\/blogsaverroes.juntadeandalucia.es\/ceipguliena\/wp-json\/wp\/v2\/comments?post=3635"}],"version-history":[{"count":1,"href":"https:\/\/blogsaverroes.juntadeandalucia.es\/ceipguliena\/wp-json\/wp\/v2\/pages\/3635\/revisions"}],"predecessor-version":[{"id":3657,"href":"https:\/\/blogsaverroes.juntadeandalucia.es\/ceipguliena\/wp-json\/wp\/v2\/pages\/3635\/revisions\/3657"}],"wp:attachment":[{"href":"https:\/\/blogsaverroes.juntadeandalucia.es\/ceipguliena\/wp-json\/wp\/v2\/media?parent=3635"}],"curies":[{"name":"wp","href":"https:\/\/api.w.org\/{rel}","templated":true}]}}