{"id":3667,"date":"2021-08-06T16:06:13","date_gmt":"2021-08-06T16:06:13","guid":{"rendered":"http:\/\/blogsaverroes.juntadeandalucia.es\/ceipguliena\/?page_id=3667"},"modified":"2021-12-08T11:35:28","modified_gmt":"2021-12-08T11:35:28","slug":"erasmus-ka2","status":"publish","type":"page","link":"https:\/\/blogsaverroes.juntadeandalucia.es\/ceipguliena\/erasmus-ka2\/","title":{"rendered":"ERASMUS+ KA2"},"content":{"rendered":"<h1>PROYECTO: WHERE IS BEAUTY<\/h1>\n<p>&nbsp;<\/p>\n<p>Nuestro centro participa en un proyecto Erasmus+ en su modalidad KA229 de movilidad de docentes y alumnado.<\/p>\n<p>Pinchando el la siguiente infograf\u00eda puedes obtener toda la informaci\u00f3n de nuestro proyecto.<\/p>\n<div class=\"container-wrapper-genially\" style=\"min-height: 400px;max-width: 100%\">\n<p>&nbsp;<\/p>\n<div id=\"5fb152feadefec0d0e85a6db\" class=\"genially-embed\" style=\"margin: 0px auto;height: auto;width: 100%\">\n<div style=\"width: 100%\">\n<div style=\"padding-bottom: 200%;padding-top: 0;height: 0\"><iframe loading=\"lazy\" src=\"https:\/\/view.genial.ly\/5fb152feadefec0d0e85a6db\" width=\"800px\" height=\"1600px\" frameborder=\"0\" scrolling=\"yes\"><\/iframe><\/div>\n<\/div>\n<\/div>\n<\/div>\n<h2>NUESTROS SOCIOS<\/h2>\n<p>&nbsp;<\/p>\n<p><iframe class=\"wp-embedded-content\" sandbox=\"allow-scripts\" security=\"restricted\" title=\"Mapa socios Erasmus+\" frameborder='0' width='1200' height='932' src='https:\/\/view.genial.ly\/610d5376ed054b0dcc7f8aa3#?secret=4wrQDAOtgL' data-secret='4wrQDAOtgL' scrolling='yes'><\/iframe><\/p>\n<p>&nbsp;<\/p>\n<p>&nbsp;<\/p>\n<p>&nbsp;<\/p>\n<h2>CONTEXTO<\/h2>\n<p>En la base del proyecto existe la necesidad de aumentar la conciencia de los alumnos y su capacidad para convertirse en ciudadanos europeos activos.<br \/>\nEl proyecto <strong>WHERE IS BEAUTY<\/strong> se centra en la EST\u00c9TICA Y&nbsp; la \u00c9TICA. \u00abLa belleza salvar\u00e1 el mundo. Descubr\u00e1moslo y conserv\u00e9moslo \u201deste es nuestro \u00a1lema!<\/p>\n<p>Nuestro objetivo es ayudar a los ni\u00f1os a descubrir la belleza dentro y alrededor de ellos, brindando oportunidades, experiencias y herramientas para preservar esto, tomando decisiones \u00e9ticas.<\/p>\n<p>&nbsp;<\/p>\n<h2>OBJETIVOS<\/h2>\n<p>Al financiar este proyecto, nuestros estudiantes, maestros y comunidades alcanzar\u00e1n los siguientes objetivos:<\/p>\n<ul>\n<li>Desarrollar una conciencia m\u00e1s profunda de Europa y de la importancia de ser ciudadanos europeos activos y responsables.<\/li>\n<li>Ponerse en contacto con ra\u00edces y alas, pasado, presente y futuro.<\/li>\n<li>Descubrir las bellezas europeas y encontrar la manera de preservarlas, d\u00eda a d\u00eda, tomando decisiones \u00e9ticas personales que mejorar\u00e1n la sociedad europea,<br \/>\nsirviendo y cuidando nuestro patrimonio.<\/li>\n<li>Entender que las decisiones individuales pueden afectar a la sociedad, que cada una puede contribuir a construir un mundo mejor.<\/li>\n<li>Darse cuenta de que el futuro es de ellos y que tienen el derecho, el deber y la posibilidad de construir su futuro hoy convirti\u00e9ndose en ciudadanos conscientes.<\/li>\n<li>Desarrollar competencias del siglo XXI tales como: alfabetizaci\u00f3n fundamental, conciencia cultural y social, idiomas extranjeros, habilidades digitales, cooperaci\u00f3n y<br \/>\ncomunicaci\u00f3n, resiliencia, iniciativa, liderazgo&#8230;<\/li>\n<\/ul>\n<p>&nbsp;<\/p>\n<h2>PARTICIPANTES<\/h2>\n<p>La asociaci\u00f3n involucra a estudiantes de 8 a 14 a\u00f1os y trabajar\u00e1 arduamente para tener la m\u00e1xima participaci\u00f3n de maestros, estudiantes y comunidades de las 6 escuelas asociadas.<\/p>\n<ul style=\"list-style-type: square\">\n<li>140 personas est\u00e1n involucradas en movilidades.<\/li>\n<li>Aproximadamente 1000 estudiantes y profesores participar\u00e1n en las actividades del proyecto.<\/li>\n<li>3000 al menos los miembros de la comunidad que se ver\u00e1n involucrados gracias a la difusi\u00f3n.<\/li>\n<li>Varios municipios, asociaciones, emprendedores y patrocinadores participar\u00e1n en las actividades de aprendizaje a trav\u00e9s del servicio (voluntariado).<\/li>\n<\/ul>\n<p>&nbsp;<\/p>\n<h2>ENCUENTROS E INTERMEDIOS.<\/h2>\n<p>Durante las reuniones, la est\u00e9tica y la \u00e9tica ser\u00e1n el eje de todas las actividades que se realicen para tomar conciencia y preservar la belleza de los 6 temas elegidos:<br \/>\nYO MISMO Y LOS DEM\u00c1S-NATURALEZA-DEPORTE-COMIDA-M\u00daSICA-ARTE Y ARQUITECTURA.<br \/>\nEste objetivo tambi\u00e9n se alcanzar\u00e1 durante los intermedios, principalmente trabajando en ABP con ENFOQUE DE APRENDIZAJE DE SERVICIO que garantizar\u00e1 obtener el<br \/>\nestudiantes acostumbrados a servir a sus sociedades.<br \/>\nLas actividades \u00e9ticas y est\u00e9ticas se difundir\u00e1n adem\u00e1s a trav\u00e9s de la creaci\u00f3n y difusi\u00f3n de los productos planificados \/ intercambios virtuales eTwinning y Actividades TwinSpace.<br \/>\nTambi\u00e9n ser\u00e1n determinantes las actividades de difusi\u00f3n, seguimiento y evaluaci\u00f3n que conducir\u00e1n a una sistematizaci\u00f3n de la europeizaci\u00f3n tambi\u00e9n en la escuela.<\/p>\n<p>&nbsp;<\/p>\n<h2>RESULTADOS E IMPACTO<\/h2>\n<p>-Mejora del compromiso y la participaci\u00f3n c\u00edvicos<br \/>\n-Conciencia aumentada del patrimonio cultural europeo<br \/>\n-Aumento de la conciencia de la belleza dentro y alrededor de nosotros<br \/>\n-Conciencia de la relaci\u00f3n entre decisiones y consecuencias<br \/>\n-Capacidad para establecer metas y los pasos necesarios para alcanzarlas<br \/>\n-Conciencia del impacto que pueden tener las elecciones \u00e9ticas en el mundo<br \/>\n-Capacidad de transformar un proyecto en realidad<br \/>\n-Habilidades de comunicaci\u00f3n y cooperaci\u00f3n<br \/>\n-Ciudadan\u00eda activa<br \/>\n-Aumento de las competencias sociales y c\u00edvicas<br \/>\n-Aumento de las habilidades en idiomas extranjeros<br \/>\n-Difusi\u00f3n de la pr\u00e1ctica del voluntariado<\/p>\n<p>Todo esto tendr\u00e1 un gran impacto en nuestras escuelas y comunidades de las siguientes maneras:<\/p>\n<p>-Proceso de europeizaci\u00f3n en la base de nuestro curr\u00edculo escolar<br \/>\n-Aplicaci\u00f3n de m\u00e9todos de ense\u00f1anza innovadores y pr\u00e1cticas digitales<br \/>\n-Mejora de la concienciaci\u00f3n sobre el patrimonio cultural y la inclinaci\u00f3n hacia la cultura, la ciudadan\u00eda y la democracia europeas<br \/>\n-Clima escolar positivo e inclusivo<br \/>\n-Revaloraci\u00f3n de la diversidad<br \/>\n-Mejora de las comunidades locales<\/p>\n<p>&nbsp;<\/p>\n<p>&nbsp;<\/p>\n","protected":false},"excerpt":{"rendered":"<p>&#46;&#46;&#46;<\/p>\n","protected":false},"author":4890,"featured_media":3668,"parent":0,"menu_order":0,"comment_status":"closed","ping_status":"closed","template":"","meta":{"ngg_post_thumbnail":0,"footnotes":"","_mc_calendar":[]},"aioseo_notices":[],"_links":{"self":[{"href":"https:\/\/blogsaverroes.juntadeandalucia.es\/ceipguliena\/wp-json\/wp\/v2\/pages\/3667"}],"collection":[{"href":"https:\/\/blogsaverroes.juntadeandalucia.es\/ceipguliena\/wp-json\/wp\/v2\/pages"}],"about":[{"href":"https:\/\/blogsaverroes.juntadeandalucia.es\/ceipguliena\/wp-json\/wp\/v2\/types\/page"}],"author":[{"embeddable":true,"href":"https:\/\/blogsaverroes.juntadeandalucia.es\/ceipguliena\/wp-json\/wp\/v2\/users\/4890"}],"replies":[{"embeddable":true,"href":"https:\/\/blogsaverroes.juntadeandalucia.es\/ceipguliena\/wp-json\/wp\/v2\/comments?post=3667"}],"version-history":[{"count":5,"href":"https:\/\/blogsaverroes.juntadeandalucia.es\/ceipguliena\/wp-json\/wp\/v2\/pages\/3667\/revisions"}],"predecessor-version":[{"id":3701,"href":"https:\/\/blogsaverroes.juntadeandalucia.es\/ceipguliena\/wp-json\/wp\/v2\/pages\/3667\/revisions\/3701"}],"wp:featuredmedia":[{"embeddable":true,"href":"https:\/\/blogsaverroes.juntadeandalucia.es\/ceipguliena\/wp-json\/wp\/v2\/media\/3668"}],"wp:attachment":[{"href":"https:\/\/blogsaverroes.juntadeandalucia.es\/ceipguliena\/wp-json\/wp\/v2\/media?parent=3667"}],"curies":[{"name":"wp","href":"https:\/\/api.w.org\/{rel}","templated":true}]}}