{"id":3742,"date":"2022-01-13T12:06:14","date_gmt":"2022-01-13T12:06:14","guid":{"rendered":"http:\/\/blogsaverroes.juntadeandalucia.es\/ceipguliena\/?page_id=3742"},"modified":"2023-10-08T14:22:40","modified_gmt":"2023-10-08T14:22:40","slug":"proyecto-educando-a-la-generacion-3-0","status":"publish","type":"page","link":"https:\/\/blogsaverroes.juntadeandalucia.es\/ceipguliena\/proyecto-educando-a-la-generacion-3-0\/","title":{"rendered":"PROYECTO: EDUCANDO A LA GENERACI\u00d3N 3.0"},"content":{"rendered":"<p>Nuestro Proyecto de Gesti\u00f3n tiene como uno de sus objetivos introducir el ERASMUS+ en nuestro Plan de Centro, como respuesta al Biling\u00fcismo y otras necesidades detectadas en nuestro centro educativo, que forman parte de nuestro Plan Europeo de Desarrollo, donde la formaci\u00f3n permanente del profesorado, la conciencia europea de la educaci\u00f3n y la interiorizaci\u00f3n de nuestro centro son objetivos claros a conseguir como comunidad educativa. Con el proyecto ENSE\u00d1ANDO A LA GENERACI\u00d3N 3.0, planteamos la necesidad de educar a esta nueva generaci\u00f3n de nativos digitales, ofreci\u00e9ndoles las competencias que necesitar\u00e1n en una sociedad tecnol\u00f3gica y cambiante en la que estamos inmersos: Saber comunicarse en una sociedad multiling\u00fce, utilizando el EPT (Tecnolog\u00edas de Empoderamiento y Participaci\u00f3n), junto con la participaci\u00f3n de las familias para crear un mundo sostenible. De acuerdo con esto, los objetivos que nos planteamos en este proyecto son los siguientes:<\/p>\n<ul>\n<li>Aprender a trav\u00e9s de la observaci\u00f3n directa y aplica buenas pr\u00e1cticas en el aula utilizando las TIC y sac\u00e1ndolas al m\u00e1ximo.<\/li>\n<li>Utilizar las TAC(Tecnolog\u00edas de Aprendizaje y Conocimiento) como veh\u00edculo de aprendizaje para nuestros estudiantes.<\/li>\n<li>Hacer un uso responsable por parte de los estudiantes de las nuevas tecnolog\u00edas y herramientas digitales para lograr su empoderamiento y mejorar su participaci\u00f3n en la sociedad, llegando as\u00ed al t\u00e9rmino de la TEP.<\/li>\n<li>Investigaci\u00f3n sobre modelos educativos en los que se integre a la familia como principal agente de cambio educativo.<\/li>\n<li>Dise\u00f1ar un plan de evaluaci\u00f3n de esta pr\u00e1ctica.<\/li>\n<li>Observar y dise\u00f1ar una serie de estrategias metodol\u00f3gicas exitosas en la implementaci\u00f3n del Biling\u00fcismo en nuestro centro.<\/li>\n<li>Recibir informaci\u00f3n y formaci\u00f3n sobre c\u00f3mo integrar actividades relacionadas con el medio ambiente, consiguiendo una escuela m\u00e1s sostenible.<\/li>\n<\/ul>\n<p>Todos estos aspectos fundamentales para entender la filosof\u00eda de este proyecto, se reflejan en las 4 movilidades que hemos solicitado, que supondr\u00e1n un cambio y reajuste en los documentos de nuestro centro, metodolog\u00edas y oportunidades de aprendizaje de nuestros alumnos a corto y largo plazo, sin olvidar el impacto social que tendr\u00e1 este proyecto, porque en las Comunidades de Aprendizaje toda la comunidad educativa (familias, ayuntamiento, agentes locales y centro) est\u00e1 inmersa en el proceso de ense\u00f1anza-aprendizaje:<\/p>\n<ul>\n<li>CURSO ESTRUCTURADO de 5 d\u00edas para 1 profesor: \u00abEducaci\u00f3n ambiental y educaci\u00f3n al aire libre en entornos no formales\u00bb en Chipre.<\/li>\n<li>JOB SHADOWING de 5 d\u00edas para 1 profesor en la escuela <a href=\"http:\/\/blog.ac-rouen.fr\/eco-saint- georges-du-vievre\/\">Saint George du Vi\u00e8vre<\/a>, en Saint George Du Vi\u00e8vre, en Francia.<\/li>\n<li>JOB SHADOWING 4 d\u00edas para 2 docentes en la escuela <a href=\"http:\/\/www.ouka.fi\/\">Kiiminkijoen koulu<\/a> en Oulu, Finlandia. Aunque ambos docentes van juntos, tratar\u00e1n dos aspectos diferentes de una misma escuela: Observaci\u00f3n de la inclusi\u00f3n de las familias en el Sistema educativo finland\u00e9s y el uso de tecnolog\u00edas seg\u00fan el modelo TEP.&nbsp;<\/li>\n<\/ul>\n<p><em>Our Management Project has as one of its objectives to introduce the ERASMUS + in our Center Plan, in response to Bilingualism and other needs detected in our educational center, which are part of our European Development Plan, where the permanent teacher training, the European awareness of education and the internalization of our center are clear goals to achieve as an educational community. With the project TEACHING THE GENERATION 3.0, we propose the need to educate this new generation of digital natives, offering them the skills they will need in a technological and changing society in which we are immerse: Know how to communicate in a multilingual society, using the<\/em><br \/>\n<em>EPT(Empowerment and Participation Technologies), together with the participation of families to create a sustainable world. According to this, the objectives we set in this project are the following:<\/em><\/p>\n<ol>\n<li><em>Learn through direct observation and apply good practices in the classroom using ICTs and making the most of them.<\/em><\/li>\n<li><em>Use the LKT (Learning and Knowledge Technology) as a learning vehicle for our students.<\/em><\/li>\n<li><em>&nbsp;Make a responsible use by students of new technologies and digital tools to achieve their empowerment and improve their participation in society, thus reaching the end of TEP.<\/em><\/li>\n<li><em>Research about educational models in which families are integrated as the main agent of educational change.<\/em><\/li>\n<li><em>Design an evaluation plan for this practice.<\/em><\/li>\n<li><em>Observe and design a series of successful methodological strategies in the implementation of Bilingualism in our center.<\/em><\/li>\n<li><em>Receive information and training about how to integrate activities related to the environment, achieving a more sustainable school.<\/em><\/li>\n<\/ol>\n<p>&nbsp;<\/p>\n<p><em>All these fundamental aspects to understand the philosophy of this project, are reflected in the 4 mobilities that we have requested, which will entail a change and readjustment in our center documents, methodologies and learning opportunities of our students in the short and long term, without forget the social impact that this project will have,<\/em><br \/>\n<em>because in Learning Communities, the entire educational community (families, town hall, local agents and school) is immersed in the teaching-learning process:<\/em><\/p>\n<p>&nbsp;<\/p>\n<ul>\n<li><em>STRUCTURED COURSE of 5 days for 1 teacher: \u00abEnvironmental education and outdoor education in non-formal settings\u00bb in Cyprus&nbsp;<\/em><\/li>\n<li><em>JOB SHADOWING of 5 days for 1 teacher at the <a href=\"http:\/\/blog.ac-rouen.fr\/eco-saint-georges-du-\">Saint George du Vi\u00e8vre school,<\/a> in Saint George Du Vi\u00e8vre, in France&nbsp;<\/em><\/li>\n<li><em>JOB SHADOWING 4 days for 2 teachers at <a href=\"http:\/\/www.ouka.fi\/\">Kiiminkijoki School<\/a> in Oulu, Finland. Although both teachers go together, they will deal with two different aspects of the same school: Observation of the inclusion of families in the Finnish education system and the use of technologies according to the TEP model.&nbsp;&nbsp;<\/em><\/li>\n<\/ul>\n<p>&nbsp;<\/p>\n<p>&nbsp;<\/p>\n<p>Puede acceder a la web del proyecto pinchando en la siguiente imagen del logo del proyecto:<\/p>\n<p><a href=\"https:\/\/ceipguliena.wixsite.com\/educando\"><img loading=\"lazy\" decoding=\"async\" class=\"aligncenter wp-image-3798\" src=\"https:\/\/blogsaverroes.juntadeandalucia.es\/ceipguliena\/files\/2023\/02\/Logo-para-estudio-de-tatuaje-minimalista-circular-en-tonos-gris-y-blanco.-3.png\" alt=\"\" width=\"448\" height=\"448\" srcset=\"https:\/\/blogsaverroes.juntadeandalucia.es\/ceipguliena\/files\/2023\/02\/Logo-para-estudio-de-tatuaje-minimalista-circular-en-tonos-gris-y-blanco.-3.png 1000w, https:\/\/blogsaverroes.juntadeandalucia.es\/ceipguliena\/files\/2023\/02\/Logo-para-estudio-de-tatuaje-minimalista-circular-en-tonos-gris-y-blanco.-3-300x300.png 300w, https:\/\/blogsaverroes.juntadeandalucia.es\/ceipguliena\/files\/2023\/02\/Logo-para-estudio-de-tatuaje-minimalista-circular-en-tonos-gris-y-blanco.-3-150x150.png 150w, https:\/\/blogsaverroes.juntadeandalucia.es\/ceipguliena\/files\/2023\/02\/Logo-para-estudio-de-tatuaje-minimalista-circular-en-tonos-gris-y-blanco.-3-768x768.png 768w, https:\/\/blogsaverroes.juntadeandalucia.es\/ceipguliena\/files\/2023\/02\/Logo-para-estudio-de-tatuaje-minimalista-circular-en-tonos-gris-y-blanco.-3-80x80.png 80w, https:\/\/blogsaverroes.juntadeandalucia.es\/ceipguliena\/files\/2023\/02\/Logo-para-estudio-de-tatuaje-minimalista-circular-en-tonos-gris-y-blanco.-3-320x320.png 320w\" sizes=\"(max-width: 448px) 100vw, 448px\" \/><\/a><\/p>\n<p>&nbsp;<\/p>\n","protected":false},"excerpt":{"rendered":"<p>&#46;&#46;&#46;<\/p>\n","protected":false},"author":4890,"featured_media":0,"parent":0,"menu_order":0,"comment_status":"closed","ping_status":"closed","template":"","meta":{"ngg_post_thumbnail":0,"footnotes":"","_mc_calendar":[]},"aioseo_notices":[],"_links":{"self":[{"href":"https:\/\/blogsaverroes.juntadeandalucia.es\/ceipguliena\/wp-json\/wp\/v2\/pages\/3742"}],"collection":[{"href":"https:\/\/blogsaverroes.juntadeandalucia.es\/ceipguliena\/wp-json\/wp\/v2\/pages"}],"about":[{"href":"https:\/\/blogsaverroes.juntadeandalucia.es\/ceipguliena\/wp-json\/wp\/v2\/types\/page"}],"author":[{"embeddable":true,"href":"https:\/\/blogsaverroes.juntadeandalucia.es\/ceipguliena\/wp-json\/wp\/v2\/users\/4890"}],"replies":[{"embeddable":true,"href":"https:\/\/blogsaverroes.juntadeandalucia.es\/ceipguliena\/wp-json\/wp\/v2\/comments?post=3742"}],"version-history":[{"count":5,"href":"https:\/\/blogsaverroes.juntadeandalucia.es\/ceipguliena\/wp-json\/wp\/v2\/pages\/3742\/revisions"}],"predecessor-version":[{"id":3827,"href":"https:\/\/blogsaverroes.juntadeandalucia.es\/ceipguliena\/wp-json\/wp\/v2\/pages\/3742\/revisions\/3827"}],"wp:attachment":[{"href":"https:\/\/blogsaverroes.juntadeandalucia.es\/ceipguliena\/wp-json\/wp\/v2\/media?parent=3742"}],"curies":[{"name":"wp","href":"https:\/\/api.w.org\/{rel}","templated":true}]}}