{"id":49,"date":"2015-03-13T08:47:05","date_gmt":"2015-03-13T08:47:05","guid":{"rendered":"http:\/\/blogsaverroes.juntadeandalucia.es\/pre\/ceip\/?page_id=49"},"modified":"2025-04-09T09:10:47","modified_gmt":"2025-04-09T09:10:47","slug":"proyecto-educativo","status":"publish","type":"page","link":"https:\/\/blogsaverroes.juntadeandalucia.es\/ceipguliena\/proyecto-educativo\/","title":{"rendered":"Plan de Centro"},"content":{"rendered":"<p><a href=\"http:\/\/blogsaverroes.juntadeandalucia.es\/ceipguliena\/proyecto-educativo\/cc_writing_16x9_0\/\" rel=\"attachment wp-att-2613\"><img loading=\"lazy\" decoding=\"async\" class=\" wp-image-2613 aligncenter\" src=\"https:\/\/blogsaverroes.juntadeandalucia.es\/ceipguliena\/files\/2015\/03\/cc_writing_16x9_0-300x169.jpg\" alt=\"\" width=\"382\" height=\"215\" srcset=\"https:\/\/blogsaverroes.juntadeandalucia.es\/ceipguliena\/files\/2015\/03\/cc_writing_16x9_0-300x169.jpg 300w, https:\/\/blogsaverroes.juntadeandalucia.es\/ceipguliena\/files\/2015\/03\/cc_writing_16x9_0-768x432.jpg 768w, https:\/\/blogsaverroes.juntadeandalucia.es\/ceipguliena\/files\/2015\/03\/cc_writing_16x9_0-1024x576.jpg 1024w, https:\/\/blogsaverroes.juntadeandalucia.es\/ceipguliena\/files\/2015\/03\/cc_writing_16x9_0-24x14.jpg 24w, https:\/\/blogsaverroes.juntadeandalucia.es\/ceipguliena\/files\/2015\/03\/cc_writing_16x9_0-36x20.jpg 36w, https:\/\/blogsaverroes.juntadeandalucia.es\/ceipguliena\/files\/2015\/03\/cc_writing_16x9_0-48x27.jpg 48w, https:\/\/blogsaverroes.juntadeandalucia.es\/ceipguliena\/files\/2015\/03\/cc_writing_16x9_0.jpg 1280w\" sizes=\"(max-width: 382px) 100vw, 382px\" \/><\/a><\/p>\n<p>&nbsp;<\/p>\n<p style=\"text-align: justify\">&nbsp; &nbsp; &nbsp; &nbsp;Un centro se define en gran medida por su <strong>Plan de Centro<\/strong>. En \u00e9l se plasma el modelo educativo y la concreci\u00f3n de la normativa que un centro realiza respecto a las ense\u00f1anzas que imparte. Aspectos tales como las finales educativas, objetivos, atenci\u00f3n a la diversidad, etc.<\/p>\n<p style=\"text-align: justify\">Que la web de un centro informe de su Plan de Centro es una apuesta clara por la <strong>transparencia <\/strong>y la<strong> visibilidad<\/strong>.<\/p>\n<p style=\"text-align: justify\">En el siguiente enlace podr\u00e9is descargaros el Proyecto educativo de este curso 2024\/25:<\/p>\n<p><a href=\"https:\/\/blogsaverroes.juntadeandalucia.es\/ceipguliena\/files\/2024\/08\/Actualizacion-Proyecto-Educativo-2024-25-2.pdf\">Proyecto Educativo 2024-25<\/a><\/p>\n<p><a href=\"https:\/\/blogsaverroes.juntadeandalucia.es\/ceipguliena\/files\/2025\/03\/PG.pdf\">Proyecto de Gesti\u00f3n<\/a><\/p>\n<p><a href=\"https:\/\/blogsaverroes.juntadeandalucia.es\/ceipguliena\/files\/2025\/04\/ROF-24-25.pdf\">ROF 24-25<\/a><\/p>\n<p><a href=\"https:\/\/blogsaverroes.juntadeandalucia.es\/ceipguliena\/files\/2024\/08\/ilovepdf_merged-7.pdf\">Itinerario matem\u00e1tico Infantil<\/a><\/p>\n<p><a href=\"https:\/\/blogsaverroes.juntadeandalucia.es\/ceipguliena\/files\/2024\/10\/Itinerario-matematico-EP-1.pdf\">Itinerario matem\u00e1tico EP <\/a><\/p>\n","protected":false},"excerpt":{"rendered":"<p>&#46;&#46;&#46;<\/p>\n","protected":false},"author":1,"featured_media":0,"parent":0,"menu_order":0,"comment_status":"closed","ping_status":"open","template":"","meta":{"ngg_post_thumbnail":0,"footnotes":"","_mc_calendar":[]},"aioseo_notices":[],"_links":{"self":[{"href":"https:\/\/blogsaverroes.juntadeandalucia.es\/ceipguliena\/wp-json\/wp\/v2\/pages\/49"}],"collection":[{"href":"https:\/\/blogsaverroes.juntadeandalucia.es\/ceipguliena\/wp-json\/wp\/v2\/pages"}],"about":[{"href":"https:\/\/blogsaverroes.juntadeandalucia.es\/ceipguliena\/wp-json\/wp\/v2\/types\/page"}],"author":[{"embeddable":true,"href":"https:\/\/blogsaverroes.juntadeandalucia.es\/ceipguliena\/wp-json\/wp\/v2\/users\/1"}],"replies":[{"embeddable":true,"href":"https:\/\/blogsaverroes.juntadeandalucia.es\/ceipguliena\/wp-json\/wp\/v2\/comments?post=49"}],"version-history":[{"count":24,"href":"https:\/\/blogsaverroes.juntadeandalucia.es\/ceipguliena\/wp-json\/wp\/v2\/pages\/49\/revisions"}],"predecessor-version":[{"id":3906,"href":"https:\/\/blogsaverroes.juntadeandalucia.es\/ceipguliena\/wp-json\/wp\/v2\/pages\/49\/revisions\/3906"}],"wp:attachment":[{"href":"https:\/\/blogsaverroes.juntadeandalucia.es\/ceipguliena\/wp-json\/wp\/v2\/media?parent=49"}],"curies":[{"name":"wp","href":"https:\/\/api.w.org\/{rel}","templated":true}]}}