{"id":99,"date":"2015-03-16T07:22:54","date_gmt":"2015-03-16T07:22:54","guid":{"rendered":"http:\/\/blogsaverroes.juntadeandalucia.es\/pre\/ceip\/?page_id=99"},"modified":"2025-05-28T09:41:07","modified_gmt":"2025-05-28T09:41:07","slug":"comedor-escolar","status":"publish","type":"page","link":"https:\/\/blogsaverroes.juntadeandalucia.es\/ceipguliena\/comedor-escolar\/","title":{"rendered":"Comedor escolar"},"content":{"rendered":"<h1>Nuestro Comedor escolar<\/h1>\n<h4><a href=\"http:\/\/blogsaverroes.juntadeandalucia.es\/ceipguliena\/files\/2015\/03\/comida.jpg\"><img loading=\"lazy\" decoding=\"async\" class=\"aligncenter wp-image-238 \" src=\"http:\/\/blogsaverroes.juntadeandalucia.es\/ceipguliena\/files\/2015\/03\/comida.jpg\" alt=\"\" width=\"582\" height=\"341\"><\/a><\/h4>\n<p>El servicio de comedor escolar es un servicio complementario que resulta de gran utilidad a las familias para ayudarles a&nbsp;conciliar la vida laboral y familiar. Tienen una duraci\u00f3n de hasta dos horas desde que acaba la jornada escolar de la ma\u00f1ana (de 14.00 a 16.00 horas).<\/p>\n<p>Para avisar de las ausencias del comedor por parte de los usuarios deben escribir un correo a la siguiente direcci\u00f3n.<\/p>\n<p><strong>secretaria@ceipguliena.com<\/strong><\/p>\n<p>Igualmente, deben avisar de dicha ausencia antes del \u00faltimo d\u00eda lectivo de la semana anterior a la que se pretenda hacer efectiva la ausencia.<\/p>\n<p>&nbsp;<\/p>\n<p>&nbsp;<\/p>\n<h2><strong>Empresa catering<\/strong><\/h2>\n<p>La empresa que actualmente ofrece el servicio en nuestro centro es hnosGonzal\u00e9z<\/p>\n<p style=\"font-weight: 400\">Pol. Ind. CANAMA, N\u00ba26<\/p>\n<p style=\"font-weight: 400\">41449 \u2013 Alcolea del r\u00edo (Sevilla)<\/p>\n<p style=\"font-weight: 400\"><strong>T<\/strong>955806875<\/p>\n<p style=\"font-weight: 400\">&#8211;&nbsp;&nbsp;&nbsp;&nbsp;&nbsp;&nbsp;&nbsp;&nbsp;<strong>PROYECTO EDUCATIVO<\/strong>:&nbsp;<a href=\"https:\/\/youtu.be\/Mgt36YY9zUw\">https:\/\/youtu.be\/Mgt36YY9zUw<\/a><\/p>\n<p style=\"font-weight: 400\">&#8211;&nbsp;&nbsp;&nbsp;&nbsp;&nbsp;&nbsp;&nbsp;&nbsp;<strong>PLAN NUTRICIONAL:<\/strong>&nbsp;<a href=\"https:\/\/youtu.be\/58-EHx9ESxY\">https:\/\/youtu.be\/58-EHx9ESxY<\/a><\/p>\n<p style=\"font-weight: 400\">&#8211;&nbsp;&nbsp;&nbsp;&nbsp;&nbsp;&nbsp;&nbsp;&nbsp;<strong>COMUNICACI\u00d3N CON LAS FAMILIAS (APP Y WEB):&nbsp;<\/strong><a href=\"https:\/\/youtu.be\/SH-5o3uT140\">https:\/\/youtu.be\/SH-5o3uT140<\/a><\/p>\n<p style=\"font-weight: 400\">&nbsp;<\/p>\n<p>&nbsp;<\/p>\n<p>&nbsp;<\/p>\n<h2>&nbsp;<\/h2>\n<p style=\"font-weight: 400\">En el siguiente enlace encontrar\u00e1n tanto el men\u00fa basal como los al\u00e9rgicos en formato PDF. Se actualizar\u00e1n todos los meses y podr\u00e1n descargarlos desde ah\u00ed.<\/p>\n<p style=\"font-weight: 400\"><a href=\"http:\/\/www.cateringhgonzalez.com\/consultatumenu\" data-saferedirecturl=\"https:\/\/www.google.com\/url?q=http:\/\/www.cateringhgonzalez.com\/consultatumenu&amp;source=gmail&amp;ust=1748508328556000&amp;usg=AOvVaw18Ms2iHrq-bx9HeKG71A7f\"><strong>http:\/\/www.cateringhgonzalez.com\/consultatumenu<\/strong><\/a><\/p>\n<p style=\"font-weight: 400\">Deben escribir las siguientes claves de acceso:<\/p>\n<p style=\"font-weight: 400\"><strong>USUARIO:&nbsp;<\/strong>hgonzalez399<\/p>\n<p style=\"font-weight: 400\"><strong>CONTRASE\u00d1A<\/strong><strong>: <\/strong>colegio<strong>&nbsp;<\/strong><\/p>\n<p style=\"font-weight: 400\">*La contrase\u00f1a es la palabra \u201ccolegio\u201d como tal, no el nombre del centro.<\/p>\n<p style=\"font-weight: 400\">&nbsp;<\/p>\n<p style=\"font-weight: 400\">Entre la documentaci\u00f3n enviada, podr\u00e1n encontrar:<\/p>\n<ul style=\"font-weight: 400\">\n<li>El men\u00fa basal.<\/li>\n<li>Varias infograf\u00edas que iremos actualizando todos los meses y que ir\u00e1n tematizadas seg\u00fan la \u00e9poca del a\u00f1o en la que nos encontremos.<\/li>\n<li>Las propuestas de recreos y cenas del mes.<\/li>\n<li>El documento de porcionado de los platos.<\/li>\n<\/ul>\n<p>&nbsp;<\/p>\n<p>&nbsp;<\/p>\n<p>&nbsp;<\/p>\n<h2>&nbsp;<\/h2>\n<p>&nbsp;<\/p>\n","protected":false},"excerpt":{"rendered":"<p>&#46;&#46;&#46;<\/p>\n","protected":false},"author":1,"featured_media":0,"parent":0,"menu_order":0,"comment_status":"closed","ping_status":"open","template":"","meta":{"ngg_post_thumbnail":0,"footnotes":"","_mc_calendar":[]},"aioseo_notices":[],"_links":{"self":[{"href":"https:\/\/blogsaverroes.juntadeandalucia.es\/ceipguliena\/wp-json\/wp\/v2\/pages\/99"}],"collection":[{"href":"https:\/\/blogsaverroes.juntadeandalucia.es\/ceipguliena\/wp-json\/wp\/v2\/pages"}],"about":[{"href":"https:\/\/blogsaverroes.juntadeandalucia.es\/ceipguliena\/wp-json\/wp\/v2\/types\/page"}],"author":[{"embeddable":true,"href":"https:\/\/blogsaverroes.juntadeandalucia.es\/ceipguliena\/wp-json\/wp\/v2\/users\/1"}],"replies":[{"embeddable":true,"href":"https:\/\/blogsaverroes.juntadeandalucia.es\/ceipguliena\/wp-json\/wp\/v2\/comments?post=99"}],"version-history":[{"count":37,"href":"https:\/\/blogsaverroes.juntadeandalucia.es\/ceipguliena\/wp-json\/wp\/v2\/pages\/99\/revisions"}],"predecessor-version":[{"id":3929,"href":"https:\/\/blogsaverroes.juntadeandalucia.es\/ceipguliena\/wp-json\/wp\/v2\/pages\/99\/revisions\/3929"}],"wp:attachment":[{"href":"https:\/\/blogsaverroes.juntadeandalucia.es\/ceipguliena\/wp-json\/wp\/v2\/media?parent=99"}],"curies":[{"name":"wp","href":"https:\/\/api.w.org\/{rel}","templated":true}]}}