{"id":141,"date":"2024-03-01T07:13:24","date_gmt":"2024-03-01T07:13:24","guid":{"rendered":"http:\/\/blogsaverroes.juntadeandalucia.es\/pre\/ceip\/?page_id=141"},"modified":"2024-05-28T11:39:30","modified_gmt":"2024-05-28T11:39:30","slug":"escolarizacion","status":"publish","type":"page","link":"https:\/\/blogsaverroes.juntadeandalucia.es\/ceiphermanosarellano\/escolarizacion\/","title":{"rendered":"Escolarizaci\u00f3n"},"content":{"rendered":"<h1 style=\"text-align: center\"><a href=\"https:\/\/www.juntadeandalucia.es\/educacion\/portales\/web\/escolarizacion\/infantil-a-bachillerato\/calendario\" target=\"_blank\" rel=\"noopener noreferrer\"><strong>CALENDARIO DE ESCOLARIZACI\u00d3N 2024\/2025<\/strong><\/a><\/h1>\n<table style=\"width: 98.7568%;height: 383px\">\n<tbody>\n<tr style=\"height: 162px\">\n<td style=\"width: 19.422%;height: 90px;text-align: left\">\n<h1 style=\"text-align: center\"><strong>ADMISI\u00d3N<\/strong><\/h1>\n<p>(1 de marzo al 1 de abril)&nbsp;<\/td>\n<td style=\"width: 38.0976%;height: 90px;text-align: left\">&nbsp;<\/p>\n<ul>\n<li>2\u00ba CICLO DE INFANTIL<\/li>\n<li>PRIMARIA<\/li>\n<li>SECUNDARIA<\/li>\n<\/ul>\n<\/td>\n<td style=\"width: 59.5508%;height: 90px\">&nbsp;<\/p>\n<h4 data-lfr-editable-id=\"fragment-title\" data-lfr-editable-type=\"text\"><a href=\"https:\/\/www.juntadeandalucia.es\/educacion\/secretariavirtual\/\" target=\"_blank\" rel=\"noopener noreferrer\">Presentaci\u00f3n telem\u00e1tica de la solicitud de admisi\u00f3n<\/a><\/h4>\n<p><a href=\"https:\/\/blogsaverroes.juntadeandalucia.es\/ceiphermanosarellano\/files\/2024\/03\/3_Anexo-III_002535_5.pdf\">Anexo III (Para descargar)<\/a><\/p>\n<h4 data-lfr-editable-id=\"fragment-title\" data-lfr-editable-type=\"text\">&nbsp;<\/h4>\n<\/td>\n<\/tr>\n<tr style=\"height: 24px\">\n<td style=\"width: 117.07%;height: 24px\" colspan=\"3\">\n<h2><a href=\"https:\/\/www.juntadeandalucia.es\/educacion\/portales\/web\/escolarizacion\/infantil-a-bachillerato\/calendario\"><strong>Matriculaci\u00f3n (junio)<\/strong><\/a><\/h2>\n<ul id=\"yui_patched_v3_11_0_1_1671530926431_1710\">\n<li style=\"text-align: left\">Segundo ciclo de Educaci\u00f3n Infantil, Educaci\u00f3n Primaria y\/o Educaci\u00f3n Especial: <strong>Del 01 junio 2024 al 10 junio 2024<\/strong><\/li>\n<li id=\"yui_patched_v3_11_0_1_1671530926431_1709\" style=\"text-align: left\">Educaci\u00f3n Secundaria Obligatoria y Bachillerato: <strong>Del 01 julio 2024 al 10 julio 2024<\/strong><\/li>\n<\/ul>\n<\/td>\n<\/tr>\n<tr style=\"height: 24px\">\n<td style=\"width: 19.422%;height: 24px;text-align: left\"><strong>Infantil<\/strong><\/td>\n<td style=\"width: 38.0976%;height: 24px;text-align: left\"><a href=\"https:\/\/www.juntadeandalucia.es\/educacion\/portales\/documents\/100629\/669349\/4_Anexo%20IV_002536_4.pdf\/2857e311-abaf-10f1-c03a-b980ff594de5?version=1.0\"><strong>Matr\u00edcula en segundo ciclo de Educaci\u00f3n Infantil&nbsp;<\/strong><\/a><\/td>\n<td style=\"width: 59.5508%;height: 24px\">\n<h5 class=\"documento-entry__datos__title\"><a class=\"documento-entry__datos--titulo\" title=\"Ver documento 01. ANEXO IV\" href=\"https:\/\/www.juntadeandalucia.es\/educacion\/portales\/documents\/100629\/669349\/Anexo%20IV\/2857e311-abaf-10f1-c03a-b980ff594de5?version=1.0\" target=\"_blank\" rel=\"noopener noreferrer\">&nbsp;ANEXO IV<\/a><\/h5>\n<\/td>\n<\/tr>\n<tr style=\"height: 24px\">\n<td style=\"width: 19.422%;height: 24px;text-align: left\"><strong>Primaria&nbsp;<\/strong><\/td>\n<td style=\"width: 38.0976%;height: 24px;text-align: left\"><a href=\"https:\/\/www.juntadeandalucia.es\/educacion\/portales\/documents\/100629\/669349\/5_Anexo%20V_002537_4.pdf\/acd7344a-e127-4e2c-5be7-b1f12b0a07c2?version=1.1\"><strong>Matr\u00edcula en Educaci\u00f3n Primaria&nbsp;<\/strong><\/a><\/td>\n<td style=\"width: 59.5508%;height: 24px\">\n<h5 class=\"documento-entry__datos__title\"><a href=\"https:\/\/www.juntadeandalucia.es\/educacion\/portales\/documents\/100629\/669349\/5_Anexo%20V_002537_4.pdf\/acd7344a-e127-4e2c-5be7-b1f12b0a07c2?version=1.1\">ANEXO V<\/a><\/h5>\n<\/td>\n<\/tr>\n<tr style=\"height: 24px\">\n<td style=\"width: 19.422%;height: 24px;text-align: left\"><strong>Secundaria<\/strong><\/td>\n<td style=\"width: 38.0976%;height: 24px;text-align: left\"><a href=\"https:\/\/www.juntadeandalucia.es\/educacion\/portales\/documents\/100629\/669349\/7_Anexo%20VII_002539_4.pdf\/2b1369d5-a5c0-83bd-915a-edcf5e2b3755?version=1.0\"><strong>Matr\u00edcula en Educaci\u00f3n Secundaria Obligatoria<\/strong><\/a><\/td>\n<td style=\"width: 59.5508%;height: 24px\">\n<h5 class=\"documento-entry__datos__title\"><a href=\"https:\/\/www.juntadeandalucia.es\/educacion\/portales\/documents\/100629\/669349\/7_Anexo%20VII_002539_4.pdf\/2b1369d5-a5c0-83bd-915a-edcf5e2b3755?version=1.0\">ANEXO VII <\/a><\/h5>\n<\/td>\n<\/tr>\n<tr style=\"height: 69px\">\n<td style=\"width: 19.422%;text-align: left;height: 69px\"><strong>Religi\u00f3n<\/strong><\/td>\n<td style=\"width: 38.0976%;text-align: left;height: 69px\"><a href=\"https:\/\/www.juntadeandalucia.es\/educacion\/portales\/documents\/100629\/669355\/Anexo%20Religio%C2%BFn.pdf\/c9b72559-ae2b-45b4-746c-8c63fda85020?version=1.1\"><strong>Solicitud ense\u00f1anza Religi\u00f3n<\/strong><\/a><\/td>\n<td style=\"width: 59.5508%;height: 69px\">\n<h5 class=\"documento-entry__datos__title\"><a class=\"documento-entry__datos--titulo\" title=\"Ver documento 06. ANEXO RELIGI\u00d3N\" href=\"https:\/\/www.juntadeandalucia.es\/educacion\/portales\/documents\/100629\/669355\/Anexo%20Religio%C2%BFn.pdf\/c9b72559-ae2b-45b4-746c-8c63fda85020?version=1.1\" target=\"_blank\" rel=\"noopener noreferrer\">&nbsp;ANEXO RELIGI\u00d3N<\/a><\/h5>\n<\/td>\n<\/tr>\n<tr style=\"height: 64px\">\n<td style=\"width: 19.422%;text-align: left;height: 64px\"><strong>Anexo Protecci\u00f3n de datos<br \/>\n<\/strong><\/td>\n<td style=\"width: 38.0976%;text-align: left;height: 64px\"><strong><a href=\"https:\/\/www.juntadeandalucia.es\/educacion\/portales\/documents\/100629\/669355\/Anexo%20Proteccio%C2%BFn%20de%20datos.pdf\/d64d32c3-910f-2371-24a6-b852df3234d1?version=1.1\">Protecci\u00f3n de datos<\/a><br \/>\n<\/strong><\/td>\n<td style=\"width: 59.5508%;height: 64px\">\n<h5 class=\"documento-entry__datos__title\"><a href=\"https:\/\/www.juntadeandalucia.es\/educacion\/portales\/documents\/100629\/669355\/Anexo%20Proteccio%C2%BFn%20de%20datos.pdf\/d64d32c3-910f-2371-24a6-b852df3234d1?version=1.1\">ANEXO PROTECCI\u00d3N DE DATOS<\/a><\/h5>\n<\/td>\n<\/tr>\n<tr style=\"height: 64px\">\n<td style=\"width: 19.422%;text-align: left;height: 64px\"><strong>Fondo social europeo<br \/>\n<\/strong><\/td>\n<td style=\"width: 38.0976%;text-align: left;height: 64px\"><strong><a href=\"https:\/\/www.juntadeandalucia.es\/educacion\/portales\/documents\/100629\/669355\/Cuestionario%20Fondo%20Social%20Europeo.pdf\/4dfb30ce-13d3-68d6-4fb8-bcd530857aa8?version=1.0\">Cuestionario fondo social europeo<\/a><br \/>\n<\/strong><\/td>\n<td style=\"width: 59.5508%;height: 64px\">\n<h5 class=\"documento-entry__datos__title\"><a href=\"https:\/\/www.juntadeandalucia.es\/educacion\/portales\/documents\/100629\/669355\/Cuestionario%20Fondo%20Social%20Europeo.pdf\/4dfb30ce-13d3-68d6-4fb8-bcd530857aa8?version=1.0\">CUESTIONARIO<\/a><\/h5>\n<\/td>\n<\/tr>\n<\/tbody>\n<\/table>\n<h1 class=\"alignnone\">&nbsp;<a href=\"https:\/\/www.juntadeandalucia.es\/educacion\/portales\/web\/escolarizacion\/infantil-a-bachillerato\/normativa\"><strong><span style=\"color: #99cc00\">NORMATIVA<\/span><\/strong><\/a><\/h1>\n<h5 class=\"card-title extended\"><a href=\"https:\/\/www.juntadeandalucia.es\/educacion\/portales\/web\/escolarizacion\/w\/instrucciones-de-23-de-febrero-de-2024-de-la-viceconsejeria-sobre-los-procedimientos-de-admision-y-matriculacion-del-alumnado-en-los-centros-docentes-sostenidos-con-fondos-publicos-para-el-curso-escolar-2024\/25?redirect=%2Feducacion%2Fportales%2Fweb%2Fescolarizacion%2Finfantil-a-bachillerato%2Fnormativa\">Instrucciones de 23 de febrero de 2024, de la Viceconsejer\u00eda, sobre los procedimientos de admisi\u00f3n y matriculaci\u00f3n del alumnado en los centros docentes sostenidos con fondos p\u00fablicos para el curso escolar 2024\/25<\/a><\/h5>\n<p><a href=\"\/Users\/Usuario\/Downloads\/INSTRUCCIONES_CERT_MATRICULA_INFPRI_2024_25(F).pdf\">INSTRUCCIONES DE 27 DE MAYO DE 2024, DE LA DIRECCI\u00d3N GENERAL DE PLANIFICACI\u00d3N, CENTROS Y ENSE\u00d1ANZA CONCERTADA, SOBRE LA MATRICULACI\u00d3N DEL ALUMNADO EN SEGUNDO CICLO DE EDUCACI\u00d3N INFANTIL, EDUCACI\u00d3N PRIMARIA Y EDUCACI\u00d3N ESPECIAL EN LOS CENTROS DOCENTES P\u00daBLICOS Y PRIVADOS CONCERTADOS PARA EL CURSO ESCOLAR 2024\/25<\/a><\/p>\n<h1><strong>AYUDA<\/strong><\/h1>\n<h3 title=\"Tel\u00e9fono de informaci\u00f3n gratuito\">Tel\u00e9fono de informaci\u00f3n gratuito<\/h3>\n<div class=\"tab-contenido-web__description\">\n<p>Para atender consultas sobre todo el proceso de escolarizaci\u00f3n, la Consejer\u00eda ha habilitado un tel\u00e9fono gratuito de informaci\u00f3n (900 848 000), en horario ininterrumpido de 8.00 a 19.00 horas.<\/p>\n<\/div>\n<p><strong><a href=\"https:\/\/www.juntadeandalucia.es\/educacion\/portales\/web\/escolarizacion\">Toda la informaci\u00f3n y tr\u00e1mites: Escolarizaci\u00f3n 2024-2025. Consejer\u00eda de Desarrollo Educativo y Formaci\u00f3n Profesional. Junta de Andaluc\u00eda<\/a>&nbsp;<\/strong><\/p>\n<p><strong>App iEscolariza:<\/strong><\/p>\n<ul>\n<li><a href=\"https:\/\/play.google.com\/store\/apps\/details?id=es.juntadeandalucia.ced.escolarizacion&amp;hl=es\">Descargar en Google Play<\/a><\/li>\n<li><a href=\"https:\/\/itunes.apple.com\/es\/app\/iescolariza\/id606516551?mt=8\">Descargar en AppStore<\/a><\/li>\n<\/ul>\n<p><strong><a href=\"https:\/\/www.juntadeandalucia.es\/educacion\/secretariavirtual\/\">Acceso a la Secretar\u00eda Virtual<\/a><\/strong><\/p>\n<p>Puedes acceder a la secretar\u00eda virtual desde iPasen.<\/p>\n<h1><iframe loading=\"lazy\" src=\"https:\/\/www.youtube.com\/embed\/ZCIk-7HDGVU\" width=\"560\" height=\"315\" frameborder=\"0\"><\/iframe><\/h1>\n<p>&nbsp;<\/p>\n","protected":false},"excerpt":{"rendered":"<p>CALENDARIO DE ESCOLARIZACI\u00d3N 2024\/2025 ADMISI\u00d3N (1 de marzo al 1 de abril)&nbsp; &nbsp; 2\u00ba CICLO DE INFANTIL PRIMARIA SECUNDARIA &nbsp; Presentaci\u00f3n telem\u00e1tica de la solicitud de admisi\u00f3n Anexo III (Para descargar) &nbsp; Matriculaci\u00f3n (junio)&#46;&#46;&#46;<\/p>\n","protected":false},"author":1,"featured_media":5508,"parent":0,"menu_order":1,"comment_status":"closed","ping_status":"open","template":"","meta":{"ngg_post_thumbnail":0,"footnotes":"","_mc_calendar":[]},"aioseo_notices":[],"_links":{"self":[{"href":"https:\/\/blogsaverroes.juntadeandalucia.es\/ceiphermanosarellano\/wp-json\/wp\/v2\/pages\/141"}],"collection":[{"href":"https:\/\/blogsaverroes.juntadeandalucia.es\/ceiphermanosarellano\/wp-json\/wp\/v2\/pages"}],"about":[{"href":"https:\/\/blogsaverroes.juntadeandalucia.es\/ceiphermanosarellano\/wp-json\/wp\/v2\/types\/page"}],"author":[{"embeddable":true,"href":"https:\/\/blogsaverroes.juntadeandalucia.es\/ceiphermanosarellano\/wp-json\/wp\/v2\/users\/1"}],"replies":[{"embeddable":true,"href":"https:\/\/blogsaverroes.juntadeandalucia.es\/ceiphermanosarellano\/wp-json\/wp\/v2\/comments?post=141"}],"version-history":[{"count":24,"href":"https:\/\/blogsaverroes.juntadeandalucia.es\/ceiphermanosarellano\/wp-json\/wp\/v2\/pages\/141\/revisions"}],"predecessor-version":[{"id":5966,"href":"https:\/\/blogsaverroes.juntadeandalucia.es\/ceiphermanosarellano\/wp-json\/wp\/v2\/pages\/141\/revisions\/5966"}],"wp:featuredmedia":[{"embeddable":true,"href":"https:\/\/blogsaverroes.juntadeandalucia.es\/ceiphermanosarellano\/wp-json\/wp\/v2\/media\/5508"}],"wp:attachment":[{"href":"https:\/\/blogsaverroes.juntadeandalucia.es\/ceiphermanosarellano\/wp-json\/wp\/v2\/media?parent=141"}],"curies":[{"name":"wp","href":"https:\/\/api.w.org\/{rel}","templated":true}]}}