{"id":2258,"date":"2024-10-12T08:18:38","date_gmt":"2024-10-12T08:18:38","guid":{"rendered":"http:\/\/blogsaverroes.juntadeandalucia.es\/ceiphermanosarellano\/?page_id=2258"},"modified":"2024-10-12T10:26:23","modified_gmt":"2024-10-12T10:26:23","slug":"claustro","status":"publish","type":"page","link":"https:\/\/blogsaverroes.juntadeandalucia.es\/ceiphermanosarellano\/el-centro-2\/claustro\/","title":{"rendered":"CLAUSTRO"},"content":{"rendered":"<p>En el curso escolar actual (2024-2025), el claustro de profesores queda conformado de la siguiente manera:<\/p>\n<table style=\"border-collapse: collapse;width: 86.6674%;height: 2669px\">\n<tbody>\n<tr style=\"height: 157px\">\n<td style=\"width: 30.1008%;text-align: left;height: 157px\"><strong>Manuela B. O.<\/strong><\/td>\n<td style=\"width: 243.964%;text-align: left;height: 157px\">\n<ul>\n<li>Directora a todas horas.<\/li>\n<li>La reconocer\u00e9is porque lleva un m\u00f3vil colgado del cuello.<\/li>\n<li>Tiene la habilidad de mantener varias conversaciones a la vez.<\/li>\n<li>Profesora de Geograf\u00eda e Historia en ESO.<\/li>\n<li>Erasmus +.<\/li>\n<\/ul>\n<\/td>\n<td style=\"width: 22.3776%;height: 157px\">&nbsp;<\/td>\n<\/tr>\n<tr style=\"height: 137px\">\n<td style=\"width: 30.1008%;text-align: left;height: 137px\"><strong>Antonio B.D.<\/strong><\/td>\n<td style=\"width: 243.964%;text-align: left;height: 137px\">\n<ul>\n<li>El maestro de m\u00fasica.<\/li>\n<li>Da EPVA en ESO.<\/li>\n<li>Coordina el ciclo de secundaria.<\/li>\n<li>Educaci\u00f3n art\u00edstica y artista integral.&nbsp;<\/li>\n<li>Calma los \u00e1nimos.<\/li>\n<\/ul>\n<\/td>\n<td style=\"width: 22.3776%;height: 137px\">&nbsp;<\/td>\n<\/tr>\n<tr style=\"height: 108px\">\n<td style=\"width: 30.1008%;text-align: left;height: 108px\"><strong>Sheila D.M.<\/strong><\/td>\n<td style=\"width: 243.964%;text-align: left;height: 108px\">\n<ul>\n<li>La profe de Franc\u00e9s.<\/li>\n<li>Es la tutora de 2\u00ba de Educaci\u00f3n Primaria.<\/li>\n<li>Le encanta trastear con S\u00e9neca.<\/li>\n<li>Forma parte del equipo de biblioteca.<\/li>\n<li>Muy aplicada.<\/li>\n<\/ul>\n<\/td>\n<td style=\"width: 22.3776%;height: 108px\">&nbsp;<\/td>\n<\/tr>\n<tr style=\"height: 108px\">\n<td style=\"width: 30.1008%;text-align: left;height: 108px\"><strong>Roc\u00edo D. R.<\/strong><\/td>\n<td style=\"width: 243.964%;text-align: left;height: 108px\">\n<ul>\n<li>Tutora de 3\u00ba EP<\/li>\n<li>Coordinadora del Plan de Igualdad.<\/li>\n<li>Maestra para todo.<\/li>\n<li>Forma parte del equipo TDE.<\/li>\n<\/ul>\n<\/td>\n<td style=\"width: 22.3776%;height: 108px\">&nbsp;<\/td>\n<\/tr>\n<tr style=\"height: 137px\">\n<td style=\"width: 30.1008%;text-align: left;height: 137px\"><strong>Patricia F. R.<\/strong><\/td>\n<td style=\"width: 243.964%;text-align: left;height: 137px\">\n<ul>\n<li>Jefatura de estudios<\/li>\n<li>Tutora en 6\u00ba EP.<\/li>\n<li>Coordinadora TDE.<\/li>\n<li>Equipo de biblioteca.<\/li>\n<li>Erasmus +.<\/li>\n<li>Destrozadora de equipos.<\/li>\n<\/ul>\n<\/td>\n<td style=\"width: 22.3776%;height: 137px\">&nbsp;<\/td>\n<\/tr>\n<tr style=\"height: 127px\">\n<td style=\"width: 30.1008%;text-align: left;height: 127px\"><strong>M\u00aa Reyes F.B.<\/strong><\/td>\n<td style=\"width: 243.964%;text-align: left;height: 127px\">\n<ul>\n<li>Coordina el primer ciclo de Educaci\u00f3n Primaria.<\/li>\n<li>Es la tutora de 1\u00ba de Educaci\u00f3n Primaria.<\/li>\n<li>No le gustan las tecnolog\u00edas pero no se le nota.<\/li>\n<li>Le encantan las matem\u00e1ticas.<\/li>\n<\/ul>\n<\/td>\n<td style=\"width: 22.3776%;text-align: left;height: 127px\">&nbsp;<\/td>\n<\/tr>\n<tr style=\"height: 108px\">\n<td style=\"width: 30.1008%;text-align: left;height: 108px\"><strong>Carmen S. F. B.<\/strong><\/td>\n<td style=\"width: 243.964%;text-align: left;height: 108px\">\n<ul>\n<li>Especialista en Audici\u00f3n y Lenguaje.<\/li>\n<li>La compartimos, a veces.<\/li>\n<li>Arregla problemas.<\/li>\n<li>Es la secretaria de ETCP.<\/li>\n<\/ul>\n<\/td>\n<td style=\"width: 22.3776%;text-align: left;height: 108px\">&nbsp;<\/td>\n<\/tr>\n<tr style=\"height: 108px\">\n<td style=\"width: 30.1008%;text-align: left;height: 108px\"><strong>&nbsp;Julia Clara G. F.<\/strong><\/td>\n<td style=\"width: 243.964%;text-align: left;height: 108px\">\n<ul>\n<li>Especialista en lengua extranjera (ingl\u00e9s) en Primaria e Infantil.<\/li>\n<li>Es una caja de sorpresas.<\/li>\n<li>Ha entrado hablando en ingl\u00e9s y saldr\u00e1 con todos hablando en ingl\u00e9s, ya la entienden.<\/li>\n<li>Coordinadora del programa Erasmus + del centro.<\/li>\n<\/ul>\n<\/td>\n<td style=\"width: 22.3776%;height: 108px\">&nbsp;<\/td>\n<\/tr>\n<tr style=\"height: 103px\">\n<td style=\"width: 30.1008%;text-align: left;height: 103px\"><strong>Ana G. D.<\/strong><\/td>\n<td style=\"width: 243.964%;text-align: left;height: 103px\">\n<ul>\n<li>Especialista en Religi\u00f3n para la ESO.<\/li>\n<li>Est\u00e1 muy poco tiempo en el centro.<\/li>\n<li>Le gusta conducir.&nbsp;<\/li>\n<\/ul>\n<\/td>\n<td style=\"width: 22.3776%;height: 103px\">&nbsp;<\/td>\n<\/tr>\n<tr style=\"height: 175px\">\n<td style=\"width: 30.1008%;text-align: left;height: 175px\"><strong>Cristina G.L.<\/strong><\/td>\n<td style=\"width: 243.964%;text-align: left;height: 175px\">\n<ul>\n<li>Especialista en Matem\u00e1ticas para la ESO.<\/li>\n<li>Tutora de 1\u00ba ESO.<\/li>\n<li>Da Biolog\u00eda &amp; Geolog\u00eda, F\u00edsica &amp; Qu\u00edmica, Tecnolog\u00eda &amp; Digitalizaci\u00f3n y Atenci\u00f3n educativa.<\/li>\n<li>En sus ratos libres es cient\u00edfica.<\/li>\n<li>Forma parte del equipo TDE.<\/li>\n<\/ul>\n<\/td>\n<td style=\"width: 22.3776%;height: 175px\">&nbsp;<\/td>\n<\/tr>\n<tr style=\"height: 137px\">\n<td style=\"width: 30.1008%;text-align: left;height: 137px\"><strong>Isabel M\u00aa G. P.<\/strong><\/td>\n<td style=\"width: 243.964%;text-align: left;height: 137px\">\n<ul>\n<li>Tutora de Educaci\u00f3n Infantil 3 a\u00f1os.<\/li>\n<li>Fot\u00f3grafa del centro.<\/li>\n<li>Community Manager.<\/li>\n<li>Responsable de redes en Equipo TED.<\/li>\n<\/ul>\n<\/td>\n<td style=\"width: 22.3776%;height: 137px\">&nbsp;<\/td>\n<\/tr>\n<tr style=\"height: 137px\">\n<td style=\"width: 30.1008%;text-align: left;height: 137px\"><strong>Jos\u00e9 Carlos H.Y.<\/strong><\/td>\n<td style=\"width: 243.964%;text-align: left;height: 137px\">\n<ul>\n<li>Especialista en lengua extranjera (Ingl\u00e9s) en ESO.<\/li>\n<li>Tutor de 2\u00ba de la ESO.<\/li>\n<li>Le gusta poner ex\u00e1menes.<\/li>\n<li>Co-coordinador del programa Erasmus +.<\/li>\n<\/ul>\n<\/td>\n<td style=\"width: 22.3776%;height: 137px\">&nbsp;<\/td>\n<\/tr>\n<tr style=\"height: 108px\">\n<td style=\"width: 30.1008%;text-align: left;height: 108px\"><strong>M\u00aa Piedad M. P.<\/strong><\/td>\n<td style=\"width: 243.964%;text-align: left;height: 108px\">\n<ul>\n<li>Secretar\u00eda del centro.<\/li>\n<li>Especialista en Educaci\u00f3n F\u00edsica ESO.<\/li>\n<li>Computaci\u00f3n y Rob\u00f3tica a saco en ESO.<\/li>\n<\/ul>\n<\/td>\n<td style=\"width: 22.3776%;height: 108px\">&nbsp;<\/td>\n<\/tr>\n<tr style=\"height: 64px\">\n<td style=\"width: 30.1008%;text-align: left;height: 64px\"><strong>Roc\u00edo M. C.<\/strong><\/td>\n<td style=\"width: 243.964%;text-align: left;height: 64px\">\n<ul>\n<li>Tutora de 4\u00ba de Educaci\u00f3n Primaria.<\/li>\n<li>Fot\u00f3grafa muy profesional y perfeccionista.&nbsp;<\/li>\n<li>Community Manager.<\/li>\n<li>Responsable de redes en Equipo TDE.<\/li>\n<li>Coordina el segundo ciclo de Educaci\u00f3n Primaria.<\/li>\n<\/ul>\n<\/td>\n<td style=\"width: 22.3776%;height: 64px\">&nbsp;<\/td>\n<\/tr>\n<tr style=\"height: 108px\">\n<td style=\"width: 30.1008%;text-align: left;height: 108px\"><strong>M \u00aa Piedad M. A.<\/strong><\/td>\n<td style=\"width: 243.964%;text-align: left;height: 108px\">\n<ul>\n<li>Especialista en Pedagog\u00eda Terap\u00e9utica ESO<\/li>\n<li>Coordinadora y responsable de la Biblioteca Escolar.<\/li>\n<li>Le gusta renovar cosas, innovar, inventar&#8230;<\/li>\n<\/ul>\n<\/td>\n<td style=\"width: 22.3776%;height: 108px\">&nbsp;<\/td>\n<\/tr>\n<tr style=\"height: 137px\">\n<td style=\"width: 30.1008%;text-align: left;height: 137px\"><strong>M\u00aa Pilar R. R.<\/strong><\/td>\n<td style=\"width: 243.964%;text-align: left;height: 137px\">\n<ul>\n<li>Religi\u00f3n Educaci\u00f3n Primaria<\/li>\n<li>Artista en sus ratos libres, que son pocos.<\/li>\n<li>Si no se te ocurre algo, preg\u00fantale.<\/li>\n<li>Ayudadora para todo.<\/li>\n<\/ul>\n<\/td>\n<td style=\"width: 22.3776%;height: 137px\">&nbsp;<\/td>\n<\/tr>\n<tr style=\"height: 24px\">\n<td style=\"width: 30.1008%;text-align: left;height: 24px\"><strong>Gonzalo S.P.<\/strong><\/td>\n<td style=\"width: 243.964%;text-align: left;height: 24px\">\n<ul>\n<li>Especialista en Educaci\u00f3n F\u00edsica en Primaria.<\/li>\n<li>Muy aplicado y trabajador.<\/li>\n<li>Le gusta conducir y sabe de aver\u00edas.<\/li>\n<\/ul>\n<\/td>\n<td style=\"width: 22.3776%;height: 24px\">&nbsp;<\/td>\n<\/tr>\n<tr style=\"height: 161px\">\n<td style=\"width: 30.1008%;text-align: left;height: 161px\"><strong>Emilia S. M.<\/strong><\/td>\n<td style=\"width: 243.964%;text-align: left;height: 161px\">\n<ul>\n<li>Tutora de Infantil 5 a\u00f1os.<\/li>\n<li>Dinamizadora.<\/li>\n<li>Es muy valiente.<\/li>\n<li>Se le estropean las tecnolog\u00edas de usarlas pero en cuanto podemos se las arreglamos.<\/li>\n<\/ul>\n<\/td>\n<td style=\"width: 22.3776%;height: 161px\">&nbsp;<\/td>\n<\/tr>\n<tr style=\"height: 108px\">\n<td style=\"width: 30.1008%;text-align: left;height: 108px\"><strong>Mar\u00eda Victoria S.M.<\/strong><\/td>\n<td style=\"width: 243.964%;text-align: left;height: 108px\">\n<ul>\n<li>PRORE del centro.<\/li>\n<li>Maestra para todo y para todos.<\/li>\n<li>Especialista en Educaci\u00f3n F\u00edsica (Primaria).<\/li>\n<li>No la ver\u00e1s andando, vuela.<\/li>\n<\/ul>\n<\/td>\n<td style=\"width: 22.3776%;height: 108px\">&nbsp;<\/td>\n<\/tr>\n<tr style=\"height: 133px\">\n<td style=\"width: 30.1008%;text-align: left;height: 133px\"><strong>M\u00aa del Rosario T. G.<\/strong><\/td>\n<td style=\"width: 243.964%;text-align: left;height: 133px\">\n<ul>\n<li>Tutora de Infantil 4 a\u00f1os.<\/li>\n<li>Coordinadora del ciclo de Infantil.<\/li>\n<li>Tiene muchos pares de gafas y las usa todas, a veces a la vez.<\/li>\n<li>Se maneja con las tecnolog\u00edas como pez en el agua.<\/li>\n<\/ul>\n<\/td>\n<td style=\"width: 22.3776%;height: 133px\">&nbsp;<\/td>\n<\/tr>\n<tr style=\"height: 181px\">\n<td style=\"width: 30.1008%;text-align: left;height: 181px\"><strong>Rafael V. C.<\/strong><\/td>\n<td style=\"width: 243.964%;text-align: left;height: 181px\">\n<ul>\n<li>Tutor de 5\u00ba de Educaci\u00f3n Primaria<\/li>\n<li>Ayuda a los dem\u00e1s con el uso de las tecnolog\u00edas, siempre lleva su ordenador blanco encima, por si acaso.<\/li>\n<li>Le encantan las SdA y programar.<\/li>\n<li>Coordina el tercer ciclo y el huerto escolar.<\/li>\n<\/ul>\n<\/td>\n<td style=\"width: 22.3776%;height: 181px\">&nbsp;<\/td>\n<\/tr>\n<\/tbody>\n<\/table>\n<h3>Se debe ense\u00f1ar a los ni\u00f1os c\u00f3mo pensar, no qu\u00e9 pensar.<\/h3>\n<h3 style=\"text-align: right\">(Margaret Mead)<\/h3>\n","protected":false},"excerpt":{"rendered":"<p>En el curso escolar actual (2024-2025), el claustro de profesores queda conformado de la siguiente manera: Manuela B. O. Directora a todas horas. La reconocer\u00e9is porque lleva un m\u00f3vil colgado del cuello. Tiene la&#46;&#46;&#46;<\/p>\n","protected":false},"author":2295,"featured_media":0,"parent":35,"menu_order":0,"comment_status":"open","ping_status":"open","template":"","meta":{"ngg_post_thumbnail":0,"footnotes":"","_mc_calendar":[]},"aioseo_notices":[],"_links":{"self":[{"href":"https:\/\/blogsaverroes.juntadeandalucia.es\/ceiphermanosarellano\/wp-json\/wp\/v2\/pages\/2258"}],"collection":[{"href":"https:\/\/blogsaverroes.juntadeandalucia.es\/ceiphermanosarellano\/wp-json\/wp\/v2\/pages"}],"about":[{"href":"https:\/\/blogsaverroes.juntadeandalucia.es\/ceiphermanosarellano\/wp-json\/wp\/v2\/types\/page"}],"author":[{"embeddable":true,"href":"https:\/\/blogsaverroes.juntadeandalucia.es\/ceiphermanosarellano\/wp-json\/wp\/v2\/users\/2295"}],"replies":[{"embeddable":true,"href":"https:\/\/blogsaverroes.juntadeandalucia.es\/ceiphermanosarellano\/wp-json\/wp\/v2\/comments?post=2258"}],"version-history":[{"count":17,"href":"https:\/\/blogsaverroes.juntadeandalucia.es\/ceiphermanosarellano\/wp-json\/wp\/v2\/pages\/2258\/revisions"}],"predecessor-version":[{"id":6000,"href":"https:\/\/blogsaverroes.juntadeandalucia.es\/ceiphermanosarellano\/wp-json\/wp\/v2\/pages\/2258\/revisions\/6000"}],"up":[{"embeddable":true,"href":"https:\/\/blogsaverroes.juntadeandalucia.es\/ceiphermanosarellano\/wp-json\/wp\/v2\/pages\/35"}],"wp:attachment":[{"href":"https:\/\/blogsaverroes.juntadeandalucia.es\/ceiphermanosarellano\/wp-json\/wp\/v2\/media?parent=2258"}],"curies":[{"name":"wp","href":"https:\/\/api.w.org\/{rel}","templated":true}]}}