{"id":2501,"date":"2016-01-04T08:59:02","date_gmt":"2016-01-04T08:59:02","guid":{"rendered":"http:\/\/blogsaverroes.juntadeandalucia.es\/ceiphermanosarellano\/?page_id=2501"},"modified":"2016-01-04T16:55:50","modified_gmt":"2016-01-04T16:55:50","slug":"fotografias-antiguas","status":"publish","type":"page","link":"https:\/\/blogsaverroes.juntadeandalucia.es\/ceiphermanosarellano\/fotografias-antiguas\/","title":{"rendered":"Fotograf\u00edas antiguas"},"content":{"rendered":"<h1>Fotograf\u00edas de antes de 1970<\/h1>\n<p style=\"text-align: center\">ngg_shortcode_0_placeholder\n<table>\n<tbody>\n<tr>\n<td>ngg_shortcode_1_placeholder<\/td>\n<td>ngg_shortcode_2_placeholder<\/td>\n<\/tr>\n<tr>\n<td>ngg_shortcode_3_placeholder<\/td>\n<td>ngg_shortcode_4_placeholder<\/td>\n<\/tr>\n<tr>\n<td>ngg_shortcode_5_placeholder<\/td>\n<td>ngg_shortcode_6_placeholder<\/td>\n<\/tr>\n<tr>\n<td>ngg_shortcode_7_placeholder<\/td>\n<td>ngg_shortcode_8_placeholder<\/td>\n<\/tr>\n<tr>\n<td>ngg_shortcode_9_placeholder<\/td>\n<td><\/td>\n<\/tr>\n<\/tbody>\n<\/table>\n<h1>Fotograf\u00edas de 1970 a 1980<\/h1>\n<table>\n<tbody>\n<tr>\n<td>ngg_shortcode_10_placeholder<\/td>\n<td>ngg_shortcode_11_placeholder<\/td>\n<\/tr>\n<tr>\n<td>ngg_shortcode_12_placeholder<\/td>\n<td>ngg_shortcode_13_placeholder<\/td>\n<\/tr>\n<tr>\n<td>ngg_shortcode_14_placeholder<\/td>\n<td>ngg_shortcode_15_placeholder<\/td>\n<\/tr>\n<tr>\n<td>ngg_shortcode_16_placeholder<\/td>\n<td>ngg_shortcode_17_placeholder<\/td>\n<\/tr>\n<tr>\n<td>ngg_shortcode_18_placeholder<\/td>\n<td><\/td>\n<\/tr>\n<\/tbody>\n<\/table>\n<h1>Fotograf\u00edas de 1980 \u00a0a 1990<\/h1>\n<table>\n<tbody>\n<tr>\n<td>ngg_shortcode_19_placeholder<\/td>\n<td>ngg_shortcode_20_placeholder<\/td>\n<\/tr>\n<tr>\n<td>ngg_shortcode_21_placeholder<\/td>\n<td>ngg_shortcode_22_placeholder<\/td>\n<\/tr>\n<tr>\n<td>ngg_shortcode_23_placeholder<\/td>\n<td>ngg_shortcode_24_placeholder<\/td>\n<\/tr>\n<tr>\n<td>ngg_shortcode_25_placeholder<\/td>\n<td>ngg_shortcode_26_placeholder<\/td>\n<\/tr>\n<tr>\n<td>ngg_shortcode_27_placeholder<\/td>\n<td><\/td>\n<\/tr>\n<\/tbody>\n<\/table>\n<h1>Fotograf\u00edas de 1990 a 2000<\/h1>\n<table>\n<tbody>\n<tr>\n<td>ngg_shortcode_28_placeholder<\/td>\n<td>ngg_shortcode_29_placeholder<\/td>\n<\/tr>\n<tr>\n<td>ngg_shortcode_30_placeholder<\/td>\n<td>ngg_shortcode_31_placeholder<\/td>\n<\/tr>\n<tr>\n<td>ngg_shortcode_32_placeholder<\/td>\n<td>ngg_shortcode_33_placeholder<\/td>\n<\/tr>\n<tr>\n<td>ngg_shortcode_34_placeholder<\/td>\n<td><\/td>\n<\/tr>\n<\/tbody>\n<\/table>\n<h1>Fotograf\u00edas del 2000 al 2010<\/h1>\n<table>\n<tbody>\n<tr>\n<td>ngg_shortcode_35_placeholder<\/td>\n<td>ngg_shortcode_36_placeholder<\/td>\n<\/tr>\n<tr>\n<td>ngg_shortcode_37_placeholder<\/td>\n<td>ngg_shortcode_38_placeholder<\/td>\n<\/tr>\n<tr>\n<td>ngg_shortcode_39_placeholder<\/td>\n<td>ngg_shortcode_40_placeholder<\/td>\n<\/tr>\n<tr>\n<td>ngg_shortcode_41_placeholder<\/td>\n<td>ngg_shortcode_42_placeholder<\/td>\n<\/tr>\n<\/tbody>\n<\/table>\n<p>&nbsp;<\/p>\n<p>&nbsp;<\/p>\n","protected":false},"excerpt":{"rendered":"<p>Fotograf\u00edas de antes de 1970 Fotograf\u00edas de 1970 a 1980 Fotograf\u00edas de 1980 \u00a0a 1990 Fotograf\u00edas de 1990 a 2000 Fotograf\u00edas del 2000 al 2010 &nbsp; &nbsp;<\/p>\n","protected":false},"author":2295,"featured_media":0,"parent":0,"menu_order":0,"comment_status":"open","ping_status":"open","template":"","meta":{"ngg_post_thumbnail":0,"footnotes":"","_mc_calendar":[]},"aioseo_notices":[],"_links":{"self":[{"href":"https:\/\/blogsaverroes.juntadeandalucia.es\/ceiphermanosarellano\/wp-json\/wp\/v2\/pages\/2501"}],"collection":[{"href":"https:\/\/blogsaverroes.juntadeandalucia.es\/ceiphermanosarellano\/wp-json\/wp\/v2\/pages"}],"about":[{"href":"https:\/\/blogsaverroes.juntadeandalucia.es\/ceiphermanosarellano\/wp-json\/wp\/v2\/types\/page"}],"author":[{"embeddable":true,"href":"https:\/\/blogsaverroes.juntadeandalucia.es\/ceiphermanosarellano\/wp-json\/wp\/v2\/users\/2295"}],"replies":[{"embeddable":true,"href":"https:\/\/blogsaverroes.juntadeandalucia.es\/ceiphermanosarellano\/wp-json\/wp\/v2\/comments?post=2501"}],"version-history":[{"count":42,"href":"https:\/\/blogsaverroes.juntadeandalucia.es\/ceiphermanosarellano\/wp-json\/wp\/v2\/pages\/2501\/revisions"}],"predecessor-version":[{"id":2546,"href":"https:\/\/blogsaverroes.juntadeandalucia.es\/ceiphermanosarellano\/wp-json\/wp\/v2\/pages\/2501\/revisions\/2546"}],"wp:attachment":[{"href":"https:\/\/blogsaverroes.juntadeandalucia.es\/ceiphermanosarellano\/wp-json\/wp\/v2\/media?parent=2501"}],"curies":[{"name":"wp","href":"https:\/\/api.w.org\/{rel}","templated":true}]}}