{"id":2682,"date":"2016-02-01T08:43:31","date_gmt":"2016-02-01T08:43:31","guid":{"rendered":"http:\/\/blogsaverroes.juntadeandalucia.es\/ceiphermanosarellano\/?page_id=2682"},"modified":"2017-01-12T10:25:54","modified_gmt":"2017-01-12T10:25:54","slug":"ley-cookies","status":"publish","type":"page","link":"https:\/\/blogsaverroes.juntadeandalucia.es\/ceiphermanosarellano\/ley-cookies\/","title":{"rendered":"Ley Cookies"},"content":{"rendered":"<div id=\"ca_info_plus\">\n<p>En cumplimiento con lo establecido en el art\u00edculo 22.2 de la Ley de Servicios de la Sociedad de la Informaci\u00f3n y del Comercio Electr\u00f3nico (LSSI) y en adecuaci\u00f3n con la Directiva Europea 2009\/136\/CE, le informa que este portal Web hace uso de cookies.<\/p>\n<p>Una \u00abCookie\u00bb es un peque\u00f1o archivo que se almacena en el ordenador del usuario y nos permite reconocerle.<\/p>\n<p>Las cookies son esenciales para el funcionamiento de internet, aportando innumerables ventajas en la prestaci\u00f3n de servicios interactivos, facilit\u00e1ndole la navegaci\u00f3n y usabilidad de nuestra web. Tenga en cuenta que las cookies no pueden da\u00f1ar su equipo y que, a cambio, el que est\u00e9n activadas nos ayudan a identificar y resolver los errores. No obstante, pueden ser usadas con varios prop\u00f3sitos diferentes que van desde recordar la informaci\u00f3n de inicio de sesi\u00f3n o lo que contiene su pedido de compra.<\/p>\n<p>Existen una gran cantidad de gu\u00edas en las que se explica lo que son las cookies, y para qu\u00e9 se utilizan. Por nuestra parte, les explicaremos c\u00f3mo afectan estas cookies a la p\u00e1gina web de http:\/\/blogsaverroes.juntadeandalucia.es\/ceiphermanosarellano, pero en el caso de que necesite m\u00e1s informaci\u00f3n al respecto, eche un vistazo a estas p\u00e1ginas:<\/p>\n<ul>\n<li><a href=\"http:\/\/www.allaboutcookies.org\">http:\/\/www.allaboutcookies.org<\/a><\/li>\n<li><a href=\"http:\/\/www.youronlinechoices.eu\">http:\/\/www.youronlinechoices.eu<\/a><\/li>\n<li><a href=\"http:\/\/www.international-chamber.co.uk\/our-expertise\/digitaleconomy\">http:\/\/www.international-chamber.co.uk\/our-expertise\/digitaleconomy<\/a><\/li>\n<\/ul>\n<p>La informaci\u00f3n que le proporcionamos a continuaci\u00f3n, le ayudar\u00e1 a comprender los diferentes tipos de cookies:<\/p>\n<p>_ <strong>Cookies de sesi\u00f3n: <\/strong>son cookies temporales que permanecen en el archivo de cookies de su navegador hasta que abandone la p\u00e1gina web, por lo que ninguna queda registrada en el disco duro del usuario. La informaci\u00f3n obtenida por medio de estas cookies, sirven para analizar pautas de tr\u00e1fico en la web. A la larga, esto nos permite proporcionar una mejor experiencia para mejorar el contenido y facilitando su uso.<\/p>\n<p>_ <strong>Cookies permanentes: <\/strong>son almacenadas en el disco duro y nuestra web las lee cada vez que usted realiza una nueva visita. Una web permanente posee una fecha de expiraci\u00f3n determinada. La cookie dejar\u00e1 de funcionar despu\u00e9s de esa fecha. Las utilizamos, generalmente, para facilitar los servicios de compra y registro.<\/p>\n<p>A continuaci\u00f3n publicamos una relaci\u00f3n de las principales cookies utilizadas en nuestra web, distinguiendo:<\/p>\n<ul>\n<li>Las <strong>cookies estrictamente necesarias <\/strong>como por ejemplo, aquellas que sirvan para una correcta navegaci\u00f3n o las que permitan realizar el pago de bienes o servicios solicitados por el usuario o cookies que sirvan para asegurar que el contenido de la p\u00e1gina web se carga eficazmente.<\/li>\n<li>Las <strong>cookies de terceros <\/strong>como por ejemplo, las usadas por redes sociales, o por complementos externos de contenido como google maps.<\/li>\n<li>Las <strong>cookies anal\u00edticas <\/strong>con prop\u00f3sitos de mantenimiento peri\u00f3dico, y en aras de garantizar el mejor servicio posible al usuario, los sitios web\u00b4s hacen uso normalmente de cookies \u00abanal\u00edticas\u00bb para recopilar datos estad\u00edsticos de la actividad.<\/li>\n<\/ul>\n<p>Puede usted permitir, bloquear o eliminar las cookies instaladas en su equipo mediante la configuraci\u00f3n de las opciones del navegador instalado en su ordenador.<\/p>\n<p>Muchos navegadores permiten activar un modo privado mediante el cual las cookies se borran siempre despu\u00e9s de su visita. Dependiendo de cada navegador este modo privado, puede tener diferentes nombres. A continuaci\u00f3n encontrar\u00e1 una lista de los navegadores m\u00e1s comunes y los diferentes nombres de este \u201cmodo privado\u201d:<\/p>\n<p>Internet Explorer 8 y superior; InPrivate<\/p>\n<p>Opera 10.5 y superior; Navegaci\u00f3n Privada<\/p>\n<p>Google Chrome 10 y superior; Inc\u00f3gnito<\/p>\n<p>Safari 2 y superior; Navegaci\u00f3n Privada<\/p>\n<p>FireFox 3.5 y superior; Navegaci\u00f3n Privada<\/p>\n<p>Aqu\u00ed tiene una fuente de informaci\u00f3n sobre c\u00f3mo llevar a cabo dichos procesos: <a href=\"http:\/\/www.allaboutcookies.org\/manage-cookies\/\">http:\/\/www.allaboutcookies.org\/manage-cookies\/<\/a><\/p>\n<\/div>\n","protected":false},"excerpt":{"rendered":"<p>En cumplimiento con lo establecido en el art\u00edculo 22.2 de la Ley de Servicios de la Sociedad de la Informaci\u00f3n y del Comercio Electr\u00f3nico (LSSI) y en adecuaci\u00f3n con la Directiva Europea 2009\/136\/CE, le&#46;&#46;&#46;<\/p>\n","protected":false},"author":2236,"featured_media":0,"parent":0,"menu_order":0,"comment_status":"open","ping_status":"open","template":"","meta":{"ngg_post_thumbnail":0,"footnotes":"","_mc_calendar":[]},"aioseo_notices":[],"_links":{"self":[{"href":"https:\/\/blogsaverroes.juntadeandalucia.es\/ceiphermanosarellano\/wp-json\/wp\/v2\/pages\/2682"}],"collection":[{"href":"https:\/\/blogsaverroes.juntadeandalucia.es\/ceiphermanosarellano\/wp-json\/wp\/v2\/pages"}],"about":[{"href":"https:\/\/blogsaverroes.juntadeandalucia.es\/ceiphermanosarellano\/wp-json\/wp\/v2\/types\/page"}],"author":[{"embeddable":true,"href":"https:\/\/blogsaverroes.juntadeandalucia.es\/ceiphermanosarellano\/wp-json\/wp\/v2\/users\/2236"}],"replies":[{"embeddable":true,"href":"https:\/\/blogsaverroes.juntadeandalucia.es\/ceiphermanosarellano\/wp-json\/wp\/v2\/comments?post=2682"}],"version-history":[{"count":3,"href":"https:\/\/blogsaverroes.juntadeandalucia.es\/ceiphermanosarellano\/wp-json\/wp\/v2\/pages\/2682\/revisions"}],"predecessor-version":[{"id":3513,"href":"https:\/\/blogsaverroes.juntadeandalucia.es\/ceiphermanosarellano\/wp-json\/wp\/v2\/pages\/2682\/revisions\/3513"}],"wp:attachment":[{"href":"https:\/\/blogsaverroes.juntadeandalucia.es\/ceiphermanosarellano\/wp-json\/wp\/v2\/media?parent=2682"}],"curies":[{"name":"wp","href":"https:\/\/api.w.org\/{rel}","templated":true}]}}